{"id":2721,"date":"2026-04-16T22:00:15","date_gmt":"2026-04-16T19:00:15","guid":{"rendered":"https:\/\/shopikassa.com\/?page_id=2721"},"modified":"2026-04-21T20:23:37","modified_gmt":"2026-04-21T17:23:37","slug":"support","status":"publish","type":"page","link":"https:\/\/shopikassa.com\/en\/support\/","title":{"rendered":"Support"},"content":{"rendered":"\n\n\t<section class=\"section dark has-scroll-for-more\" id=\"section_1662497326\">\n\t\t<div class=\"section-bg fill\" >\n\t\t\t\t\t\t\t\t\t<div class=\"section-bg-overlay absolute fill\"><\/div><button class=\"scroll-for-more z-5 icon absolute bottom h-center\" aria-label=\"Scroll for more\"><i class=\"icon-angle-down\" aria-hidden=\"true\" style=\"font-size:42px;\"><\/i><\/button>\n\t\t\t\n\n\t\t<\/div>\n\n\t\t\n\n\t\t<div class=\"section-content relative\">\n\t\t\t\n\n<div class=\"row align-center\"  id=\"row-1063553953\">\n\n\n\t<div id=\"col-1292481633\" class=\"col medium-10 small-12 large-10\"  >\n\t\t\t\t<div class=\"col-inner text-center\"  >\n\t\t\t\n\t\t\t\n\n<p>\u00a0<\/p>\n<h2 class=\"uppercase\">Apua kassan k\u00e4ytt\u00f6\u00f6n?<\/h2>\n<p class=lead>Kirjoita ohjeen hakusana hakukentt\u00e4\u00e4n, chat, katso usein kysytyt tai ohjeiden sis\u00e4llysluettelo.<\/p>\n\n\t\t<\/div>\n\t\t\t\t\t<\/div>\n\n\t\n\n<\/div>\n<div class=\"row\"  id=\"row-760719111\">\n\n\n\t<div id=\"col-503243925\" class=\"col hide-for-small medium-3 small-12 large-3\"  >\n\t\t\t\t<div class=\"col-inner\"  >\n\t\t\t\n\t\t\t\n\n\n\n<div class=\"trp_language_switcher_shortcode\">\n<div class=\"trp-language-switcher trp-language-switcher-container\" data-no-translation >\n    <div class=\"trp-ls-shortcode-current-language\">\n        <a href=\"#\" class=\"trp-ls-shortcode-disabled-language trp-ls-disabled-language\" title=\"Finnish\" onclick=\"event.preventDefault()\">\n\t\t\t<img decoding=\"async\" class=\"trp-flag-image\" src=\"https:\/\/shopikassa.com\/wp-content\/plugins\/translatepress-multilingual\/assets\/images\/flags\/fi.png\" width=\"18\" height=\"12\" alt=\"fi\" title=\"Finnish\"> \t\t<\/a>\n    <\/div>\n    <div class=\"trp-ls-shortcode-language\">\n                    <a href=\"https:\/\/shopikassa.com\/en\/wp-json\/wp\/v2\/pages\/2721#TRPLINKPROCESSED\" title=\"Finnish\">\n            <img decoding=\"async\" class=\"trp-flag-image\" src=\"https:\/\/shopikassa.com\/wp-content\/plugins\/translatepress-multilingual\/assets\/images\/flags\/fi.png\" width=\"18\" height=\"12\" alt=\"fi\" title=\"Finnish\">         <\/a>\n\n        <\/div>\n    <script type=\"application\/javascript\">\n        \/\/ need to have the same with set from JS on both divs. Otherwise it can push stuff around in HTML\n        var trp_ls_shortcodes = document.querySelectorAll('.trp_language_switcher_shortcode .trp-language-switcher');\n        if ( trp_ls_shortcodes.length > 0) {\n            \/\/ get the last language switcher added\n            var trp_el = trp_ls_shortcodes[trp_ls_shortcodes.length - 1];\n\n            var trp_shortcode_language_item = trp_el.querySelector( '.trp-ls-shortcode-language' )\n            \/\/ set width\n            var trp_ls_shortcode_width                                               = trp_shortcode_language_item.offsetWidth + 16;\n            trp_shortcode_language_item.style.width                                  = trp_ls_shortcode_width + 'px';\n            trp_el.querySelector( '.trp-ls-shortcode-current-language' ).style.width = trp_ls_shortcode_width + 'px';\n\n            \/\/ We're putting this on display: none after we have its width.\n            trp_shortcode_language_item.style.display = 'none';\n        }\n    <\/script>\n<\/div>\n<\/div>\n\n<style>\n.trp-language-switcher > div {\n  background-color: transparent;\n}\n<\/style>\n\n<!--<a href=\"https:\/\/shopikassa.com\/en\/support\/\"><img decoding=\"async\" src=\"http:\/\/shopikassa.com\/wp-content\/uploads\/2026\/04\/en.svg\" style=max-height:42px> In english<\/a>-->\n\n\n\t\t<\/div>\n\t\t\t\t\t<\/div>\n\n\t\n\n\t<div id=\"col-285729466\" class=\"col medium-6 small-12 large-6\"  data-animate=\"bounceInUp\">\n\t\t\t\t<div class=\"col-inner\"  >\n\t\t\t\n\t\t\t\n\n<div class=\"searchform-wrapper ux-search-box relative is-large\"><form role=\"search\" method=\"get\" class=\"searchform\" action=\"https:\/\/shopikassa.com\/en\/\">\n\t<div class=\"flex-row relative\">\n\t\t\t\t\t\t<div class=\"flex-col flex-grow\">\n\t\t\t<label class=\"screen-reader-text\" for=\"woocommerce-product-search-field-0\">Etsi:<\/label>\n\t\t\t<input type=\"search\" id=\"woocommerce-product-search-field-0\" class=\"search-field mb-0\" placeholder=\"Search&hellip;\" value=\"\" name=\"s\" \/>\n\t\t\t<input type=\"hidden\" name=\"post_type\" value=\"product\" \/>\n\t\t\t\t\t<\/div>\n\t\t<div class=\"flex-col\">\n\t\t\t<button type=\"submit\" value=\"Search\" class=\"ux-search-submit submit-button secondary button  icon mb-0\" aria-label=\"Submit\">\n\t\t\t\t<i class=\"icon-search\" aria-hidden=\"true\"><\/i>\t\t\t<\/button>\n\t\t<\/div>\n\t<\/div>\n\t<div class=\"live-search-results text-left z-top\"><\/div>\n<\/form>\n<\/div>\n\n\t<div id=\"text-3889595668\" class=\"text hidden\">\n\t\t\n\n<p><b>Hae ohje<\/b><\/p>\n\t\t\n<style>\n#text-3889595668 {\n  text-align: left;\n}\n<\/style>\n\t<\/div>\n\t\n\n\t\t<\/div>\n\t\t\t\t\t<\/div>\n\n\t\n\n\t<div id=\"col-759505070\" class=\"col medium-3 small-12 large-3\"  >\n\t\t\t\t<div class=\"col-inner text-center\"  >\n\t\t\t\n\t\t\t\n\n<a data-animate=\"bounceIn\" href=\"https:\/\/tawk.to\/chat\/5d787e8977aa790be33375ad\/default\" target=\"_blank\" class=\"button primary is-shade is-large hidden\" rel=\"noopener\" >\n\t<i class=\"icon-chat\" aria-hidden=\"true\"><\/i>\t<span>chat 24\/7<\/span>\n\t<\/a>\n\n\n\n\t\t<\/div>\n\t\t\t\t\t<\/div>\n\n\t\n\n<\/div>\n\t<div id=\"gap-2144307440\" class=\"gap-element clearfix\" style=\"display:block; height:auto;\">\n\t\t\n<style>\n#gap-2144307440 {\n  padding-top: 30px;\n}\n<\/style>\n\t<\/div>\n\t\n\n\n\t\t<\/div>\n\n\t\t\n<style>\n#section_1662497326 {\n  padding-top: 30px;\n  padding-bottom: 30px;\n  min-height: 300px;\n  background-color: rgb(245, 245, 245);\n}\n#section_1662497326 .section-bg-overlay {\n  background-color: rgba(0,0,0,.5);\n}\n#section_1662497326 .section-bg img {\n  object-position: 65% 46%;\n}\n<\/style>\n\t<\/section>\n\t\n\t<div id=\"gap-1149276406\" class=\"gap-element clearfix\" style=\"display:block; height:auto;\">\n\t\t\n<style>\n#gap-1149276406 {\n  padding-top: 60px;\n}\n<\/style>\n\t<\/div>\n\t\n\n<div class=\"container section-title-container\" ><h3 class=\"section-title section-title-center\"><b aria-hidden=\"true\"><\/b><span class=\"section-title-main\" ><i class=\"icon-star\" aria-hidden=\"true\"><\/i>Usein kysytyt \/ UKK \/ FAQ<\/span><b aria-hidden=\"true\"><\/b><\/h3><\/div>\n\n<div class=\"row\"  id=\"row-123164908\">\n\n\n\t<div id=\"col-876093300\" class=\"col medium-3 small-6 large-3\"  >\n\t\t\t\t<div class=\"col-inner\"  >\n\t\t\t\n\t\t\t\n\n\n\t<a class=\"plain\" href=\"\/kassa\/kassa\/\" >\t<div class=\"icon-box featured-box icon-box-center text-center\"  >\n\t\t\t\t\t<div class=\"icon-box-img\" style=\"width: 113px\">\n\t\t\t\t<div class=\"icon\">\n\t\t\t\t\t<div class=\"icon-inner\" >\n\t\t\t\t\t\t<img decoding=\"async\" width=\"400\" height=\"400\" src=\"https:\/\/shopikassa.com\/wp-content\/uploads\/2025\/04\/NS9-KASSAPC-KASSAKONE-400x400.png\" class=\"attachment-medium size-medium\" alt=\"Shopify yhteensopivat kassalaitteet.\" srcset=\"https:\/\/shopikassa.com\/wp-content\/uploads\/2025\/04\/NS9-KASSAPC-KASSAKONE-400x400.png 400w, https:\/\/shopikassa.com\/wp-content\/uploads\/2025\/04\/NS9-KASSAPC-KASSAKONE-280x280.png 280w, https:\/\/shopikassa.com\/wp-content\/uploads\/2025\/04\/NS9-KASSAPC-KASSAKONE-12x12.png 12w, https:\/\/shopikassa.com\/wp-content\/uploads\/2025\/04\/NS9-KASSAPC-KASSAKONE-247x247.png 247w, https:\/\/shopikassa.com\/wp-content\/uploads\/2025\/04\/NS9-KASSAPC-KASSAKONE-510x510.png 510w, https:\/\/shopikassa.com\/wp-content\/uploads\/2025\/04\/NS9-KASSAPC-KASSAKONE-100x100.png 100w, https:\/\/shopikassa.com\/wp-content\/uploads\/2025\/04\/NS9-KASSAPC-KASSAKONE.png 750w\" sizes=\"(max-width: 400px) 100vw, 400px\" \/>\t\t\t\t\t<\/div>\n\t\t\t\t<\/div>\n\t\t\t<\/div>\n\t\t\t\t<div class=\"icon-box-text last-reset\">\n\t\t\t\t\t\t\t\t\t\n\n<h3>Aloitus ja asennus<\/h3>\n<p><a href=\"https:\/\/shopikassa.com\/asennus\/avaimet\/\">Shopikassan asennus (Avaimet)<\/a><\/p>\n\n\t\t<\/div>\n\t<\/div>\n\t<\/a>\n\t\n\n\t\t<\/div>\n\t\t\t\t\t<\/div>\n\n\t\n\n\t<div id=\"col-1420988480\" class=\"col medium-3 small-6 large-3\"  >\n\t\t\t\t<div class=\"col-inner\"  >\n\t\t\t\n\t\t\t\n\n\n\t<a class=\"plain\" href=\"\/maksupaate\/nets-lane-desk\/\" >\t<div class=\"icon-box featured-box icon-box-center text-center\"  >\n\t\t\t\t\t<div class=\"icon-box-img\" style=\"width: 60px\">\n\t\t\t\t<div class=\"icon\">\n\t\t\t\t\t<div class=\"icon-inner\" >\n\t\t\t\t\t\t<img decoding=\"async\" width=\"214\" height=\"400\" src=\"https:\/\/shopikassa.com\/wp-content\/uploads\/2025\/04\/Move3-maksupaate-214x400.webp\" class=\"attachment-medium size-medium\" alt=\"Shopikassa\/Shopify Move korttimaksup\u00e4\u00e4te\" srcset=\"https:\/\/shopikassa.com\/wp-content\/uploads\/2025\/04\/Move3-maksupaate-214x400.webp 214w, https:\/\/shopikassa.com\/wp-content\/uploads\/2025\/04\/Move3-maksupaate-428x800.webp 428w, https:\/\/shopikassa.com\/wp-content\/uploads\/2025\/04\/Move3-maksupaate-6x12.webp 6w, https:\/\/shopikassa.com\/wp-content\/uploads\/2025\/04\/Move3-maksupaate-247x461.webp 247w, https:\/\/shopikassa.com\/wp-content\/uploads\/2025\/04\/Move3-maksupaate-510x953.webp 510w, https:\/\/shopikassa.com\/wp-content\/uploads\/2025\/04\/Move3-maksupaate.webp 600w\" sizes=\"(max-width: 214px) 100vw, 214px\" \/>\t\t\t\t\t<\/div>\n\t\t\t\t<\/div>\n\t\t\t<\/div>\n\t\t\t\t<div class=\"icon-box-text last-reset\">\n\t\t\t\t\t\t\t\t\t\n\n<h3>Maksup\u00e4\u00e4tteiden ohjeet<\/h3>\n\n\t\t<\/div>\n\t<\/div>\n\t<\/a>\n\t\n\n\t\t<\/div>\n\t\t\t\t\t<\/div>\n\n\t\n\n\t<div id=\"col-381633779\" class=\"col medium-3 small-6 large-3\"  >\n\t\t\t\t<div class=\"col-inner\"  >\n\t\t\t\n\t\t\t\n\n\n\t<a class=\"plain\" href=\"\/kassa\/kassa\/\" >\t<div class=\"icon-box featured-box icon-box-center text-center\"  >\n\t\t\t\t\t<div class=\"icon-box-img\" style=\"width: 225px\">\n\t\t\t\t<div class=\"icon\">\n\t\t\t\t\t<div class=\"icon-inner\" >\n\t\t\t\t\t\t<img decoding=\"async\" width=\"711\" height=\"400\" src=\"https:\/\/shopikassa.com\/wp-content\/uploads\/2026\/04\/shopikassa-kassanakyma-pos-screen-711x400.webp\" class=\"attachment-medium size-medium\" alt=\"Shopikassa kassan\u00e4kym\u00e4 POS screen\" srcset=\"https:\/\/shopikassa.com\/wp-content\/uploads\/2026\/04\/shopikassa-kassanakyma-pos-screen-711x400.webp 711w, https:\/\/shopikassa.com\/wp-content\/uploads\/2026\/04\/shopikassa-kassanakyma-pos-screen-1400x788.webp 1400w, https:\/\/shopikassa.com\/wp-content\/uploads\/2026\/04\/shopikassa-kassanakyma-pos-screen-768x432.webp 768w, https:\/\/shopikassa.com\/wp-content\/uploads\/2026\/04\/shopikassa-kassanakyma-pos-screen-1536x864.webp 1536w, https:\/\/shopikassa.com\/wp-content\/uploads\/2026\/04\/shopikassa-kassanakyma-pos-screen-18x10.webp 18w, https:\/\/shopikassa.com\/wp-content\/uploads\/2026\/04\/shopikassa-kassanakyma-pos-screen-247x139.webp 247w, https:\/\/shopikassa.com\/wp-content\/uploads\/2026\/04\/shopikassa-kassanakyma-pos-screen-510x287.webp 510w, https:\/\/shopikassa.com\/wp-content\/uploads\/2026\/04\/shopikassa-kassanakyma-pos-screen.webp 1920w\" sizes=\"(max-width: 711px) 100vw, 711px\" \/>\t\t\t\t\t<\/div>\n\t\t\t\t<\/div>\n\t\t\t<\/div>\n\t\t\t\t<div class=\"icon-box-text last-reset\">\n\t\t\t\t\t\t\t\t\t\n\n<h3>Kassan ohjeet<\/h3>\n<p><a href=\"https:\/\/shopikassa.com\/kassa\/viivakoodi\/\">Viivakoodi<\/a><\/p>\n\n\t\t<\/div>\n\t<\/div>\n\t<\/a>\n\t\n\n\t\t<\/div>\n\t\t\t\t\t<\/div>\n\n\t\n\n\t<div id=\"col-1203359944\" class=\"col medium-3 small-6 large-3\"  >\n\t\t\t\t<div class=\"col-inner\"  >\n\t\t\t\n\t\t\t\n\n\n\t<a class=\"plain\" href=\"\/asennus\/kuittikirjoittimen-asennus\/\" >\t<div class=\"icon-box featured-box icon-box-center text-center\"  >\n\t\t\t\t\t<div class=\"icon-box-img\" style=\"width: 113px\">\n\t\t\t\t<div class=\"icon\">\n\t\t\t\t\t<div class=\"icon-inner\" >\n\t\t\t\t\t\t<img decoding=\"async\" width=\"260\" height=\"260\" src=\"https:\/\/shopikassa.com\/wp-content\/uploads\/2025\/04\/NS-20_Keittiokirjoitin-1.png\" class=\"attachment-medium size-medium\" alt=\"Shopikassa kuittikirjoitin kuitin tulostus\" srcset=\"https:\/\/shopikassa.com\/wp-content\/uploads\/2025\/04\/NS-20_Keittiokirjoitin-1.png 260w, https:\/\/shopikassa.com\/wp-content\/uploads\/2025\/04\/NS-20_Keittiokirjoitin-1-12x12.png 12w, https:\/\/shopikassa.com\/wp-content\/uploads\/2025\/04\/NS-20_Keittiokirjoitin-1-247x247.png 247w, https:\/\/shopikassa.com\/wp-content\/uploads\/2025\/04\/NS-20_Keittiokirjoitin-1-100x100.png 100w\" sizes=\"(max-width: 260px) 100vw, 260px\" \/>\t\t\t\t\t<\/div>\n\t\t\t\t<\/div>\n\t\t\t<\/div>\n\t\t\t\t<div class=\"icon-box-text last-reset\">\n\t\t\t\t\t\t\t\t\t\n\n<h3>Kuitin tulostus<\/h3>\n\n\t\t<\/div>\n\t<\/div>\n\t<\/a>\n\t\n\n\t\t<\/div>\n\t\t\t\t\t<\/div>\n\n\t\n\n<\/div>\n\t<div id=\"gap-383706876\" class=\"gap-element clearfix\" style=\"display:block; height:auto;\">\n\t\t\n<style>\n#gap-383706876 {\n  padding-top: 60px;\n}\n<\/style>\n\t<\/div>\n\t\n\n<div class=\"container section-title-container\" ><h3 class=\"section-title section-title-center\"><b aria-hidden=\"true\"><\/b><span class=\"section-title-main\" >Et\u00e4tuki<\/span><b aria-hidden=\"true\"><\/b><\/h3><\/div>\n\n<div class=\"row\"  id=\"row-670049376\">\n\n\n\t<div id=\"col-801077336\" class=\"col small-12 large-12\"  >\n\t\t\t\t<div class=\"col-inner text-center\"  >\n\t\t\t\n\t\t\t\n\n<a href=\"https:\/\/evaraus.fi\/NoteShotOy\/kalenteri\/17\/15\" target=\"_blank\" class=\"button primary box-shadow-3 box-shadow-5-hover\" rel=\"noopener\" style=\"border-radius:5px;\">\n\t<i class=\"icon-clock\" aria-hidden=\"true\"><\/i>\t<span>Varaa soittoaika tukeen<\/span>\n\t<\/a>\n\n\n\t<div id=\"text-441350452\" class=\"text\">\n\t\t\n\n<p>Valitse tukihenkil\u00f6mme ilmoittama painike ja suorita latautuva tiedosto avataksesi et\u00e4yhteyden. Windows kysyy lupaa tiedoston suorittamiseen.<\/p>\n\t\t\n<style>\n#text-441350452 {\n  text-align: center;\n}\n<\/style>\n\t<\/div>\n\t\n\n\t\t<\/div>\n\t\t\t\t\t<\/div>\n\n\t\n\n<\/div>\n<div class=\"row\"  id=\"row-1585786050\">\n\n\n\t<div id=\"col-59108766\" class=\"col medium-3 small-6 large-3\"  >\n\t\t\t\t<div class=\"col-inner\"  >\n\t\t\t\n\t\t\t\n\n<a href=\"https:\/\/noteshot.fi\/tiedostot\/etatuki1.zip\" class=\"button success is-xlarge expand\" style=\"border-radius:10px;\">\n\t\t<span>Et\u00e4tuki 1<\/span>\n\t<\/a>\n\n\n\n\t\t<\/div>\n\t\t\t\t\t<\/div>\n\n\t\n\n\t<div id=\"col-45984371\" class=\"col medium-3 small-6 large-3\"  >\n\t\t\t\t<div class=\"col-inner\"  >\n\t\t\t\n\t\t\t\n\n<a href=\"https:\/\/noteshot.fi\/tiedostot\/etatuki2.zip\" class=\"button success is-xlarge expand\" style=\"border-radius:10px;\">\n\t\t<span>Et\u00e4tuki 2<\/span>\n\t<\/a>\n\n\n\n\t\t<\/div>\n\t\t\t\t\t<\/div>\n\n\t\n\n\t<div id=\"col-1748607312\" class=\"col medium-3 small-6 large-3\"  >\n\t\t\t\t<div class=\"col-inner\"  >\n\t\t\t\n\t\t\t\n\n<a href=\"https:\/\/noteshot.fi\/tiedostot\/etatuki3.zip\" class=\"button success is-xlarge expand\" style=\"border-radius:10px;\">\n\t\t<span>Et\u00e4tuki 3<\/span>\n\t<\/a>\n\n\n\n\t\t<\/div>\n\t\t\t\t\t<\/div>\n\n\t\n\n\t<div id=\"col-1926685538\" class=\"col medium-3 small-6 large-3\"  >\n\t\t\t\t<div class=\"col-inner\"  >\n\t\t\t\n\t\t\t\n\n<a href=\"https:\/\/noteshot.fi\/tiedostot\/etatuki4.zip\" class=\"button success is-xlarge expand\" style=\"border-radius:10px;\">\n\t\t<span>Et\u00e4tuki 4<\/span>\n\t<\/a>\n\n\n\n\t\t<\/div>\n\t\t\t\t\t<\/div>\n\n\t\n\n<\/div>\n\n\n<style>\ndiv.icon-box-text h3 {\n  color: var(--fs-experimental-link-color);\n}\n<\/style>\n\n\n","protected":false},"excerpt":{"rendered":"","protected":false},"author":1,"featured_media":0,"parent":0,"menu_order":0,"comment_status":"closed","ping_status":"closed","template":"page-blank.php","meta":{"footnotes":""},"class_list":["post-2721","page","type-page","status-publish","hentry"],"yoast_head":"<!-- This site is optimized with the Yoast SEO plugin v27.4 - https:\/\/yoast.com\/product\/yoast-seo-wordpress\/ -->\n<title>Ohjeet - Shopikassa<\/title>\n<meta name=\"robots\" content=\"index, follow, max-snippet:-1, max-image-preview:large, max-video-preview:-1\" \/>\n<link rel=\"canonical\" href=\"https:\/\/shopikassa.com\/en\/support\/\" \/>\n<meta property=\"og:locale\" content=\"en_GB\" \/>\n<meta property=\"og:type\" content=\"article\" \/>\n<meta property=\"og:title\" content=\"Ohjeet - Shopikassa\" \/>\n<meta property=\"og:url\" content=\"https:\/\/shopikassa.com\/en\/support\/\" \/>\n<meta property=\"og:site_name\" content=\"Shopikassa\" \/>\n<meta property=\"article:modified_time\" content=\"2026-04-21T17:23:37+00:00\" \/>\n<meta property=\"og:image\" content=\"http:\/\/shopikassa.com\/wp-content\/uploads\/2026\/04\/en.svg\" \/>\n<meta name=\"twitter:card\" content=\"summary_large_image\" \/>\n<script type=\"application\/ld+json\" class=\"yoast-schema-graph\">{\"@context\":\"https:\\\/\\\/schema.org\",\"@graph\":[{\"@type\":\"WebPage\",\"@id\":\"https:\\\/\\\/shopikassa.com\\\/ohjeet\\\/\",\"url\":\"https:\\\/\\\/shopikassa.com\\\/ohjeet\\\/\",\"name\":\"Ohjeet - Shopikassa\",\"isPartOf\":{\"@id\":\"http:\\\/\\\/shopikassa.com\\\/#website\"},\"primaryImageOfPage\":{\"@id\":\"https:\\\/\\\/shopikassa.com\\\/ohjeet\\\/#primaryimage\"},\"image\":{\"@id\":\"https:\\\/\\\/shopikassa.com\\\/ohjeet\\\/#primaryimage\"},\"thumbnailUrl\":\"http:\\\/\\\/shopikassa.com\\\/wp-content\\\/uploads\\\/2026\\\/04\\\/en.svg\",\"datePublished\":\"2026-04-16T19:00:15+00:00\",\"dateModified\":\"2026-04-21T17:23:37+00:00\",\"breadcrumb\":{\"@id\":\"https:\\\/\\\/shopikassa.com\\\/ohjeet\\\/#breadcrumb\"},\"inLanguage\":\"en-GB\",\"potentialAction\":[{\"@type\":\"ReadAction\",\"target\":[\"https:\\\/\\\/shopikassa.com\\\/ohjeet\\\/\"]}]},{\"@type\":\"ImageObject\",\"inLanguage\":\"en-GB\",\"@id\":\"https:\\\/\\\/shopikassa.com\\\/ohjeet\\\/#primaryimage\",\"url\":\"http:\\\/\\\/shopikassa.com\\\/wp-content\\\/uploads\\\/2026\\\/04\\\/en.svg\",\"contentUrl\":\"http:\\\/\\\/shopikassa.com\\\/wp-content\\\/uploads\\\/2026\\\/04\\\/en.svg\"},{\"@type\":\"BreadcrumbList\",\"@id\":\"https:\\\/\\\/shopikassa.com\\\/ohjeet\\\/#breadcrumb\",\"itemListElement\":[{\"@type\":\"ListItem\",\"position\":1,\"name\":\"Etusivu\",\"item\":\"https:\\\/\\\/shopikassa.com\\\/\"},{\"@type\":\"ListItem\",\"position\":2,\"name\":\"Ohjeet\"}]},{\"@type\":\"WebSite\",\"@id\":\"http:\\\/\\\/shopikassa.com\\\/#website\",\"url\":\"http:\\\/\\\/shopikassa.com\\\/\",\"name\":\"Shopikassa\",\"description\":\"Vaihtoehtoinen\\\/parempi kassa ja maksup\u00e4\u00e4te Shopifyyn\",\"publisher\":{\"@id\":\"http:\\\/\\\/shopikassa.com\\\/#organization\"},\"potentialAction\":[{\"@type\":\"SearchAction\",\"target\":{\"@type\":\"EntryPoint\",\"urlTemplate\":\"http:\\\/\\\/shopikassa.com\\\/?s={search_term_string}\"},\"query-input\":{\"@type\":\"PropertyValueSpecification\",\"valueRequired\":true,\"valueName\":\"search_term_string\"}}],\"inLanguage\":\"en-GB\"},{\"@type\":\"Organization\",\"@id\":\"http:\\\/\\\/shopikassa.com\\\/#organization\",\"name\":\"Shopikassa\",\"url\":\"http:\\\/\\\/shopikassa.com\\\/\",\"logo\":{\"@type\":\"ImageObject\",\"inLanguage\":\"en-GB\",\"@id\":\"http:\\\/\\\/shopikassa.com\\\/#\\\/schema\\\/logo\\\/image\\\/\",\"url\":\"http:\\\/\\\/shopikassa.com\\\/wp-content\\\/uploads\\\/2025\\\/04\\\/shopikassa-logo.webp\",\"contentUrl\":\"http:\\\/\\\/shopikassa.com\\\/wp-content\\\/uploads\\\/2025\\\/04\\\/shopikassa-logo.webp\",\"width\":445,\"height\":292,\"caption\":\"Shopikassa\"},\"image\":{\"@id\":\"http:\\\/\\\/shopikassa.com\\\/#\\\/schema\\\/logo\\\/image\\\/\"}}]}<\/script>\n<!-- \/ Yoast SEO plugin. -->","yoast_head_json":{"title":"Support","robots":{"index":"index","follow":"follow","max-snippet":"max-snippet:-1","max-image-preview":"max-image-preview:large","max-video-preview":"max-video-preview:-1"},"canonical":"https:\/\/shopikassa.com\/en\/support\/","og_locale":"en_GB","og_type":"article","og_title":"Ohjeet - Shopikassa","og_url":"https:\/\/shopikassa.com\/en\/support\/","og_site_name":"Shopikassa","article_modified_time":"2026-04-21T17:23:37+00:00","og_image":[{"url":"http:\/\/shopikassa.com\/wp-content\/uploads\/2026\/04\/en.svg","type":"","width":"","height":""}],"twitter_card":"summary_large_image","schema":{"@context":"https:\/\/schema.org","@graph":[{"@type":"WebPage","@id":"https:\/\/shopikassa.com\/ohjeet\/","url":"https:\/\/shopikassa.com\/ohjeet\/","name":"Support","isPartOf":{"@id":"http:\/\/shopikassa.com\/#website"},"primaryImageOfPage":{"@id":"https:\/\/shopikassa.com\/ohjeet\/#primaryimage"},"image":{"@id":"https:\/\/shopikassa.com\/ohjeet\/#primaryimage"},"thumbnailUrl":"http:\/\/shopikassa.com\/wp-content\/uploads\/2026\/04\/en.svg","datePublished":"2026-04-16T19:00:15+00:00","dateModified":"2026-04-21T17:23:37+00:00","breadcrumb":{"@id":"https:\/\/shopikassa.com\/ohjeet\/#breadcrumb"},"inLanguage":"en-GB","potentialAction":[{"@type":"ReadAction","target":["https:\/\/shopikassa.com\/ohjeet\/"]}]},{"@type":"ImageObject","inLanguage":"en-GB","@id":"https:\/\/shopikassa.com\/ohjeet\/#primaryimage","url":"http:\/\/shopikassa.com\/wp-content\/uploads\/2026\/04\/en.svg","contentUrl":"http:\/\/shopikassa.com\/wp-content\/uploads\/2026\/04\/en.svg"},{"@type":"BreadcrumbList","@id":"https:\/\/shopikassa.com\/ohjeet\/#breadcrumb","itemListElement":[{"@type":"ListItem","position":1,"name":"Etusivu","item":"https:\/\/shopikassa.com\/"},{"@type":"ListItem","position":2,"name":"Ohjeet"}]},{"@type":"WebSite","@id":"http:\/\/shopikassa.com\/#website","url":"http:\/\/shopikassa.com\/","name":"Shopikassa","description":"Vaihtoehtoinen\/parempi kassa ja maksup\u00e4\u00e4te Shopifyyn","publisher":{"@id":"http:\/\/shopikassa.com\/#organization"},"potentialAction":[{"@type":"SearchAction","target":{"@type":"EntryPoint","urlTemplate":"http:\/\/shopikassa.com\/?s={search_term_string}"},"query-input":{"@type":"PropertyValueSpecification","valueRequired":true,"valueName":"search_term_string"}}],"inLanguage":"en-GB"},{"@type":"Organization","@id":"http:\/\/shopikassa.com\/#organization","name":"Shopikassa","url":"http:\/\/shopikassa.com\/","logo":{"@type":"ImageObject","inLanguage":"en-GB","@id":"http:\/\/shopikassa.com\/#\/schema\/logo\/image\/","url":"http:\/\/shopikassa.com\/wp-content\/uploads\/2025\/04\/shopikassa-logo.webp","contentUrl":"http:\/\/shopikassa.com\/wp-content\/uploads\/2025\/04\/shopikassa-logo.webp","width":445,"height":292,"caption":"Shopikassa"},"image":{"@id":"http:\/\/shopikassa.com\/#\/schema\/logo\/image\/"}}]}},"_links":{"self":[{"href":"https:\/\/shopikassa.com\/en\/wp-json\/wp\/v2\/pages\/2721","targetHints":{"allow":["GET"]}}],"collection":[{"href":"https:\/\/shopikassa.com\/en\/wp-json\/wp\/v2\/pages"}],"about":[{"href":"https:\/\/shopikassa.com\/en\/wp-json\/wp\/v2\/types\/page"}],"author":[{"embeddable":true,"href":"https:\/\/shopikassa.com\/en\/wp-json\/wp\/v2\/users\/1"}],"replies":[{"embeddable":true,"href":"https:\/\/shopikassa.com\/en\/wp-json\/wp\/v2\/comments?post=2721"}],"version-history":[{"count":29,"href":"https:\/\/shopikassa.com\/en\/wp-json\/wp\/v2\/pages\/2721\/revisions"}],"predecessor-version":[{"id":2948,"href":"https:\/\/shopikassa.com\/en\/wp-json\/wp\/v2\/pages\/2721\/revisions\/2948"}],"wp:attachment":[{"href":"https:\/\/shopikassa.com\/en\/wp-json\/wp\/v2\/media?parent=2721"}],"curies":[{"name":"wp","href":"https:\/\/api.w.org\/{rel}","templated":true}]}}