{"id":458,"date":"2025-04-04T23:07:09","date_gmt":"2025-04-04T20:07:09","guid":{"rendered":"https:\/\/shopikassa.com\/?page_id=458"},"modified":"2026-04-25T19:53:13","modified_gmt":"2026-04-25T16:53:13","slug":"demo","status":"publish","type":"page","link":"https:\/\/shopikassa.com\/en\/demo\/","title":{"rendered":"Demo"},"content":{"rendered":"<div class=\"container section-title-container\" ><h3 class=\"section-title section-title-center\"><b aria-hidden=\"true\"><\/b><span class=\"section-title-main\" >Request your own free trial<\/span><b aria-hidden=\"true\"><\/b><\/h3><\/div>\n\n\t<div id=\"text-1789887232\" class=\"text\">\n\t\t\n\n<p>Request a demo so you can try out how Shopikassa works.<br \/> Saat halutessasi Shopikassan kuukaudeksi ilmaiseen kokeiluun ja voit kytke\u00e4 sen omaan Shopify verkkokauppaasi.<\/p>\n\n\t\t\n<style>\n#text-1789887232 {\n  text-align: center;\n}\n<\/style>\n\t<\/div>\n\t\n\t<div id=\"gap-1530239363\" class=\"gap-element clearfix\" style=\"display:block; height:auto;\">\n\t\t\n<style>\n#gap-1530239363 {\n  padding-top: 30px;\n}\n<\/style>\n\t<\/div>\n\t\n\n<div class=\"row\"  id=\"row-1203833545\">\n\n\n\t<div id=\"col-628971519\" class=\"col small-12 large-12\"  >\n\t\t\t\t<div class=\"col-inner text-center\"  >\n\t\t\t\n\t\t\t\n\n<p><b>S\u00e4hk\u00f6posti:<\/b> info (\u00e4t) shopikassa.fi<\/p>\n<p><a href=\"https:\/\/evaraus.fi\/NoteShotOy\/kalenteri\/15\/15\" class=\"button\" style=\"border-radius:99px;\"><i class=\"icon-clock\" aria-hidden=\"true\"><\/i> Book an appointment<\/a><a href=\"https:\/\/evaraus.fi\/NoteShotOy\/kalenteri\/16\/15\" class=\"button\" style=\"border-radius:99px;\"><i class=\"icon-phone\" aria-hidden=\"true\"><\/i> Leave a call request for sales<\/a><\/p>\n\n\t\t<\/div>\n\t\t\t\t\t<\/div>\n\n\t\n\n<\/div>\n\t<div id=\"gap-1653168928\" class=\"gap-element clearfix\" style=\"display:block; height:auto;\">\n\t\t\n<style>\n#gap-1653168928 {\n  padding-top: 60px;\n}\n<\/style>\n\t<\/div>\n\t\n\n<div class=\"container section-title-container hidden\" ><h3 class=\"section-title section-title-normal\"><b aria-hidden=\"true\"><\/b><span class=\"section-title-main\" >Check our demo<\/span><b aria-hidden=\"true\"><\/b><\/h3><\/div>\n\n\t<div id=\"text-3530387360\" class=\"text hidden\">\n\t\t\n\n<p>With our demo, you can quickly take a look at what Shopikassa looks like and how it works when connected to Shopify.<\/p>\n<p>You can log in to the demo using the button below:<\/p>\n<p>\n\t\t\t<\/div>\n\t\n<a data-animate=\"bounceInUp\" href=\"https:\/\/shopikassa.fi\/pos\/login\/186a1\" class=\"button primary is-shade is-medium hidden\" >\n\t<i class=\"icon-play\" aria-hidden=\"true\"><\/i>\t<span>Shopikassa demo<\/span>\n\t<\/a>\n\n\n\t<div id=\"text-566830512\" class=\"text hidden\">\n\t\t\n\n<\/p>\n<ul>\n<li>Email <strong>demo3@shopikassa.fi<\/strong><\/li>\n<li>Password: <strong>testi3<\/strong><\/li>\n<\/ul>\n<p>The demo is connected to a Shopify test store, the public side of which you can take a look at. <a href=\"https:\/\/quickstart-7e206659.myshopify.com\/\">https:\/\/quickstart-7e206659.myshopify.com\/<br \/><\/a>Password: <strong>diabee<\/strong><\/p>\n\t\t\t<\/div>\n\t\n\t<div id=\"text-652789783\" class=\"text hidden\">\n\t\t\n\n<p>Request a demo to see how Shopikassa works. You can first try our ready-made demo. After that, you can get a free month's trial of Shopikassa and connect it to your own Shopify.<\/p>\n\t\t\n<style>\n#text-652789783 {\n  text-align: center;\n}\n<\/style>\n\t<\/div>\n\t\n\n\n<script>\n  document.addEventListener('wpcf7mailsent', function(event) {\n    var currentPath = window.location.pathname;\n    \n    \/\/ Tarkistetaan, sis\u00e4lt\u00e4\u00e4k\u00f6 polku \"\/en\/\", jolloin kyseess\u00e4 on englanninkielinen sivu\n    if (currentPath.includes('\/en\/')) {\n      window.location.href = '\/en\/thank-you\/';\n    } else {\n      window.location.href = '\/kiitos\/';\n    }\n  }, false);\n<\/script>","protected":false},"excerpt":{"rendered":"","protected":false},"author":1,"featured_media":0,"parent":0,"menu_order":0,"comment_status":"closed","ping_status":"closed","template":"page-blank-title-center.php","meta":{"footnotes":""},"class_list":["post-458","page","type-page","status-publish","hentry"],"yoast_head":"<!-- This site is optimized with the Yoast SEO plugin v27.4 - https:\/\/yoast.com\/product\/yoast-seo-wordpress\/ -->\n<title>Demo - Shopikassa<\/title>\n<meta name=\"robots\" content=\"index, follow, max-snippet:-1, max-image-preview:large, max-video-preview:-1\" \/>\n<link rel=\"canonical\" href=\"https:\/\/shopikassa.com\/en\/demo\/\" \/>\n<meta property=\"og:locale\" content=\"en_GB\" \/>\n<meta property=\"og:type\" content=\"article\" \/>\n<meta property=\"og:title\" content=\"Demo - Shopikassa\" \/>\n<meta property=\"og:url\" content=\"https:\/\/shopikassa.com\/en\/demo\/\" \/>\n<meta property=\"og:site_name\" content=\"Shopikassa\" \/>\n<meta property=\"article:modified_time\" content=\"2026-04-25T16:53:13+00:00\" \/>\n<meta name=\"twitter:card\" content=\"summary_large_image\" \/>\n<meta name=\"twitter:label1\" content=\"Estimated reading time\" \/>\n\t<meta name=\"twitter:data1\" content=\"1 minute\" \/>\n<script type=\"application\/ld+json\" class=\"yoast-schema-graph\">{\"@context\":\"https:\\\/\\\/schema.org\",\"@graph\":[{\"@type\":\"WebPage\",\"@id\":\"https:\\\/\\\/shopikassa.com\\\/demo\\\/\",\"url\":\"https:\\\/\\\/shopikassa.com\\\/demo\\\/\",\"name\":\"Demo - Shopikassa\",\"isPartOf\":{\"@id\":\"http:\\\/\\\/shopikassa.com\\\/#website\"},\"datePublished\":\"2025-04-04T20:07:09+00:00\",\"dateModified\":\"2026-04-25T16:53:13+00:00\",\"breadcrumb\":{\"@id\":\"https:\\\/\\\/shopikassa.com\\\/demo\\\/#breadcrumb\"},\"inLanguage\":\"en-GB\",\"potentialAction\":[{\"@type\":\"ReadAction\",\"target\":[\"https:\\\/\\\/shopikassa.com\\\/demo\\\/\"]}]},{\"@type\":\"BreadcrumbList\",\"@id\":\"https:\\\/\\\/shopikassa.com\\\/demo\\\/#breadcrumb\",\"itemListElement\":[{\"@type\":\"ListItem\",\"position\":1,\"name\":\"Etusivu\",\"item\":\"https:\\\/\\\/shopikassa.com\\\/\"},{\"@type\":\"ListItem\",\"position\":2,\"name\":\"Demo\"}]},{\"@type\":\"WebSite\",\"@id\":\"http:\\\/\\\/shopikassa.com\\\/#website\",\"url\":\"http:\\\/\\\/shopikassa.com\\\/\",\"name\":\"Shopikassa\",\"description\":\"Vaihtoehtoinen\\\/parempi kassa ja maksup\u00e4\u00e4te Shopifyyn\",\"publisher\":{\"@id\":\"http:\\\/\\\/shopikassa.com\\\/#organization\"},\"potentialAction\":[{\"@type\":\"SearchAction\",\"target\":{\"@type\":\"EntryPoint\",\"urlTemplate\":\"http:\\\/\\\/shopikassa.com\\\/?s={search_term_string}\"},\"query-input\":{\"@type\":\"PropertyValueSpecification\",\"valueRequired\":true,\"valueName\":\"search_term_string\"}}],\"inLanguage\":\"en-GB\"},{\"@type\":\"Organization\",\"@id\":\"http:\\\/\\\/shopikassa.com\\\/#organization\",\"name\":\"Shopikassa\",\"url\":\"http:\\\/\\\/shopikassa.com\\\/\",\"logo\":{\"@type\":\"ImageObject\",\"inLanguage\":\"en-GB\",\"@id\":\"http:\\\/\\\/shopikassa.com\\\/#\\\/schema\\\/logo\\\/image\\\/\",\"url\":\"http:\\\/\\\/shopikassa.com\\\/wp-content\\\/uploads\\\/2025\\\/04\\\/shopikassa-logo.webp\",\"contentUrl\":\"http:\\\/\\\/shopikassa.com\\\/wp-content\\\/uploads\\\/2025\\\/04\\\/shopikassa-logo.webp\",\"width\":445,\"height\":292,\"caption\":\"Shopikassa\"},\"image\":{\"@id\":\"http:\\\/\\\/shopikassa.com\\\/#\\\/schema\\\/logo\\\/image\\\/\"}}]}<\/script>\n<!-- \/ Yoast SEO plugin. -->","yoast_head_json":{"title":"Demo - Shopikassa","robots":{"index":"index","follow":"follow","max-snippet":"max-snippet:-1","max-image-preview":"max-image-preview:large","max-video-preview":"max-video-preview:-1"},"canonical":"https:\/\/shopikassa.com\/en\/demo\/","og_locale":"en_GB","og_type":"article","og_title":"Demo - Shopikassa","og_url":"https:\/\/shopikassa.com\/en\/demo\/","og_site_name":"Shopikassa","article_modified_time":"2026-04-25T16:53:13+00:00","twitter_card":"summary_large_image","twitter_misc":{"Estimated reading time":"1 minute"},"schema":{"@context":"https:\/\/schema.org","@graph":[{"@type":"WebPage","@id":"https:\/\/shopikassa.com\/demo\/","url":"https:\/\/shopikassa.com\/demo\/","name":"Demo - Shopikassa","isPartOf":{"@id":"http:\/\/shopikassa.com\/#website"},"datePublished":"2025-04-04T20:07:09+00:00","dateModified":"2026-04-25T16:53:13+00:00","breadcrumb":{"@id":"https:\/\/shopikassa.com\/demo\/#breadcrumb"},"inLanguage":"en-GB","potentialAction":[{"@type":"ReadAction","target":["https:\/\/shopikassa.com\/demo\/"]}]},{"@type":"BreadcrumbList","@id":"https:\/\/shopikassa.com\/demo\/#breadcrumb","itemListElement":[{"@type":"ListItem","position":1,"name":"Etusivu","item":"https:\/\/shopikassa.com\/"},{"@type":"ListItem","position":2,"name":"Demo"}]},{"@type":"WebSite","@id":"http:\/\/shopikassa.com\/#website","url":"http:\/\/shopikassa.com\/","name":"Shopikassa","description":"Vaihtoehtoinen\/parempi kassa ja maksup\u00e4\u00e4te Shopifyyn","publisher":{"@id":"http:\/\/shopikassa.com\/#organization"},"potentialAction":[{"@type":"SearchAction","target":{"@type":"EntryPoint","urlTemplate":"http:\/\/shopikassa.com\/?s={search_term_string}"},"query-input":{"@type":"PropertyValueSpecification","valueRequired":true,"valueName":"search_term_string"}}],"inLanguage":"en-GB"},{"@type":"Organization","@id":"http:\/\/shopikassa.com\/#organization","name":"Shopikassa","url":"http:\/\/shopikassa.com\/","logo":{"@type":"ImageObject","inLanguage":"en-GB","@id":"http:\/\/shopikassa.com\/#\/schema\/logo\/image\/","url":"http:\/\/shopikassa.com\/wp-content\/uploads\/2025\/04\/shopikassa-logo.webp","contentUrl":"http:\/\/shopikassa.com\/wp-content\/uploads\/2025\/04\/shopikassa-logo.webp","width":445,"height":292,"caption":"Shopikassa"},"image":{"@id":"http:\/\/shopikassa.com\/#\/schema\/logo\/image\/"}}]}},"_links":{"self":[{"href":"https:\/\/shopikassa.com\/en\/wp-json\/wp\/v2\/pages\/458","targetHints":{"allow":["GET"]}}],"collection":[{"href":"https:\/\/shopikassa.com\/en\/wp-json\/wp\/v2\/pages"}],"about":[{"href":"https:\/\/shopikassa.com\/en\/wp-json\/wp\/v2\/types\/page"}],"author":[{"embeddable":true,"href":"https:\/\/shopikassa.com\/en\/wp-json\/wp\/v2\/users\/1"}],"replies":[{"embeddable":true,"href":"https:\/\/shopikassa.com\/en\/wp-json\/wp\/v2\/comments?post=458"}],"version-history":[{"count":16,"href":"https:\/\/shopikassa.com\/en\/wp-json\/wp\/v2\/pages\/458\/revisions"}],"predecessor-version":[{"id":2951,"href":"https:\/\/shopikassa.com\/en\/wp-json\/wp\/v2\/pages\/458\/revisions\/2951"}],"wp:attachment":[{"href":"https:\/\/shopikassa.com\/en\/wp-json\/wp\/v2\/media?parent=458"}],"curies":[{"name":"wp","href":"https:\/\/api.w.org\/{rel}","templated":true}]}}