{"id":80,"date":"2013-08-11T19:22:53","date_gmt":"2013-08-11T19:22:53","guid":{"rendered":"http:\/\/localhost:8888\/test\/?page_id=532"},"modified":"2026-04-25T15:03:07","modified_gmt":"2026-04-25T12:03:07","slug":"contact","status":"publish","type":"page","link":"https:\/\/shopikassa.com\/en\/contact\/","title":{"rendered":"Contact"},"content":{"rendered":"<div id=\"gap-1554271226\" class=\"gap-element clearfix\" style=\"display:block; height:auto;\">\n\t\t\n<style>\n#gap-1554271226 {\n  padding-top: 60px;\n}\n<\/style>\n\t<\/div>\n\t\n\n<div class=\"container section-title-container\" ><h1 class=\"section-title section-title-center\"><b aria-hidden=\"true\"><\/b><span class=\"section-title-main\" >Contact<\/span><b aria-hidden=\"true\"><\/b><\/h1><\/div>\n\n\t<div id=\"gap-1324672832\" class=\"gap-element clearfix\" style=\"display:block; height:auto;\">\n\t\t\n<style>\n#gap-1324672832 {\n  padding-top: 30px;\n}\n<\/style>\n\t<\/div>\n\t\n\n<div class=\"row\"  id=\"row-591238308\">\n\n\n\t<div id=\"col-588247309\" class=\"col medium-6 small-12 large-6\"  >\n\t\t\t\t<div class=\"col-inner\"  >\n\t\t\t\n\t\t\t\n\n\n\t<section class=\"section\" id=\"section_1777669952\">\n\t\t<div class=\"section-bg fill\" >\n\t\t\t\t\t\t\t\t\t\n\t\t\t\n\n\t\t<\/div>\n\n\t\t\n\n\t\t<div class=\"section-content relative\">\n\t\t\t\n\n<div class=\"row\"  id=\"row-1430938579\">\n\n\n\t<div id=\"col-337624020\" class=\"col small-12 large-12\"  >\n\t\t\t\t<div class=\"col-inner\"  >\n\t\t\t\n\t<div class=\"is-border\"\n\t\tstyle=\"border-color:rgb(224, 224, 224);border-radius:8px;border-width:1px 1px 1px 1px;\">\n\t<\/div>\n\t\t\t\n\n<h2 style=\"color: #293c51;\"><i class=\"icon-phone\"><\/i> Support <span class=\"hidden\">tel.<\/span> 010-085 999<\/h2>\n<p style=\"color: #293c51;\"><i class=\"icon-clock\"><\/i> Mon-fri 8.00-16.00 1,52\u20ac\/min.<\/p>\n<p>For non-urgent matters, please book a time, we will prepare the matter:<\/p>\n<a href=\"https:\/\/evaraus.fi\/NoteShotOy\/kalenteri\/17\/15\" target=\"_blank\" class=\"button primary box-shadow-3 box-shadow-5-hover\" rel=\"noopener\" style=\"border-radius:5px;\">\n\t<i class=\"icon-clock\" aria-hidden=\"true\"><\/i>\t<span>Book a time<\/span>\n\t<\/a>\n\n\n<p>Email info (\u00e4t) shopikassa.fi<\/p><\/p>\n\n\t\t<\/div>\n\t\t\t\t\n<style>\n#col-337624020 > .col-inner {\n  padding: 24px 24px 24px 24px;\n}\n<\/style>\n\t<\/div>\n\n\t\n\n<\/div>\n\n\t\t<\/div>\n\n\t\t\n<style>\n#section_1777669952 {\n  padding-top: 30px;\n  padding-bottom: 30px;\n}\n<\/style>\n\t<\/section>\n\t\n\n\t\t<\/div>\n\t\t\t\t\t<\/div>\n\n\t\n\n\t<div id=\"col-661083194\" class=\"col medium-4 small-12 large-4\"  >\n\t\t\t\t<div class=\"col-inner\"  >\n\t\t\t\n\t\t\t\n\n<p>Book a time for a remote demonstration<br \/><b>Note!<\/b> Remote demonstrations are popular, there are a limited number of them, book yours soon. We guarantee that the demonstration will be valuable and time-saving for you!<\/p>\n<p><a href=\"https:\/\/evaraus.fi\/NoteShotOy\/kalenteri\/15\/15\" class=\"button is-shade box-shadow-3 box-shadow-5-hover\" style=\"border-radius:99px;\"><i class=\"icon-clock\" aria-hidden=\"true\"><\/i> Book an appointment<\/a><a href=\"https:\/\/evaraus.fi\/NoteShotOy\/kalenteri\/16\/15\" class=\"button is-shade box-shadow-3 box-shadow-5-hover\" style=\"border-radius:99px;\"><i class=\"icon-phone\" aria-hidden=\"true\"><\/i> Leave a call request for sales<\/a><\/p>\n\n\t\t<\/div>\n\t\t\t\t\t<\/div>\n\n\t\n\n<\/div>\n<p>\u00a0<\/p>\n<div class=\"row\"  id=\"row-398497468\">\n\n\n\t<div id=\"col-905176004\" class=\"col medium-4 small-12 large-4\"  >\n\t\t\t\t<div class=\"col-inner\"  >\n\t\t\t\n\t<div class=\"is-border\"\n\t\tstyle=\"border-color:rgb(224, 224, 224);border-radius:8px;border-width:1px 1px 1px 1px;\">\n\t<\/div>\n\t\t\t\n\n\t<div id=\"text-723838592\" class=\"text minh100\">\n\t\t\n\n<h2 style=\"color: #293c51;\"><i class=\"fa fa-mobile-retro\"><\/i> Payment terminals 24\/7<\/h2>\n<p style=\"color: #293c51;\">\n<b>010-804040<\/b><br \/>\nEmail: tuki-fi <span style=\"margin-left: -2px; margin-right: -2px;\">@<\/span> nets.eu\n<\/p>\n\t\t\t<\/div>\n\t\n\n\t\t<\/div>\n\t\t\t\t\n<style>\n#col-905176004 > .col-inner {\n  padding: 24px 24px 24px 24px;\n}\n<\/style>\n\t<\/div>\n\n\t\n\n\t<div id=\"col-1148047649\" class=\"col medium-4 small-12 large-4\"  >\n\t\t\t\t<div class=\"col-inner\"  >\n\t\t\t\n\t<div class=\"is-border\"\n\t\tstyle=\"border-color:rgb(224, 224, 224);border-radius:8px;border-width:1px 1px 1px 1px;\">\n\t<\/div>\n\t\t\t\n\n\t<div id=\"text-2791075133\" class=\"text minh100\">\n\t\t\n\n<h2 style=\"color: #293c51;\"><i class=\"icon-chat\"><\/i> Chat 24\/7<\/h2>\n<p style=\"color: #293c51;\">\nChat can be found at the bottom of the page.\n<\/p>\n\t\t\t<\/div>\n\t\n\n\t\t<\/div>\n\t\t\t\t\n<style>\n#col-1148047649 > .col-inner {\n  padding: 24px 24px 24px 24px;\n}\n<\/style>\n\t<\/div>\n\n\t\n\n\t<div id=\"col-1586475870\" class=\"col medium-4 small-12 large-4\"  >\n\t\t\t\t<div class=\"col-inner\"  >\n\t\t\t\n\t<div class=\"is-border\"\n\t\tstyle=\"border-color:rgb(224, 224, 224);border-radius:8px;border-width:1px 1px 1px 1px;\">\n\t<\/div>\n\t\t\t\n\n\t<div id=\"text-3816641015\" class=\"text minh100\">\n\t\t\n\n<h2 style=\"color: #293c51;\"><i class=\"icon-envelop\"><\/i> Emails<\/h2>\n<p><span>info <span style=\"margin-left: -2px; margin-right: -2px;\">@<\/span> shopikassa.fi<\/p>\n\t\t\t<\/div>\n\t\n\n\t\t<\/div>\n\t\t\t\t\n<style>\n#col-1586475870 > .col-inner {\n  padding: 24px 24px 24px 24px;\n}\n<\/style>\n\t<\/div>\n\n\t\n\n<\/div>\n<div class=\"container section-title-container\" ><h3 class=\"section-title section-title-center\"><b aria-hidden=\"true\"><\/b><span class=\"section-title-main\" ><i class=\"icon-map-pin-fill\" aria-hidden=\"true\"><\/i>Our address<\/span><b aria-hidden=\"true\"><\/b><\/h3><\/div>\n\n<div class=\"row\"  id=\"row-620106479\">\n\n\n\t<div id=\"col-289924960\" class=\"col medium-4 small-12 large-4\"  >\n\t\t\t\t<div class=\"col-inner\"  >\n\t\t\t\n\t\t\t\n\n<p><b>Oulu<\/b>\u00a0(visits by appointment)<br \/>Technopolis Linnanmaa<br \/>Elektroniikkatie 3<br \/>90590 Oulu<\/p>\n\n\t\t<\/div>\n\t\t\t\t\t<\/div>\n\n\t\n\n\t<div id=\"col-1190163346\" class=\"col medium-4 small-12 large-4\"  >\n\t\t\t\t<div class=\"col-inner\"  >\n\t\t\t\n\t\t\t\n\n<p><b>Kuusamo<\/b>\u00a0(visits by appointment)<br \/>Kitkantie 10 LH 2<br \/>93600 Kuusamo<\/p>\n\n\t\t<\/div>\n\t\t\t\t\t<\/div>\n\n\t\n\n\t<div id=\"col-727320149\" class=\"col medium-4 small-12 large-4\"  >\n\t\t\t\t<div class=\"col-inner\"  >\n\t\t\t\n\t\t\t\n\n<p><b>Helsinki<\/b>, Vallila (visits by appointment)<br \/>Konepajankuja 1<br \/>00510 Helsinki<\/p>\n\n\t\t<\/div>\n\t\t\t\t\t<\/div>\n\n\t\n\n<\/div>\n\n\n<script>\n  document.addEventListener('wpcf7mailsent', function(event) {\n    var currentPath = window.location.pathname;\n    \n    \/\/ Tarkistetaan, sis\u00e4lt\u00e4\u00e4k\u00f6 polku \"\/en\/\", jolloin kyseess\u00e4 on englanninkielinen sivu\n    if (currentPath.includes('\/en\/')) {\n      window.location.href = '\/en\/thank-you\/';\n    } else {\n      window.location.href = '\/kiitos\/';\n    }\n  }, false);\n<\/script>\n\n<div class=\"row\"  id=\"row-1138689846\">\n\n\n\t<div id=\"col-1819539047\" class=\"col medium-4 small-12 large-4\"  >\n\t\t\t\t<div class=\"col-inner\"  >\n\t\t\t\n\t\t\t\n\n\t<div id=\"text-1921419963\" class=\"text\">\n\t\t\n\n<p><a href=\"https:\/\/noteshot.fi\/toimitusehdot\/\">General terms and conditions<\/a><\/p>\n\t\t\n<style>\n#text-1921419963 {\n  text-align: center;\n}\n<\/style>\n\t<\/div>\n\t\n\n\t\t<\/div>\n\t\t\t\t\t<\/div>\n\n\t\n\n\t<div id=\"col-997326577\" class=\"col medium-4 small-12 large-4\"  >\n\t\t\t\t<div class=\"col-inner\"  >\n\t\t\t\n\t\t\t\n\n\t<div id=\"text-1252394498\" class=\"text\">\n\t\t\n\n<p><a href=\"https:\/\/noteshot.fi\/ehdot\">General terms and conditions for electronic services<\/a><\/p>\n\t\t\n<style>\n#text-1252394498 {\n  text-align: center;\n}\n<\/style>\n\t<\/div>\n\t\n\n\t\t<\/div>\n\t\t\t\t\t<\/div>\n\n\t\n\n\t<div id=\"col-623050419\" class=\"col medium-4 small-12 large-4\"  >\n\t\t\t\t<div class=\"col-inner\"  >\n\t\t\t\n\t\t\t\n\n\t<div id=\"text-3928356603\" class=\"text\">\n\t\t\n\n<p><a href=\"https:\/\/e-kassa.fi\/reklamaatio\/\">Complaints<\/a><\/p>\n\t\t\n<style>\n#text-3928356603 {\n  text-align: center;\n}\n<\/style>\n\t<\/div>\n\t\n\n\t\t<\/div>\n\t\t\t\t\t<\/div>\n\n\t\n\n<\/div>","protected":false},"excerpt":{"rendered":"","protected":false},"author":1,"featured_media":0,"parent":0,"menu_order":0,"comment_status":"closed","ping_status":"closed","template":"page-blank.php","meta":{"footnotes":""},"class_list":["post-80","page","type-page","status-publish","hentry"],"yoast_head":"<!-- This site is optimized with the Yoast SEO plugin v27.4 - https:\/\/yoast.com\/product\/yoast-seo-wordpress\/ -->\n<title>Yhteystiedot - Shopikassa<\/title>\n<meta name=\"robots\" content=\"index, follow, max-snippet:-1, max-image-preview:large, max-video-preview:-1\" \/>\n<link rel=\"canonical\" href=\"https:\/\/shopikassa.com\/en\/contact\/\" \/>\n<meta property=\"og:locale\" content=\"en_GB\" \/>\n<meta property=\"og:type\" content=\"article\" \/>\n<meta property=\"og:title\" content=\"Yhteystiedot - Shopikassa\" \/>\n<meta property=\"og:url\" content=\"https:\/\/shopikassa.com\/en\/contact\/\" \/>\n<meta property=\"og:site_name\" content=\"Shopikassa\" \/>\n<meta property=\"article:modified_time\" content=\"2026-04-25T12:03:07+00:00\" \/>\n<meta name=\"twitter:card\" content=\"summary_large_image\" \/>\n<meta name=\"twitter:label1\" content=\"Estimated reading time\" \/>\n\t<meta name=\"twitter:data1\" content=\"2 minutes\" \/>\n<script type=\"application\/ld+json\" class=\"yoast-schema-graph\">{\"@context\":\"https:\\\/\\\/schema.org\",\"@graph\":[{\"@type\":\"WebPage\",\"@id\":\"https:\\\/\\\/shopikassa.com\\\/yhteystiedot\\\/\",\"url\":\"https:\\\/\\\/shopikassa.com\\\/yhteystiedot\\\/\",\"name\":\"Yhteystiedot - Shopikassa\",\"isPartOf\":{\"@id\":\"http:\\\/\\\/shopikassa.com\\\/#website\"},\"datePublished\":\"2013-08-11T19:22:53+00:00\",\"dateModified\":\"2026-04-25T12:03:07+00:00\",\"breadcrumb\":{\"@id\":\"https:\\\/\\\/shopikassa.com\\\/yhteystiedot\\\/#breadcrumb\"},\"inLanguage\":\"en-GB\",\"potentialAction\":[{\"@type\":\"ReadAction\",\"target\":[\"https:\\\/\\\/shopikassa.com\\\/yhteystiedot\\\/\"]}]},{\"@type\":\"BreadcrumbList\",\"@id\":\"https:\\\/\\\/shopikassa.com\\\/yhteystiedot\\\/#breadcrumb\",\"itemListElement\":[{\"@type\":\"ListItem\",\"position\":1,\"name\":\"Etusivu\",\"item\":\"https:\\\/\\\/shopikassa.com\\\/\"},{\"@type\":\"ListItem\",\"position\":2,\"name\":\"Yhteystiedot\"}]},{\"@type\":\"WebSite\",\"@id\":\"http:\\\/\\\/shopikassa.com\\\/#website\",\"url\":\"http:\\\/\\\/shopikassa.com\\\/\",\"name\":\"Shopikassa\",\"description\":\"Vaihtoehtoinen\\\/parempi kassa ja maksup\u00e4\u00e4te Shopifyyn\",\"publisher\":{\"@id\":\"http:\\\/\\\/shopikassa.com\\\/#organization\"},\"potentialAction\":[{\"@type\":\"SearchAction\",\"target\":{\"@type\":\"EntryPoint\",\"urlTemplate\":\"http:\\\/\\\/shopikassa.com\\\/?s={search_term_string}\"},\"query-input\":{\"@type\":\"PropertyValueSpecification\",\"valueRequired\":true,\"valueName\":\"search_term_string\"}}],\"inLanguage\":\"en-GB\"},{\"@type\":\"Organization\",\"@id\":\"http:\\\/\\\/shopikassa.com\\\/#organization\",\"name\":\"Shopikassa\",\"url\":\"http:\\\/\\\/shopikassa.com\\\/\",\"logo\":{\"@type\":\"ImageObject\",\"inLanguage\":\"en-GB\",\"@id\":\"http:\\\/\\\/shopikassa.com\\\/#\\\/schema\\\/logo\\\/image\\\/\",\"url\":\"http:\\\/\\\/shopikassa.com\\\/wp-content\\\/uploads\\\/2025\\\/04\\\/shopikassa-logo.webp\",\"contentUrl\":\"http:\\\/\\\/shopikassa.com\\\/wp-content\\\/uploads\\\/2025\\\/04\\\/shopikassa-logo.webp\",\"width\":445,\"height\":292,\"caption\":\"Shopikassa\"},\"image\":{\"@id\":\"http:\\\/\\\/shopikassa.com\\\/#\\\/schema\\\/logo\\\/image\\\/\"}}]}<\/script>\n<!-- \/ Yoast SEO plugin. -->","yoast_head_json":{"title":"Contact - Shopikassa","robots":{"index":"index","follow":"follow","max-snippet":"max-snippet:-1","max-image-preview":"max-image-preview:large","max-video-preview":"max-video-preview:-1"},"canonical":"https:\/\/shopikassa.com\/en\/contact\/","og_locale":"en_GB","og_type":"article","og_title":"Yhteystiedot - Shopikassa","og_url":"https:\/\/shopikassa.com\/en\/contact\/","og_site_name":"Shopikassa","article_modified_time":"2026-04-25T12:03:07+00:00","twitter_card":"summary_large_image","twitter_misc":{"Estimated reading time":"2 minutes"},"schema":{"@context":"https:\/\/schema.org","@graph":[{"@type":"WebPage","@id":"https:\/\/shopikassa.com\/yhteystiedot\/","url":"https:\/\/shopikassa.com\/yhteystiedot\/","name":"Contact - Shopikassa","isPartOf":{"@id":"http:\/\/shopikassa.com\/#website"},"datePublished":"2013-08-11T19:22:53+00:00","dateModified":"2026-04-25T12:03:07+00:00","breadcrumb":{"@id":"https:\/\/shopikassa.com\/yhteystiedot\/#breadcrumb"},"inLanguage":"en-GB","potentialAction":[{"@type":"ReadAction","target":["https:\/\/shopikassa.com\/yhteystiedot\/"]}]},{"@type":"BreadcrumbList","@id":"https:\/\/shopikassa.com\/yhteystiedot\/#breadcrumb","itemListElement":[{"@type":"ListItem","position":1,"name":"Etusivu","item":"https:\/\/shopikassa.com\/"},{"@type":"ListItem","position":2,"name":"Yhteystiedot"}]},{"@type":"WebSite","@id":"http:\/\/shopikassa.com\/#website","url":"http:\/\/shopikassa.com\/","name":"Shopikassa","description":"Vaihtoehtoinen\/parempi kassa ja maksup\u00e4\u00e4te Shopifyyn","publisher":{"@id":"http:\/\/shopikassa.com\/#organization"},"potentialAction":[{"@type":"SearchAction","target":{"@type":"EntryPoint","urlTemplate":"http:\/\/shopikassa.com\/?s={search_term_string}"},"query-input":{"@type":"PropertyValueSpecification","valueRequired":true,"valueName":"search_term_string"}}],"inLanguage":"en-GB"},{"@type":"Organization","@id":"http:\/\/shopikassa.com\/#organization","name":"Shopikassa","url":"http:\/\/shopikassa.com\/","logo":{"@type":"ImageObject","inLanguage":"en-GB","@id":"http:\/\/shopikassa.com\/#\/schema\/logo\/image\/","url":"http:\/\/shopikassa.com\/wp-content\/uploads\/2025\/04\/shopikassa-logo.webp","contentUrl":"http:\/\/shopikassa.com\/wp-content\/uploads\/2025\/04\/shopikassa-logo.webp","width":445,"height":292,"caption":"Shopikassa"},"image":{"@id":"http:\/\/shopikassa.com\/#\/schema\/logo\/image\/"}}]}},"_links":{"self":[{"href":"https:\/\/shopikassa.com\/en\/wp-json\/wp\/v2\/pages\/80","targetHints":{"allow":["GET"]}}],"collection":[{"href":"https:\/\/shopikassa.com\/en\/wp-json\/wp\/v2\/pages"}],"about":[{"href":"https:\/\/shopikassa.com\/en\/wp-json\/wp\/v2\/types\/page"}],"author":[{"embeddable":true,"href":"https:\/\/shopikassa.com\/en\/wp-json\/wp\/v2\/users\/1"}],"replies":[{"embeddable":true,"href":"https:\/\/shopikassa.com\/en\/wp-json\/wp\/v2\/comments?post=80"}],"version-history":[{"count":18,"href":"https:\/\/shopikassa.com\/en\/wp-json\/wp\/v2\/pages\/80\/revisions"}],"predecessor-version":[{"id":2949,"href":"https:\/\/shopikassa.com\/en\/wp-json\/wp\/v2\/pages\/80\/revisions\/2949"}],"wp:attachment":[{"href":"https:\/\/shopikassa.com\/en\/wp-json\/wp\/v2\/media?parent=80"}],"curies":[{"name":"wp","href":"https:\/\/api.w.org\/{rel}","templated":true}]}}