{"id":90,"date":"2013-08-06T20:13:19","date_gmt":"2013-08-06T20:13:19","guid":{"rendered":"http:\/\/localhost:8888\/test\/?page_id=17"},"modified":"2025-04-17T16:06:45","modified_gmt":"2025-04-17T13:06:45","slug":"classic-shop","status":"publish","type":"page","link":"https:\/\/shopikassa.com\/en\/","title":{"rendered":"Shopikassa kassa ja korttimaksup\u00e4\u00e4te Shopifyyn"},"content":{"rendered":"<div class=\"slider-wrapper relative\" id=\"slider-1652144307\" >\n    <div class=\"slider slider-nav-circle slider-nav-large slider-nav-dark slider-style-normal\"\n        data-flickity-options='{            \"cellAlign\": \"center\",            \"imagesLoaded\": true,            \"lazyLoad\": 1,            \"freeScroll\": false,            \"wrapAround\": true,            \"autoPlay\": 10000,            \"pauseAutoPlayOnHover\" : false,            \"prevNextButtons\": true,            \"contain\" : true,            \"adaptiveHeight\" : true,            \"dragThreshold\" : 10,            \"percentPosition\": true,            \"pageDots\": true,            \"rightToLeft\": false,            \"draggable\": true,            \"selectedAttraction\": 0.1,            \"parallax\" : 0,            \"friction\": 0.6        }'\n        >\n        \n\n\n  <div class=\"banner has-hover kirkkaus80 keskit\u00e4 has-slide-effect slide-fade-in\" id=\"banner-2034932594\">\n          <div class=\"banner-inner fill\">\n        <div class=\"banner-bg fill\" >\n            <img decoding=\"async\" width=\"1020\" height=\"556\" src=\"https:\/\/shopikassa.com\/wp-content\/uploads\/2025\/04\/tietotokone-pc-tabletti-puhelin.webp\" class=\"bg attachment-large size-large\" alt=\"\" \/>                        <div class=\"overlay\"><\/div>            \n                    <\/div>\n\t\t\n        <div class=\"banner-layers container\">\n            <div class=\"fill banner-link\"><\/div>            \n\n   <div id=\"text-box-1171736963\" class=\"text-box banner-layer x50 md-x50 lg-x50 y50 md-y50 lg-y50 res-text\">\n                     <div data-animate=\"flipInY\">           <div class=\"text-box-content text dark\">\n              \n              <div class=\"text-inner text-center\">\n                  \n\n<div class=\"is-divider divider clearfix\" style=\"margin-top:3px;margin-bottom:3px;\"><\/div>\n\n<h1 class=\"h-large uppercase\"><span style=\"font-size: 160%;\"><strong>Shopify POS to any device<\/strong><\/span><\/h1>\n<h1 class=\"uppercase\"><span style=\"font-size: 100%;\"><\/span><\/h1>\n<div class=\"is-divider divider clearfix\" ><\/div>\n\n\n              <\/div>\n           <\/div>\n       <\/div>                     \n<style>\n#text-box-1171736963 {\n  width: 100%;\n}\n#text-box-1171736963 .text-box-content {\n  font-size: 100%;\n}\n@media (min-width:550px) {\n  #text-box-1171736963 {\n    width: 70%;\n  }\n}\n<\/style>\n    <\/div>\n \n\n        <\/div>\n      <\/div>\n\n            \n<style>\n#banner-2034932594 {\n  padding-top: 600px;\n  background-color: rgb(255,255,255);\n}\n#banner-2034932594 .overlay {\n  background-color: rgba(0, 0, 0, 0.02);\n}\n#banner-2034932594 .banner-bg img {\n  object-position: 58% 63%;\n}\n<\/style>\n  <\/div>\n\n\n\n  <div class=\"banner has-hover sovita has-slide-effect slide-fade-in\" id=\"banner-2123320480\">\n          <div class=\"banner-inner fill\">\n        <div class=\"banner-bg fill\" >\n            <img decoding=\"async\" width=\"554\" height=\"800\" src=\"https:\/\/shopikassa.com\/wp-content\/uploads\/2025\/04\/move-3500-554x800.webp\" class=\"bg attachment-large size-large\" alt=\"Shopify Nets Move 3500 maksup\u00e4\u00e4te\" \/>                        <div class=\"overlay\"><\/div>            \n                    <\/div>\n\t\t\n        <div class=\"banner-layers container\">\n            <div class=\"fill banner-link\"><\/div>            \n\n   <div id=\"text-box-941599049\" class=\"text-box banner-layer x50 md-x0 lg-x0 y50 md-y50 lg-y50 res-text\">\n                     <div data-animate=\"fadeInLeft\">           <div class=\"text-box-content text\">\n              \n              <div class=\"text-inner text-center\">\n                  \n\n\t<div id=\"text-484752351\" class=\"text\">\n\t\t\n\n<h2 class=\"uppercase\" data-animate=\"fadeInLeft\" data-animated=\"true\"><strong>Popular and common European card payment terminals integrated<\/strong><\/h2>\n<h3><strong>from 0.39% commission!<\/strong><\/h3>\n\t\t\n<style>\n#text-484752351 {\n  color: rgb(0,0,0);\n}\n#text-484752351 > * {\n  color: rgb(0,0,0);\n}\n<\/style>\n\t<\/div>\n\t\n<div class=\"is-divider divider clearfix\" ><\/div>\n\n\n              <\/div>\n           <\/div>\n       <\/div>                     \n<style>\n#text-box-941599049 {\n  width: 85%;\n}\n#text-box-941599049 .text-box-content {\n  font-size: 100%;\n}\n@media (min-width:550px) {\n  #text-box-941599049 {\n    width: 58%;\n  }\n}\n<\/style>\n    <\/div>\n \n\n        <\/div>\n      <\/div>\n\n            \n<style>\n#banner-2123320480 {\n  padding-top: 600px;\n  background-color: rgb(255,255,255);\n}\n#banner-2123320480 .overlay {\n  background-color: rgba(0, 0, 0, 0.03);\n}\n#banner-2123320480 .banner-bg img {\n  object-position: 50% 50%;\n}\n<\/style>\n  <\/div>\n\n\n\n  <div class=\"banner has-hover keskit\u00e4 kirkkaus80\" id=\"banner-647500124\">\n          <div class=\"banner-inner fill\">\n        <div class=\"banner-bg fill\" >\n            <img decoding=\"async\" width=\"1020\" height=\"574\" src=\"https:\/\/shopikassa.com\/wp-content\/uploads\/2025\/04\/shopikassa-shopify-kassanaekyma-pc-tietokone-1400x788.webp\" class=\"bg attachment-large size-large\" alt=\"Shopikassa Shopify saatavilla tietokoneelle kuvassa kassa tietokoneella\" \/>                        <div class=\"overlay\"><\/div>            \n                    <\/div>\n\t\t\n        <div class=\"banner-layers container\">\n            <div class=\"fill banner-link\"><\/div>            \n\n   <div id=\"text-box-355669463\" class=\"text-box banner-layer x50 md-x50 lg-x50 y50 md-y50 lg-y50 res-text\">\n                                <div class=\"text-box-content text dark\">\n              \n              <div class=\"text-inner text-center\">\n                  \n\n<h3 class=\"uppercase\">Shopify alternative POS on Windows\/Mac PC<\/h3>\n<p>With Shopikassa, you get a Shopify alternative POS for all devices<\/p>\n\n              <\/div>\n           <\/div>\n                            \n<style>\n#text-box-355669463 {\n  width: 60%;\n}\n#text-box-355669463 .text-box-content {\n  font-size: 100%;\n}\n<\/style>\n    <\/div>\n \n\n        <\/div>\n      <\/div>\n\n            \n<style>\n#banner-647500124 {\n  padding-top: 500px;\n  background-color: rgb(255,255,255);\n}\n#banner-647500124 .overlay {\n  background-color: rgba(0, 0, 0, 0.17);\n}\n<\/style>\n  <\/div>\n\n\n\n  <div class=\"banner has-hover keskit\u00e4 kirkkaus80\" id=\"banner-1069167203\">\n          <div class=\"banner-inner fill\">\n        <div class=\"banner-bg fill\" >\n            <img decoding=\"async\" width=\"377\" height=\"671\" src=\"https:\/\/shopikassa.com\/wp-content\/uploads\/2025\/04\/shopikassa-shopify-kassanaekyma-puhelimessa-mobiilissa.webp\" class=\"bg attachment-large size-large\" alt=\"Shopikassa Shopify yhteensopiva vaihtohtoinen kassa ja korttimaksup\u00e4\u00e4te toimii kaikissa laitteissa\" \/>                        <div class=\"overlay\"><\/div>            \n                    <\/div>\n\t\t\n        <div class=\"banner-layers container\">\n            <div class=\"fill banner-link\"><\/div>            \n\n   <div id=\"text-box-799589910\" class=\"text-box banner-layer x50 md-x50 lg-x50 y50 md-y50 lg-y50 res-text\">\n                                <div class=\"text-box-content text dark\">\n              \n              <div class=\"text-inner text-center\">\n                  \n\n<h3 class=\"uppercase\">Shopikassa on the phone<\/h3>\n<p>With Shopikassa you get a Shopify POS checkout and payment terminal for all devices<\/p>\n\n              <\/div>\n           <\/div>\n                            \n<style>\n#text-box-799589910 {\n  width: 60%;\n}\n#text-box-799589910 .text-box-content {\n  font-size: 100%;\n}\n<\/style>\n    <\/div>\n \n\n        <\/div>\n      <\/div>\n\n            \n<style>\n#banner-1069167203 {\n  padding-top: 500px;\n  background-color: rgb(255,255,255);\n}\n#banner-1069167203 .overlay {\n  background-color: rgba(0, 0, 0, 0.17);\n}\n<\/style>\n  <\/div>\n\n\n\n     <\/div>\n\n     <div class=\"loading-spin dark large centered\"><\/div>\n\n\t<\/div>\n\n\n\t<div id=\"gap-907929553\" class=\"gap-element clearfix\" style=\"display:block; height:auto;\">\n\t\t\n<style>\n#gap-907929553 {\n  padding-top: 60px;\n}\n<\/style>\n\t<\/div>\n\t\n\n<div class=\"row\"  id=\"row-769136078\">\n\n\n\t<div id=\"col-48437061\" class=\"col small-12 large-12\"  >\n\t\t\t\t<div class=\"col-inner\"  >\n\t\t\t\n\t\t\t\n\n<div class=\"row\"  id=\"row-578317798\">\n\n\n\t<div id=\"col-1433283183\" class=\"col medium-5 small-12 large-5\"  >\n\t\t\t\t<div class=\"col-inner text-center\"  >\n\t\t\t\n\t\t\t\n\n\t<div class=\"img has-hover x md-x lg-x y md-y lg-y\" id=\"image_1689288990\">\n\t\t\t\t\t\t\t\t<div class=\"img-inner dark\" >\n\t\t\t<img decoding=\"async\" width=\"554\" height=\"800\" src=\"https:\/\/shopikassa.com\/wp-content\/uploads\/2025\/04\/move-3500-554x800.webp\" class=\"attachment-large size-large\" alt=\"Shopify Nets Move 3500 maksup\u00e4\u00e4te\" srcset=\"https:\/\/shopikassa.com\/wp-content\/uploads\/2025\/04\/move-3500-554x800.webp 554w, https:\/\/shopikassa.com\/wp-content\/uploads\/2025\/04\/move-3500-277x400.webp 277w, https:\/\/shopikassa.com\/wp-content\/uploads\/2025\/04\/move-3500-8x12.webp 8w, https:\/\/shopikassa.com\/wp-content\/uploads\/2025\/04\/move-3500-247x357.webp 247w, https:\/\/shopikassa.com\/wp-content\/uploads\/2025\/04\/move-3500-510x736.webp 510w, https:\/\/shopikassa.com\/wp-content\/uploads\/2025\/04\/move-3500.webp 640w\" sizes=\"(max-width: 554px) 100vw, 554px\" \/>\t\t\t\t\t\t\n\t\t\t\t\t<\/div>\n\t\t\t\t\t\t\t\t\n<style>\n#image_1689288990 {\n  width: 50%;\n}\n<\/style>\n\t<\/div>\n\t\n\n\n\t\t<\/div>\n\t\t\t\t\t<\/div>\n\n\t\n\n\t<div id=\"col-744412099\" class=\"col medium-6 small-12 large-6\"  >\n\t\t\t\t<div class=\"col-inner\"  >\n\t\t\t\n\t\t\t\n\n<div class=\"container section-title-container\" ><h3 class=\"section-title section-title-normal\"><b aria-hidden=\"true\"><\/b><span class=\"section-title-main\" >Popular and common European card payment terminals integrated<\/span><b aria-hidden=\"true\"><\/b><\/h3><\/div>\n\n<p class=\"lead\">Familiar domestic card payment terminals integrated* or separate with a commission starting at 0.39%!<\/p>\n<p>* With an integrated payment terminal, the amount goes from the POS to the payment terminal automatically, no need to type, one receipt is enough.<\/p>\n\n\t\t<\/div>\n\t\t\t\t\t<\/div>\n\n\t\n\n<\/div>\n\n\t\t<\/div>\n\t\t\t\t\t<\/div>\n\n\t\n\n<\/div>\n\n\n\t<div id=\"gap-253914055\" class=\"gap-element clearfix\" style=\"display:block; height:auto;\">\n\t\t\n<style>\n#gap-253914055 {\n  padding-top: 40px;\n}\n<\/style>\n\t<\/div>\n\t\n\n<div class=\"row row-divided\"  id=\"row-449199894\">\n\n\n\t<div id=\"col-2039390005\" class=\"col medium-4 large-4\"  >\n\t\t\t\t<div class=\"col-inner\"  >\n\t\t\t\n\t\t\t\n\n\n\t\t<div class=\"icon-box featured-box icon-box-center text-center\"  style=\"margin:0px 0px 0px 0px;\">\n\t\t\t\t\t<div class=\"icon-box-img has-icon-bg\" style=\"width: 46px\">\n\t\t\t\t<div class=\"icon\">\n\t\t\t\t\t<div class=\"icon-inner\" style=\"border-width:2px;color:rgb(182, 182, 182);\">\n\t\t\t\t\t\t\t\t\t\t\t<\/div>\n\t\t\t\t<\/div>\n\t\t\t<\/div>\n\t\t\t\t<div class=\"icon-box-text last-reset\">\n\t\t\t<h5 class=\"uppercase\">Connect Shopikassa to Shopify and it's ready to go<\/h5>\t\t\t\t\t\t\n\n<p>Shopikassa is ready when it is connected to Shopify. The data is retrieved from Shopify. The service uses the same data and the same database as your Shopify.<\/p>\n\n\t\t<\/div>\n\t<\/div>\n\t\n\t\n\n\t\t<\/div>\n\t\t\t\t\t<\/div>\n\n\t\n\n\t<div id=\"col-746837199\" class=\"col medium-4 large-4\"  >\n\t\t\t\t<div class=\"col-inner\"  >\n\t\t\t\n\t\t\t\n\n\n\t\t<div class=\"icon-box featured-box icon-box-center text-center\"  style=\"margin:0px 0px 0px 0px;\">\n\t\t\t\t\t<div class=\"icon-box-img has-icon-bg\" style=\"width: 46px\">\n\t\t\t\t<div class=\"icon\">\n\t\t\t\t\t<div class=\"icon-inner\" style=\"border-width:2px;color:rgb(182, 182, 182);\">\n\t\t\t\t\t\t\t\t\t\t\t<\/div>\n\t\t\t\t<\/div>\n\t\t\t<\/div>\n\t\t\t\t<div class=\"icon-box-text last-reset\">\n\t\t\t<h5 class=\"uppercase\">Compatible devices<\/h5>\t\t\t\t\t\t\n\n<p>All standard POS devices are compatible with Shopikassa. So you can use it on your own computer, for example the one you use to run your online store or with standard POS devices. You are no longer tied to a specific device and one tablet. Compatible operating systems include Windows, Mac, Linux, Android...<\/p>\n\n\t\t<\/div>\n\t<\/div>\n\t\n\t\n\n\t\t<\/div>\n\t\t\t\t\t<\/div>\n\n\t\n\n\t<div id=\"col-239234116\" class=\"col medium-4 large-4\"  >\n\t\t\t\t<div class=\"col-inner\"  >\n\t\t\t\n\t\t\t\n\n\n\t\t<div class=\"icon-box featured-box icon-box-center text-center\"  style=\"margin:0px 0px 0px 0px;\">\n\t\t\t\t\t<div class=\"icon-box-img has-icon-bg\" style=\"width: 46px\">\n\t\t\t\t<div class=\"icon\">\n\t\t\t\t\t<div class=\"icon-inner\" style=\"border-width:2px;color:rgb(182, 182, 182);\">\n\t\t\t\t\t\t\t\t\t\t\t<\/div>\n\t\t\t\t<\/div>\n\t\t\t<\/div>\n\t\t\t\t<div class=\"icon-box-text last-reset\">\n\t\t\t<h5 class=\"uppercase\">Pricing<\/h5>\t\t\t\t\t\t\n\n<p>Shopikassa price <strong>19,90 \u20ac\/kk.<\/strong><br>You can try the service for one month completely free of charge and without obligation. We will activate the service for you free of charge and guide you through the process.<\/p>\n<p>Good and fast support.<\/p>\n\n\t\t<\/div>\n\t<\/div>\n\t\n\t\n\n\t\t<\/div>\n\t\t\t\t\t<\/div>\n\n\t\n\n<\/div>\n\t<div id=\"gap-66137076\" class=\"gap-element clearfix\" style=\"display:block; height:auto;\">\n\t\t\n<style>\n#gap-66137076 {\n  padding-top: 40px;\n}\n<\/style>\n\t<\/div>\n\t\n\n\n\n\n\n<p><\/p>","protected":false},"excerpt":{"rendered":"","protected":false},"author":1,"featured_media":0,"parent":0,"menu_order":1,"comment_status":"closed","ping_status":"closed","template":"page-blank.php","meta":{"footnotes":""},"class_list":["post-90","page","type-page","status-publish","hentry"],"yoast_head":"<!-- This site is optimized with the Yoast SEO plugin v27.4 - https:\/\/yoast.com\/product\/yoast-seo-wordpress\/ -->\n<title>Shopikassa kassa ja korttimaksup\u00e4\u00e4te Shopifyyn - Shopikassa<\/title>\n<meta name=\"description\" content=\"Vaihtoehtoinen (parempi) kassa ja korttimaksup\u00e4\u00e4te Shopifyyn. Shopikassa ei ole sidottu tiettyihin laitteisiin ja korttimaksup\u00e4\u00e4tteisiin!\" \/>\n<meta name=\"robots\" content=\"index, follow, max-snippet:-1, max-image-preview:large, max-video-preview:-1\" \/>\n<link rel=\"canonical\" href=\"https:\/\/shopikassa.com\/en\/\" \/>\n<meta property=\"og:locale\" content=\"en_GB\" \/>\n<meta property=\"og:type\" content=\"article\" \/>\n<meta property=\"og:title\" content=\"Shopikassa - vaihtoehtoinen, parempi ja monipuolisempi kassa Shopifylle. Optimoitu myym\u00e4l\u00e4k\u00e4ytt\u00f6\u00f6n.\" \/>\n<meta property=\"og:description\" content=\"K\u00e4yt\u00e4 mill\u00e4 tahansa laitteella ja kotimaisella integroidulla korttimaksup\u00e4\u00e4tteell\u00e4.\" \/>\n<meta property=\"og:url\" content=\"https:\/\/shopikassa.com\/en\/\" \/>\n<meta property=\"og:site_name\" content=\"Shopikassa\" \/>\n<meta property=\"article:modified_time\" content=\"2025-04-17T13:06:45+00:00\" \/>\n<meta property=\"og:image\" content=\"http:\/\/shopikassa.com\/wp-content\/uploads\/2025\/04\/shopikassa-logo.webp\" \/>\n\t<meta property=\"og:image:width\" content=\"445\" \/>\n\t<meta property=\"og:image:height\" content=\"292\" \/>\n\t<meta property=\"og:image:type\" content=\"image\/webp\" \/>\n<meta name=\"twitter:card\" content=\"summary_large_image\" \/>\n<meta name=\"twitter:label1\" content=\"Estimated reading time\" \/>\n\t<meta name=\"twitter:data1\" content=\"4 minutes\" \/>\n<script type=\"application\/ld+json\" class=\"yoast-schema-graph\">{\"@context\":\"https:\\\/\\\/schema.org\",\"@graph\":[{\"@type\":\"WebPage\",\"@id\":\"https:\\\/\\\/shopikassa.com\\\/\",\"url\":\"https:\\\/\\\/shopikassa.com\\\/\",\"name\":\"Shopikassa kassa ja korttimaksup\u00e4\u00e4te Shopifyyn - Shopikassa\",\"isPartOf\":{\"@id\":\"http:\\\/\\\/shopikassa.com\\\/#website\"},\"datePublished\":\"2013-08-06T20:13:19+00:00\",\"dateModified\":\"2025-04-17T13:06:45+00:00\",\"description\":\"Vaihtoehtoinen (parempi) kassa ja korttimaksup\u00e4\u00e4te Shopifyyn. Shopikassa ei ole sidottu tiettyihin laitteisiin ja korttimaksup\u00e4\u00e4tteisiin!\",\"breadcrumb\":{\"@id\":\"https:\\\/\\\/shopikassa.com\\\/#breadcrumb\"},\"inLanguage\":\"en-GB\",\"potentialAction\":[{\"@type\":\"ReadAction\",\"target\":[\"https:\\\/\\\/shopikassa.com\\\/\"]}]},{\"@type\":\"BreadcrumbList\",\"@id\":\"https:\\\/\\\/shopikassa.com\\\/#breadcrumb\",\"itemListElement\":[{\"@type\":\"ListItem\",\"position\":1,\"name\":\"Etusivu\",\"item\":\"https:\\\/\\\/shopikassa.com\\\/\"},{\"@type\":\"ListItem\",\"position\":2,\"name\":\"Shopikassa kassa ja korttimaksup\u00e4\u00e4te Shopifyyn\"}]},{\"@type\":\"WebSite\",\"@id\":\"http:\\\/\\\/shopikassa.com\\\/#website\",\"url\":\"http:\\\/\\\/shopikassa.com\\\/\",\"name\":\"Shopikassa\",\"description\":\"Vaihtoehtoinen\\\/parempi kassa ja maksup\u00e4\u00e4te Shopifyyn\",\"publisher\":{\"@id\":\"http:\\\/\\\/shopikassa.com\\\/#organization\"},\"potentialAction\":[{\"@type\":\"SearchAction\",\"target\":{\"@type\":\"EntryPoint\",\"urlTemplate\":\"http:\\\/\\\/shopikassa.com\\\/?s={search_term_string}\"},\"query-input\":{\"@type\":\"PropertyValueSpecification\",\"valueRequired\":true,\"valueName\":\"search_term_string\"}}],\"inLanguage\":\"en-GB\"},{\"@type\":\"Organization\",\"@id\":\"http:\\\/\\\/shopikassa.com\\\/#organization\",\"name\":\"Shopikassa\",\"url\":\"http:\\\/\\\/shopikassa.com\\\/\",\"logo\":{\"@type\":\"ImageObject\",\"inLanguage\":\"en-GB\",\"@id\":\"http:\\\/\\\/shopikassa.com\\\/#\\\/schema\\\/logo\\\/image\\\/\",\"url\":\"http:\\\/\\\/shopikassa.com\\\/wp-content\\\/uploads\\\/2025\\\/04\\\/shopikassa-logo.webp\",\"contentUrl\":\"http:\\\/\\\/shopikassa.com\\\/wp-content\\\/uploads\\\/2025\\\/04\\\/shopikassa-logo.webp\",\"width\":445,\"height\":292,\"caption\":\"Shopikassa\"},\"image\":{\"@id\":\"http:\\\/\\\/shopikassa.com\\\/#\\\/schema\\\/logo\\\/image\\\/\"}}]}<\/script>\n<!-- \/ Yoast SEO plugin. -->","yoast_head_json":{"title":"Shopikassa - an alternative, better and versatile POS and card payment terminal for Shopify on all devices, Windows, Mac, Linux and Android computers and devices.","description":"Shopikassa alternative better POS and card payment terminal for Shopify. Use on any device, Windows, Mac, Linux, iOS, Android.","robots":{"index":"index","follow":"follow","max-snippet":"max-snippet:-1","max-image-preview":"max-image-preview:large","max-video-preview":"max-video-preview:-1"},"canonical":"https:\/\/shopikassa.com\/en\/","og_locale":"en_GB","og_type":"article","og_title":"Shopikassa - vaihtoehtoinen, parempi ja monipuolisempi kassa Shopifylle. Optimoitu myym\u00e4l\u00e4k\u00e4ytt\u00f6\u00f6n.","og_description":"K\u00e4yt\u00e4 mill\u00e4 tahansa laitteella ja kotimaisella integroidulla korttimaksup\u00e4\u00e4tteell\u00e4.","og_url":"https:\/\/shopikassa.com\/en\/","og_site_name":"Shopikassa","article_modified_time":"2025-04-17T13:06:45+00:00","og_image":[{"width":445,"height":292,"url":"http:\/\/shopikassa.com\/wp-content\/uploads\/2025\/04\/shopikassa-logo.webp","type":"image\/webp"}],"twitter_card":"summary_large_image","twitter_misc":{"Estimated reading time":"4 minutes"},"schema":{"@context":"https:\/\/schema.org","@graph":[{"@type":"WebPage","@id":"https:\/\/shopikassa.com\/","url":"https:\/\/shopikassa.com\/","name":"Shopikassa - an alternative, better and versatile POS and card payment terminal for Shopify on all devices, Windows, Mac, Linux and Android computers and devices.","isPartOf":{"@id":"http:\/\/shopikassa.com\/#website"},"datePublished":"2013-08-06T20:13:19+00:00","dateModified":"2025-04-17T13:06:45+00:00","description":"Shopikassa alternative better POS and card payment terminal for Shopify. Use on any device, Windows, Mac, Linux, iOS, Android.","breadcrumb":{"@id":"https:\/\/shopikassa.com\/#breadcrumb"},"inLanguage":"en-GB","potentialAction":[{"@type":"ReadAction","target":["https:\/\/shopikassa.com\/"]}]},{"@type":"BreadcrumbList","@id":"https:\/\/shopikassa.com\/#breadcrumb","itemListElement":[{"@type":"ListItem","position":1,"name":"Etusivu","item":"https:\/\/shopikassa.com\/"},{"@type":"ListItem","position":2,"name":"Shopikassa kassa ja korttimaksup\u00e4\u00e4te Shopifyyn"}]},{"@type":"WebSite","@id":"http:\/\/shopikassa.com\/#website","url":"http:\/\/shopikassa.com\/","name":"Shopikassa","description":"Vaihtoehtoinen\/parempi kassa ja maksup\u00e4\u00e4te Shopifyyn","publisher":{"@id":"http:\/\/shopikassa.com\/#organization"},"potentialAction":[{"@type":"SearchAction","target":{"@type":"EntryPoint","urlTemplate":"http:\/\/shopikassa.com\/?s={search_term_string}"},"query-input":{"@type":"PropertyValueSpecification","valueRequired":true,"valueName":"search_term_string"}}],"inLanguage":"en-GB"},{"@type":"Organization","@id":"http:\/\/shopikassa.com\/#organization","name":"Shopikassa","url":"http:\/\/shopikassa.com\/","logo":{"@type":"ImageObject","inLanguage":"en-GB","@id":"http:\/\/shopikassa.com\/#\/schema\/logo\/image\/","url":"http:\/\/shopikassa.com\/wp-content\/uploads\/2025\/04\/shopikassa-logo.webp","contentUrl":"http:\/\/shopikassa.com\/wp-content\/uploads\/2025\/04\/shopikassa-logo.webp","width":445,"height":292,"caption":"Shopikassa"},"image":{"@id":"http:\/\/shopikassa.com\/#\/schema\/logo\/image\/"}}]}},"_links":{"self":[{"href":"https:\/\/shopikassa.com\/en\/wp-json\/wp\/v2\/pages\/90","targetHints":{"allow":["GET"]}}],"collection":[{"href":"https:\/\/shopikassa.com\/en\/wp-json\/wp\/v2\/pages"}],"about":[{"href":"https:\/\/shopikassa.com\/en\/wp-json\/wp\/v2\/types\/page"}],"author":[{"embeddable":true,"href":"https:\/\/shopikassa.com\/en\/wp-json\/wp\/v2\/users\/1"}],"replies":[{"embeddable":true,"href":"https:\/\/shopikassa.com\/en\/wp-json\/wp\/v2\/comments?post=90"}],"version-history":[{"count":57,"href":"https:\/\/shopikassa.com\/en\/wp-json\/wp\/v2\/pages\/90\/revisions"}],"predecessor-version":[{"id":674,"href":"https:\/\/shopikassa.com\/en\/wp-json\/wp\/v2\/pages\/90\/revisions\/674"}],"wp:attachment":[{"href":"https:\/\/shopikassa.com\/en\/wp-json\/wp\/v2\/media?parent=90"}],"curies":[{"name":"wp","href":"https:\/\/api.w.org\/{rel}","templated":true}]}}