{"id":533,"date":"2025-04-17T13:08:24","date_gmt":"2025-04-17T10:08:24","guid":{"rendered":"https:\/\/shopikassa.com\/?post_type=product&#038;p=533"},"modified":"2025-04-17T13:09:05","modified_gmt":"2025-04-17T10:09:05","slug":"kassalaatikko-kassalipas-35-e-kk","status":"publish","type":"product","link":"https:\/\/shopikassa.com\/en\/product\/kassalaatikko-kassalipas-35-e-kk\/","title":{"rendered":"Kassalaatikko\/Kassalipas 3,5 \u20ac\/kk"},"content":{"rendered":"<p>Kest\u00e4v\u00e4 kassalaatikko eli kassalipas kompaktissa koossa. Kahdeksan lokeroa kolikoille ja nelj\u00e4 seteleille. Lukittavissa avaimella.Liitett\u00e4viss\u00e4 kuittitulostimeen.<\/p>\n<p>Mitat: 330 x 330 x 101 mm<\/p>\n<p>Paino: 5.2 kg<\/p>\n<p>Liitett\u00e4viss\u00e4 <a href=\"https:\/\/shopikassa.com\/en\/product\/kuittikirjoitin\/\">kuittikirjoittimeen<\/a> jolloin kassalaatikko aukeaa automaattisesti aina kuitin tulostuksen yhteydess\u00e4.<\/p>\n<p>Saatavilla <a href=\"https:\/\/shopikassa.com\/en\/product\/kassalaatikon-teline\/\">teline<\/a> jonka avulla kassalaatikon voi kiinnitt\u00e4\u00e4 p\u00f6yd\u00e4n alle.<\/p>\n<p>Leasing 36 kk<\/p>","protected":false},"excerpt":{"rendered":"<p>Kest\u00e4v\u00e4 kassalaatikko kompaktissa koossa. Kahdeksan lokeroa kolikoille ja nelj\u00e4 seteleille. Lukittavissa avaimella.Liitett\u00e4viss\u00e4 kuittitulostimeen.<\/p>\n<p>Mitat: 330 x 330 x 101 mm<\/p>\n<p>Paino: 5.2 kg<\/p>\n<p>Liitett\u00e4viss\u00e4 <a href=\"https:\/\/shopikassa.com\/en\/product\/kuittikirjoitin\/\">kuittikirjoittimeen<\/a> jolloin kassalaatikko aukeaa automaattisesti aina kuitin tulostuksen yhteydess\u00e4.<\/p>\n<p>Saatavilla <a href=\"https:\/\/shopikassa.com\/en\/product\/kassalaatikon-teline\/\">teline<\/a> jonka avulla kassalaatikon voi kiinnitt\u00e4\u00e4 p\u00f6yd\u00e4n alle.<\/p>\n<p>Leasing 36 kk<\/p>","protected":false},"featured_media":571,"template":"","meta":[],"product_brand":[],"product_cat":[24],"product_tag":[32,33],"class_list":{"0":"post-533","1":"product","2":"type-product","3":"status-publish","4":"has-post-thumbnail","6":"product_cat-kassalaitteet","7":"product_tag-kassalaatikko","8":"product_tag-kassalipas","9":"product_shipping_class-yleinen","11":"first","12":"instock","13":"featured","14":"taxable","15":"shipping-taxable","16":"purchasable","17":"product-type-simple"},"yoast_head":"<!-- This site is optimized with the Yoast SEO plugin v27.4 - https:\/\/yoast.com\/product\/yoast-seo-wordpress\/ -->\n<title>Kassalaatikko\/Kassalipas 3,5 \u20ac\/kk - Shopikassa<\/title>\n<meta name=\"robots\" content=\"index, follow, max-snippet:-1, max-image-preview:large, max-video-preview:-1\" \/>\n<link rel=\"canonical\" href=\"http:\/\/shopikassa.com\/en\/product\/kassalaatikko-kassalipas-35-e-kk\/\" \/>\n<meta property=\"og:locale\" content=\"en_GB\" \/>\n<meta property=\"og:type\" content=\"article\" \/>\n<meta property=\"og:title\" content=\"Kassalaatikko\/Kassalipas 3,5 \u20ac\/kk - Shopikassa\" \/>\n<meta property=\"og:description\" content=\"Kest\u00e4v\u00e4 kassalaatikko kompaktissa koossa. Kahdeksan lokeroa kolikoille ja nelj\u00e4 seteleille. Lukittavissa avaimella.Liitett\u00e4viss\u00e4 kuittitulostimeen.  Mitat: 330 x 330 x 101 mm  Paino: 5.2 kg  Liitett\u00e4viss\u00e4 kuittikirjoittimeen jolloin kassalaatikko aukeaa automaattisesti aina kuitin tulostuksen yhteydess\u00e4.  Saatavilla teline jonka avulla kassalaatikon voi kiinnitt\u00e4\u00e4 p\u00f6yd\u00e4n alle.  Leasing 36 kk\" \/>\n<meta property=\"og:url\" content=\"http:\/\/shopikassa.com\/en\/product\/kassalaatikko-kassalipas-35-e-kk\/\" \/>\n<meta property=\"og:site_name\" content=\"Shopikassa\" \/>\n<meta property=\"article:modified_time\" content=\"2025-04-17T10:09:05+00:00\" \/>\n<meta property=\"og:image\" content=\"http:\/\/shopikassa.com\/wp-content\/uploads\/2025\/04\/NS-BOX-kassalaatikko-kassalipas.jpg\" \/>\n\t<meta property=\"og:image:width\" content=\"300\" \/>\n\t<meta property=\"og:image:height\" content=\"300\" \/>\n\t<meta property=\"og:image:type\" content=\"image\/jpeg\" \/>\n<meta name=\"twitter:card\" content=\"summary_large_image\" \/>\n<script type=\"application\/ld+json\" class=\"yoast-schema-graph\">{\"@context\":\"https:\\\/\\\/schema.org\",\"@graph\":[{\"@type\":\"WebPage\",\"@id\":\"http:\\\/\\\/shopikassa.com\\\/en\\\/product\\\/kassalaatikko-kassalipas-35-e-kk\\\/\",\"url\":\"http:\\\/\\\/shopikassa.com\\\/en\\\/product\\\/kassalaatikko-kassalipas-35-e-kk\\\/\",\"name\":\"Kassalaatikko\\\/Kassalipas 3,5 \u20ac\\\/kk - Shopikassa\",\"isPartOf\":{\"@id\":\"http:\\\/\\\/shopikassa.com\\\/#website\"},\"primaryImageOfPage\":{\"@id\":\"http:\\\/\\\/shopikassa.com\\\/en\\\/product\\\/kassalaatikko-kassalipas-35-e-kk\\\/#primaryimage\"},\"image\":{\"@id\":\"http:\\\/\\\/shopikassa.com\\\/en\\\/product\\\/kassalaatikko-kassalipas-35-e-kk\\\/#primaryimage\"},\"thumbnailUrl\":\"https:\\\/\\\/shopikassa.com\\\/wp-content\\\/uploads\\\/2025\\\/04\\\/NS-BOX-kassalaatikko-kassalipas.jpg\",\"datePublished\":\"2025-04-17T10:08:24+00:00\",\"dateModified\":\"2025-04-17T10:09:05+00:00\",\"breadcrumb\":{\"@id\":\"http:\\\/\\\/shopikassa.com\\\/en\\\/product\\\/kassalaatikko-kassalipas-35-e-kk\\\/#breadcrumb\"},\"inLanguage\":\"en-GB\",\"potentialAction\":[{\"@type\":\"ReadAction\",\"target\":[\"http:\\\/\\\/shopikassa.com\\\/en\\\/product\\\/kassalaatikko-kassalipas-35-e-kk\\\/\"]}]},{\"@type\":\"ImageObject\",\"inLanguage\":\"en-GB\",\"@id\":\"http:\\\/\\\/shopikassa.com\\\/en\\\/product\\\/kassalaatikko-kassalipas-35-e-kk\\\/#primaryimage\",\"url\":\"https:\\\/\\\/shopikassa.com\\\/wp-content\\\/uploads\\\/2025\\\/04\\\/NS-BOX-kassalaatikko-kassalipas.jpg\",\"contentUrl\":\"https:\\\/\\\/shopikassa.com\\\/wp-content\\\/uploads\\\/2025\\\/04\\\/NS-BOX-kassalaatikko-kassalipas.jpg\",\"width\":300,\"height\":300},{\"@type\":\"BreadcrumbList\",\"@id\":\"http:\\\/\\\/shopikassa.com\\\/en\\\/product\\\/kassalaatikko-kassalipas-35-e-kk\\\/#breadcrumb\",\"itemListElement\":[{\"@type\":\"ListItem\",\"position\":1,\"name\":\"Etusivu\",\"item\":\"https:\\\/\\\/shopikassa.com\\\/\"},{\"@type\":\"ListItem\",\"position\":2,\"name\":\"Kauppa\",\"item\":\"https:\\\/\\\/shopikassa.com\\\/kauppa\\\/\"},{\"@type\":\"ListItem\",\"position\":3,\"name\":\"Kassalaatikko\\\/Kassalipas 3,5 \u20ac\\\/kk\"}]},{\"@type\":\"WebSite\",\"@id\":\"http:\\\/\\\/shopikassa.com\\\/#website\",\"url\":\"http:\\\/\\\/shopikassa.com\\\/\",\"name\":\"Shopikassa\",\"description\":\"Vaihtoehtoinen\\\/parempi kassa ja maksup\u00e4\u00e4te Shopifyyn\",\"publisher\":{\"@id\":\"http:\\\/\\\/shopikassa.com\\\/#organization\"},\"potentialAction\":[{\"@type\":\"SearchAction\",\"target\":{\"@type\":\"EntryPoint\",\"urlTemplate\":\"http:\\\/\\\/shopikassa.com\\\/?s={search_term_string}\"},\"query-input\":{\"@type\":\"PropertyValueSpecification\",\"valueRequired\":true,\"valueName\":\"search_term_string\"}}],\"inLanguage\":\"en-GB\"},{\"@type\":\"Organization\",\"@id\":\"http:\\\/\\\/shopikassa.com\\\/#organization\",\"name\":\"Shopikassa\",\"url\":\"http:\\\/\\\/shopikassa.com\\\/\",\"logo\":{\"@type\":\"ImageObject\",\"inLanguage\":\"en-GB\",\"@id\":\"http:\\\/\\\/shopikassa.com\\\/#\\\/schema\\\/logo\\\/image\\\/\",\"url\":\"http:\\\/\\\/shopikassa.com\\\/wp-content\\\/uploads\\\/2025\\\/04\\\/shopikassa-logo.webp\",\"contentUrl\":\"http:\\\/\\\/shopikassa.com\\\/wp-content\\\/uploads\\\/2025\\\/04\\\/shopikassa-logo.webp\",\"width\":445,\"height\":292,\"caption\":\"Shopikassa\"},\"image\":{\"@id\":\"http:\\\/\\\/shopikassa.com\\\/#\\\/schema\\\/logo\\\/image\\\/\"}}]}<\/script>\n<!-- \/ Yoast SEO plugin. -->","yoast_head_json":{"title":"Kassalaatikko\/Kassalipas 3,5 \u20ac\/kk - Shopikassa","robots":{"index":"index","follow":"follow","max-snippet":"max-snippet:-1","max-image-preview":"max-image-preview:large","max-video-preview":"max-video-preview:-1"},"canonical":"http:\/\/shopikassa.com\/en\/product\/kassalaatikko-kassalipas-35-e-kk\/","og_locale":"en_GB","og_type":"article","og_title":"Kassalaatikko\/Kassalipas 3,5 \u20ac\/kk - Shopikassa","og_description":"Kest\u00e4v\u00e4 kassalaatikko kompaktissa koossa. Kahdeksan lokeroa kolikoille ja nelj\u00e4 seteleille. Lukittavissa avaimella.Liitett\u00e4viss\u00e4 kuittitulostimeen.  Mitat: 330 x 330 x 101 mm  Paino: 5.2 kg  Liitett\u00e4viss\u00e4 kuittikirjoittimeen jolloin kassalaatikko aukeaa automaattisesti aina kuitin tulostuksen yhteydess\u00e4.  Saatavilla teline jonka avulla kassalaatikon voi kiinnitt\u00e4\u00e4 p\u00f6yd\u00e4n alle.  Leasing 36 kk","og_url":"http:\/\/shopikassa.com\/en\/product\/kassalaatikko-kassalipas-35-e-kk\/","og_site_name":"Shopikassa","article_modified_time":"2025-04-17T10:09:05+00:00","og_image":[{"width":300,"height":300,"url":"http:\/\/shopikassa.com\/wp-content\/uploads\/2025\/04\/NS-BOX-kassalaatikko-kassalipas.jpg","type":"image\/jpeg"}],"twitter_card":"summary_large_image","schema":{"@context":"https:\/\/schema.org","@graph":[{"@type":"WebPage","@id":"http:\/\/shopikassa.com\/en\/product\/kassalaatikko-kassalipas-35-e-kk\/","url":"http:\/\/shopikassa.com\/en\/product\/kassalaatikko-kassalipas-35-e-kk\/","name":"Kassalaatikko\/Kassalipas 3,5 \u20ac\/kk - Shopikassa","isPartOf":{"@id":"http:\/\/shopikassa.com\/#website"},"primaryImageOfPage":{"@id":"http:\/\/shopikassa.com\/en\/product\/kassalaatikko-kassalipas-35-e-kk\/#primaryimage"},"image":{"@id":"http:\/\/shopikassa.com\/en\/product\/kassalaatikko-kassalipas-35-e-kk\/#primaryimage"},"thumbnailUrl":"https:\/\/shopikassa.com\/wp-content\/uploads\/2025\/04\/NS-BOX-kassalaatikko-kassalipas.jpg","datePublished":"2025-04-17T10:08:24+00:00","dateModified":"2025-04-17T10:09:05+00:00","breadcrumb":{"@id":"http:\/\/shopikassa.com\/en\/product\/kassalaatikko-kassalipas-35-e-kk\/#breadcrumb"},"inLanguage":"en-GB","potentialAction":[{"@type":"ReadAction","target":["http:\/\/shopikassa.com\/en\/product\/kassalaatikko-kassalipas-35-e-kk\/"]}]},{"@type":"ImageObject","inLanguage":"en-GB","@id":"http:\/\/shopikassa.com\/en\/product\/kassalaatikko-kassalipas-35-e-kk\/#primaryimage","url":"https:\/\/shopikassa.com\/wp-content\/uploads\/2025\/04\/NS-BOX-kassalaatikko-kassalipas.jpg","contentUrl":"https:\/\/shopikassa.com\/wp-content\/uploads\/2025\/04\/NS-BOX-kassalaatikko-kassalipas.jpg","width":300,"height":300},{"@type":"BreadcrumbList","@id":"http:\/\/shopikassa.com\/en\/product\/kassalaatikko-kassalipas-35-e-kk\/#breadcrumb","itemListElement":[{"@type":"ListItem","position":1,"name":"Etusivu","item":"https:\/\/shopikassa.com\/"},{"@type":"ListItem","position":2,"name":"Kauppa","item":"https:\/\/shopikassa.com\/kauppa\/"},{"@type":"ListItem","position":3,"name":"Kassalaatikko\/Kassalipas 3,5 \u20ac\/kk"}]},{"@type":"WebSite","@id":"http:\/\/shopikassa.com\/#website","url":"http:\/\/shopikassa.com\/","name":"Shopikassa","description":"Vaihtoehtoinen\/parempi kassa ja maksup\u00e4\u00e4te Shopifyyn","publisher":{"@id":"http:\/\/shopikassa.com\/#organization"},"potentialAction":[{"@type":"SearchAction","target":{"@type":"EntryPoint","urlTemplate":"http:\/\/shopikassa.com\/?s={search_term_string}"},"query-input":{"@type":"PropertyValueSpecification","valueRequired":true,"valueName":"search_term_string"}}],"inLanguage":"en-GB"},{"@type":"Organization","@id":"http:\/\/shopikassa.com\/#organization","name":"Shopikassa","url":"http:\/\/shopikassa.com\/","logo":{"@type":"ImageObject","inLanguage":"en-GB","@id":"http:\/\/shopikassa.com\/#\/schema\/logo\/image\/","url":"http:\/\/shopikassa.com\/wp-content\/uploads\/2025\/04\/shopikassa-logo.webp","contentUrl":"http:\/\/shopikassa.com\/wp-content\/uploads\/2025\/04\/shopikassa-logo.webp","width":445,"height":292,"caption":"Shopikassa"},"image":{"@id":"http:\/\/shopikassa.com\/#\/schema\/logo\/image\/"}}]}},"_links":{"self":[{"href":"https:\/\/shopikassa.com\/en\/wp-json\/wp\/v2\/product\/533","targetHints":{"allow":["GET"]}}],"collection":[{"href":"https:\/\/shopikassa.com\/en\/wp-json\/wp\/v2\/product"}],"about":[{"href":"https:\/\/shopikassa.com\/en\/wp-json\/wp\/v2\/types\/product"}],"wp:featuredmedia":[{"embeddable":true,"href":"https:\/\/shopikassa.com\/en\/wp-json\/wp\/v2\/media\/571"}],"wp:attachment":[{"href":"https:\/\/shopikassa.com\/en\/wp-json\/wp\/v2\/media?parent=533"}],"wp:term":[{"taxonomy":"product_brand","embeddable":true,"href":"https:\/\/shopikassa.com\/en\/wp-json\/wp\/v2\/product_brand?post=533"},{"taxonomy":"product_cat","embeddable":true,"href":"https:\/\/shopikassa.com\/en\/wp-json\/wp\/v2\/product_cat?post=533"},{"taxonomy":"product_tag","embeddable":true,"href":"https:\/\/shopikassa.com\/en\/wp-json\/wp\/v2\/product_tag?post=533"}],"curies":[{"name":"wp","href":"https:\/\/api.w.org\/{rel}","templated":true}]}}