{"id":534,"date":"2025-04-17T13:08:25","date_gmt":"2025-04-17T10:08:25","guid":{"rendered":"https:\/\/shopikassa.com\/?post_type=product&#038;p=534"},"modified":"2025-04-17T13:09:01","modified_gmt":"2025-04-17T10:09:01","slug":"keittiokirjoitin-kuittikirjoitin","status":"publish","type":"product","link":"https:\/\/shopikassa.com\/en\/product\/keittiokirjoitin-kuittikirjoitin\/","title":{"rendered":"Keitti\u00f6kirjoitin \/ kuittikirjoitin"},"content":{"rendered":"<p>Keitti\u00f6kirjoittimella voit tulostaa tilauksen heti keitti\u00f6\u00f6n. Voit valita e-kassassa, mitk\u00e4 tuotteet tulostetaan keitti\u00f6\u00f6n. Tilaukselle voi lis\u00e4t\u00e4 kommenttina toiveet, kuten pihvin kypsyys ja mahdolliset erikoistoiveet kuten allergiat tai muutokset annokseen.<\/p>\n<p>Shopikassaa voi k\u00e4ytt\u00e4\u00e4 langattomasti esim. tabletilla tai puhelimella, tarjoilija voi l\u00e4hett\u00e4\u00e4 tilauksen keitti\u00f6\u00f6n heti p\u00f6yd\u00e4st\u00e4 ja siirty\u00e4 seuraavaan p\u00f6yt\u00e4\u00e4n.<\/p>\n<p>Kuittikirjoitin k\u00e4ytt\u00e4\u00e4 80 mm leve\u00e4\u00e4 kuittipaperia. Sopii erityisesti keitti\u00f6kirjoittimeksi, mutta my\u00f6s myyntipisteen kuittikirjoittimeksi.<\/p>\n<p>Leasing 36 kk.<\/p>","protected":false},"excerpt":{"rendered":"<p>Nopea ja toimintavarma kuittikirjoitin riittoisilla kuittirullilla. Leikkaa kuitin automaattisesti tulostuksen lopuksi.<\/p>\n<p>Kuittirullan leveys: 80 mm<\/p>\n<p>Liit\u00e4nt\u00e4: Ethernet tai USB (keitti\u00f6kirjoitin aina ethernet)<\/p>\n<p>Leasing 36 kk.<\/p>","protected":false},"featured_media":581,"template":"","meta":[],"product_brand":[],"product_cat":[24,25],"product_tag":[48,49,29,40,42],"class_list":{"0":"post-534","1":"product","2":"type-product","3":"status-publish","4":"has-post-thumbnail","6":"product_cat-kassalaitteet","7":"product_cat-kuittikirjoittimet","8":"product_tag-bongi","9":"product_tag-keittiokirjoitin","10":"product_tag-kuittikirjoitin","11":"product_tag-kuukausimaksu","12":"product_tag-leasing","13":"product_shipping_class-yleinen","15":"first","16":"instock","17":"featured","18":"taxable","19":"shipping-taxable","20":"purchasable","21":"product-type-simple"},"yoast_head":"<!-- This site is optimized with the Yoast SEO plugin v27.4 - https:\/\/yoast.com\/product\/yoast-seo-wordpress\/ -->\n<title>Keitti\u00f6kirjoitin \/ kuittikirjoitin - Shopikassa<\/title>\n<meta name=\"robots\" content=\"index, follow, max-snippet:-1, max-image-preview:large, max-video-preview:-1\" \/>\n<link rel=\"canonical\" href=\"http:\/\/shopikassa.com\/en\/product\/keittiokirjoitin-kuittikirjoitin\/\" \/>\n<meta property=\"og:locale\" content=\"en_GB\" \/>\n<meta property=\"og:type\" content=\"article\" \/>\n<meta property=\"og:title\" content=\"Keitti\u00f6kirjoitin \/ kuittikirjoitin - Shopikassa\" \/>\n<meta property=\"og:description\" content=\"Nopea ja toimintavarma kuittikirjoitin riittoisilla kuittirullilla. Leikkaa kuitin automaattisesti tulostuksen lopuksi.  Kuittirullan leveys: 80 mm  Liit\u00e4nt\u00e4: Ethernet tai USB (keitti\u00f6kirjoitin aina ethernet)  Leasing 36 kk.\" \/>\n<meta property=\"og:url\" content=\"http:\/\/shopikassa.com\/en\/product\/keittiokirjoitin-kuittikirjoitin\/\" \/>\n<meta property=\"og:site_name\" content=\"Shopikassa\" \/>\n<meta property=\"article:modified_time\" content=\"2025-04-17T10:09:01+00:00\" \/>\n<meta property=\"og:image\" content=\"http:\/\/shopikassa.com\/wp-content\/uploads\/2025\/04\/NS-20_Keittiokirjoitin-1.png\" \/>\n\t<meta property=\"og:image:width\" content=\"260\" \/>\n\t<meta property=\"og:image:height\" content=\"260\" \/>\n\t<meta property=\"og:image:type\" content=\"image\/png\" \/>\n<meta name=\"twitter:card\" content=\"summary_large_image\" \/>\n<script type=\"application\/ld+json\" class=\"yoast-schema-graph\">{\"@context\":\"https:\\\/\\\/schema.org\",\"@graph\":[{\"@type\":\"WebPage\",\"@id\":\"http:\\\/\\\/shopikassa.com\\\/en\\\/product\\\/keittiokirjoitin-kuittikirjoitin\\\/\",\"url\":\"http:\\\/\\\/shopikassa.com\\\/en\\\/product\\\/keittiokirjoitin-kuittikirjoitin\\\/\",\"name\":\"Keitti\u00f6kirjoitin \\\/ kuittikirjoitin - Shopikassa\",\"isPartOf\":{\"@id\":\"http:\\\/\\\/shopikassa.com\\\/#website\"},\"primaryImageOfPage\":{\"@id\":\"http:\\\/\\\/shopikassa.com\\\/en\\\/product\\\/keittiokirjoitin-kuittikirjoitin\\\/#primaryimage\"},\"image\":{\"@id\":\"http:\\\/\\\/shopikassa.com\\\/en\\\/product\\\/keittiokirjoitin-kuittikirjoitin\\\/#primaryimage\"},\"thumbnailUrl\":\"https:\\\/\\\/shopikassa.com\\\/wp-content\\\/uploads\\\/2025\\\/04\\\/NS-20_Keittiokirjoitin-1.png\",\"datePublished\":\"2025-04-17T10:08:25+00:00\",\"dateModified\":\"2025-04-17T10:09:01+00:00\",\"breadcrumb\":{\"@id\":\"http:\\\/\\\/shopikassa.com\\\/en\\\/product\\\/keittiokirjoitin-kuittikirjoitin\\\/#breadcrumb\"},\"inLanguage\":\"en-GB\",\"potentialAction\":[{\"@type\":\"ReadAction\",\"target\":[\"http:\\\/\\\/shopikassa.com\\\/en\\\/product\\\/keittiokirjoitin-kuittikirjoitin\\\/\"]}]},{\"@type\":\"ImageObject\",\"inLanguage\":\"en-GB\",\"@id\":\"http:\\\/\\\/shopikassa.com\\\/en\\\/product\\\/keittiokirjoitin-kuittikirjoitin\\\/#primaryimage\",\"url\":\"https:\\\/\\\/shopikassa.com\\\/wp-content\\\/uploads\\\/2025\\\/04\\\/NS-20_Keittiokirjoitin-1.png\",\"contentUrl\":\"https:\\\/\\\/shopikassa.com\\\/wp-content\\\/uploads\\\/2025\\\/04\\\/NS-20_Keittiokirjoitin-1.png\",\"width\":260,\"height\":260,\"caption\":\"Shopikassa kuittikirjoitin kuitin tulostus\"},{\"@type\":\"BreadcrumbList\",\"@id\":\"http:\\\/\\\/shopikassa.com\\\/en\\\/product\\\/keittiokirjoitin-kuittikirjoitin\\\/#breadcrumb\",\"itemListElement\":[{\"@type\":\"ListItem\",\"position\":1,\"name\":\"Etusivu\",\"item\":\"https:\\\/\\\/shopikassa.com\\\/\"},{\"@type\":\"ListItem\",\"position\":2,\"name\":\"Kauppa\",\"item\":\"https:\\\/\\\/shopikassa.com\\\/kauppa\\\/\"},{\"@type\":\"ListItem\",\"position\":3,\"name\":\"Keitti\u00f6kirjoitin \\\/ kuittikirjoitin\"}]},{\"@type\":\"WebSite\",\"@id\":\"http:\\\/\\\/shopikassa.com\\\/#website\",\"url\":\"http:\\\/\\\/shopikassa.com\\\/\",\"name\":\"Shopikassa\",\"description\":\"Vaihtoehtoinen\\\/parempi kassa ja maksup\u00e4\u00e4te Shopifyyn\",\"publisher\":{\"@id\":\"http:\\\/\\\/shopikassa.com\\\/#organization\"},\"potentialAction\":[{\"@type\":\"SearchAction\",\"target\":{\"@type\":\"EntryPoint\",\"urlTemplate\":\"http:\\\/\\\/shopikassa.com\\\/?s={search_term_string}\"},\"query-input\":{\"@type\":\"PropertyValueSpecification\",\"valueRequired\":true,\"valueName\":\"search_term_string\"}}],\"inLanguage\":\"en-GB\"},{\"@type\":\"Organization\",\"@id\":\"http:\\\/\\\/shopikassa.com\\\/#organization\",\"name\":\"Shopikassa\",\"url\":\"http:\\\/\\\/shopikassa.com\\\/\",\"logo\":{\"@type\":\"ImageObject\",\"inLanguage\":\"en-GB\",\"@id\":\"http:\\\/\\\/shopikassa.com\\\/#\\\/schema\\\/logo\\\/image\\\/\",\"url\":\"http:\\\/\\\/shopikassa.com\\\/wp-content\\\/uploads\\\/2025\\\/04\\\/shopikassa-logo.webp\",\"contentUrl\":\"http:\\\/\\\/shopikassa.com\\\/wp-content\\\/uploads\\\/2025\\\/04\\\/shopikassa-logo.webp\",\"width\":445,\"height\":292,\"caption\":\"Shopikassa\"},\"image\":{\"@id\":\"http:\\\/\\\/shopikassa.com\\\/#\\\/schema\\\/logo\\\/image\\\/\"}}]}<\/script>\n<!-- \/ Yoast SEO plugin. -->","yoast_head_json":{"title":"Keitti\u00f6kirjoitin \/ kuittikirjoitin - Shopikassa","robots":{"index":"index","follow":"follow","max-snippet":"max-snippet:-1","max-image-preview":"max-image-preview:large","max-video-preview":"max-video-preview:-1"},"canonical":"http:\/\/shopikassa.com\/en\/product\/keittiokirjoitin-kuittikirjoitin\/","og_locale":"en_GB","og_type":"article","og_title":"Keitti\u00f6kirjoitin \/ kuittikirjoitin - Shopikassa","og_description":"Nopea ja toimintavarma kuittikirjoitin riittoisilla kuittirullilla. Leikkaa kuitin automaattisesti tulostuksen lopuksi.  Kuittirullan leveys: 80 mm  Liit\u00e4nt\u00e4: Ethernet tai USB (keitti\u00f6kirjoitin aina ethernet)  Leasing 36 kk.","og_url":"http:\/\/shopikassa.com\/en\/product\/keittiokirjoitin-kuittikirjoitin\/","og_site_name":"Shopikassa","article_modified_time":"2025-04-17T10:09:01+00:00","og_image":[{"width":260,"height":260,"url":"http:\/\/shopikassa.com\/wp-content\/uploads\/2025\/04\/NS-20_Keittiokirjoitin-1.png","type":"image\/png"}],"twitter_card":"summary_large_image","schema":{"@context":"https:\/\/schema.org","@graph":[{"@type":"WebPage","@id":"http:\/\/shopikassa.com\/en\/product\/keittiokirjoitin-kuittikirjoitin\/","url":"http:\/\/shopikassa.com\/en\/product\/keittiokirjoitin-kuittikirjoitin\/","name":"Keitti\u00f6kirjoitin \/ kuittikirjoitin - Shopikassa","isPartOf":{"@id":"http:\/\/shopikassa.com\/#website"},"primaryImageOfPage":{"@id":"http:\/\/shopikassa.com\/en\/product\/keittiokirjoitin-kuittikirjoitin\/#primaryimage"},"image":{"@id":"http:\/\/shopikassa.com\/en\/product\/keittiokirjoitin-kuittikirjoitin\/#primaryimage"},"thumbnailUrl":"https:\/\/shopikassa.com\/wp-content\/uploads\/2025\/04\/NS-20_Keittiokirjoitin-1.png","datePublished":"2025-04-17T10:08:25+00:00","dateModified":"2025-04-17T10:09:01+00:00","breadcrumb":{"@id":"http:\/\/shopikassa.com\/en\/product\/keittiokirjoitin-kuittikirjoitin\/#breadcrumb"},"inLanguage":"en-GB","potentialAction":[{"@type":"ReadAction","target":["http:\/\/shopikassa.com\/en\/product\/keittiokirjoitin-kuittikirjoitin\/"]}]},{"@type":"ImageObject","inLanguage":"en-GB","@id":"http:\/\/shopikassa.com\/en\/product\/keittiokirjoitin-kuittikirjoitin\/#primaryimage","url":"https:\/\/shopikassa.com\/wp-content\/uploads\/2025\/04\/NS-20_Keittiokirjoitin-1.png","contentUrl":"https:\/\/shopikassa.com\/wp-content\/uploads\/2025\/04\/NS-20_Keittiokirjoitin-1.png","width":260,"height":260,"caption":"Shopikassa kuittikirjoitin kuitin tulostus"},{"@type":"BreadcrumbList","@id":"http:\/\/shopikassa.com\/en\/product\/keittiokirjoitin-kuittikirjoitin\/#breadcrumb","itemListElement":[{"@type":"ListItem","position":1,"name":"Etusivu","item":"https:\/\/shopikassa.com\/"},{"@type":"ListItem","position":2,"name":"Kauppa","item":"https:\/\/shopikassa.com\/kauppa\/"},{"@type":"ListItem","position":3,"name":"Keitti\u00f6kirjoitin \/ kuittikirjoitin"}]},{"@type":"WebSite","@id":"http:\/\/shopikassa.com\/#website","url":"http:\/\/shopikassa.com\/","name":"Shopikassa","description":"Vaihtoehtoinen\/parempi kassa ja maksup\u00e4\u00e4te Shopifyyn","publisher":{"@id":"http:\/\/shopikassa.com\/#organization"},"potentialAction":[{"@type":"SearchAction","target":{"@type":"EntryPoint","urlTemplate":"http:\/\/shopikassa.com\/?s={search_term_string}"},"query-input":{"@type":"PropertyValueSpecification","valueRequired":true,"valueName":"search_term_string"}}],"inLanguage":"en-GB"},{"@type":"Organization","@id":"http:\/\/shopikassa.com\/#organization","name":"Shopikassa","url":"http:\/\/shopikassa.com\/","logo":{"@type":"ImageObject","inLanguage":"en-GB","@id":"http:\/\/shopikassa.com\/#\/schema\/logo\/image\/","url":"http:\/\/shopikassa.com\/wp-content\/uploads\/2025\/04\/shopikassa-logo.webp","contentUrl":"http:\/\/shopikassa.com\/wp-content\/uploads\/2025\/04\/shopikassa-logo.webp","width":445,"height":292,"caption":"Shopikassa"},"image":{"@id":"http:\/\/shopikassa.com\/#\/schema\/logo\/image\/"}}]}},"_links":{"self":[{"href":"https:\/\/shopikassa.com\/en\/wp-json\/wp\/v2\/product\/534","targetHints":{"allow":["GET"]}}],"collection":[{"href":"https:\/\/shopikassa.com\/en\/wp-json\/wp\/v2\/product"}],"about":[{"href":"https:\/\/shopikassa.com\/en\/wp-json\/wp\/v2\/types\/product"}],"wp:featuredmedia":[{"embeddable":true,"href":"https:\/\/shopikassa.com\/en\/wp-json\/wp\/v2\/media\/581"}],"wp:attachment":[{"href":"https:\/\/shopikassa.com\/en\/wp-json\/wp\/v2\/media?parent=534"}],"wp:term":[{"taxonomy":"product_brand","embeddable":true,"href":"https:\/\/shopikassa.com\/en\/wp-json\/wp\/v2\/product_brand?post=534"},{"taxonomy":"product_cat","embeddable":true,"href":"https:\/\/shopikassa.com\/en\/wp-json\/wp\/v2\/product_cat?post=534"},{"taxonomy":"product_tag","embeddable":true,"href":"https:\/\/shopikassa.com\/en\/wp-json\/wp\/v2\/product_tag?post=534"}],"curies":[{"name":"wp","href":"https:\/\/api.w.org\/{rel}","templated":true}]}}