{"id":535,"date":"2025-04-17T13:08:26","date_gmt":"2025-04-17T10:08:26","guid":{"rendered":"https:\/\/shopikassa.com\/?post_type=product&#038;p=535"},"modified":"2025-04-17T13:09:05","modified_gmt":"2025-04-17T10:09:05","slug":"kuittikirjoitin-9-e-kk","status":"publish","type":"product","link":"https:\/\/shopikassa.com\/en\/product\/kuittikirjoitin-9-e-kk\/","title":{"rendered":"Kuittikirjoitin 9 \u20ac\/kk"},"content":{"rendered":"<p>Nopea ja luotettava kuittikirjoitin kassaj\u00e4rjestelm\u00e4\u00e4n. Tulosta kassakuitti Shopikassa\/Shopify yhdistett\u00e4v\u00e4ll\u00e4 kuittikirjoittimella. Automaattinen kuitin leikkaus. Yhdistett\u00e4viss\u00e4 <a href=\"https:\/\/shopikassa.com\/en\/product\/kassalaatikko\/\">kassalaatikkoon<\/a> jolloin kassalaatikko aukeaa automaattisesti aina kuitin tulostuksen yhteydess\u00e4.<\/p>\n<p>Kuittikirjoitin k\u00e4ytt\u00e4\u00e4 80 mm ja 58 mm leve\u00e4\u00e4 kuittipaperia. Tulostusnopeus on 160 mm sekunnissa ja tarkkuus on 203 dpi. Sopii kaikkiin myyntipisteisiin myym\u00e4l\u00f6ist\u00e4 kioskeihin.<\/p>\n<p>Leasing 36 kk<\/p>","protected":false},"excerpt":{"rendered":"<p>Nopea ja toimintavarma kuittikirjoitin riittoisilla kuittirullilla. Leikkaa kuitin automaattisesti tulostuksen lopuksi.<\/p>\n<p>Kuittirullan leveys: 80 mm tai 58 mm<\/p>\n<p>Liit\u00e4nt\u00e4: USB. Yhteensopiva Windows, macOS, Linux.<\/p>\n<p>Leasing 36 kk<\/p>","protected":false},"featured_media":569,"template":"","meta":[],"product_brand":[],"product_cat":[24,25],"product_tag":[29,30,62,64,42],"class_list":{"0":"post-535","1":"product","2":"type-product","3":"status-publish","4":"has-post-thumbnail","6":"product_cat-kassalaitteet","7":"product_cat-kuittikirjoittimet","8":"product_tag-kuittikirjoitin","9":"product_tag-kuittitulostin","10":"product_tag-kuukausimaksulla","11":"product_tag-lampopaperi","12":"product_tag-leasing","13":"product_shipping_class-yleinen","15":"first","16":"instock","17":"featured","18":"taxable","19":"shipping-taxable","20":"purchasable","21":"product-type-simple"},"yoast_head":"<!-- This site is optimized with the Yoast SEO plugin v27.4 - https:\/\/yoast.com\/product\/yoast-seo-wordpress\/ -->\n<title>Kuittikirjoitin 9 \u20ac\/kk - Shopikassa<\/title>\n<meta name=\"robots\" content=\"index, follow, max-snippet:-1, max-image-preview:large, max-video-preview:-1\" \/>\n<link rel=\"canonical\" href=\"http:\/\/shopikassa.com\/en\/product\/kuittikirjoitin-9-e-kk\/\" \/>\n<meta property=\"og:locale\" content=\"en_GB\" \/>\n<meta property=\"og:type\" content=\"article\" \/>\n<meta property=\"og:title\" content=\"Kuittikirjoitin 9 \u20ac\/kk - Shopikassa\" \/>\n<meta property=\"og:description\" content=\"Nopea ja toimintavarma kuittikirjoitin riittoisilla kuittirullilla. Leikkaa kuitin automaattisesti tulostuksen lopuksi.  Kuittirullan leveys: 80 mm tai 58 mm  Liit\u00e4nt\u00e4: USB. Yhteensopiva Windows, macOS, Linux.  Leasing 36 kk\" \/>\n<meta property=\"og:url\" content=\"http:\/\/shopikassa.com\/en\/product\/kuittikirjoitin-9-e-kk\/\" \/>\n<meta property=\"og:site_name\" content=\"Shopikassa\" \/>\n<meta property=\"article:modified_time\" content=\"2025-04-17T10:09:05+00:00\" \/>\n<meta property=\"og:image\" content=\"http:\/\/shopikassa.com\/wp-content\/uploads\/2025\/04\/NS310.jpg\" \/>\n\t<meta property=\"og:image:width\" content=\"260\" \/>\n\t<meta property=\"og:image:height\" content=\"260\" \/>\n\t<meta property=\"og:image:type\" content=\"image\/jpeg\" \/>\n<meta name=\"twitter:card\" content=\"summary_large_image\" \/>\n<script type=\"application\/ld+json\" class=\"yoast-schema-graph\">{\"@context\":\"https:\\\/\\\/schema.org\",\"@graph\":[{\"@type\":\"WebPage\",\"@id\":\"http:\\\/\\\/shopikassa.com\\\/en\\\/product\\\/kuittikirjoitin-9-e-kk\\\/\",\"url\":\"http:\\\/\\\/shopikassa.com\\\/en\\\/product\\\/kuittikirjoitin-9-e-kk\\\/\",\"name\":\"Kuittikirjoitin 9 \u20ac\\\/kk - Shopikassa\",\"isPartOf\":{\"@id\":\"http:\\\/\\\/shopikassa.com\\\/#website\"},\"primaryImageOfPage\":{\"@id\":\"http:\\\/\\\/shopikassa.com\\\/en\\\/product\\\/kuittikirjoitin-9-e-kk\\\/#primaryimage\"},\"image\":{\"@id\":\"http:\\\/\\\/shopikassa.com\\\/en\\\/product\\\/kuittikirjoitin-9-e-kk\\\/#primaryimage\"},\"thumbnailUrl\":\"https:\\\/\\\/shopikassa.com\\\/wp-content\\\/uploads\\\/2025\\\/04\\\/NS310.jpg\",\"datePublished\":\"2025-04-17T10:08:26+00:00\",\"dateModified\":\"2025-04-17T10:09:05+00:00\",\"breadcrumb\":{\"@id\":\"http:\\\/\\\/shopikassa.com\\\/en\\\/product\\\/kuittikirjoitin-9-e-kk\\\/#breadcrumb\"},\"inLanguage\":\"en-GB\",\"potentialAction\":[{\"@type\":\"ReadAction\",\"target\":[\"http:\\\/\\\/shopikassa.com\\\/en\\\/product\\\/kuittikirjoitin-9-e-kk\\\/\"]}]},{\"@type\":\"ImageObject\",\"inLanguage\":\"en-GB\",\"@id\":\"http:\\\/\\\/shopikassa.com\\\/en\\\/product\\\/kuittikirjoitin-9-e-kk\\\/#primaryimage\",\"url\":\"https:\\\/\\\/shopikassa.com\\\/wp-content\\\/uploads\\\/2025\\\/04\\\/NS310.jpg\",\"contentUrl\":\"https:\\\/\\\/shopikassa.com\\\/wp-content\\\/uploads\\\/2025\\\/04\\\/NS310.jpg\",\"width\":260,\"height\":260},{\"@type\":\"BreadcrumbList\",\"@id\":\"http:\\\/\\\/shopikassa.com\\\/en\\\/product\\\/kuittikirjoitin-9-e-kk\\\/#breadcrumb\",\"itemListElement\":[{\"@type\":\"ListItem\",\"position\":1,\"name\":\"Etusivu\",\"item\":\"https:\\\/\\\/shopikassa.com\\\/\"},{\"@type\":\"ListItem\",\"position\":2,\"name\":\"Kauppa\",\"item\":\"https:\\\/\\\/shopikassa.com\\\/kauppa\\\/\"},{\"@type\":\"ListItem\",\"position\":3,\"name\":\"Kuittikirjoitin 9 \u20ac\\\/kk\"}]},{\"@type\":\"WebSite\",\"@id\":\"http:\\\/\\\/shopikassa.com\\\/#website\",\"url\":\"http:\\\/\\\/shopikassa.com\\\/\",\"name\":\"Shopikassa\",\"description\":\"Vaihtoehtoinen\\\/parempi kassa ja maksup\u00e4\u00e4te Shopifyyn\",\"publisher\":{\"@id\":\"http:\\\/\\\/shopikassa.com\\\/#organization\"},\"potentialAction\":[{\"@type\":\"SearchAction\",\"target\":{\"@type\":\"EntryPoint\",\"urlTemplate\":\"http:\\\/\\\/shopikassa.com\\\/?s={search_term_string}\"},\"query-input\":{\"@type\":\"PropertyValueSpecification\",\"valueRequired\":true,\"valueName\":\"search_term_string\"}}],\"inLanguage\":\"en-GB\"},{\"@type\":\"Organization\",\"@id\":\"http:\\\/\\\/shopikassa.com\\\/#organization\",\"name\":\"Shopikassa\",\"url\":\"http:\\\/\\\/shopikassa.com\\\/\",\"logo\":{\"@type\":\"ImageObject\",\"inLanguage\":\"en-GB\",\"@id\":\"http:\\\/\\\/shopikassa.com\\\/#\\\/schema\\\/logo\\\/image\\\/\",\"url\":\"http:\\\/\\\/shopikassa.com\\\/wp-content\\\/uploads\\\/2025\\\/04\\\/shopikassa-logo.webp\",\"contentUrl\":\"http:\\\/\\\/shopikassa.com\\\/wp-content\\\/uploads\\\/2025\\\/04\\\/shopikassa-logo.webp\",\"width\":445,\"height\":292,\"caption\":\"Shopikassa\"},\"image\":{\"@id\":\"http:\\\/\\\/shopikassa.com\\\/#\\\/schema\\\/logo\\\/image\\\/\"}}]}<\/script>\n<!-- \/ Yoast SEO plugin. -->","yoast_head_json":{"title":"Kuittikirjoitin 9 \u20ac\/kk - Shopikassa","robots":{"index":"index","follow":"follow","max-snippet":"max-snippet:-1","max-image-preview":"max-image-preview:large","max-video-preview":"max-video-preview:-1"},"canonical":"http:\/\/shopikassa.com\/en\/product\/kuittikirjoitin-9-e-kk\/","og_locale":"en_GB","og_type":"article","og_title":"Kuittikirjoitin 9 \u20ac\/kk - Shopikassa","og_description":"Nopea ja toimintavarma kuittikirjoitin riittoisilla kuittirullilla. Leikkaa kuitin automaattisesti tulostuksen lopuksi.  Kuittirullan leveys: 80 mm tai 58 mm  Liit\u00e4nt\u00e4: USB. Yhteensopiva Windows, macOS, Linux.  Leasing 36 kk","og_url":"http:\/\/shopikassa.com\/en\/product\/kuittikirjoitin-9-e-kk\/","og_site_name":"Shopikassa","article_modified_time":"2025-04-17T10:09:05+00:00","og_image":[{"width":260,"height":260,"url":"http:\/\/shopikassa.com\/wp-content\/uploads\/2025\/04\/NS310.jpg","type":"image\/jpeg"}],"twitter_card":"summary_large_image","schema":{"@context":"https:\/\/schema.org","@graph":[{"@type":"WebPage","@id":"http:\/\/shopikassa.com\/en\/product\/kuittikirjoitin-9-e-kk\/","url":"http:\/\/shopikassa.com\/en\/product\/kuittikirjoitin-9-e-kk\/","name":"Kuittikirjoitin 9 \u20ac\/kk - Shopikassa","isPartOf":{"@id":"http:\/\/shopikassa.com\/#website"},"primaryImageOfPage":{"@id":"http:\/\/shopikassa.com\/en\/product\/kuittikirjoitin-9-e-kk\/#primaryimage"},"image":{"@id":"http:\/\/shopikassa.com\/en\/product\/kuittikirjoitin-9-e-kk\/#primaryimage"},"thumbnailUrl":"https:\/\/shopikassa.com\/wp-content\/uploads\/2025\/04\/NS310.jpg","datePublished":"2025-04-17T10:08:26+00:00","dateModified":"2025-04-17T10:09:05+00:00","breadcrumb":{"@id":"http:\/\/shopikassa.com\/en\/product\/kuittikirjoitin-9-e-kk\/#breadcrumb"},"inLanguage":"en-GB","potentialAction":[{"@type":"ReadAction","target":["http:\/\/shopikassa.com\/en\/product\/kuittikirjoitin-9-e-kk\/"]}]},{"@type":"ImageObject","inLanguage":"en-GB","@id":"http:\/\/shopikassa.com\/en\/product\/kuittikirjoitin-9-e-kk\/#primaryimage","url":"https:\/\/shopikassa.com\/wp-content\/uploads\/2025\/04\/NS310.jpg","contentUrl":"https:\/\/shopikassa.com\/wp-content\/uploads\/2025\/04\/NS310.jpg","width":260,"height":260},{"@type":"BreadcrumbList","@id":"http:\/\/shopikassa.com\/en\/product\/kuittikirjoitin-9-e-kk\/#breadcrumb","itemListElement":[{"@type":"ListItem","position":1,"name":"Etusivu","item":"https:\/\/shopikassa.com\/"},{"@type":"ListItem","position":2,"name":"Kauppa","item":"https:\/\/shopikassa.com\/kauppa\/"},{"@type":"ListItem","position":3,"name":"Kuittikirjoitin 9 \u20ac\/kk"}]},{"@type":"WebSite","@id":"http:\/\/shopikassa.com\/#website","url":"http:\/\/shopikassa.com\/","name":"Shopikassa","description":"Vaihtoehtoinen\/parempi kassa ja maksup\u00e4\u00e4te Shopifyyn","publisher":{"@id":"http:\/\/shopikassa.com\/#organization"},"potentialAction":[{"@type":"SearchAction","target":{"@type":"EntryPoint","urlTemplate":"http:\/\/shopikassa.com\/?s={search_term_string}"},"query-input":{"@type":"PropertyValueSpecification","valueRequired":true,"valueName":"search_term_string"}}],"inLanguage":"en-GB"},{"@type":"Organization","@id":"http:\/\/shopikassa.com\/#organization","name":"Shopikassa","url":"http:\/\/shopikassa.com\/","logo":{"@type":"ImageObject","inLanguage":"en-GB","@id":"http:\/\/shopikassa.com\/#\/schema\/logo\/image\/","url":"http:\/\/shopikassa.com\/wp-content\/uploads\/2025\/04\/shopikassa-logo.webp","contentUrl":"http:\/\/shopikassa.com\/wp-content\/uploads\/2025\/04\/shopikassa-logo.webp","width":445,"height":292,"caption":"Shopikassa"},"image":{"@id":"http:\/\/shopikassa.com\/#\/schema\/logo\/image\/"}}]}},"_links":{"self":[{"href":"https:\/\/shopikassa.com\/en\/wp-json\/wp\/v2\/product\/535","targetHints":{"allow":["GET"]}}],"collection":[{"href":"https:\/\/shopikassa.com\/en\/wp-json\/wp\/v2\/product"}],"about":[{"href":"https:\/\/shopikassa.com\/en\/wp-json\/wp\/v2\/types\/product"}],"wp:featuredmedia":[{"embeddable":true,"href":"https:\/\/shopikassa.com\/en\/wp-json\/wp\/v2\/media\/569"}],"wp:attachment":[{"href":"https:\/\/shopikassa.com\/en\/wp-json\/wp\/v2\/media?parent=535"}],"wp:term":[{"taxonomy":"product_brand","embeddable":true,"href":"https:\/\/shopikassa.com\/en\/wp-json\/wp\/v2\/product_brand?post=535"},{"taxonomy":"product_cat","embeddable":true,"href":"https:\/\/shopikassa.com\/en\/wp-json\/wp\/v2\/product_cat?post=535"},{"taxonomy":"product_tag","embeddable":true,"href":"https:\/\/shopikassa.com\/en\/wp-json\/wp\/v2\/product_tag?post=535"}],"curies":[{"name":"wp","href":"https:\/\/api.w.org\/{rel}","templated":true}]}}