{"id":547,"date":"2025-04-17T13:08:37","date_gmt":"2025-04-17T10:08:37","guid":{"rendered":"https:\/\/shopikassa.com\/?post_type=product&#038;p=547"},"modified":"2025-04-17T16:04:02","modified_gmt":"2025-04-17T13:04:02","slug":"kassapc-kassakone-ns1000-kosketusnaytolla-leasing","status":"publish","type":"product","link":"https:\/\/shopikassa.com\/en\/product\/kassapc-kassakone-ns1000-kosketusnaytolla-leasing\/","title":{"rendered":"Kassapc\/Kassakone NS1000 kosketusn\u00e4yt\u00f6ll\u00e4 59 \u20ac\/kk (36 kk leasing)"},"content":{"rendered":"<p>NS1000 KASSAPC\/KASSAKONE sis\u00e4lt\u00e4\u00e4 tietokoneen, kosketusn\u00e4yt\u00f6n ja kuittikirjoittimen. Optiona asiakasn\u00e4ytt\u00f6.<\/p>\n<p>Kaikki samassa laitteessa.<\/p>\n<p>Kassakonetta vastaava ratkaisu.<\/p>\n<p>Sopii erityisen hyvin Shopikassa\/Shopify -kassaj\u00e4rjestelmille.<\/p>\n<p>Hinta 59\u20ac\/kk (36 kk leasing)<\/p>\n<p>Voit pyyt\u00e4\u00e4 my\u00f6s edullisen leasing tarjouksen haluamastasi kassakokonaisuudesta, esim. kassakone, maksup\u00e4\u00e4te ja ohjelmat.<\/p>\n<p>Verkkokaupasta tehty tilaus on leasing sopimuksen ensimm\u00e4inen er\u00e4, joka on huomioitu hinnassa.<\/p>\n<p>Kytkent\u00e4: ethernet + virta (optio Wifi).<\/p>","protected":false},"excerpt":{"rendered":"<p>NS1000 KASSAPC\/KASSAKONE sis\u00e4lt\u00e4\u00e4 tietokoneen, kosketusn\u00e4yt\u00f6n ja kuittikirjoittimen. Optiona asiakasn\u00e4ytt\u00f6.<\/p>\n<p>Kaikki samassa laitteessa.<\/p>\n<p>Kassakonetta vastaava ratkaisu.<\/p>\n<p>Sopii erityisen hyvin Shopikassa\/Shopify -kassaj\u00e4rjestelmille.<\/p>\n<p>Hinta 59 \u20ac\/kk (36 kk leasing)<\/p>\n<p>Voit pyyt\u00e4\u00e4 my\u00f6s edullisen leasing tarjouksen haluamastasi kassakokonaisuudesta, esim. kassakone, maksup\u00e4\u00e4te ja ohjelmat.<\/p>\n<p>Kytkent\u00e4: ethernet + virta (optio Wifi).<\/p>\n<p>Verkkokaupasta tehty tilaus on leasing sopimuksen ensimm\u00e4inen er\u00e4, joka on huomioitu hinnassa.<\/p>","protected":false},"featured_media":578,"template":"","meta":[],"product_brand":[],"product_cat":[24,44],"product_tag":[45,46,47,27,28],"class_list":{"0":"post-547","1":"product","2":"type-product","3":"status-publish","4":"has-post-thumbnail","6":"product_cat-kassalaitteet","7":"product_cat-kassapc-kassakone","8":"product_tag-kassakone","9":"product_tag-kassapc","10":"product_tag-kosketusnaytto","11":"product_tag-shopify","12":"product_tag-shopikassa","14":"first","15":"instock","16":"featured","17":"taxable","18":"shipping-taxable","19":"purchasable","20":"product-type-simple"},"yoast_head":"<!-- This site is optimized with the Yoast SEO plugin v27.4 - https:\/\/yoast.com\/product\/yoast-seo-wordpress\/ -->\n<title>Kassapc\/Kassakone NS1000 kosketusn\u00e4yt\u00f6ll\u00e4 59 \u20ac\/kk (36 kk leasing) - Shopikassa<\/title>\n<meta name=\"description\" content=\"NS1000 KassaPC:ss\u00e4 on kaikki siististi samassa. 15.6&quot; kosketusn\u00e4ytt\u00f6, tietokone, nopea kuittikirjoitin ja optiona asiakasn\u00e4ytt\u00f6. Shopikassa\/Shopify.\" \/>\n<meta name=\"robots\" content=\"index, follow, max-snippet:-1, max-image-preview:large, max-video-preview:-1\" \/>\n<link rel=\"canonical\" href=\"http:\/\/shopikassa.com\/en\/product\/kassapc-kassakone-ns1000-kosketusnaytolla-leasing\/\" \/>\n<meta property=\"og:locale\" content=\"en_GB\" \/>\n<meta property=\"og:type\" content=\"article\" \/>\n<meta property=\"og:title\" content=\"Kassapc\/Kassakone NS1000 kosketusn\u00e4yt\u00f6ll\u00e4 59 \u20ac\/kk (36 kk leasing) - Shopikassa\" \/>\n<meta property=\"og:description\" content=\"NS1000 KassaPC:ss\u00e4 on kaikki siististi samassa. 15.6&quot; kosketusn\u00e4ytt\u00f6, tietokone, nopea kuittikirjoitin ja optiona asiakasn\u00e4ytt\u00f6. Shopikassa\/Shopify.\" \/>\n<meta property=\"og:url\" content=\"http:\/\/shopikassa.com\/en\/product\/kassapc-kassakone-ns1000-kosketusnaytolla-leasing\/\" \/>\n<meta property=\"og:site_name\" content=\"Shopikassa\" \/>\n<meta property=\"article:modified_time\" content=\"2025-04-17T13:04:02+00:00\" \/>\n<meta property=\"og:image\" content=\"http:\/\/shopikassa.com\/wp-content\/uploads\/2025\/04\/NS1000_KASSAPC.jpg\" \/>\n\t<meta property=\"og:image:width\" content=\"260\" \/>\n\t<meta property=\"og:image:height\" content=\"260\" \/>\n\t<meta property=\"og:image:type\" content=\"image\/jpeg\" \/>\n<meta name=\"twitter:card\" content=\"summary_large_image\" \/>\n<meta name=\"twitter:label1\" content=\"Estimated reading time\" \/>\n\t<meta name=\"twitter:data1\" content=\"1 minute\" \/>\n<script type=\"application\/ld+json\" class=\"yoast-schema-graph\">{\"@context\":\"https:\\\/\\\/schema.org\",\"@graph\":[{\"@type\":\"WebPage\",\"@id\":\"http:\\\/\\\/shopikassa.com\\\/en\\\/product\\\/kassapc-kassakone-ns1000-kosketusnaytolla-leasing\\\/\",\"url\":\"http:\\\/\\\/shopikassa.com\\\/en\\\/product\\\/kassapc-kassakone-ns1000-kosketusnaytolla-leasing\\\/\",\"name\":\"Kassapc\\\/Kassakone NS1000 kosketusn\u00e4yt\u00f6ll\u00e4 59 \u20ac\\\/kk (36 kk leasing) - Shopikassa\",\"isPartOf\":{\"@id\":\"http:\\\/\\\/shopikassa.com\\\/#website\"},\"primaryImageOfPage\":{\"@id\":\"http:\\\/\\\/shopikassa.com\\\/en\\\/product\\\/kassapc-kassakone-ns1000-kosketusnaytolla-leasing\\\/#primaryimage\"},\"image\":{\"@id\":\"http:\\\/\\\/shopikassa.com\\\/en\\\/product\\\/kassapc-kassakone-ns1000-kosketusnaytolla-leasing\\\/#primaryimage\"},\"thumbnailUrl\":\"https:\\\/\\\/shopikassa.com\\\/wp-content\\\/uploads\\\/2025\\\/04\\\/NS1000_KASSAPC.jpg\",\"datePublished\":\"2025-04-17T10:08:37+00:00\",\"dateModified\":\"2025-04-17T13:04:02+00:00\",\"description\":\"NS1000 KassaPC:ss\u00e4 on kaikki siististi samassa. 15.6\\\" kosketusn\u00e4ytt\u00f6, tietokone, nopea kuittikirjoitin ja optiona asiakasn\u00e4ytt\u00f6. Shopikassa\\\/Shopify.\",\"breadcrumb\":{\"@id\":\"http:\\\/\\\/shopikassa.com\\\/en\\\/product\\\/kassapc-kassakone-ns1000-kosketusnaytolla-leasing\\\/#breadcrumb\"},\"inLanguage\":\"en-GB\",\"potentialAction\":[{\"@type\":\"ReadAction\",\"target\":[\"http:\\\/\\\/shopikassa.com\\\/en\\\/product\\\/kassapc-kassakone-ns1000-kosketusnaytolla-leasing\\\/\"]}]},{\"@type\":\"ImageObject\",\"inLanguage\":\"en-GB\",\"@id\":\"http:\\\/\\\/shopikassa.com\\\/en\\\/product\\\/kassapc-kassakone-ns1000-kosketusnaytolla-leasing\\\/#primaryimage\",\"url\":\"https:\\\/\\\/shopikassa.com\\\/wp-content\\\/uploads\\\/2025\\\/04\\\/NS1000_KASSAPC.jpg\",\"contentUrl\":\"https:\\\/\\\/shopikassa.com\\\/wp-content\\\/uploads\\\/2025\\\/04\\\/NS1000_KASSAPC.jpg\",\"width\":260,\"height\":260},{\"@type\":\"BreadcrumbList\",\"@id\":\"http:\\\/\\\/shopikassa.com\\\/en\\\/product\\\/kassapc-kassakone-ns1000-kosketusnaytolla-leasing\\\/#breadcrumb\",\"itemListElement\":[{\"@type\":\"ListItem\",\"position\":1,\"name\":\"Etusivu\",\"item\":\"https:\\\/\\\/shopikassa.com\\\/\"},{\"@type\":\"ListItem\",\"position\":2,\"name\":\"Kauppa\",\"item\":\"https:\\\/\\\/shopikassa.com\\\/kauppa\\\/\"},{\"@type\":\"ListItem\",\"position\":3,\"name\":\"Kassapc\\\/Kassakone NS1000 kosketusn\u00e4yt\u00f6ll\u00e4 59 \u20ac\\\/kk (36 kk leasing)\"}]},{\"@type\":\"WebSite\",\"@id\":\"http:\\\/\\\/shopikassa.com\\\/#website\",\"url\":\"http:\\\/\\\/shopikassa.com\\\/\",\"name\":\"Shopikassa\",\"description\":\"Vaihtoehtoinen\\\/parempi kassa ja maksup\u00e4\u00e4te Shopifyyn\",\"publisher\":{\"@id\":\"http:\\\/\\\/shopikassa.com\\\/#organization\"},\"potentialAction\":[{\"@type\":\"SearchAction\",\"target\":{\"@type\":\"EntryPoint\",\"urlTemplate\":\"http:\\\/\\\/shopikassa.com\\\/?s={search_term_string}\"},\"query-input\":{\"@type\":\"PropertyValueSpecification\",\"valueRequired\":true,\"valueName\":\"search_term_string\"}}],\"inLanguage\":\"en-GB\"},{\"@type\":\"Organization\",\"@id\":\"http:\\\/\\\/shopikassa.com\\\/#organization\",\"name\":\"Shopikassa\",\"url\":\"http:\\\/\\\/shopikassa.com\\\/\",\"logo\":{\"@type\":\"ImageObject\",\"inLanguage\":\"en-GB\",\"@id\":\"http:\\\/\\\/shopikassa.com\\\/#\\\/schema\\\/logo\\\/image\\\/\",\"url\":\"http:\\\/\\\/shopikassa.com\\\/wp-content\\\/uploads\\\/2025\\\/04\\\/shopikassa-logo.webp\",\"contentUrl\":\"http:\\\/\\\/shopikassa.com\\\/wp-content\\\/uploads\\\/2025\\\/04\\\/shopikassa-logo.webp\",\"width\":445,\"height\":292,\"caption\":\"Shopikassa\"},\"image\":{\"@id\":\"http:\\\/\\\/shopikassa.com\\\/#\\\/schema\\\/logo\\\/image\\\/\"}}]}<\/script>\n<!-- \/ Yoast SEO plugin. -->","yoast_head_json":{"title":"Kassapc\/Kassakone NS1000 kosketusn\u00e4yt\u00f6ll\u00e4 59 \u20ac\/kk (36 kk leasing) - Shopikassa","description":"NS1000 KassaPC:ss\u00e4 on kaikki siististi samassa. 15.6\" kosketusn\u00e4ytt\u00f6, tietokone, nopea kuittikirjoitin ja optiona asiakasn\u00e4ytt\u00f6. Shopikassa\/Shopify.","robots":{"index":"index","follow":"follow","max-snippet":"max-snippet:-1","max-image-preview":"max-image-preview:large","max-video-preview":"max-video-preview:-1"},"canonical":"http:\/\/shopikassa.com\/en\/product\/kassapc-kassakone-ns1000-kosketusnaytolla-leasing\/","og_locale":"en_GB","og_type":"article","og_title":"Kassapc\/Kassakone NS1000 kosketusn\u00e4yt\u00f6ll\u00e4 59 \u20ac\/kk (36 kk leasing) - Shopikassa","og_description":"NS1000 KassaPC:ss\u00e4 on kaikki siististi samassa. 15.6\" kosketusn\u00e4ytt\u00f6, tietokone, nopea kuittikirjoitin ja optiona asiakasn\u00e4ytt\u00f6. Shopikassa\/Shopify.","og_url":"http:\/\/shopikassa.com\/en\/product\/kassapc-kassakone-ns1000-kosketusnaytolla-leasing\/","og_site_name":"Shopikassa","article_modified_time":"2025-04-17T13:04:02+00:00","og_image":[{"width":260,"height":260,"url":"http:\/\/shopikassa.com\/wp-content\/uploads\/2025\/04\/NS1000_KASSAPC.jpg","type":"image\/jpeg"}],"twitter_card":"summary_large_image","twitter_misc":{"Estimated reading time":"1 minute"},"schema":{"@context":"https:\/\/schema.org","@graph":[{"@type":"WebPage","@id":"http:\/\/shopikassa.com\/en\/product\/kassapc-kassakone-ns1000-kosketusnaytolla-leasing\/","url":"http:\/\/shopikassa.com\/en\/product\/kassapc-kassakone-ns1000-kosketusnaytolla-leasing\/","name":"Kassapc\/Kassakone NS1000 kosketusn\u00e4yt\u00f6ll\u00e4 59 \u20ac\/kk (36 kk leasing) - Shopikassa","isPartOf":{"@id":"http:\/\/shopikassa.com\/#website"},"primaryImageOfPage":{"@id":"http:\/\/shopikassa.com\/en\/product\/kassapc-kassakone-ns1000-kosketusnaytolla-leasing\/#primaryimage"},"image":{"@id":"http:\/\/shopikassa.com\/en\/product\/kassapc-kassakone-ns1000-kosketusnaytolla-leasing\/#primaryimage"},"thumbnailUrl":"https:\/\/shopikassa.com\/wp-content\/uploads\/2025\/04\/NS1000_KASSAPC.jpg","datePublished":"2025-04-17T10:08:37+00:00","dateModified":"2025-04-17T13:04:02+00:00","description":"NS1000 KassaPC:ss\u00e4 on kaikki siististi samassa. 15.6\" kosketusn\u00e4ytt\u00f6, tietokone, nopea kuittikirjoitin ja optiona asiakasn\u00e4ytt\u00f6. Shopikassa\/Shopify.","breadcrumb":{"@id":"http:\/\/shopikassa.com\/en\/product\/kassapc-kassakone-ns1000-kosketusnaytolla-leasing\/#breadcrumb"},"inLanguage":"en-GB","potentialAction":[{"@type":"ReadAction","target":["http:\/\/shopikassa.com\/en\/product\/kassapc-kassakone-ns1000-kosketusnaytolla-leasing\/"]}]},{"@type":"ImageObject","inLanguage":"en-GB","@id":"http:\/\/shopikassa.com\/en\/product\/kassapc-kassakone-ns1000-kosketusnaytolla-leasing\/#primaryimage","url":"https:\/\/shopikassa.com\/wp-content\/uploads\/2025\/04\/NS1000_KASSAPC.jpg","contentUrl":"https:\/\/shopikassa.com\/wp-content\/uploads\/2025\/04\/NS1000_KASSAPC.jpg","width":260,"height":260},{"@type":"BreadcrumbList","@id":"http:\/\/shopikassa.com\/en\/product\/kassapc-kassakone-ns1000-kosketusnaytolla-leasing\/#breadcrumb","itemListElement":[{"@type":"ListItem","position":1,"name":"Etusivu","item":"https:\/\/shopikassa.com\/"},{"@type":"ListItem","position":2,"name":"Kauppa","item":"https:\/\/shopikassa.com\/kauppa\/"},{"@type":"ListItem","position":3,"name":"Kassapc\/Kassakone NS1000 kosketusn\u00e4yt\u00f6ll\u00e4 59 \u20ac\/kk (36 kk leasing)"}]},{"@type":"WebSite","@id":"http:\/\/shopikassa.com\/#website","url":"http:\/\/shopikassa.com\/","name":"Shopikassa","description":"Vaihtoehtoinen\/parempi kassa ja maksup\u00e4\u00e4te Shopifyyn","publisher":{"@id":"http:\/\/shopikassa.com\/#organization"},"potentialAction":[{"@type":"SearchAction","target":{"@type":"EntryPoint","urlTemplate":"http:\/\/shopikassa.com\/?s={search_term_string}"},"query-input":{"@type":"PropertyValueSpecification","valueRequired":true,"valueName":"search_term_string"}}],"inLanguage":"en-GB"},{"@type":"Organization","@id":"http:\/\/shopikassa.com\/#organization","name":"Shopikassa","url":"http:\/\/shopikassa.com\/","logo":{"@type":"ImageObject","inLanguage":"en-GB","@id":"http:\/\/shopikassa.com\/#\/schema\/logo\/image\/","url":"http:\/\/shopikassa.com\/wp-content\/uploads\/2025\/04\/shopikassa-logo.webp","contentUrl":"http:\/\/shopikassa.com\/wp-content\/uploads\/2025\/04\/shopikassa-logo.webp","width":445,"height":292,"caption":"Shopikassa"},"image":{"@id":"http:\/\/shopikassa.com\/#\/schema\/logo\/image\/"}}]}},"_links":{"self":[{"href":"https:\/\/shopikassa.com\/en\/wp-json\/wp\/v2\/product\/547","targetHints":{"allow":["GET"]}}],"collection":[{"href":"https:\/\/shopikassa.com\/en\/wp-json\/wp\/v2\/product"}],"about":[{"href":"https:\/\/shopikassa.com\/en\/wp-json\/wp\/v2\/types\/product"}],"wp:featuredmedia":[{"embeddable":true,"href":"https:\/\/shopikassa.com\/en\/wp-json\/wp\/v2\/media\/578"}],"wp:attachment":[{"href":"https:\/\/shopikassa.com\/en\/wp-json\/wp\/v2\/media?parent=547"}],"wp:term":[{"taxonomy":"product_brand","embeddable":true,"href":"https:\/\/shopikassa.com\/en\/wp-json\/wp\/v2\/product_brand?post=547"},{"taxonomy":"product_cat","embeddable":true,"href":"https:\/\/shopikassa.com\/en\/wp-json\/wp\/v2\/product_cat?post=547"},{"taxonomy":"product_tag","embeddable":true,"href":"https:\/\/shopikassa.com\/en\/wp-json\/wp\/v2\/product_tag?post=547"}],"curies":[{"name":"wp","href":"https:\/\/api.w.org\/{rel}","templated":true}]}}