{"id":548,"date":"2025-04-17T13:08:38","date_gmt":"2025-04-17T10:08:38","guid":{"rendered":"https:\/\/shopikassa.com\/?post_type=product&#038;p=548"},"modified":"2025-04-17T13:09:02","modified_gmt":"2025-04-17T10:09:02","slug":"kassakosketusnaytto-15-6-leasing","status":"publish","type":"product","link":"https:\/\/shopikassa.com\/en\/product\/kassakosketusnaytto-15-6-leasing\/","title":{"rendered":"Kassakosketusn\u00e4ytt\u00f6 15.6&#8243; leasing"},"content":{"rendered":"<ul>\n<li>Tuumakoko: 15,6&#8243;<\/li>\n<li>Resoluutio: 1366 x 768<\/li>\n<li>Kuvasuhde: 16:9<\/li>\n<li>Liit\u00e4nn\u00e4t: HDMI, VGA<\/li>\n<li>Kirkkaus: 200 cd\/\u33a1<\/li>\n<li>N\u00e4yt\u00f6n pinta: glare<\/li>\n<li>Katselukulmat: 90\u00b0(H)\/65\u00b0(V)<\/li>\n<li>USB -portit : 1 x microUSB, vain kosketustoiminnolle<\/li>\n<li>Kallistus : +30\u00b0~-5\u00b0<\/li>\n<li>VESA-sein\u00e4kiinnitys : 75x75mm<\/li>\n<li>Koko jalan kanssa: 377,8 x 280,7 x 189,4 mm<\/li>\n<li>Koko ilman jalkaa: 377,8 x 235,9 x 44 mm<\/li>\n<li>Pakkauksen sis\u00e4lt\u00f6: VGA -kaapeli, virtajohto, pikaopas, Micro USB -kaapeli, HDMI-DVI -kaapeli<\/li>\n<li>Takuu: 3 vuoden Onsite SWAP-laitevaihtotakuu<\/li>\n<\/ul>\n<p>Leasing 36 kk.<\/p>","protected":false},"excerpt":{"rendered":"<p>Erityisesti kassak\u00e4ytt\u00f6\u00f6n suunniteltu kosketusn\u00e4ytt\u00f6.<\/p>\n<p>Leasing 36 kk.<\/p>","protected":false},"featured_media":583,"template":"","meta":[],"product_brand":[],"product_cat":[24,51,52],"product_tag":[53,54,47,40,42],"class_list":{"0":"post-548","1":"product","2":"type-product","3":"status-publish","4":"has-post-thumbnail","6":"product_cat-kassalaitteet","7":"product_cat-kassanaytot","8":"product_cat-tietokoneet-ja-laitteet","9":"product_tag-53","10":"product_tag-kassanaytto","11":"product_tag-kosketusnaytto","12":"product_tag-kuukausimaksu","13":"product_tag-leasing","14":"product_shipping_class-yleinen","16":"first","17":"outofstock","18":"featured","19":"taxable","20":"shipping-taxable","21":"purchasable","22":"product-type-simple"},"yoast_head":"<!-- This site is optimized with the Yoast SEO plugin v27.4 - https:\/\/yoast.com\/product\/yoast-seo-wordpress\/ -->\n<title>Kassakosketusn\u00e4ytt\u00f6 15.6&quot; leasing - Shopikassa<\/title>\n<meta name=\"robots\" content=\"index, follow, max-snippet:-1, max-image-preview:large, max-video-preview:-1\" \/>\n<link rel=\"canonical\" href=\"http:\/\/shopikassa.com\/en\/product\/kassakosketusnaytto-15-6-leasing\/\" \/>\n<meta property=\"og:locale\" content=\"en_GB\" \/>\n<meta property=\"og:type\" content=\"article\" \/>\n<meta property=\"og:title\" content=\"Kassakosketusn\u00e4ytt\u00f6 15.6&quot; leasing - Shopikassa\" \/>\n<meta property=\"og:description\" content=\"Erityisesti kassak\u00e4ytt\u00f6\u00f6n suunniteltu kosketusn\u00e4ytt\u00f6.  Leasing 36 kk.\" \/>\n<meta property=\"og:url\" content=\"http:\/\/shopikassa.com\/en\/product\/kassakosketusnaytto-15-6-leasing\/\" \/>\n<meta property=\"og:site_name\" content=\"Shopikassa\" \/>\n<meta property=\"article:modified_time\" content=\"2025-04-17T10:09:02+00:00\" \/>\n<meta property=\"og:image\" content=\"http:\/\/shopikassa.com\/wp-content\/uploads\/2025\/04\/kassakosketusnaytto.png\" \/>\n\t<meta property=\"og:image:width\" content=\"456\" \/>\n\t<meta property=\"og:image:height\" content=\"352\" \/>\n\t<meta property=\"og:image:type\" content=\"image\/png\" \/>\n<meta name=\"twitter:card\" content=\"summary_large_image\" \/>\n<script type=\"application\/ld+json\" class=\"yoast-schema-graph\">{\"@context\":\"https:\\\/\\\/schema.org\",\"@graph\":[{\"@type\":\"WebPage\",\"@id\":\"http:\\\/\\\/shopikassa.com\\\/tuote\\\/kassakosketusnaytto-15-6-leasing\\\/\",\"url\":\"http:\\\/\\\/shopikassa.com\\\/tuote\\\/kassakosketusnaytto-15-6-leasing\\\/\",\"name\":\"Kassakosketusn\u00e4ytt\u00f6 15.6\\\" leasing - Shopikassa\",\"isPartOf\":{\"@id\":\"http:\\\/\\\/shopikassa.com\\\/#website\"},\"primaryImageOfPage\":{\"@id\":\"http:\\\/\\\/shopikassa.com\\\/tuote\\\/kassakosketusnaytto-15-6-leasing\\\/#primaryimage\"},\"image\":{\"@id\":\"http:\\\/\\\/shopikassa.com\\\/tuote\\\/kassakosketusnaytto-15-6-leasing\\\/#primaryimage\"},\"thumbnailUrl\":\"https:\\\/\\\/shopikassa.com\\\/wp-content\\\/uploads\\\/2025\\\/04\\\/kassakosketusnaytto.png\",\"datePublished\":\"2025-04-17T10:08:38+00:00\",\"dateModified\":\"2025-04-17T10:09:02+00:00\",\"breadcrumb\":{\"@id\":\"http:\\\/\\\/shopikassa.com\\\/tuote\\\/kassakosketusnaytto-15-6-leasing\\\/#breadcrumb\"},\"inLanguage\":\"en-GB\",\"potentialAction\":[{\"@type\":\"ReadAction\",\"target\":[\"http:\\\/\\\/shopikassa.com\\\/tuote\\\/kassakosketusnaytto-15-6-leasing\\\/\"]}]},{\"@type\":\"ImageObject\",\"inLanguage\":\"en-GB\",\"@id\":\"http:\\\/\\\/shopikassa.com\\\/tuote\\\/kassakosketusnaytto-15-6-leasing\\\/#primaryimage\",\"url\":\"https:\\\/\\\/shopikassa.com\\\/wp-content\\\/uploads\\\/2025\\\/04\\\/kassakosketusnaytto.png\",\"contentUrl\":\"https:\\\/\\\/shopikassa.com\\\/wp-content\\\/uploads\\\/2025\\\/04\\\/kassakosketusnaytto.png\",\"width\":456,\"height\":352},{\"@type\":\"BreadcrumbList\",\"@id\":\"http:\\\/\\\/shopikassa.com\\\/tuote\\\/kassakosketusnaytto-15-6-leasing\\\/#breadcrumb\",\"itemListElement\":[{\"@type\":\"ListItem\",\"position\":1,\"name\":\"Etusivu\",\"item\":\"https:\\\/\\\/shopikassa.com\\\/\"},{\"@type\":\"ListItem\",\"position\":2,\"name\":\"Kauppa\",\"item\":\"https:\\\/\\\/shopikassa.com\\\/kauppa\\\/\"},{\"@type\":\"ListItem\",\"position\":3,\"name\":\"Kassakosketusn\u00e4ytt\u00f6 15.6&#8243; leasing\"}]},{\"@type\":\"WebSite\",\"@id\":\"http:\\\/\\\/shopikassa.com\\\/#website\",\"url\":\"http:\\\/\\\/shopikassa.com\\\/\",\"name\":\"Shopikassa\",\"description\":\"Vaihtoehtoinen\\\/parempi kassa ja maksup\u00e4\u00e4te Shopifyyn\",\"publisher\":{\"@id\":\"http:\\\/\\\/shopikassa.com\\\/#organization\"},\"potentialAction\":[{\"@type\":\"SearchAction\",\"target\":{\"@type\":\"EntryPoint\",\"urlTemplate\":\"http:\\\/\\\/shopikassa.com\\\/?s={search_term_string}\"},\"query-input\":{\"@type\":\"PropertyValueSpecification\",\"valueRequired\":true,\"valueName\":\"search_term_string\"}}],\"inLanguage\":\"en-GB\"},{\"@type\":\"Organization\",\"@id\":\"http:\\\/\\\/shopikassa.com\\\/#organization\",\"name\":\"Shopikassa\",\"url\":\"http:\\\/\\\/shopikassa.com\\\/\",\"logo\":{\"@type\":\"ImageObject\",\"inLanguage\":\"en-GB\",\"@id\":\"http:\\\/\\\/shopikassa.com\\\/#\\\/schema\\\/logo\\\/image\\\/\",\"url\":\"http:\\\/\\\/shopikassa.com\\\/wp-content\\\/uploads\\\/2025\\\/04\\\/shopikassa-logo.webp\",\"contentUrl\":\"http:\\\/\\\/shopikassa.com\\\/wp-content\\\/uploads\\\/2025\\\/04\\\/shopikassa-logo.webp\",\"width\":445,\"height\":292,\"caption\":\"Shopikassa\"},\"image\":{\"@id\":\"http:\\\/\\\/shopikassa.com\\\/#\\\/schema\\\/logo\\\/image\\\/\"}}]}<\/script>\n<!-- \/ Yoast SEO plugin. -->","yoast_head_json":{"title":"Kassakosketusn\u00e4ytt\u00f6 15.6\" leasing - Shopikassa","robots":{"index":"index","follow":"follow","max-snippet":"max-snippet:-1","max-image-preview":"max-image-preview:large","max-video-preview":"max-video-preview:-1"},"canonical":"http:\/\/shopikassa.com\/en\/product\/kassakosketusnaytto-15-6-leasing\/","og_locale":"en_GB","og_type":"article","og_title":"Kassakosketusn\u00e4ytt\u00f6 15.6\" leasing - Shopikassa","og_description":"Erityisesti kassak\u00e4ytt\u00f6\u00f6n suunniteltu kosketusn\u00e4ytt\u00f6.  Leasing 36 kk.","og_url":"http:\/\/shopikassa.com\/en\/product\/kassakosketusnaytto-15-6-leasing\/","og_site_name":"Shopikassa","article_modified_time":"2025-04-17T10:09:02+00:00","og_image":[{"width":456,"height":352,"url":"http:\/\/shopikassa.com\/wp-content\/uploads\/2025\/04\/kassakosketusnaytto.png","type":"image\/png"}],"twitter_card":"summary_large_image","schema":{"@context":"https:\/\/schema.org","@graph":[{"@type":"WebPage","@id":"http:\/\/shopikassa.com\/tuote\/kassakosketusnaytto-15-6-leasing\/","url":"http:\/\/shopikassa.com\/tuote\/kassakosketusnaytto-15-6-leasing\/","name":"Kassakosketusn\u00e4ytt\u00f6 15.6\" leasing - Shopikassa","isPartOf":{"@id":"http:\/\/shopikassa.com\/#website"},"primaryImageOfPage":{"@id":"http:\/\/shopikassa.com\/tuote\/kassakosketusnaytto-15-6-leasing\/#primaryimage"},"image":{"@id":"http:\/\/shopikassa.com\/tuote\/kassakosketusnaytto-15-6-leasing\/#primaryimage"},"thumbnailUrl":"https:\/\/shopikassa.com\/wp-content\/uploads\/2025\/04\/kassakosketusnaytto.png","datePublished":"2025-04-17T10:08:38+00:00","dateModified":"2025-04-17T10:09:02+00:00","breadcrumb":{"@id":"http:\/\/shopikassa.com\/tuote\/kassakosketusnaytto-15-6-leasing\/#breadcrumb"},"inLanguage":"en-GB","potentialAction":[{"@type":"ReadAction","target":["http:\/\/shopikassa.com\/tuote\/kassakosketusnaytto-15-6-leasing\/"]}]},{"@type":"ImageObject","inLanguage":"en-GB","@id":"http:\/\/shopikassa.com\/tuote\/kassakosketusnaytto-15-6-leasing\/#primaryimage","url":"https:\/\/shopikassa.com\/wp-content\/uploads\/2025\/04\/kassakosketusnaytto.png","contentUrl":"https:\/\/shopikassa.com\/wp-content\/uploads\/2025\/04\/kassakosketusnaytto.png","width":456,"height":352},{"@type":"BreadcrumbList","@id":"http:\/\/shopikassa.com\/tuote\/kassakosketusnaytto-15-6-leasing\/#breadcrumb","itemListElement":[{"@type":"ListItem","position":1,"name":"Etusivu","item":"https:\/\/shopikassa.com\/"},{"@type":"ListItem","position":2,"name":"Kauppa","item":"https:\/\/shopikassa.com\/kauppa\/"},{"@type":"ListItem","position":3,"name":"Kassakosketusn\u00e4ytt\u00f6 15.6&#8243; leasing"}]},{"@type":"WebSite","@id":"http:\/\/shopikassa.com\/#website","url":"http:\/\/shopikassa.com\/","name":"Shopikassa","description":"Vaihtoehtoinen\/parempi kassa ja maksup\u00e4\u00e4te Shopifyyn","publisher":{"@id":"http:\/\/shopikassa.com\/#organization"},"potentialAction":[{"@type":"SearchAction","target":{"@type":"EntryPoint","urlTemplate":"http:\/\/shopikassa.com\/?s={search_term_string}"},"query-input":{"@type":"PropertyValueSpecification","valueRequired":true,"valueName":"search_term_string"}}],"inLanguage":"en-GB"},{"@type":"Organization","@id":"http:\/\/shopikassa.com\/#organization","name":"Shopikassa","url":"http:\/\/shopikassa.com\/","logo":{"@type":"ImageObject","inLanguage":"en-GB","@id":"http:\/\/shopikassa.com\/#\/schema\/logo\/image\/","url":"http:\/\/shopikassa.com\/wp-content\/uploads\/2025\/04\/shopikassa-logo.webp","contentUrl":"http:\/\/shopikassa.com\/wp-content\/uploads\/2025\/04\/shopikassa-logo.webp","width":445,"height":292,"caption":"Shopikassa"},"image":{"@id":"http:\/\/shopikassa.com\/#\/schema\/logo\/image\/"}}]}},"_links":{"self":[{"href":"https:\/\/shopikassa.com\/en\/wp-json\/wp\/v2\/product\/548","targetHints":{"allow":["GET"]}}],"collection":[{"href":"https:\/\/shopikassa.com\/en\/wp-json\/wp\/v2\/product"}],"about":[{"href":"https:\/\/shopikassa.com\/en\/wp-json\/wp\/v2\/types\/product"}],"wp:featuredmedia":[{"embeddable":true,"href":"https:\/\/shopikassa.com\/en\/wp-json\/wp\/v2\/media\/583"}],"wp:attachment":[{"href":"https:\/\/shopikassa.com\/en\/wp-json\/wp\/v2\/media?parent=548"}],"wp:term":[{"taxonomy":"product_brand","embeddable":true,"href":"https:\/\/shopikassa.com\/en\/wp-json\/wp\/v2\/product_brand?post=548"},{"taxonomy":"product_cat","embeddable":true,"href":"https:\/\/shopikassa.com\/en\/wp-json\/wp\/v2\/product_cat?post=548"},{"taxonomy":"product_tag","embeddable":true,"href":"https:\/\/shopikassa.com\/en\/wp-json\/wp\/v2\/product_tag?post=548"}],"curies":[{"name":"wp","href":"https:\/\/api.w.org\/{rel}","templated":true}]}}