{"id":549,"date":"2025-04-17T13:08:39","date_gmt":"2025-04-17T10:08:39","guid":{"rendered":"https:\/\/shopikassa.com\/?post_type=product&#038;p=549"},"modified":"2025-04-17T13:09:02","modified_gmt":"2025-04-17T10:09:02","slug":"kassatyoasema-intel-i5","status":"publish","type":"product","link":"https:\/\/shopikassa.com\/en\/product\/kassatyoasema-intel-i5\/","title":{"rendered":"Kassaty\u00f6asema Intel i5"},"content":{"rendered":"<ul>\n<li class=\"bullet-points__item\">Core i5-6500T, 8 Gt, 256 Gt SSD<\/li>\n<li class=\"bullet-points__item\">3 vuoden onsite-takuu<\/li>\n<li class=\"bullet-points__item\">Pitk\u00e4 elinkaari<\/li>\n<li class=\"bullet-points__item\">P\u00f6lysuoja ja pystyjalusta mukana<\/li>\n<\/ul>\n<p>Leasing 36 kk.<\/p>","protected":false},"excerpt":{"rendered":"<p>Erityisesti kassak\u00e4ytt\u00f6\u00f6n suunniteltu ty\u00f6asema\/p\u00f6yt\u00e4kone tehokkaalla Intel i5 suorittimella ja 256 GT huippunopealla ja luotettavalla SSD kiintolevyll\u00e4.<\/p>\n<p>Leasing 36 kk.<\/p>","protected":false},"featured_media":584,"template":"","meta":[],"product_brand":[],"product_cat":[24,55,52],"product_tag":[56,45,57],"class_list":{"0":"post-549","1":"product","2":"type-product","3":"status-publish","4":"has-post-thumbnail","6":"product_cat-kassalaitteet","7":"product_cat-kassatyoasemat","8":"product_cat-tietokoneet-ja-laitteet","9":"product_tag-i5","10":"product_tag-kassakone","11":"product_tag-tyoasema","12":"product_shipping_class-yleinen","14":"first","15":"instock","16":"featured","17":"taxable","18":"shipping-taxable","19":"purchasable","20":"product-type-simple"},"yoast_head":"<!-- This site is optimized with the Yoast SEO plugin v27.4 - https:\/\/yoast.com\/product\/yoast-seo-wordpress\/ -->\n<title>Kassaty\u00f6asema Intel i5 - Shopikassa<\/title>\n<meta name=\"robots\" content=\"index, follow, max-snippet:-1, max-image-preview:large, max-video-preview:-1\" \/>\n<link rel=\"canonical\" href=\"https:\/\/shopikassa.com\/en\/product\/kassatyoasema-intel-i5\/\" \/>\n<meta property=\"og:locale\" content=\"en_GB\" \/>\n<meta property=\"og:type\" content=\"article\" \/>\n<meta property=\"og:title\" content=\"Kassaty\u00f6asema Intel i5 - Shopikassa\" \/>\n<meta property=\"og:description\" content=\"Erityisesti kassak\u00e4ytt\u00f6\u00f6n suunniteltu ty\u00f6asema\/p\u00f6yt\u00e4kone tehokkaalla Intel i5 suorittimella ja 256 GT huippunopealla ja luotettavalla SSD kiintolevyll\u00e4.  Leasing 36 kk.\" \/>\n<meta property=\"og:url\" content=\"https:\/\/shopikassa.com\/en\/product\/kassatyoasema-intel-i5\/\" \/>\n<meta property=\"og:site_name\" content=\"Shopikassa\" \/>\n<meta property=\"article:modified_time\" content=\"2025-04-17T10:09:02+00:00\" \/>\n<meta property=\"og:image\" content=\"https:\/\/shopikassa.com\/wp-content\/uploads\/2025\/04\/kassatyoasema.png\" \/>\n\t<meta property=\"og:image:width\" content=\"289\" \/>\n\t<meta property=\"og:image:height\" content=\"640\" \/>\n\t<meta property=\"og:image:type\" content=\"image\/png\" \/>\n<meta name=\"twitter:card\" content=\"summary_large_image\" \/>\n<script type=\"application\/ld+json\" class=\"yoast-schema-graph\">{\"@context\":\"https:\\\/\\\/schema.org\",\"@graph\":[{\"@type\":\"WebPage\",\"@id\":\"https:\\\/\\\/shopikassa.com\\\/tuote\\\/kassatyoasema-intel-i5\\\/\",\"url\":\"https:\\\/\\\/shopikassa.com\\\/tuote\\\/kassatyoasema-intel-i5\\\/\",\"name\":\"Kassaty\u00f6asema Intel i5 - Shopikassa\",\"isPartOf\":{\"@id\":\"http:\\\/\\\/shopikassa.com\\\/#website\"},\"primaryImageOfPage\":{\"@id\":\"https:\\\/\\\/shopikassa.com\\\/tuote\\\/kassatyoasema-intel-i5\\\/#primaryimage\"},\"image\":{\"@id\":\"https:\\\/\\\/shopikassa.com\\\/tuote\\\/kassatyoasema-intel-i5\\\/#primaryimage\"},\"thumbnailUrl\":\"https:\\\/\\\/shopikassa.com\\\/wp-content\\\/uploads\\\/2025\\\/04\\\/kassatyoasema.png\",\"datePublished\":\"2025-04-17T10:08:39+00:00\",\"dateModified\":\"2025-04-17T10:09:02+00:00\",\"breadcrumb\":{\"@id\":\"https:\\\/\\\/shopikassa.com\\\/tuote\\\/kassatyoasema-intel-i5\\\/#breadcrumb\"},\"inLanguage\":\"en-GB\",\"potentialAction\":[{\"@type\":\"ReadAction\",\"target\":[\"https:\\\/\\\/shopikassa.com\\\/tuote\\\/kassatyoasema-intel-i5\\\/\"]}]},{\"@type\":\"ImageObject\",\"inLanguage\":\"en-GB\",\"@id\":\"https:\\\/\\\/shopikassa.com\\\/tuote\\\/kassatyoasema-intel-i5\\\/#primaryimage\",\"url\":\"https:\\\/\\\/shopikassa.com\\\/wp-content\\\/uploads\\\/2025\\\/04\\\/kassatyoasema.png\",\"contentUrl\":\"https:\\\/\\\/shopikassa.com\\\/wp-content\\\/uploads\\\/2025\\\/04\\\/kassatyoasema.png\",\"width\":289,\"height\":640},{\"@type\":\"BreadcrumbList\",\"@id\":\"https:\\\/\\\/shopikassa.com\\\/tuote\\\/kassatyoasema-intel-i5\\\/#breadcrumb\",\"itemListElement\":[{\"@type\":\"ListItem\",\"position\":1,\"name\":\"Etusivu\",\"item\":\"https:\\\/\\\/shopikassa.com\\\/\"},{\"@type\":\"ListItem\",\"position\":2,\"name\":\"Kauppa\",\"item\":\"https:\\\/\\\/shopikassa.com\\\/kauppa\\\/\"},{\"@type\":\"ListItem\",\"position\":3,\"name\":\"Kassaty\u00f6asema Intel i5\"}]},{\"@type\":\"WebSite\",\"@id\":\"http:\\\/\\\/shopikassa.com\\\/#website\",\"url\":\"http:\\\/\\\/shopikassa.com\\\/\",\"name\":\"Shopikassa\",\"description\":\"Vaihtoehtoinen\\\/parempi kassa ja maksup\u00e4\u00e4te Shopifyyn\",\"publisher\":{\"@id\":\"http:\\\/\\\/shopikassa.com\\\/#organization\"},\"potentialAction\":[{\"@type\":\"SearchAction\",\"target\":{\"@type\":\"EntryPoint\",\"urlTemplate\":\"http:\\\/\\\/shopikassa.com\\\/?s={search_term_string}\"},\"query-input\":{\"@type\":\"PropertyValueSpecification\",\"valueRequired\":true,\"valueName\":\"search_term_string\"}}],\"inLanguage\":\"en-GB\"},{\"@type\":\"Organization\",\"@id\":\"http:\\\/\\\/shopikassa.com\\\/#organization\",\"name\":\"Shopikassa\",\"url\":\"http:\\\/\\\/shopikassa.com\\\/\",\"logo\":{\"@type\":\"ImageObject\",\"inLanguage\":\"en-GB\",\"@id\":\"http:\\\/\\\/shopikassa.com\\\/#\\\/schema\\\/logo\\\/image\\\/\",\"url\":\"http:\\\/\\\/shopikassa.com\\\/wp-content\\\/uploads\\\/2025\\\/04\\\/shopikassa-logo.webp\",\"contentUrl\":\"http:\\\/\\\/shopikassa.com\\\/wp-content\\\/uploads\\\/2025\\\/04\\\/shopikassa-logo.webp\",\"width\":445,\"height\":292,\"caption\":\"Shopikassa\"},\"image\":{\"@id\":\"http:\\\/\\\/shopikassa.com\\\/#\\\/schema\\\/logo\\\/image\\\/\"}}]}<\/script>\n<!-- \/ Yoast SEO plugin. -->","yoast_head_json":{"title":"Kassaty\u00f6asema Intel i5 - Shopikassa","robots":{"index":"index","follow":"follow","max-snippet":"max-snippet:-1","max-image-preview":"max-image-preview:large","max-video-preview":"max-video-preview:-1"},"canonical":"https:\/\/shopikassa.com\/en\/product\/kassatyoasema-intel-i5\/","og_locale":"en_GB","og_type":"article","og_title":"Kassaty\u00f6asema Intel i5 - Shopikassa","og_description":"Erityisesti kassak\u00e4ytt\u00f6\u00f6n suunniteltu ty\u00f6asema\/p\u00f6yt\u00e4kone tehokkaalla Intel i5 suorittimella ja 256 GT huippunopealla ja luotettavalla SSD kiintolevyll\u00e4.  Leasing 36 kk.","og_url":"https:\/\/shopikassa.com\/en\/product\/kassatyoasema-intel-i5\/","og_site_name":"Shopikassa","article_modified_time":"2025-04-17T10:09:02+00:00","og_image":[{"width":289,"height":640,"url":"https:\/\/shopikassa.com\/wp-content\/uploads\/2025\/04\/kassatyoasema.png","type":"image\/png"}],"twitter_card":"summary_large_image","schema":{"@context":"https:\/\/schema.org","@graph":[{"@type":"WebPage","@id":"https:\/\/shopikassa.com\/tuote\/kassatyoasema-intel-i5\/","url":"https:\/\/shopikassa.com\/tuote\/kassatyoasema-intel-i5\/","name":"Kassaty\u00f6asema Intel i5 - Shopikassa","isPartOf":{"@id":"http:\/\/shopikassa.com\/#website"},"primaryImageOfPage":{"@id":"https:\/\/shopikassa.com\/tuote\/kassatyoasema-intel-i5\/#primaryimage"},"image":{"@id":"https:\/\/shopikassa.com\/tuote\/kassatyoasema-intel-i5\/#primaryimage"},"thumbnailUrl":"https:\/\/shopikassa.com\/wp-content\/uploads\/2025\/04\/kassatyoasema.png","datePublished":"2025-04-17T10:08:39+00:00","dateModified":"2025-04-17T10:09:02+00:00","breadcrumb":{"@id":"https:\/\/shopikassa.com\/tuote\/kassatyoasema-intel-i5\/#breadcrumb"},"inLanguage":"en-GB","potentialAction":[{"@type":"ReadAction","target":["https:\/\/shopikassa.com\/tuote\/kassatyoasema-intel-i5\/"]}]},{"@type":"ImageObject","inLanguage":"en-GB","@id":"https:\/\/shopikassa.com\/tuote\/kassatyoasema-intel-i5\/#primaryimage","url":"https:\/\/shopikassa.com\/wp-content\/uploads\/2025\/04\/kassatyoasema.png","contentUrl":"https:\/\/shopikassa.com\/wp-content\/uploads\/2025\/04\/kassatyoasema.png","width":289,"height":640},{"@type":"BreadcrumbList","@id":"https:\/\/shopikassa.com\/tuote\/kassatyoasema-intel-i5\/#breadcrumb","itemListElement":[{"@type":"ListItem","position":1,"name":"Etusivu","item":"https:\/\/shopikassa.com\/"},{"@type":"ListItem","position":2,"name":"Kauppa","item":"https:\/\/shopikassa.com\/kauppa\/"},{"@type":"ListItem","position":3,"name":"Kassaty\u00f6asema Intel i5"}]},{"@type":"WebSite","@id":"http:\/\/shopikassa.com\/#website","url":"http:\/\/shopikassa.com\/","name":"Shopikassa","description":"Vaihtoehtoinen\/parempi kassa ja maksup\u00e4\u00e4te Shopifyyn","publisher":{"@id":"http:\/\/shopikassa.com\/#organization"},"potentialAction":[{"@type":"SearchAction","target":{"@type":"EntryPoint","urlTemplate":"http:\/\/shopikassa.com\/?s={search_term_string}"},"query-input":{"@type":"PropertyValueSpecification","valueRequired":true,"valueName":"search_term_string"}}],"inLanguage":"en-GB"},{"@type":"Organization","@id":"http:\/\/shopikassa.com\/#organization","name":"Shopikassa","url":"http:\/\/shopikassa.com\/","logo":{"@type":"ImageObject","inLanguage":"en-GB","@id":"http:\/\/shopikassa.com\/#\/schema\/logo\/image\/","url":"http:\/\/shopikassa.com\/wp-content\/uploads\/2025\/04\/shopikassa-logo.webp","contentUrl":"http:\/\/shopikassa.com\/wp-content\/uploads\/2025\/04\/shopikassa-logo.webp","width":445,"height":292,"caption":"Shopikassa"},"image":{"@id":"http:\/\/shopikassa.com\/#\/schema\/logo\/image\/"}}]}},"_links":{"self":[{"href":"https:\/\/shopikassa.com\/en\/wp-json\/wp\/v2\/product\/549","targetHints":{"allow":["GET"]}}],"collection":[{"href":"https:\/\/shopikassa.com\/en\/wp-json\/wp\/v2\/product"}],"about":[{"href":"https:\/\/shopikassa.com\/en\/wp-json\/wp\/v2\/types\/product"}],"wp:featuredmedia":[{"embeddable":true,"href":"https:\/\/shopikassa.com\/en\/wp-json\/wp\/v2\/media\/584"}],"wp:attachment":[{"href":"https:\/\/shopikassa.com\/en\/wp-json\/wp\/v2\/media?parent=549"}],"wp:term":[{"taxonomy":"product_brand","embeddable":true,"href":"https:\/\/shopikassa.com\/en\/wp-json\/wp\/v2\/product_brand?post=549"},{"taxonomy":"product_cat","embeddable":true,"href":"https:\/\/shopikassa.com\/en\/wp-json\/wp\/v2\/product_cat?post=549"},{"taxonomy":"product_tag","embeddable":true,"href":"https:\/\/shopikassa.com\/en\/wp-json\/wp\/v2\/product_tag?post=549"}],"curies":[{"name":"wp","href":"https:\/\/api.w.org\/{rel}","templated":true}]}}