{"id":553,"date":"2025-04-17T13:08:43","date_gmt":"2025-04-17T10:08:43","guid":{"rendered":"https:\/\/shopikassa.com\/?post_type=product&#038;p=553"},"modified":"2025-04-17T13:09:03","modified_gmt":"2025-04-17T10:09:03","slug":"kassalappari-intel-i5-leasing","status":"publish","type":"product","link":"https:\/\/shopikassa.com\/en\/product\/kassalappari-intel-i5-leasing\/","title":{"rendered":"Kassal\u00e4pp\u00e4ri Intel i5 leasing"},"content":{"rendered":"<ul>\n<li class=\"bullet-points__item\">15,6&#8243; n\u00e4ytt\u00f6<\/li>\n<li>Intel i5 suoritin<\/li>\n<li>8 GT RAM muisti<\/li>\n<li>256 GT SSD kiintolevy<\/li>\n<\/ul>\n<p>Leasing 36 kk.<\/p>\n<p>Verkkokaupasta tehty tilaus on leasing sopimuksen ensimm\u00e4inen er\u00e4, joka on huomioitu hinnassa.<\/p>","protected":false},"excerpt":{"rendered":"<p>Erityisesti kassak\u00e4ytt\u00f6\u00f6n suunniteltu l\u00e4pp\u00e4ri tehokkaalla Intel i5 suorittimella ja 256 GT huippunopealla ja luotettavalla SSD kiintolevyll\u00e4.<\/p>\n<p>Leasing 36 kk.<\/p>\n<p>Verkkokaupasta tehty tilaus on leasing sopimuksen ensimm\u00e4inen er\u00e4, joka on huomioitu hinnassa.<\/p>","protected":false},"featured_media":586,"template":"","meta":[],"product_brand":[],"product_cat":[24,58,52],"product_tag":[59,60,40,61,42],"class_list":{"0":"post-553","1":"product","2":"type-product","3":"status-publish","4":"has-post-thumbnail","6":"product_cat-kassalaitteet","7":"product_cat-kassalapparit","8":"product_cat-tietokoneet-ja-laitteet","9":"product_tag-kannettava","10":"product_tag-kassa","11":"product_tag-kuukausimaksu","12":"product_tag-lappari-15","13":"product_tag-leasing","14":"product_shipping_class-yleinen","16":"first","17":"instock","18":"featured","19":"taxable","20":"shipping-taxable","21":"purchasable","22":"product-type-simple"},"yoast_head":"<!-- This site is optimized with the Yoast SEO plugin v27.4 - https:\/\/yoast.com\/product\/yoast-seo-wordpress\/ -->\n<title>Kassal\u00e4pp\u00e4ri Intel i5 leasing - Shopikassa<\/title>\n<meta name=\"robots\" content=\"index, follow, max-snippet:-1, max-image-preview:large, max-video-preview:-1\" \/>\n<link rel=\"canonical\" href=\"http:\/\/shopikassa.com\/en\/product\/kassalappari-intel-i5-leasing\/\" \/>\n<meta property=\"og:locale\" content=\"en_GB\" \/>\n<meta property=\"og:type\" content=\"article\" \/>\n<meta property=\"og:title\" content=\"Kassal\u00e4pp\u00e4ri Intel i5 leasing - Shopikassa\" \/>\n<meta property=\"og:description\" content=\"Erityisesti kassak\u00e4ytt\u00f6\u00f6n suunniteltu l\u00e4pp\u00e4ri tehokkaalla Intel i5 suorittimella ja 256 GT huippunopealla ja luotettavalla SSD kiintolevyll\u00e4.  Leasing 36 kk.  Verkkokaupasta tehty tilaus on leasing sopimuksen ensimm\u00e4inen er\u00e4, joka on huomioitu hinnassa.\" \/>\n<meta property=\"og:url\" content=\"http:\/\/shopikassa.com\/en\/product\/kassalappari-intel-i5-leasing\/\" \/>\n<meta property=\"og:site_name\" content=\"Shopikassa\" \/>\n<meta property=\"article:modified_time\" content=\"2025-04-17T10:09:03+00:00\" \/>\n<meta property=\"og:image\" content=\"http:\/\/shopikassa.com\/wp-content\/uploads\/2025\/04\/kassalappari.png\" \/>\n\t<meta property=\"og:image:width\" content=\"960\" \/>\n\t<meta property=\"og:image:height\" content=\"552\" \/>\n\t<meta property=\"og:image:type\" content=\"image\/png\" \/>\n<meta name=\"twitter:card\" content=\"summary_large_image\" \/>\n<script type=\"application\/ld+json\" class=\"yoast-schema-graph\">{\"@context\":\"https:\\\/\\\/schema.org\",\"@graph\":[{\"@type\":\"WebPage\",\"@id\":\"http:\\\/\\\/shopikassa.com\\\/tuote\\\/kassalappari-intel-i5-leasing\\\/\",\"url\":\"http:\\\/\\\/shopikassa.com\\\/tuote\\\/kassalappari-intel-i5-leasing\\\/\",\"name\":\"Kassal\u00e4pp\u00e4ri Intel i5 leasing - Shopikassa\",\"isPartOf\":{\"@id\":\"http:\\\/\\\/shopikassa.com\\\/#website\"},\"primaryImageOfPage\":{\"@id\":\"http:\\\/\\\/shopikassa.com\\\/tuote\\\/kassalappari-intel-i5-leasing\\\/#primaryimage\"},\"image\":{\"@id\":\"http:\\\/\\\/shopikassa.com\\\/tuote\\\/kassalappari-intel-i5-leasing\\\/#primaryimage\"},\"thumbnailUrl\":\"https:\\\/\\\/shopikassa.com\\\/wp-content\\\/uploads\\\/2025\\\/04\\\/kassalappari.png\",\"datePublished\":\"2025-04-17T10:08:43+00:00\",\"dateModified\":\"2025-04-17T10:09:03+00:00\",\"breadcrumb\":{\"@id\":\"http:\\\/\\\/shopikassa.com\\\/tuote\\\/kassalappari-intel-i5-leasing\\\/#breadcrumb\"},\"inLanguage\":\"en-GB\",\"potentialAction\":[{\"@type\":\"ReadAction\",\"target\":[\"http:\\\/\\\/shopikassa.com\\\/tuote\\\/kassalappari-intel-i5-leasing\\\/\"]}]},{\"@type\":\"ImageObject\",\"inLanguage\":\"en-GB\",\"@id\":\"http:\\\/\\\/shopikassa.com\\\/tuote\\\/kassalappari-intel-i5-leasing\\\/#primaryimage\",\"url\":\"https:\\\/\\\/shopikassa.com\\\/wp-content\\\/uploads\\\/2025\\\/04\\\/kassalappari.png\",\"contentUrl\":\"https:\\\/\\\/shopikassa.com\\\/wp-content\\\/uploads\\\/2025\\\/04\\\/kassalappari.png\",\"width\":960,\"height\":552},{\"@type\":\"BreadcrumbList\",\"@id\":\"http:\\\/\\\/shopikassa.com\\\/tuote\\\/kassalappari-intel-i5-leasing\\\/#breadcrumb\",\"itemListElement\":[{\"@type\":\"ListItem\",\"position\":1,\"name\":\"Etusivu\",\"item\":\"https:\\\/\\\/shopikassa.com\\\/\"},{\"@type\":\"ListItem\",\"position\":2,\"name\":\"Kauppa\",\"item\":\"https:\\\/\\\/shopikassa.com\\\/kauppa\\\/\"},{\"@type\":\"ListItem\",\"position\":3,\"name\":\"Kassal\u00e4pp\u00e4ri Intel i5 leasing\"}]},{\"@type\":\"WebSite\",\"@id\":\"http:\\\/\\\/shopikassa.com\\\/#website\",\"url\":\"http:\\\/\\\/shopikassa.com\\\/\",\"name\":\"Shopikassa\",\"description\":\"Vaihtoehtoinen\\\/parempi kassa ja maksup\u00e4\u00e4te Shopifyyn\",\"publisher\":{\"@id\":\"http:\\\/\\\/shopikassa.com\\\/#organization\"},\"potentialAction\":[{\"@type\":\"SearchAction\",\"target\":{\"@type\":\"EntryPoint\",\"urlTemplate\":\"http:\\\/\\\/shopikassa.com\\\/?s={search_term_string}\"},\"query-input\":{\"@type\":\"PropertyValueSpecification\",\"valueRequired\":true,\"valueName\":\"search_term_string\"}}],\"inLanguage\":\"en-GB\"},{\"@type\":\"Organization\",\"@id\":\"http:\\\/\\\/shopikassa.com\\\/#organization\",\"name\":\"Shopikassa\",\"url\":\"http:\\\/\\\/shopikassa.com\\\/\",\"logo\":{\"@type\":\"ImageObject\",\"inLanguage\":\"en-GB\",\"@id\":\"http:\\\/\\\/shopikassa.com\\\/#\\\/schema\\\/logo\\\/image\\\/\",\"url\":\"http:\\\/\\\/shopikassa.com\\\/wp-content\\\/uploads\\\/2025\\\/04\\\/shopikassa-logo.webp\",\"contentUrl\":\"http:\\\/\\\/shopikassa.com\\\/wp-content\\\/uploads\\\/2025\\\/04\\\/shopikassa-logo.webp\",\"width\":445,\"height\":292,\"caption\":\"Shopikassa\"},\"image\":{\"@id\":\"http:\\\/\\\/shopikassa.com\\\/#\\\/schema\\\/logo\\\/image\\\/\"}}]}<\/script>\n<!-- \/ Yoast SEO plugin. -->","yoast_head_json":{"title":"Kassal\u00e4pp\u00e4ri Intel i5 leasing - Shopikassa","robots":{"index":"index","follow":"follow","max-snippet":"max-snippet:-1","max-image-preview":"max-image-preview:large","max-video-preview":"max-video-preview:-1"},"canonical":"http:\/\/shopikassa.com\/en\/product\/kassalappari-intel-i5-leasing\/","og_locale":"en_GB","og_type":"article","og_title":"Kassal\u00e4pp\u00e4ri Intel i5 leasing - Shopikassa","og_description":"Erityisesti kassak\u00e4ytt\u00f6\u00f6n suunniteltu l\u00e4pp\u00e4ri tehokkaalla Intel i5 suorittimella ja 256 GT huippunopealla ja luotettavalla SSD kiintolevyll\u00e4.  Leasing 36 kk.  Verkkokaupasta tehty tilaus on leasing sopimuksen ensimm\u00e4inen er\u00e4, joka on huomioitu hinnassa.","og_url":"http:\/\/shopikassa.com\/en\/product\/kassalappari-intel-i5-leasing\/","og_site_name":"Shopikassa","article_modified_time":"2025-04-17T10:09:03+00:00","og_image":[{"width":960,"height":552,"url":"http:\/\/shopikassa.com\/wp-content\/uploads\/2025\/04\/kassalappari.png","type":"image\/png"}],"twitter_card":"summary_large_image","schema":{"@context":"https:\/\/schema.org","@graph":[{"@type":"WebPage","@id":"http:\/\/shopikassa.com\/tuote\/kassalappari-intel-i5-leasing\/","url":"http:\/\/shopikassa.com\/tuote\/kassalappari-intel-i5-leasing\/","name":"Kassal\u00e4pp\u00e4ri Intel i5 leasing - Shopikassa","isPartOf":{"@id":"http:\/\/shopikassa.com\/#website"},"primaryImageOfPage":{"@id":"http:\/\/shopikassa.com\/tuote\/kassalappari-intel-i5-leasing\/#primaryimage"},"image":{"@id":"http:\/\/shopikassa.com\/tuote\/kassalappari-intel-i5-leasing\/#primaryimage"},"thumbnailUrl":"https:\/\/shopikassa.com\/wp-content\/uploads\/2025\/04\/kassalappari.png","datePublished":"2025-04-17T10:08:43+00:00","dateModified":"2025-04-17T10:09:03+00:00","breadcrumb":{"@id":"http:\/\/shopikassa.com\/tuote\/kassalappari-intel-i5-leasing\/#breadcrumb"},"inLanguage":"en-GB","potentialAction":[{"@type":"ReadAction","target":["http:\/\/shopikassa.com\/tuote\/kassalappari-intel-i5-leasing\/"]}]},{"@type":"ImageObject","inLanguage":"en-GB","@id":"http:\/\/shopikassa.com\/tuote\/kassalappari-intel-i5-leasing\/#primaryimage","url":"https:\/\/shopikassa.com\/wp-content\/uploads\/2025\/04\/kassalappari.png","contentUrl":"https:\/\/shopikassa.com\/wp-content\/uploads\/2025\/04\/kassalappari.png","width":960,"height":552},{"@type":"BreadcrumbList","@id":"http:\/\/shopikassa.com\/tuote\/kassalappari-intel-i5-leasing\/#breadcrumb","itemListElement":[{"@type":"ListItem","position":1,"name":"Etusivu","item":"https:\/\/shopikassa.com\/"},{"@type":"ListItem","position":2,"name":"Kauppa","item":"https:\/\/shopikassa.com\/kauppa\/"},{"@type":"ListItem","position":3,"name":"Kassal\u00e4pp\u00e4ri Intel i5 leasing"}]},{"@type":"WebSite","@id":"http:\/\/shopikassa.com\/#website","url":"http:\/\/shopikassa.com\/","name":"Shopikassa","description":"Vaihtoehtoinen\/parempi kassa ja maksup\u00e4\u00e4te Shopifyyn","publisher":{"@id":"http:\/\/shopikassa.com\/#organization"},"potentialAction":[{"@type":"SearchAction","target":{"@type":"EntryPoint","urlTemplate":"http:\/\/shopikassa.com\/?s={search_term_string}"},"query-input":{"@type":"PropertyValueSpecification","valueRequired":true,"valueName":"search_term_string"}}],"inLanguage":"en-GB"},{"@type":"Organization","@id":"http:\/\/shopikassa.com\/#organization","name":"Shopikassa","url":"http:\/\/shopikassa.com\/","logo":{"@type":"ImageObject","inLanguage":"en-GB","@id":"http:\/\/shopikassa.com\/#\/schema\/logo\/image\/","url":"http:\/\/shopikassa.com\/wp-content\/uploads\/2025\/04\/shopikassa-logo.webp","contentUrl":"http:\/\/shopikassa.com\/wp-content\/uploads\/2025\/04\/shopikassa-logo.webp","width":445,"height":292,"caption":"Shopikassa"},"image":{"@id":"http:\/\/shopikassa.com\/#\/schema\/logo\/image\/"}}]}},"_links":{"self":[{"href":"https:\/\/shopikassa.com\/en\/wp-json\/wp\/v2\/product\/553","targetHints":{"allow":["GET"]}}],"collection":[{"href":"https:\/\/shopikassa.com\/en\/wp-json\/wp\/v2\/product"}],"about":[{"href":"https:\/\/shopikassa.com\/en\/wp-json\/wp\/v2\/types\/product"}],"wp:featuredmedia":[{"embeddable":true,"href":"https:\/\/shopikassa.com\/en\/wp-json\/wp\/v2\/media\/586"}],"wp:attachment":[{"href":"https:\/\/shopikassa.com\/en\/wp-json\/wp\/v2\/media?parent=553"}],"wp:term":[{"taxonomy":"product_brand","embeddable":true,"href":"https:\/\/shopikassa.com\/en\/wp-json\/wp\/v2\/product_brand?post=553"},{"taxonomy":"product_cat","embeddable":true,"href":"https:\/\/shopikassa.com\/en\/wp-json\/wp\/v2\/product_cat?post=553"},{"taxonomy":"product_tag","embeddable":true,"href":"https:\/\/shopikassa.com\/en\/wp-json\/wp\/v2\/product_tag?post=553"}],"curies":[{"name":"wp","href":"https:\/\/api.w.org\/{rel}","templated":true}]}}