{"id":554,"date":"2025-04-17T13:08:44","date_gmt":"2025-04-17T10:08:44","guid":{"rendered":"https:\/\/shopikassa.com\/?post_type=product&#038;p=554"},"modified":"2025-04-17T13:09:03","modified_gmt":"2025-04-17T10:09:03","slug":"kassakosketusnaytto-215-leasing","status":"publish","type":"product","link":"https:\/\/shopikassa.com\/en\/product\/kassakosketusnaytto-215-leasing\/","title":{"rendered":"Kassakosketusn\u00e4ytt\u00f6 21,5&#8243; leasing"},"content":{"rendered":"<ul>\n<li>Paneelin koko: 21,5&#8243; (54,6 cm) Wide Screen (16:9)<\/li>\n<li>Paneelityyppi \/ taustavalaisu: IPS, WLED-taustavalaisu<\/li>\n<li>N\u00e4yt\u00f6n pinta: Glare, 7H kovuusluokitus<\/li>\n<li>V\u00e4rikyll\u00e4isyys: 72% NTSC<\/li>\n<li>Resoluutio: 1920 x 1080<\/li>\n<li>Kirkkaus (maks.): 250 cd\/m2<\/li>\n<li>Kontrastisuhde (maks.): 1000:1<\/li>\n<li>Katselukulmat (CR&gt;\/=10): 178\u00b0(H) \/ 178\u00b0(V)<\/li>\n<li>V\u00e4rit: 16,7 miljoonaa<\/li>\n<li>Vasteaika: 5ms<\/li>\n<li>Kosketusn\u00e4ytt\u00f6: Kyll\u00e4 \/ kapasitiivinen 10-pisteen monikosketus<\/li>\n<li>Framless design: Kyll\u00e4, 3 sivun<\/li>\n<li>Flicker-free: Kyll\u00e4<\/li>\n<li>Blue Light Filter: Kyll\u00e4<\/li>\n<li>SplendidPlus Video Intelligence -teknologia: Kyll\u00f6<\/li>\n<li>Ihons\u00e4vyn valinta: 3 tilaa<\/li>\n<li>V\u00e4ril\u00e4mp\u00f6tilan valinta: 4 tilaa (Cool \/ Normal \/ Warm \/ User)<\/li>\n<li>HDCP: Kyll\u00e4<\/li>\n<li>QuickFit: Kyll\u00e4 (Alignment Grid \/ Photo)<\/li>\n<li>Stereokaiuttimet: 2 x 1.5W stereo (RMS)<\/li>\n<li>Liit\u00e4nn\u00e4t: HDMI, VGA, Audiotulo, USB 2.0 -portti (kosketussignaalia varten)<\/li>\n<li>Analoginen signaalitaajuus: 30~83 KHz(H) \/ 50~75 Hz(V)<\/li>\n<li>Digitaalinen signaalitaajuus: 30~83 KHz(H)\/ 50~75 Hz(V)<\/li>\n<li>Rungon v\u00e4ri: Musta<\/li>\n<li>Kallistus: +20\u00b0 ~ -5\u00b0<\/li>\n<li>VESA-sein\u00e4kiinnitys: 100&#215;100 mm<\/li>\n<li>Turvallisuus: Kensington-lukkopaikka<\/li>\n<li>Mitat jalustalla (LxKxS): 491,5 x 367,7 x 204,4 mm<\/li>\n<li>Mitat ilman jalustaa (LxKxS): 491,5 x 300,1 x 51,9 mm<\/li>\n<li>Paino jalustalla: 3,83 kg<\/li>\n<li>Paino ilman jalustaa: 3,18 kg<\/li>\n<li>Takuu: 3 vuoden Onsite SWAP-laitevaihtotakuu<\/li>\n<\/ul>\n<p>Leasing 36 kk.<\/p>","protected":false},"excerpt":{"rendered":"<p>Erityisesti kassak\u00e4ytt\u00f6\u00f6n suunniteltu kosketusn\u00e4ytt\u00f6.<\/p>\n<p>Leasing 36 kk.<\/p>","protected":false},"featured_media":583,"template":"","meta":[],"product_brand":[],"product_cat":[24,51,52],"product_tag":[60,47,40,42],"class_list":{"0":"post-554","1":"product","2":"type-product","3":"status-publish","4":"has-post-thumbnail","6":"product_cat-kassalaitteet","7":"product_cat-kassanaytot","8":"product_cat-tietokoneet-ja-laitteet","9":"product_tag-kassa","10":"product_tag-kosketusnaytto","11":"product_tag-kuukausimaksu","12":"product_tag-leasing","13":"product_shipping_class-yleinen","15":"first","16":"instock","17":"featured","18":"taxable","19":"shipping-taxable","20":"purchasable","21":"product-type-simple"},"yoast_head":"<!-- This site is optimized with the Yoast SEO plugin v27.4 - https:\/\/yoast.com\/product\/yoast-seo-wordpress\/ -->\n<title>Kassakosketusn\u00e4ytt\u00f6 21,5&quot; leasing - Shopikassa<\/title>\n<meta name=\"robots\" content=\"index, follow, max-snippet:-1, max-image-preview:large, max-video-preview:-1\" \/>\n<link rel=\"canonical\" href=\"http:\/\/shopikassa.com\/en\/product\/kassakosketusnaytto-215-leasing\/\" \/>\n<meta property=\"og:locale\" content=\"en_GB\" \/>\n<meta property=\"og:type\" content=\"article\" \/>\n<meta property=\"og:title\" content=\"Kassakosketusn\u00e4ytt\u00f6 21,5&quot; leasing - Shopikassa\" \/>\n<meta property=\"og:description\" content=\"Erityisesti kassak\u00e4ytt\u00f6\u00f6n suunniteltu kosketusn\u00e4ytt\u00f6.  Leasing 36 kk.\" \/>\n<meta property=\"og:url\" content=\"http:\/\/shopikassa.com\/en\/product\/kassakosketusnaytto-215-leasing\/\" \/>\n<meta property=\"og:site_name\" content=\"Shopikassa\" \/>\n<meta property=\"article:modified_time\" content=\"2025-04-17T10:09:03+00:00\" \/>\n<meta property=\"og:image\" content=\"http:\/\/shopikassa.com\/wp-content\/uploads\/2025\/04\/kassakosketusnaytto.png\" \/>\n\t<meta property=\"og:image:width\" content=\"456\" \/>\n\t<meta property=\"og:image:height\" content=\"352\" \/>\n\t<meta property=\"og:image:type\" content=\"image\/png\" \/>\n<meta name=\"twitter:card\" content=\"summary_large_image\" \/>\n<meta name=\"twitter:label1\" content=\"Estimated reading time\" \/>\n\t<meta name=\"twitter:data1\" content=\"1 minute\" \/>\n<script type=\"application\/ld+json\" class=\"yoast-schema-graph\">{\"@context\":\"https:\\\/\\\/schema.org\",\"@graph\":[{\"@type\":\"WebPage\",\"@id\":\"http:\\\/\\\/shopikassa.com\\\/tuote\\\/kassakosketusnaytto-215-leasing\\\/\",\"url\":\"http:\\\/\\\/shopikassa.com\\\/tuote\\\/kassakosketusnaytto-215-leasing\\\/\",\"name\":\"Kassakosketusn\u00e4ytt\u00f6 21,5\\\" leasing - Shopikassa\",\"isPartOf\":{\"@id\":\"http:\\\/\\\/shopikassa.com\\\/#website\"},\"primaryImageOfPage\":{\"@id\":\"http:\\\/\\\/shopikassa.com\\\/tuote\\\/kassakosketusnaytto-215-leasing\\\/#primaryimage\"},\"image\":{\"@id\":\"http:\\\/\\\/shopikassa.com\\\/tuote\\\/kassakosketusnaytto-215-leasing\\\/#primaryimage\"},\"thumbnailUrl\":\"https:\\\/\\\/shopikassa.com\\\/wp-content\\\/uploads\\\/2025\\\/04\\\/kassakosketusnaytto.png\",\"datePublished\":\"2025-04-17T10:08:44+00:00\",\"dateModified\":\"2025-04-17T10:09:03+00:00\",\"breadcrumb\":{\"@id\":\"http:\\\/\\\/shopikassa.com\\\/tuote\\\/kassakosketusnaytto-215-leasing\\\/#breadcrumb\"},\"inLanguage\":\"en-GB\",\"potentialAction\":[{\"@type\":\"ReadAction\",\"target\":[\"http:\\\/\\\/shopikassa.com\\\/tuote\\\/kassakosketusnaytto-215-leasing\\\/\"]}]},{\"@type\":\"ImageObject\",\"inLanguage\":\"en-GB\",\"@id\":\"http:\\\/\\\/shopikassa.com\\\/tuote\\\/kassakosketusnaytto-215-leasing\\\/#primaryimage\",\"url\":\"https:\\\/\\\/shopikassa.com\\\/wp-content\\\/uploads\\\/2025\\\/04\\\/kassakosketusnaytto.png\",\"contentUrl\":\"https:\\\/\\\/shopikassa.com\\\/wp-content\\\/uploads\\\/2025\\\/04\\\/kassakosketusnaytto.png\",\"width\":456,\"height\":352},{\"@type\":\"BreadcrumbList\",\"@id\":\"http:\\\/\\\/shopikassa.com\\\/tuote\\\/kassakosketusnaytto-215-leasing\\\/#breadcrumb\",\"itemListElement\":[{\"@type\":\"ListItem\",\"position\":1,\"name\":\"Etusivu\",\"item\":\"https:\\\/\\\/shopikassa.com\\\/\"},{\"@type\":\"ListItem\",\"position\":2,\"name\":\"Kauppa\",\"item\":\"https:\\\/\\\/shopikassa.com\\\/kauppa\\\/\"},{\"@type\":\"ListItem\",\"position\":3,\"name\":\"Kassakosketusn\u00e4ytt\u00f6 21,5&#8243; leasing\"}]},{\"@type\":\"WebSite\",\"@id\":\"http:\\\/\\\/shopikassa.com\\\/#website\",\"url\":\"http:\\\/\\\/shopikassa.com\\\/\",\"name\":\"Shopikassa\",\"description\":\"Vaihtoehtoinen\\\/parempi kassa ja maksup\u00e4\u00e4te Shopifyyn\",\"publisher\":{\"@id\":\"http:\\\/\\\/shopikassa.com\\\/#organization\"},\"potentialAction\":[{\"@type\":\"SearchAction\",\"target\":{\"@type\":\"EntryPoint\",\"urlTemplate\":\"http:\\\/\\\/shopikassa.com\\\/?s={search_term_string}\"},\"query-input\":{\"@type\":\"PropertyValueSpecification\",\"valueRequired\":true,\"valueName\":\"search_term_string\"}}],\"inLanguage\":\"en-GB\"},{\"@type\":\"Organization\",\"@id\":\"http:\\\/\\\/shopikassa.com\\\/#organization\",\"name\":\"Shopikassa\",\"url\":\"http:\\\/\\\/shopikassa.com\\\/\",\"logo\":{\"@type\":\"ImageObject\",\"inLanguage\":\"en-GB\",\"@id\":\"http:\\\/\\\/shopikassa.com\\\/#\\\/schema\\\/logo\\\/image\\\/\",\"url\":\"http:\\\/\\\/shopikassa.com\\\/wp-content\\\/uploads\\\/2025\\\/04\\\/shopikassa-logo.webp\",\"contentUrl\":\"http:\\\/\\\/shopikassa.com\\\/wp-content\\\/uploads\\\/2025\\\/04\\\/shopikassa-logo.webp\",\"width\":445,\"height\":292,\"caption\":\"Shopikassa\"},\"image\":{\"@id\":\"http:\\\/\\\/shopikassa.com\\\/#\\\/schema\\\/logo\\\/image\\\/\"}}]}<\/script>\n<!-- \/ Yoast SEO plugin. -->","yoast_head_json":{"title":"Kassakosketusn\u00e4ytt\u00f6 21,5\" leasing - Shopikassa","robots":{"index":"index","follow":"follow","max-snippet":"max-snippet:-1","max-image-preview":"max-image-preview:large","max-video-preview":"max-video-preview:-1"},"canonical":"http:\/\/shopikassa.com\/en\/product\/kassakosketusnaytto-215-leasing\/","og_locale":"en_GB","og_type":"article","og_title":"Kassakosketusn\u00e4ytt\u00f6 21,5\" leasing - Shopikassa","og_description":"Erityisesti kassak\u00e4ytt\u00f6\u00f6n suunniteltu kosketusn\u00e4ytt\u00f6.  Leasing 36 kk.","og_url":"http:\/\/shopikassa.com\/en\/product\/kassakosketusnaytto-215-leasing\/","og_site_name":"Shopikassa","article_modified_time":"2025-04-17T10:09:03+00:00","og_image":[{"width":456,"height":352,"url":"http:\/\/shopikassa.com\/wp-content\/uploads\/2025\/04\/kassakosketusnaytto.png","type":"image\/png"}],"twitter_card":"summary_large_image","twitter_misc":{"Estimated reading time":"1 minute"},"schema":{"@context":"https:\/\/schema.org","@graph":[{"@type":"WebPage","@id":"http:\/\/shopikassa.com\/tuote\/kassakosketusnaytto-215-leasing\/","url":"http:\/\/shopikassa.com\/tuote\/kassakosketusnaytto-215-leasing\/","name":"Kassakosketusn\u00e4ytt\u00f6 21,5\" leasing - Shopikassa","isPartOf":{"@id":"http:\/\/shopikassa.com\/#website"},"primaryImageOfPage":{"@id":"http:\/\/shopikassa.com\/tuote\/kassakosketusnaytto-215-leasing\/#primaryimage"},"image":{"@id":"http:\/\/shopikassa.com\/tuote\/kassakosketusnaytto-215-leasing\/#primaryimage"},"thumbnailUrl":"https:\/\/shopikassa.com\/wp-content\/uploads\/2025\/04\/kassakosketusnaytto.png","datePublished":"2025-04-17T10:08:44+00:00","dateModified":"2025-04-17T10:09:03+00:00","breadcrumb":{"@id":"http:\/\/shopikassa.com\/tuote\/kassakosketusnaytto-215-leasing\/#breadcrumb"},"inLanguage":"en-GB","potentialAction":[{"@type":"ReadAction","target":["http:\/\/shopikassa.com\/tuote\/kassakosketusnaytto-215-leasing\/"]}]},{"@type":"ImageObject","inLanguage":"en-GB","@id":"http:\/\/shopikassa.com\/tuote\/kassakosketusnaytto-215-leasing\/#primaryimage","url":"https:\/\/shopikassa.com\/wp-content\/uploads\/2025\/04\/kassakosketusnaytto.png","contentUrl":"https:\/\/shopikassa.com\/wp-content\/uploads\/2025\/04\/kassakosketusnaytto.png","width":456,"height":352},{"@type":"BreadcrumbList","@id":"http:\/\/shopikassa.com\/tuote\/kassakosketusnaytto-215-leasing\/#breadcrumb","itemListElement":[{"@type":"ListItem","position":1,"name":"Etusivu","item":"https:\/\/shopikassa.com\/"},{"@type":"ListItem","position":2,"name":"Kauppa","item":"https:\/\/shopikassa.com\/kauppa\/"},{"@type":"ListItem","position":3,"name":"Kassakosketusn\u00e4ytt\u00f6 21,5&#8243; leasing"}]},{"@type":"WebSite","@id":"http:\/\/shopikassa.com\/#website","url":"http:\/\/shopikassa.com\/","name":"Shopikassa","description":"Vaihtoehtoinen\/parempi kassa ja maksup\u00e4\u00e4te Shopifyyn","publisher":{"@id":"http:\/\/shopikassa.com\/#organization"},"potentialAction":[{"@type":"SearchAction","target":{"@type":"EntryPoint","urlTemplate":"http:\/\/shopikassa.com\/?s={search_term_string}"},"query-input":{"@type":"PropertyValueSpecification","valueRequired":true,"valueName":"search_term_string"}}],"inLanguage":"en-GB"},{"@type":"Organization","@id":"http:\/\/shopikassa.com\/#organization","name":"Shopikassa","url":"http:\/\/shopikassa.com\/","logo":{"@type":"ImageObject","inLanguage":"en-GB","@id":"http:\/\/shopikassa.com\/#\/schema\/logo\/image\/","url":"http:\/\/shopikassa.com\/wp-content\/uploads\/2025\/04\/shopikassa-logo.webp","contentUrl":"http:\/\/shopikassa.com\/wp-content\/uploads\/2025\/04\/shopikassa-logo.webp","width":445,"height":292,"caption":"Shopikassa"},"image":{"@id":"http:\/\/shopikassa.com\/#\/schema\/logo\/image\/"}}]}},"_links":{"self":[{"href":"https:\/\/shopikassa.com\/en\/wp-json\/wp\/v2\/product\/554","targetHints":{"allow":["GET"]}}],"collection":[{"href":"https:\/\/shopikassa.com\/en\/wp-json\/wp\/v2\/product"}],"about":[{"href":"https:\/\/shopikassa.com\/en\/wp-json\/wp\/v2\/types\/product"}],"wp:featuredmedia":[{"embeddable":true,"href":"https:\/\/shopikassa.com\/en\/wp-json\/wp\/v2\/media\/583"}],"wp:attachment":[{"href":"https:\/\/shopikassa.com\/en\/wp-json\/wp\/v2\/media?parent=554"}],"wp:term":[{"taxonomy":"product_brand","embeddable":true,"href":"https:\/\/shopikassa.com\/en\/wp-json\/wp\/v2\/product_brand?post=554"},{"taxonomy":"product_cat","embeddable":true,"href":"https:\/\/shopikassa.com\/en\/wp-json\/wp\/v2\/product_cat?post=554"},{"taxonomy":"product_tag","embeddable":true,"href":"https:\/\/shopikassa.com\/en\/wp-json\/wp\/v2\/product_tag?post=554"}],"curies":[{"name":"wp","href":"https:\/\/api.w.org\/{rel}","templated":true}]}}