{"id":567,"date":"2025-04-17T13:08:56","date_gmt":"2025-04-17T10:08:56","guid":{"rendered":"https:\/\/shopikassa.com\/?post_type=product&#038;p=567"},"modified":"2025-04-17T13:09:46","modified_gmt":"2025-04-17T10:09:46","slug":"kassatyoasema-intel-i3-8gt-256gt-ssd-win-10-leasing","status":"publish","type":"product","link":"https:\/\/shopikassa.com\/en\/product\/kassatyoasema-intel-i3-8gt-256gt-ssd-win-10-leasing\/","title":{"rendered":"Kassaty\u00f6asema Intel i3\/8GT\/256GT SSD\/Win 10 (leasing)"},"content":{"rendered":"<ul>\n<li>Uudistettu\/refurbished<\/li>\n<li>V\u00e4ri: Musta<\/li>\n<li>Suoritin: Intel Core i3-6100<\/li>\n<li>Piirisarja: Intel<\/li>\n<li>Muisti: 8 Gt DDR3<\/li>\n<li>Kiintolevy: 256 Gt SSD<\/li>\n<li>\u00c4\u00e4ni: High Definition Audio<\/li>\n<li>Verkko-ominaisuudet: Gigabit Ethernet<\/li>\n<li>Optinen asema: ei<\/li>\n<li>Turvaominaisuudet: Lukkoliit\u00e4nt\u00e4<\/li>\n<li>Liit\u00e4nn\u00e4t: 4 x USB 3.0, HDMI, DisplayPort, RJ-45, kuulokemikrofoni<\/li>\n<li>K\u00e4ytt\u00f6j\u00e4rjestelm\u00e4: Windows 10 64-bit<\/li>\n<li>Takuu: 12 kk<\/li>\n<\/ul>\n<p>Leasing 36 kk.<\/p>","protected":false},"excerpt":{"rendered":"<ul>\n<li>Uudistettu\/refurbished<\/li>\n<li>V\u00e4ri: Musta<\/li>\n<li>Suoritin: Intel Core i3-6100<\/li>\n<li>Piirisarja: Intel<\/li>\n<li>Muisti: 8 Gt DDR3<\/li>\n<li>Kiintolevy: 256 Gt SSD<\/li>\n<li>\u00c4\u00e4ni: High Definition Audio<\/li>\n<li>Verkko-ominaisuudet: Gigabit Ethernet<\/li>\n<\/ul>\n<p>Leasing 36 kk.<\/p>\n<ul>\n<li>Optinen asema: ei<\/li>\n<li>Turvaominaisuudet: Lukkoliit\u00e4nt\u00e4<\/li>\n<li>Liit\u00e4nn\u00e4t: 4 x USB 3.0, HDMI, DisplayPort, RJ-45, kuulokemikrofoni<\/li>\n<li>K\u00e4ytt\u00f6j\u00e4rjestelm\u00e4: Windows 10 64-bit<\/li>\n<li>Takuu: 12 kk<\/li>\n<\/ul>","protected":false},"featured_media":606,"template":"","meta":[],"product_brand":[],"product_cat":[24,55,52],"product_tag":[70,45,57],"class_list":{"0":"post-567","1":"product","2":"type-product","3":"status-publish","4":"has-post-thumbnail","6":"product_cat-kassalaitteet","7":"product_cat-kassatyoasemat","8":"product_cat-tietokoneet-ja-laitteet","9":"product_tag-i3","10":"product_tag-kassakone","11":"product_tag-tyoasema","12":"product_shipping_class-yleinen","14":"first","15":"instock","16":"featured","17":"taxable","18":"shipping-taxable","19":"purchasable","20":"product-type-simple"},"yoast_head":"<!-- This site is optimized with the Yoast SEO plugin v27.4 - https:\/\/yoast.com\/product\/yoast-seo-wordpress\/ -->\n<title>Kassaty\u00f6asema Intel i3\/8GT\/256GT SSD\/Win 10 (leasing) - Shopikassa<\/title>\n<meta name=\"robots\" content=\"index, follow, max-snippet:-1, max-image-preview:large, max-video-preview:-1\" \/>\n<link rel=\"canonical\" href=\"http:\/\/shopikassa.com\/en\/product\/kassatyoasema-intel-i3-8gt-256gt-ssd-win-10-leasing\/\" \/>\n<meta property=\"og:locale\" content=\"en_GB\" \/>\n<meta property=\"og:type\" content=\"article\" \/>\n<meta property=\"og:title\" content=\"Kassaty\u00f6asema Intel i3\/8GT\/256GT SSD\/Win 10 (leasing) - Shopikassa\" \/>\n<meta property=\"og:description\" content=\"Uudistettu\/refurbished  V\u00e4ri: Musta  Suoritin: Intel Core i3-6100  Piirisarja: Intel  Muisti: 8 Gt DDR3  Kiintolevy: 256 Gt SSD  \u00c4\u00e4ni: High Definition Audio  Verkko-ominaisuudet: Gigabit Ethernet  Leasing 36 kk.   Optinen asema: ei  Turvaominaisuudet: Lukkoliit\u00e4nt\u00e4  Liit\u00e4nn\u00e4t: 4 x USB 3.0, HDMI, DisplayPort, RJ-45, kuulokemikrofoni  K\u00e4ytt\u00f6j\u00e4rjestelm\u00e4: Windows 10 64-bit  Takuu: 12 kk\" \/>\n<meta property=\"og:url\" content=\"http:\/\/shopikassa.com\/en\/product\/kassatyoasema-intel-i3-8gt-256gt-ssd-win-10-leasing\/\" \/>\n<meta property=\"og:site_name\" content=\"Shopikassa\" \/>\n<meta property=\"article:modified_time\" content=\"2025-04-17T10:09:46+00:00\" \/>\n<meta property=\"og:image\" content=\"http:\/\/shopikassa.com\/wp-content\/uploads\/2025\/04\/NS7050.png\" \/>\n\t<meta property=\"og:image:width\" content=\"344\" \/>\n\t<meta property=\"og:image:height\" content=\"279\" \/>\n\t<meta property=\"og:image:type\" content=\"image\/png\" \/>\n<meta name=\"twitter:card\" content=\"summary_large_image\" \/>\n<script type=\"application\/ld+json\" class=\"yoast-schema-graph\">{\"@context\":\"https:\\\/\\\/schema.org\",\"@graph\":[{\"@type\":\"WebPage\",\"@id\":\"http:\\\/\\\/shopikassa.com\\\/en\\\/product\\\/kassatyoasema-intel-i3-8gt-256gt-ssd-win-10-leasing\\\/\",\"url\":\"http:\\\/\\\/shopikassa.com\\\/en\\\/product\\\/kassatyoasema-intel-i3-8gt-256gt-ssd-win-10-leasing\\\/\",\"name\":\"Kassaty\u00f6asema Intel i3\\\/8GT\\\/256GT SSD\\\/Win 10 (leasing) - Shopikassa\",\"isPartOf\":{\"@id\":\"http:\\\/\\\/shopikassa.com\\\/#website\"},\"primaryImageOfPage\":{\"@id\":\"http:\\\/\\\/shopikassa.com\\\/en\\\/product\\\/kassatyoasema-intel-i3-8gt-256gt-ssd-win-10-leasing\\\/#primaryimage\"},\"image\":{\"@id\":\"http:\\\/\\\/shopikassa.com\\\/en\\\/product\\\/kassatyoasema-intel-i3-8gt-256gt-ssd-win-10-leasing\\\/#primaryimage\"},\"thumbnailUrl\":\"https:\\\/\\\/shopikassa.com\\\/wp-content\\\/uploads\\\/2025\\\/04\\\/NS7050.png\",\"datePublished\":\"2025-04-17T10:08:56+00:00\",\"dateModified\":\"2025-04-17T10:09:46+00:00\",\"breadcrumb\":{\"@id\":\"http:\\\/\\\/shopikassa.com\\\/en\\\/product\\\/kassatyoasema-intel-i3-8gt-256gt-ssd-win-10-leasing\\\/#breadcrumb\"},\"inLanguage\":\"en-GB\",\"potentialAction\":[{\"@type\":\"ReadAction\",\"target\":[\"http:\\\/\\\/shopikassa.com\\\/en\\\/product\\\/kassatyoasema-intel-i3-8gt-256gt-ssd-win-10-leasing\\\/\"]}]},{\"@type\":\"ImageObject\",\"inLanguage\":\"en-GB\",\"@id\":\"http:\\\/\\\/shopikassa.com\\\/en\\\/product\\\/kassatyoasema-intel-i3-8gt-256gt-ssd-win-10-leasing\\\/#primaryimage\",\"url\":\"https:\\\/\\\/shopikassa.com\\\/wp-content\\\/uploads\\\/2025\\\/04\\\/NS7050.png\",\"contentUrl\":\"https:\\\/\\\/shopikassa.com\\\/wp-content\\\/uploads\\\/2025\\\/04\\\/NS7050.png\",\"width\":344,\"height\":279},{\"@type\":\"BreadcrumbList\",\"@id\":\"http:\\\/\\\/shopikassa.com\\\/en\\\/product\\\/kassatyoasema-intel-i3-8gt-256gt-ssd-win-10-leasing\\\/#breadcrumb\",\"itemListElement\":[{\"@type\":\"ListItem\",\"position\":1,\"name\":\"Etusivu\",\"item\":\"https:\\\/\\\/shopikassa.com\\\/\"},{\"@type\":\"ListItem\",\"position\":2,\"name\":\"Kauppa\",\"item\":\"https:\\\/\\\/shopikassa.com\\\/kauppa\\\/\"},{\"@type\":\"ListItem\",\"position\":3,\"name\":\"Kassaty\u00f6asema Intel i3\\\/8GT\\\/256GT SSD\\\/Win 10 (leasing)\"}]},{\"@type\":\"WebSite\",\"@id\":\"http:\\\/\\\/shopikassa.com\\\/#website\",\"url\":\"http:\\\/\\\/shopikassa.com\\\/\",\"name\":\"Shopikassa\",\"description\":\"Vaihtoehtoinen\\\/parempi kassa ja maksup\u00e4\u00e4te Shopifyyn\",\"publisher\":{\"@id\":\"http:\\\/\\\/shopikassa.com\\\/#organization\"},\"potentialAction\":[{\"@type\":\"SearchAction\",\"target\":{\"@type\":\"EntryPoint\",\"urlTemplate\":\"http:\\\/\\\/shopikassa.com\\\/?s={search_term_string}\"},\"query-input\":{\"@type\":\"PropertyValueSpecification\",\"valueRequired\":true,\"valueName\":\"search_term_string\"}}],\"inLanguage\":\"en-GB\"},{\"@type\":\"Organization\",\"@id\":\"http:\\\/\\\/shopikassa.com\\\/#organization\",\"name\":\"Shopikassa\",\"url\":\"http:\\\/\\\/shopikassa.com\\\/\",\"logo\":{\"@type\":\"ImageObject\",\"inLanguage\":\"en-GB\",\"@id\":\"http:\\\/\\\/shopikassa.com\\\/#\\\/schema\\\/logo\\\/image\\\/\",\"url\":\"http:\\\/\\\/shopikassa.com\\\/wp-content\\\/uploads\\\/2025\\\/04\\\/shopikassa-logo.webp\",\"contentUrl\":\"http:\\\/\\\/shopikassa.com\\\/wp-content\\\/uploads\\\/2025\\\/04\\\/shopikassa-logo.webp\",\"width\":445,\"height\":292,\"caption\":\"Shopikassa\"},\"image\":{\"@id\":\"http:\\\/\\\/shopikassa.com\\\/#\\\/schema\\\/logo\\\/image\\\/\"}}]}<\/script>\n<!-- \/ Yoast SEO plugin. -->","yoast_head_json":{"title":"Kassaty\u00f6asema Intel i3\/8GT\/256GT SSD\/Win 10 (leasing) - Shopikassa","robots":{"index":"index","follow":"follow","max-snippet":"max-snippet:-1","max-image-preview":"max-image-preview:large","max-video-preview":"max-video-preview:-1"},"canonical":"http:\/\/shopikassa.com\/en\/product\/kassatyoasema-intel-i3-8gt-256gt-ssd-win-10-leasing\/","og_locale":"en_GB","og_type":"article","og_title":"Kassaty\u00f6asema Intel i3\/8GT\/256GT SSD\/Win 10 (leasing) - Shopikassa","og_description":"Uudistettu\/refurbished  V\u00e4ri: Musta  Suoritin: Intel Core i3-6100  Piirisarja: Intel  Muisti: 8 Gt DDR3  Kiintolevy: 256 Gt SSD  \u00c4\u00e4ni: High Definition Audio  Verkko-ominaisuudet: Gigabit Ethernet  Leasing 36 kk.   Optinen asema: ei  Turvaominaisuudet: Lukkoliit\u00e4nt\u00e4  Liit\u00e4nn\u00e4t: 4 x USB 3.0, HDMI, DisplayPort, RJ-45, kuulokemikrofoni  K\u00e4ytt\u00f6j\u00e4rjestelm\u00e4: Windows 10 64-bit  Takuu: 12 kk","og_url":"http:\/\/shopikassa.com\/en\/product\/kassatyoasema-intel-i3-8gt-256gt-ssd-win-10-leasing\/","og_site_name":"Shopikassa","article_modified_time":"2025-04-17T10:09:46+00:00","og_image":[{"width":344,"height":279,"url":"http:\/\/shopikassa.com\/wp-content\/uploads\/2025\/04\/NS7050.png","type":"image\/png"}],"twitter_card":"summary_large_image","schema":{"@context":"https:\/\/schema.org","@graph":[{"@type":"WebPage","@id":"http:\/\/shopikassa.com\/en\/product\/kassatyoasema-intel-i3-8gt-256gt-ssd-win-10-leasing\/","url":"http:\/\/shopikassa.com\/en\/product\/kassatyoasema-intel-i3-8gt-256gt-ssd-win-10-leasing\/","name":"Kassaty\u00f6asema Intel i3\/8GT\/256GT SSD\/Win 10 (leasing) - Shopikassa","isPartOf":{"@id":"http:\/\/shopikassa.com\/#website"},"primaryImageOfPage":{"@id":"http:\/\/shopikassa.com\/en\/product\/kassatyoasema-intel-i3-8gt-256gt-ssd-win-10-leasing\/#primaryimage"},"image":{"@id":"http:\/\/shopikassa.com\/en\/product\/kassatyoasema-intel-i3-8gt-256gt-ssd-win-10-leasing\/#primaryimage"},"thumbnailUrl":"https:\/\/shopikassa.com\/wp-content\/uploads\/2025\/04\/NS7050.png","datePublished":"2025-04-17T10:08:56+00:00","dateModified":"2025-04-17T10:09:46+00:00","breadcrumb":{"@id":"http:\/\/shopikassa.com\/en\/product\/kassatyoasema-intel-i3-8gt-256gt-ssd-win-10-leasing\/#breadcrumb"},"inLanguage":"en-GB","potentialAction":[{"@type":"ReadAction","target":["http:\/\/shopikassa.com\/en\/product\/kassatyoasema-intel-i3-8gt-256gt-ssd-win-10-leasing\/"]}]},{"@type":"ImageObject","inLanguage":"en-GB","@id":"http:\/\/shopikassa.com\/en\/product\/kassatyoasema-intel-i3-8gt-256gt-ssd-win-10-leasing\/#primaryimage","url":"https:\/\/shopikassa.com\/wp-content\/uploads\/2025\/04\/NS7050.png","contentUrl":"https:\/\/shopikassa.com\/wp-content\/uploads\/2025\/04\/NS7050.png","width":344,"height":279},{"@type":"BreadcrumbList","@id":"http:\/\/shopikassa.com\/en\/product\/kassatyoasema-intel-i3-8gt-256gt-ssd-win-10-leasing\/#breadcrumb","itemListElement":[{"@type":"ListItem","position":1,"name":"Etusivu","item":"https:\/\/shopikassa.com\/"},{"@type":"ListItem","position":2,"name":"Kauppa","item":"https:\/\/shopikassa.com\/kauppa\/"},{"@type":"ListItem","position":3,"name":"Kassaty\u00f6asema Intel i3\/8GT\/256GT SSD\/Win 10 (leasing)"}]},{"@type":"WebSite","@id":"http:\/\/shopikassa.com\/#website","url":"http:\/\/shopikassa.com\/","name":"Shopikassa","description":"Vaihtoehtoinen\/parempi kassa ja maksup\u00e4\u00e4te Shopifyyn","publisher":{"@id":"http:\/\/shopikassa.com\/#organization"},"potentialAction":[{"@type":"SearchAction","target":{"@type":"EntryPoint","urlTemplate":"http:\/\/shopikassa.com\/?s={search_term_string}"},"query-input":{"@type":"PropertyValueSpecification","valueRequired":true,"valueName":"search_term_string"}}],"inLanguage":"en-GB"},{"@type":"Organization","@id":"http:\/\/shopikassa.com\/#organization","name":"Shopikassa","url":"http:\/\/shopikassa.com\/","logo":{"@type":"ImageObject","inLanguage":"en-GB","@id":"http:\/\/shopikassa.com\/#\/schema\/logo\/image\/","url":"http:\/\/shopikassa.com\/wp-content\/uploads\/2025\/04\/shopikassa-logo.webp","contentUrl":"http:\/\/shopikassa.com\/wp-content\/uploads\/2025\/04\/shopikassa-logo.webp","width":445,"height":292,"caption":"Shopikassa"},"image":{"@id":"http:\/\/shopikassa.com\/#\/schema\/logo\/image\/"}}]}},"_links":{"self":[{"href":"https:\/\/shopikassa.com\/en\/wp-json\/wp\/v2\/product\/567","targetHints":{"allow":["GET"]}}],"collection":[{"href":"https:\/\/shopikassa.com\/en\/wp-json\/wp\/v2\/product"}],"about":[{"href":"https:\/\/shopikassa.com\/en\/wp-json\/wp\/v2\/types\/product"}],"wp:featuredmedia":[{"embeddable":true,"href":"https:\/\/shopikassa.com\/en\/wp-json\/wp\/v2\/media\/606"}],"wp:attachment":[{"href":"https:\/\/shopikassa.com\/en\/wp-json\/wp\/v2\/media?parent=567"}],"wp:term":[{"taxonomy":"product_brand","embeddable":true,"href":"https:\/\/shopikassa.com\/en\/wp-json\/wp\/v2\/product_brand?post=567"},{"taxonomy":"product_cat","embeddable":true,"href":"https:\/\/shopikassa.com\/en\/wp-json\/wp\/v2\/product_cat?post=567"},{"taxonomy":"product_tag","embeddable":true,"href":"https:\/\/shopikassa.com\/en\/wp-json\/wp\/v2\/product_tag?post=567"}],"curies":[{"name":"wp","href":"https:\/\/api.w.org\/{rel}","templated":true}]}}