{"id":568,"date":"2025-04-17T13:08:57","date_gmt":"2025-04-17T10:08:57","guid":{"rendered":"https:\/\/shopikassa.com\/?post_type=product&#038;p=568"},"modified":"2025-04-17T13:09:13","modified_gmt":"2025-04-17T10:09:13","slug":"kassalappari-15-6-intel-i5-ssd","status":"publish","type":"product","link":"https:\/\/shopikassa.com\/en\/product\/kassalappari-15-6-intel-i5-ssd\/","title":{"rendered":"Kassal\u00e4pp\u00e4ri 15.6&#8243; Intel i5 SSD"},"content":{"rendered":"<ul>\n<li class=\"bullet-points__item\">15,6&#8243; n\u00e4ytt\u00f6<\/li>\n<li>Intel i5<\/li>\n<li>8 GT RAM muisti<\/li>\n<li>SSD kiintolevy<\/li>\n<\/ul>","protected":false},"excerpt":{"rendered":"<p>Erityisesti kassak\u00e4ytt\u00f6\u00f6n suunniteltu l\u00e4pp\u00e4ri tehokkaalla Intel i5 suorittimella ja huippunopealla ja luotettavalla SSD kiintolevyll\u00e4.<\/p>","protected":false},"featured_media":586,"template":"","meta":[],"product_brand":[],"product_cat":[24,58,52],"product_tag":[59,60,45,63],"class_list":{"0":"post-568","1":"product","2":"type-product","3":"status-publish","4":"has-post-thumbnail","6":"product_cat-kassalaitteet","7":"product_cat-kassalapparit","8":"product_cat-tietokoneet-ja-laitteet","9":"product_tag-kannettava","10":"product_tag-kassa","11":"product_tag-kassakone","12":"product_tag-lappari","13":"product_shipping_class-yleinen","15":"first","16":"instock","17":"featured","18":"taxable","19":"shipping-taxable","20":"purchasable","21":"product-type-simple"},"yoast_head":"<!-- This site is optimized with the Yoast SEO plugin v27.4 - https:\/\/yoast.com\/product\/yoast-seo-wordpress\/ -->\n<title>Kassal\u00e4pp\u00e4ri 15.6&quot; Intel i5 SSD - Shopikassa<\/title>\n<meta name=\"robots\" content=\"index, follow, max-snippet:-1, max-image-preview:large, max-video-preview:-1\" \/>\n<link rel=\"canonical\" href=\"https:\/\/shopikassa.com\/en\/product\/kassalappari-15-6-intel-i5-ssd\/\" \/>\n<meta property=\"og:locale\" content=\"en_GB\" \/>\n<meta property=\"og:type\" content=\"article\" \/>\n<meta property=\"og:title\" content=\"Kassal\u00e4pp\u00e4ri 15.6&quot; Intel i5 SSD - Shopikassa\" \/>\n<meta property=\"og:description\" content=\"Erityisesti kassak\u00e4ytt\u00f6\u00f6n suunniteltu l\u00e4pp\u00e4ri tehokkaalla Intel i5 suorittimella ja huippunopealla ja luotettavalla SSD kiintolevyll\u00e4.\" \/>\n<meta property=\"og:url\" content=\"https:\/\/shopikassa.com\/en\/product\/kassalappari-15-6-intel-i5-ssd\/\" \/>\n<meta property=\"og:site_name\" content=\"Shopikassa\" \/>\n<meta property=\"article:modified_time\" content=\"2025-04-17T10:09:13+00:00\" \/>\n<meta property=\"og:image\" content=\"https:\/\/shopikassa.com\/wp-content\/uploads\/2025\/04\/kassalappari.png\" \/>\n\t<meta property=\"og:image:width\" content=\"960\" \/>\n\t<meta property=\"og:image:height\" content=\"552\" \/>\n\t<meta property=\"og:image:type\" content=\"image\/png\" \/>\n<meta name=\"twitter:card\" content=\"summary_large_image\" \/>\n<script type=\"application\/ld+json\" class=\"yoast-schema-graph\">{\"@context\":\"https:\\\/\\\/schema.org\",\"@graph\":[{\"@type\":\"WebPage\",\"@id\":\"https:\\\/\\\/shopikassa.com\\\/en\\\/product\\\/kassalappari-15-6-intel-i5-ssd\\\/\",\"url\":\"https:\\\/\\\/shopikassa.com\\\/en\\\/product\\\/kassalappari-15-6-intel-i5-ssd\\\/\",\"name\":\"Kassal\u00e4pp\u00e4ri 15.6\\\" Intel i5 SSD - Shopikassa\",\"isPartOf\":{\"@id\":\"http:\\\/\\\/shopikassa.com\\\/#website\"},\"primaryImageOfPage\":{\"@id\":\"https:\\\/\\\/shopikassa.com\\\/en\\\/product\\\/kassalappari-15-6-intel-i5-ssd\\\/#primaryimage\"},\"image\":{\"@id\":\"https:\\\/\\\/shopikassa.com\\\/en\\\/product\\\/kassalappari-15-6-intel-i5-ssd\\\/#primaryimage\"},\"thumbnailUrl\":\"https:\\\/\\\/shopikassa.com\\\/wp-content\\\/uploads\\\/2025\\\/04\\\/kassalappari.png\",\"datePublished\":\"2025-04-17T10:08:57+00:00\",\"dateModified\":\"2025-04-17T10:09:13+00:00\",\"breadcrumb\":{\"@id\":\"https:\\\/\\\/shopikassa.com\\\/en\\\/product\\\/kassalappari-15-6-intel-i5-ssd\\\/#breadcrumb\"},\"inLanguage\":\"en-GB\",\"potentialAction\":[{\"@type\":\"ReadAction\",\"target\":[\"https:\\\/\\\/shopikassa.com\\\/en\\\/product\\\/kassalappari-15-6-intel-i5-ssd\\\/\"]}]},{\"@type\":\"ImageObject\",\"inLanguage\":\"en-GB\",\"@id\":\"https:\\\/\\\/shopikassa.com\\\/en\\\/product\\\/kassalappari-15-6-intel-i5-ssd\\\/#primaryimage\",\"url\":\"https:\\\/\\\/shopikassa.com\\\/wp-content\\\/uploads\\\/2025\\\/04\\\/kassalappari.png\",\"contentUrl\":\"https:\\\/\\\/shopikassa.com\\\/wp-content\\\/uploads\\\/2025\\\/04\\\/kassalappari.png\",\"width\":960,\"height\":552},{\"@type\":\"BreadcrumbList\",\"@id\":\"https:\\\/\\\/shopikassa.com\\\/en\\\/product\\\/kassalappari-15-6-intel-i5-ssd\\\/#breadcrumb\",\"itemListElement\":[{\"@type\":\"ListItem\",\"position\":1,\"name\":\"Etusivu\",\"item\":\"https:\\\/\\\/shopikassa.com\\\/\"},{\"@type\":\"ListItem\",\"position\":2,\"name\":\"Kauppa\",\"item\":\"https:\\\/\\\/shopikassa.com\\\/kauppa\\\/\"},{\"@type\":\"ListItem\",\"position\":3,\"name\":\"Kassal\u00e4pp\u00e4ri 15.6&#8243; Intel i5 SSD\"}]},{\"@type\":\"WebSite\",\"@id\":\"http:\\\/\\\/shopikassa.com\\\/#website\",\"url\":\"http:\\\/\\\/shopikassa.com\\\/\",\"name\":\"Shopikassa\",\"description\":\"Vaihtoehtoinen\\\/parempi kassa ja maksup\u00e4\u00e4te Shopifyyn\",\"publisher\":{\"@id\":\"http:\\\/\\\/shopikassa.com\\\/#organization\"},\"potentialAction\":[{\"@type\":\"SearchAction\",\"target\":{\"@type\":\"EntryPoint\",\"urlTemplate\":\"http:\\\/\\\/shopikassa.com\\\/?s={search_term_string}\"},\"query-input\":{\"@type\":\"PropertyValueSpecification\",\"valueRequired\":true,\"valueName\":\"search_term_string\"}}],\"inLanguage\":\"en-GB\"},{\"@type\":\"Organization\",\"@id\":\"http:\\\/\\\/shopikassa.com\\\/#organization\",\"name\":\"Shopikassa\",\"url\":\"http:\\\/\\\/shopikassa.com\\\/\",\"logo\":{\"@type\":\"ImageObject\",\"inLanguage\":\"en-GB\",\"@id\":\"http:\\\/\\\/shopikassa.com\\\/#\\\/schema\\\/logo\\\/image\\\/\",\"url\":\"http:\\\/\\\/shopikassa.com\\\/wp-content\\\/uploads\\\/2025\\\/04\\\/shopikassa-logo.webp\",\"contentUrl\":\"http:\\\/\\\/shopikassa.com\\\/wp-content\\\/uploads\\\/2025\\\/04\\\/shopikassa-logo.webp\",\"width\":445,\"height\":292,\"caption\":\"Shopikassa\"},\"image\":{\"@id\":\"http:\\\/\\\/shopikassa.com\\\/#\\\/schema\\\/logo\\\/image\\\/\"}}]}<\/script>\n<!-- \/ Yoast SEO plugin. -->","yoast_head_json":{"title":"Kassal\u00e4pp\u00e4ri 15.6\" Intel i5 SSD - Shopikassa","robots":{"index":"index","follow":"follow","max-snippet":"max-snippet:-1","max-image-preview":"max-image-preview:large","max-video-preview":"max-video-preview:-1"},"canonical":"https:\/\/shopikassa.com\/en\/product\/kassalappari-15-6-intel-i5-ssd\/","og_locale":"en_GB","og_type":"article","og_title":"Kassal\u00e4pp\u00e4ri 15.6\" Intel i5 SSD - Shopikassa","og_description":"Erityisesti kassak\u00e4ytt\u00f6\u00f6n suunniteltu l\u00e4pp\u00e4ri tehokkaalla Intel i5 suorittimella ja huippunopealla ja luotettavalla SSD kiintolevyll\u00e4.","og_url":"https:\/\/shopikassa.com\/en\/product\/kassalappari-15-6-intel-i5-ssd\/","og_site_name":"Shopikassa","article_modified_time":"2025-04-17T10:09:13+00:00","og_image":[{"width":960,"height":552,"url":"https:\/\/shopikassa.com\/wp-content\/uploads\/2025\/04\/kassalappari.png","type":"image\/png"}],"twitter_card":"summary_large_image","schema":{"@context":"https:\/\/schema.org","@graph":[{"@type":"WebPage","@id":"https:\/\/shopikassa.com\/en\/product\/kassalappari-15-6-intel-i5-ssd\/","url":"https:\/\/shopikassa.com\/en\/product\/kassalappari-15-6-intel-i5-ssd\/","name":"Kassal\u00e4pp\u00e4ri 15.6\" Intel i5 SSD - Shopikassa","isPartOf":{"@id":"http:\/\/shopikassa.com\/#website"},"primaryImageOfPage":{"@id":"https:\/\/shopikassa.com\/en\/product\/kassalappari-15-6-intel-i5-ssd\/#primaryimage"},"image":{"@id":"https:\/\/shopikassa.com\/en\/product\/kassalappari-15-6-intel-i5-ssd\/#primaryimage"},"thumbnailUrl":"https:\/\/shopikassa.com\/wp-content\/uploads\/2025\/04\/kassalappari.png","datePublished":"2025-04-17T10:08:57+00:00","dateModified":"2025-04-17T10:09:13+00:00","breadcrumb":{"@id":"https:\/\/shopikassa.com\/en\/product\/kassalappari-15-6-intel-i5-ssd\/#breadcrumb"},"inLanguage":"en-GB","potentialAction":[{"@type":"ReadAction","target":["https:\/\/shopikassa.com\/en\/product\/kassalappari-15-6-intel-i5-ssd\/"]}]},{"@type":"ImageObject","inLanguage":"en-GB","@id":"https:\/\/shopikassa.com\/en\/product\/kassalappari-15-6-intel-i5-ssd\/#primaryimage","url":"https:\/\/shopikassa.com\/wp-content\/uploads\/2025\/04\/kassalappari.png","contentUrl":"https:\/\/shopikassa.com\/wp-content\/uploads\/2025\/04\/kassalappari.png","width":960,"height":552},{"@type":"BreadcrumbList","@id":"https:\/\/shopikassa.com\/en\/product\/kassalappari-15-6-intel-i5-ssd\/#breadcrumb","itemListElement":[{"@type":"ListItem","position":1,"name":"Etusivu","item":"https:\/\/shopikassa.com\/"},{"@type":"ListItem","position":2,"name":"Kauppa","item":"https:\/\/shopikassa.com\/kauppa\/"},{"@type":"ListItem","position":3,"name":"Kassal\u00e4pp\u00e4ri 15.6&#8243; Intel i5 SSD"}]},{"@type":"WebSite","@id":"http:\/\/shopikassa.com\/#website","url":"http:\/\/shopikassa.com\/","name":"Shopikassa","description":"Vaihtoehtoinen\/parempi kassa ja maksup\u00e4\u00e4te Shopifyyn","publisher":{"@id":"http:\/\/shopikassa.com\/#organization"},"potentialAction":[{"@type":"SearchAction","target":{"@type":"EntryPoint","urlTemplate":"http:\/\/shopikassa.com\/?s={search_term_string}"},"query-input":{"@type":"PropertyValueSpecification","valueRequired":true,"valueName":"search_term_string"}}],"inLanguage":"en-GB"},{"@type":"Organization","@id":"http:\/\/shopikassa.com\/#organization","name":"Shopikassa","url":"http:\/\/shopikassa.com\/","logo":{"@type":"ImageObject","inLanguage":"en-GB","@id":"http:\/\/shopikassa.com\/#\/schema\/logo\/image\/","url":"http:\/\/shopikassa.com\/wp-content\/uploads\/2025\/04\/shopikassa-logo.webp","contentUrl":"http:\/\/shopikassa.com\/wp-content\/uploads\/2025\/04\/shopikassa-logo.webp","width":445,"height":292,"caption":"Shopikassa"},"image":{"@id":"http:\/\/shopikassa.com\/#\/schema\/logo\/image\/"}}]}},"_links":{"self":[{"href":"https:\/\/shopikassa.com\/en\/wp-json\/wp\/v2\/product\/568","targetHints":{"allow":["GET"]}}],"collection":[{"href":"https:\/\/shopikassa.com\/en\/wp-json\/wp\/v2\/product"}],"about":[{"href":"https:\/\/shopikassa.com\/en\/wp-json\/wp\/v2\/types\/product"}],"wp:featuredmedia":[{"embeddable":true,"href":"https:\/\/shopikassa.com\/en\/wp-json\/wp\/v2\/media\/586"}],"wp:attachment":[{"href":"https:\/\/shopikassa.com\/en\/wp-json\/wp\/v2\/media?parent=568"}],"wp:term":[{"taxonomy":"product_brand","embeddable":true,"href":"https:\/\/shopikassa.com\/en\/wp-json\/wp\/v2\/product_brand?post=568"},{"taxonomy":"product_cat","embeddable":true,"href":"https:\/\/shopikassa.com\/en\/wp-json\/wp\/v2\/product_cat?post=568"},{"taxonomy":"product_tag","embeddable":true,"href":"https:\/\/shopikassa.com\/en\/wp-json\/wp\/v2\/product_tag?post=568"}],"curies":[{"name":"wp","href":"https:\/\/api.w.org\/{rel}","templated":true}]}}