{"id":610,"date":"2025-04-17T13:09:16","date_gmt":"2025-04-17T10:09:16","guid":{"rendered":"https:\/\/shopikassa.com\/?post_type=product&#038;p=610"},"modified":"2025-04-17T13:09:40","modified_gmt":"2025-04-17T10:09:40","slug":"kassatyoasemapaketti-21-5-lane-maksupaate-kuittikirjoitin-super-bundle","status":"publish","type":"product","link":"https:\/\/shopikassa.com\/en\/product\/kassatyoasemapaketti-21-5-lane-maksupaate-kuittikirjoitin-super-bundle\/","title":{"rendered":"Kassaty\u00f6asemapaketti 21.5&#8243; + Lane maksup\u00e4\u00e4te + kuittikirjoitin (super bundle)"},"content":{"rendered":"<ul>\n<li class=\"bullet-points__item\">21,5&#8243; n\u00e4ytt\u00f6 FULL HD<\/li>\n<li>Intel i3 suoritin<\/li>\n<li>8 GT RAM muisti<\/li>\n<li>256 GT SSD kiintolevy<\/li>\n<\/ul>\n<p>Maksup\u00e4\u00e4tteen\u00e4 Lane, lis\u00e4tiedot <a href=\"https:\/\/e-kassa.fi\/maksupaeaetteet\">https:\/\/e-kassa.fi\/maksupaeaetteet<\/a><\/p>\n<p>Maksup\u00e4\u00e4tteen hinta 29\u20ac\/kk (Nets laskuttaa)<\/p>\n<p>Toimitetaan k\u00e4ytt\u00f6valmiiksi asennettuna.<\/p>","protected":false},"excerpt":{"rendered":"<p>Kiinte\u00e4\u00e4n k\u00e4ytt\u00f6\u00f6n tarkoitettu edullinen kassaty\u00f6asemapaketti.<\/p>\n<p>Integroitu korttimaksup\u00e4\u00e4te Lane.<\/p>\n<p>Erillinen kuittitulostin, 80mm kuittipaperi, nopea tulostus, automaattinen kuitin katkaisu.<\/p>\n<p>Erityisesti kassak\u00e4ytt\u00f6\u00f6n suunniteltu l\u00e4pp\u00e4ri tehokkaalla Intel i3 suorittimella ja huippunopealla ja luotettavalla SSD kiintolevyll\u00e4.<\/p>\n<p>Maksup\u00e4\u00e4tteen\u00e4 Lane, lis\u00e4tiedot <a href=\"https:\/\/e-kassa.fi\/maksupaeaetteet\">https:\/\/e-kassa.fi\/maksupaeaetteet<\/a><\/p>\n<p>Maksup\u00e4\u00e4tteen hinta 29\u20ac\/kk (Nets laskuttaa)<\/p>\n<p>Toimitetaan k\u00e4ytt\u00f6valmiiksi asennettuna.<\/p>","protected":false},"featured_media":636,"template":"","meta":[],"product_brand":[],"product_cat":[24,71,55,52],"product_tag":[60,45,65,72],"class_list":{"0":"post-610","1":"product","2":"type-product","3":"status-publish","4":"has-post-thumbnail","6":"product_cat-kassalaitteet","7":"product_cat-kassapaketit","8":"product_cat-kassatyoasemat","9":"product_cat-tietokoneet-ja-laitteet","10":"product_tag-kassa","11":"product_tag-kassakone","12":"product_tag-kassapaketti","13":"product_tag-kassatyoasema","14":"product_shipping_class-yleinen","16":"first","17":"instock","18":"featured","19":"taxable","20":"shipping-taxable","21":"purchasable","22":"product-type-simple"},"yoast_head":"<!-- This site is optimized with the Yoast SEO plugin v27.4 - https:\/\/yoast.com\/product\/yoast-seo-wordpress\/ -->\n<title>Kassaty\u00f6asemapaketti 21.5&quot; + Lane maksup\u00e4\u00e4te + kuittikirjoitin (super bundle) - Shopikassa<\/title>\n<meta name=\"robots\" content=\"index, follow, max-snippet:-1, max-image-preview:large, max-video-preview:-1\" \/>\n<link rel=\"canonical\" href=\"https:\/\/shopikassa.com\/en\/product\/kassatyoasemapaketti-21-5-lane-maksupaate-kuittikirjoitin-super-bundle\/\" \/>\n<meta property=\"og:locale\" content=\"en_GB\" \/>\n<meta property=\"og:type\" content=\"article\" \/>\n<meta property=\"og:title\" content=\"Kassaty\u00f6asemapaketti 21.5&quot; + Lane maksup\u00e4\u00e4te + kuittikirjoitin (super bundle) - Shopikassa\" \/>\n<meta property=\"og:description\" content=\"Kiinte\u00e4\u00e4n k\u00e4ytt\u00f6\u00f6n tarkoitettu edullinen kassaty\u00f6asemapaketti.  Integroitu korttimaksup\u00e4\u00e4te Lane.  Erillinen kuittitulostin, 80mm kuittipaperi, nopea tulostus, automaattinen kuitin katkaisu.  Erityisesti kassak\u00e4ytt\u00f6\u00f6n suunniteltu l\u00e4pp\u00e4ri tehokkaalla Intel i3 suorittimella ja huippunopealla ja luotettavalla SSD kiintolevyll\u00e4.  Maksup\u00e4\u00e4tteen\u00e4 Lane, lis\u00e4tiedot https:\/\/e-kassa.fi\/maksupaeaetteet Maksup\u00e4\u00e4tteen hinta 29\u20ac\/kk (Nets laskuttaa)  Toimitetaan k\u00e4ytt\u00f6valmiiksi asennettuna.\" \/>\n<meta property=\"og:url\" content=\"https:\/\/shopikassa.com\/en\/product\/kassatyoasemapaketti-21-5-lane-maksupaate-kuittikirjoitin-super-bundle\/\" \/>\n<meta property=\"og:site_name\" content=\"Shopikassa\" \/>\n<meta property=\"article:modified_time\" content=\"2025-04-17T10:09:40+00:00\" \/>\n<meta property=\"og:image\" content=\"https:\/\/shopikassa.com\/wp-content\/uploads\/2025\/04\/kassatyoasema_paketti_kiintea_lane_kuittikirjoitin.jpg\" \/>\n\t<meta property=\"og:image:width\" content=\"796\" \/>\n\t<meta property=\"og:image:height\" content=\"518\" \/>\n\t<meta property=\"og:image:type\" content=\"image\/jpeg\" \/>\n<meta name=\"twitter:card\" content=\"summary_large_image\" \/>\n<script type=\"application\/ld+json\" class=\"yoast-schema-graph\">{\"@context\":\"https:\\\/\\\/schema.org\",\"@graph\":[{\"@type\":\"WebPage\",\"@id\":\"https:\\\/\\\/shopikassa.com\\\/tuote\\\/kassatyoasemapaketti-21-5-lane-maksupaate-kuittikirjoitin-super-bundle\\\/\",\"url\":\"https:\\\/\\\/shopikassa.com\\\/tuote\\\/kassatyoasemapaketti-21-5-lane-maksupaate-kuittikirjoitin-super-bundle\\\/\",\"name\":\"Kassaty\u00f6asemapaketti 21.5\\\" + Lane maksup\u00e4\u00e4te + kuittikirjoitin (super bundle) - Shopikassa\",\"isPartOf\":{\"@id\":\"http:\\\/\\\/shopikassa.com\\\/#website\"},\"primaryImageOfPage\":{\"@id\":\"https:\\\/\\\/shopikassa.com\\\/tuote\\\/kassatyoasemapaketti-21-5-lane-maksupaate-kuittikirjoitin-super-bundle\\\/#primaryimage\"},\"image\":{\"@id\":\"https:\\\/\\\/shopikassa.com\\\/tuote\\\/kassatyoasemapaketti-21-5-lane-maksupaate-kuittikirjoitin-super-bundle\\\/#primaryimage\"},\"thumbnailUrl\":\"https:\\\/\\\/shopikassa.com\\\/wp-content\\\/uploads\\\/2025\\\/04\\\/kassatyoasema_paketti_kiintea_lane_kuittikirjoitin.jpg\",\"datePublished\":\"2025-04-17T10:09:16+00:00\",\"dateModified\":\"2025-04-17T10:09:40+00:00\",\"breadcrumb\":{\"@id\":\"https:\\\/\\\/shopikassa.com\\\/tuote\\\/kassatyoasemapaketti-21-5-lane-maksupaate-kuittikirjoitin-super-bundle\\\/#breadcrumb\"},\"inLanguage\":\"en-GB\",\"potentialAction\":[{\"@type\":\"ReadAction\",\"target\":[\"https:\\\/\\\/shopikassa.com\\\/tuote\\\/kassatyoasemapaketti-21-5-lane-maksupaate-kuittikirjoitin-super-bundle\\\/\"]}]},{\"@type\":\"ImageObject\",\"inLanguage\":\"en-GB\",\"@id\":\"https:\\\/\\\/shopikassa.com\\\/tuote\\\/kassatyoasemapaketti-21-5-lane-maksupaate-kuittikirjoitin-super-bundle\\\/#primaryimage\",\"url\":\"https:\\\/\\\/shopikassa.com\\\/wp-content\\\/uploads\\\/2025\\\/04\\\/kassatyoasema_paketti_kiintea_lane_kuittikirjoitin.jpg\",\"contentUrl\":\"https:\\\/\\\/shopikassa.com\\\/wp-content\\\/uploads\\\/2025\\\/04\\\/kassatyoasema_paketti_kiintea_lane_kuittikirjoitin.jpg\",\"width\":796,\"height\":518},{\"@type\":\"BreadcrumbList\",\"@id\":\"https:\\\/\\\/shopikassa.com\\\/tuote\\\/kassatyoasemapaketti-21-5-lane-maksupaate-kuittikirjoitin-super-bundle\\\/#breadcrumb\",\"itemListElement\":[{\"@type\":\"ListItem\",\"position\":1,\"name\":\"Etusivu\",\"item\":\"https:\\\/\\\/shopikassa.com\\\/\"},{\"@type\":\"ListItem\",\"position\":2,\"name\":\"Kauppa\",\"item\":\"https:\\\/\\\/shopikassa.com\\\/kauppa\\\/\"},{\"@type\":\"ListItem\",\"position\":3,\"name\":\"Kassaty\u00f6asemapaketti 21.5&#8243; + Lane maksup\u00e4\u00e4te + kuittikirjoitin (super bundle)\"}]},{\"@type\":\"WebSite\",\"@id\":\"http:\\\/\\\/shopikassa.com\\\/#website\",\"url\":\"http:\\\/\\\/shopikassa.com\\\/\",\"name\":\"Shopikassa\",\"description\":\"Vaihtoehtoinen\\\/parempi kassa ja maksup\u00e4\u00e4te Shopifyyn\",\"publisher\":{\"@id\":\"http:\\\/\\\/shopikassa.com\\\/#organization\"},\"potentialAction\":[{\"@type\":\"SearchAction\",\"target\":{\"@type\":\"EntryPoint\",\"urlTemplate\":\"http:\\\/\\\/shopikassa.com\\\/?s={search_term_string}\"},\"query-input\":{\"@type\":\"PropertyValueSpecification\",\"valueRequired\":true,\"valueName\":\"search_term_string\"}}],\"inLanguage\":\"en-GB\"},{\"@type\":\"Organization\",\"@id\":\"http:\\\/\\\/shopikassa.com\\\/#organization\",\"name\":\"Shopikassa\",\"url\":\"http:\\\/\\\/shopikassa.com\\\/\",\"logo\":{\"@type\":\"ImageObject\",\"inLanguage\":\"en-GB\",\"@id\":\"http:\\\/\\\/shopikassa.com\\\/#\\\/schema\\\/logo\\\/image\\\/\",\"url\":\"http:\\\/\\\/shopikassa.com\\\/wp-content\\\/uploads\\\/2025\\\/04\\\/shopikassa-logo.webp\",\"contentUrl\":\"http:\\\/\\\/shopikassa.com\\\/wp-content\\\/uploads\\\/2025\\\/04\\\/shopikassa-logo.webp\",\"width\":445,\"height\":292,\"caption\":\"Shopikassa\"},\"image\":{\"@id\":\"http:\\\/\\\/shopikassa.com\\\/#\\\/schema\\\/logo\\\/image\\\/\"}}]}<\/script>\n<!-- \/ Yoast SEO plugin. -->","yoast_head_json":{"title":"Kassaty\u00f6asemapaketti 21.5\" + Lane maksup\u00e4\u00e4te + kuittikirjoitin (super bundle) - Shopikassa","robots":{"index":"index","follow":"follow","max-snippet":"max-snippet:-1","max-image-preview":"max-image-preview:large","max-video-preview":"max-video-preview:-1"},"canonical":"https:\/\/shopikassa.com\/en\/product\/kassatyoasemapaketti-21-5-lane-maksupaate-kuittikirjoitin-super-bundle\/","og_locale":"en_GB","og_type":"article","og_title":"Kassaty\u00f6asemapaketti 21.5\" + Lane maksup\u00e4\u00e4te + kuittikirjoitin (super bundle) - Shopikassa","og_description":"Kiinte\u00e4\u00e4n k\u00e4ytt\u00f6\u00f6n tarkoitettu edullinen kassaty\u00f6asemapaketti.  Integroitu korttimaksup\u00e4\u00e4te Lane.  Erillinen kuittitulostin, 80mm kuittipaperi, nopea tulostus, automaattinen kuitin katkaisu.  Erityisesti kassak\u00e4ytt\u00f6\u00f6n suunniteltu l\u00e4pp\u00e4ri tehokkaalla Intel i3 suorittimella ja huippunopealla ja luotettavalla SSD kiintolevyll\u00e4.  Maksup\u00e4\u00e4tteen\u00e4 Lane, lis\u00e4tiedot https:\/\/e-kassa.fi\/maksupaeaetteet Maksup\u00e4\u00e4tteen hinta 29\u20ac\/kk (Nets laskuttaa)  Toimitetaan k\u00e4ytt\u00f6valmiiksi asennettuna.","og_url":"https:\/\/shopikassa.com\/en\/product\/kassatyoasemapaketti-21-5-lane-maksupaate-kuittikirjoitin-super-bundle\/","og_site_name":"Shopikassa","article_modified_time":"2025-04-17T10:09:40+00:00","og_image":[{"width":796,"height":518,"url":"https:\/\/shopikassa.com\/wp-content\/uploads\/2025\/04\/kassatyoasema_paketti_kiintea_lane_kuittikirjoitin.jpg","type":"image\/jpeg"}],"twitter_card":"summary_large_image","schema":{"@context":"https:\/\/schema.org","@graph":[{"@type":"WebPage","@id":"https:\/\/shopikassa.com\/tuote\/kassatyoasemapaketti-21-5-lane-maksupaate-kuittikirjoitin-super-bundle\/","url":"https:\/\/shopikassa.com\/tuote\/kassatyoasemapaketti-21-5-lane-maksupaate-kuittikirjoitin-super-bundle\/","name":"Kassaty\u00f6asemapaketti 21.5\" + Lane maksup\u00e4\u00e4te + kuittikirjoitin (super bundle) - Shopikassa","isPartOf":{"@id":"http:\/\/shopikassa.com\/#website"},"primaryImageOfPage":{"@id":"https:\/\/shopikassa.com\/tuote\/kassatyoasemapaketti-21-5-lane-maksupaate-kuittikirjoitin-super-bundle\/#primaryimage"},"image":{"@id":"https:\/\/shopikassa.com\/tuote\/kassatyoasemapaketti-21-5-lane-maksupaate-kuittikirjoitin-super-bundle\/#primaryimage"},"thumbnailUrl":"https:\/\/shopikassa.com\/wp-content\/uploads\/2025\/04\/kassatyoasema_paketti_kiintea_lane_kuittikirjoitin.jpg","datePublished":"2025-04-17T10:09:16+00:00","dateModified":"2025-04-17T10:09:40+00:00","breadcrumb":{"@id":"https:\/\/shopikassa.com\/tuote\/kassatyoasemapaketti-21-5-lane-maksupaate-kuittikirjoitin-super-bundle\/#breadcrumb"},"inLanguage":"en-GB","potentialAction":[{"@type":"ReadAction","target":["https:\/\/shopikassa.com\/tuote\/kassatyoasemapaketti-21-5-lane-maksupaate-kuittikirjoitin-super-bundle\/"]}]},{"@type":"ImageObject","inLanguage":"en-GB","@id":"https:\/\/shopikassa.com\/tuote\/kassatyoasemapaketti-21-5-lane-maksupaate-kuittikirjoitin-super-bundle\/#primaryimage","url":"https:\/\/shopikassa.com\/wp-content\/uploads\/2025\/04\/kassatyoasema_paketti_kiintea_lane_kuittikirjoitin.jpg","contentUrl":"https:\/\/shopikassa.com\/wp-content\/uploads\/2025\/04\/kassatyoasema_paketti_kiintea_lane_kuittikirjoitin.jpg","width":796,"height":518},{"@type":"BreadcrumbList","@id":"https:\/\/shopikassa.com\/tuote\/kassatyoasemapaketti-21-5-lane-maksupaate-kuittikirjoitin-super-bundle\/#breadcrumb","itemListElement":[{"@type":"ListItem","position":1,"name":"Etusivu","item":"https:\/\/shopikassa.com\/"},{"@type":"ListItem","position":2,"name":"Kauppa","item":"https:\/\/shopikassa.com\/kauppa\/"},{"@type":"ListItem","position":3,"name":"Kassaty\u00f6asemapaketti 21.5&#8243; + Lane maksup\u00e4\u00e4te + kuittikirjoitin (super bundle)"}]},{"@type":"WebSite","@id":"http:\/\/shopikassa.com\/#website","url":"http:\/\/shopikassa.com\/","name":"Shopikassa","description":"Vaihtoehtoinen\/parempi kassa ja maksup\u00e4\u00e4te Shopifyyn","publisher":{"@id":"http:\/\/shopikassa.com\/#organization"},"potentialAction":[{"@type":"SearchAction","target":{"@type":"EntryPoint","urlTemplate":"http:\/\/shopikassa.com\/?s={search_term_string}"},"query-input":{"@type":"PropertyValueSpecification","valueRequired":true,"valueName":"search_term_string"}}],"inLanguage":"en-GB"},{"@type":"Organization","@id":"http:\/\/shopikassa.com\/#organization","name":"Shopikassa","url":"http:\/\/shopikassa.com\/","logo":{"@type":"ImageObject","inLanguage":"en-GB","@id":"http:\/\/shopikassa.com\/#\/schema\/logo\/image\/","url":"http:\/\/shopikassa.com\/wp-content\/uploads\/2025\/04\/shopikassa-logo.webp","contentUrl":"http:\/\/shopikassa.com\/wp-content\/uploads\/2025\/04\/shopikassa-logo.webp","width":445,"height":292,"caption":"Shopikassa"},"image":{"@id":"http:\/\/shopikassa.com\/#\/schema\/logo\/image\/"}}]}},"_links":{"self":[{"href":"https:\/\/shopikassa.com\/en\/wp-json\/wp\/v2\/product\/610","targetHints":{"allow":["GET"]}}],"collection":[{"href":"https:\/\/shopikassa.com\/en\/wp-json\/wp\/v2\/product"}],"about":[{"href":"https:\/\/shopikassa.com\/en\/wp-json\/wp\/v2\/types\/product"}],"wp:featuredmedia":[{"embeddable":true,"href":"https:\/\/shopikassa.com\/en\/wp-json\/wp\/v2\/media\/636"}],"wp:attachment":[{"href":"https:\/\/shopikassa.com\/en\/wp-json\/wp\/v2\/media?parent=610"}],"wp:term":[{"taxonomy":"product_brand","embeddable":true,"href":"https:\/\/shopikassa.com\/en\/wp-json\/wp\/v2\/product_brand?post=610"},{"taxonomy":"product_cat","embeddable":true,"href":"https:\/\/shopikassa.com\/en\/wp-json\/wp\/v2\/product_cat?post=610"},{"taxonomy":"product_tag","embeddable":true,"href":"https:\/\/shopikassa.com\/en\/wp-json\/wp\/v2\/product_tag?post=610"}],"curies":[{"name":"wp","href":"https:\/\/api.w.org\/{rel}","templated":true}]}}