{"id":611,"date":"2025-04-17T13:09:17","date_gmt":"2025-04-17T10:09:17","guid":{"rendered":"https:\/\/shopikassa.com\/?post_type=product&#038;p=611"},"modified":"2025-04-17T13:09:41","modified_gmt":"2025-04-17T10:09:41","slug":"kassatyoasemapaketti-21-5-desk-maksupaate-sis-kuittikirjoitin-super-bundle","status":"publish","type":"product","link":"https:\/\/shopikassa.com\/en\/product\/kassatyoasemapaketti-21-5-desk-maksupaate-sis-kuittikirjoitin-super-bundle\/","title":{"rendered":"Kassaty\u00f6asemapaketti 21.5&#8243; + Desk maksup\u00e4\u00e4te sis. kuittikirjoitin (super bundle)"},"content":{"rendered":"<ul>\n<li class=\"bullet-points__item\">21,5&#8243; n\u00e4ytt\u00f6 FULL HD<\/li>\n<li>Intel i3 suoritin<\/li>\n<li>8 GT RAM muisti<\/li>\n<li>256 GT SSD kiintolevy<\/li>\n<\/ul>\n<p>Maksup\u00e4\u00e4tteen\u00e4 Desk3i, lis\u00e4tiedot <a href=\"https:\/\/e-kassa.fi\/maksupaeaetteet\">https:\/\/e-kassa.fi\/maksupaeaetteet<\/a><\/p>\n<p>Maksup\u00e4\u00e4tteen hinta 29\u20ac\/kk (Nets laskuttaa)<\/p>\n<p>Toimitetaan k\u00e4ytt\u00f6valmiiksi asennettuna.<\/p>","protected":false},"excerpt":{"rendered":"<p>Kiinte\u00e4\u00e4n k\u00e4ytt\u00f6\u00f6n tarkoitettu edullinen kassaty\u00f6asemapaketti.<\/p>\n<p>Integroitu korttimaksup\u00e4\u00e4te Desk3i sis\u00e4lt\u00e4\u00e4 kuittikirjoittimen. My\u00f6s k\u00e4teiskuitit tulostetaan maksup\u00e4\u00e4tteell\u00e4.<\/p>\n<p>Erityisesti kassak\u00e4ytt\u00f6\u00f6n suunniteltu kassaty\u00f6asema tehokkaalla Intel i3 suorittimella ja huippunopealla ja luotettavalla SSD kiintolevyll\u00e4.<\/p>\n<p>Maksup\u00e4\u00e4tteen\u00e4 Desk3i, lis\u00e4tiedot <a href=\"https:\/\/e-kassa.fi\/maksupaeaetteet\">https:\/\/e-kassa.fi\/maksupaeaetteet<\/a><\/p>\n<p>Maksup\u00e4\u00e4tteen hinta 29\u20ac\/kk (Nets laskuttaa)<\/p>\n<p>Toimitetaan k\u00e4ytt\u00f6valmiiksi asennettuna.<\/p>","protected":false},"featured_media":637,"template":"","meta":[],"product_brand":[],"product_cat":[24,71,55,52],"product_tag":[60,45,72],"class_list":{"0":"post-611","1":"product","2":"type-product","3":"status-publish","4":"has-post-thumbnail","6":"product_cat-kassalaitteet","7":"product_cat-kassapaketit","8":"product_cat-kassatyoasemat","9":"product_cat-tietokoneet-ja-laitteet","10":"product_tag-kassa","11":"product_tag-kassakone","12":"product_tag-kassatyoasema","13":"product_shipping_class-yleinen","15":"first","16":"instock","17":"featured","18":"taxable","19":"shipping-taxable","20":"purchasable","21":"product-type-simple"},"yoast_head":"<!-- This site is optimized with the Yoast SEO plugin v27.4 - https:\/\/yoast.com\/product\/yoast-seo-wordpress\/ -->\n<title>Kassaty\u00f6asemapaketti 21.5&quot; + Desk maksup\u00e4\u00e4te sis. kuittikirjoitin (super bundle) - Shopikassa<\/title>\n<meta name=\"robots\" content=\"index, follow, max-snippet:-1, max-image-preview:large, max-video-preview:-1\" \/>\n<link rel=\"canonical\" href=\"http:\/\/shopikassa.com\/en\/product\/kassatyoasemapaketti-21-5-desk-maksupaate-sis-kuittikirjoitin-super-bundle\/\" \/>\n<meta property=\"og:locale\" content=\"en_GB\" \/>\n<meta property=\"og:type\" content=\"article\" \/>\n<meta property=\"og:title\" content=\"Kassaty\u00f6asemapaketti 21.5&quot; + Desk maksup\u00e4\u00e4te sis. kuittikirjoitin (super bundle) - Shopikassa\" \/>\n<meta property=\"og:description\" content=\"Kiinte\u00e4\u00e4n k\u00e4ytt\u00f6\u00f6n tarkoitettu edullinen kassaty\u00f6asemapaketti.  Integroitu korttimaksup\u00e4\u00e4te Desk3i sis\u00e4lt\u00e4\u00e4 kuittikirjoittimen. My\u00f6s k\u00e4teiskuitit tulostetaan maksup\u00e4\u00e4tteell\u00e4.  Erityisesti kassak\u00e4ytt\u00f6\u00f6n suunniteltu kassaty\u00f6asema tehokkaalla Intel i3 suorittimella ja huippunopealla ja luotettavalla SSD kiintolevyll\u00e4.  Maksup\u00e4\u00e4tteen\u00e4 Desk3i, lis\u00e4tiedot https:\/\/e-kassa.fi\/maksupaeaetteet Maksup\u00e4\u00e4tteen hinta 29\u20ac\/kk (Nets laskuttaa)  Toimitetaan k\u00e4ytt\u00f6valmiiksi asennettuna.\" \/>\n<meta property=\"og:url\" content=\"http:\/\/shopikassa.com\/en\/product\/kassatyoasemapaketti-21-5-desk-maksupaate-sis-kuittikirjoitin-super-bundle\/\" \/>\n<meta property=\"og:site_name\" content=\"Shopikassa\" \/>\n<meta property=\"article:modified_time\" content=\"2025-04-17T10:09:41+00:00\" \/>\n<meta property=\"og:image\" content=\"http:\/\/shopikassa.com\/wp-content\/uploads\/2025\/04\/kassatyoasema_paketti_kiintea_desk.png\" \/>\n\t<meta property=\"og:image:width\" content=\"796\" \/>\n\t<meta property=\"og:image:height\" content=\"518\" \/>\n\t<meta property=\"og:image:type\" content=\"image\/png\" \/>\n<meta name=\"twitter:card\" content=\"summary_large_image\" \/>\n<script type=\"application\/ld+json\" class=\"yoast-schema-graph\">{\"@context\":\"https:\\\/\\\/schema.org\",\"@graph\":[{\"@type\":\"WebPage\",\"@id\":\"http:\\\/\\\/shopikassa.com\\\/en\\\/product\\\/kassatyoasemapaketti-21-5-desk-maksupaate-sis-kuittikirjoitin-super-bundle\\\/\",\"url\":\"http:\\\/\\\/shopikassa.com\\\/en\\\/product\\\/kassatyoasemapaketti-21-5-desk-maksupaate-sis-kuittikirjoitin-super-bundle\\\/\",\"name\":\"Kassaty\u00f6asemapaketti 21.5\\\" + Desk maksup\u00e4\u00e4te sis. kuittikirjoitin (super bundle) - Shopikassa\",\"isPartOf\":{\"@id\":\"http:\\\/\\\/shopikassa.com\\\/#website\"},\"primaryImageOfPage\":{\"@id\":\"http:\\\/\\\/shopikassa.com\\\/en\\\/product\\\/kassatyoasemapaketti-21-5-desk-maksupaate-sis-kuittikirjoitin-super-bundle\\\/#primaryimage\"},\"image\":{\"@id\":\"http:\\\/\\\/shopikassa.com\\\/en\\\/product\\\/kassatyoasemapaketti-21-5-desk-maksupaate-sis-kuittikirjoitin-super-bundle\\\/#primaryimage\"},\"thumbnailUrl\":\"https:\\\/\\\/shopikassa.com\\\/wp-content\\\/uploads\\\/2025\\\/04\\\/kassatyoasema_paketti_kiintea_desk.png\",\"datePublished\":\"2025-04-17T10:09:17+00:00\",\"dateModified\":\"2025-04-17T10:09:41+00:00\",\"breadcrumb\":{\"@id\":\"http:\\\/\\\/shopikassa.com\\\/en\\\/product\\\/kassatyoasemapaketti-21-5-desk-maksupaate-sis-kuittikirjoitin-super-bundle\\\/#breadcrumb\"},\"inLanguage\":\"en-GB\",\"potentialAction\":[{\"@type\":\"ReadAction\",\"target\":[\"http:\\\/\\\/shopikassa.com\\\/en\\\/product\\\/kassatyoasemapaketti-21-5-desk-maksupaate-sis-kuittikirjoitin-super-bundle\\\/\"]}]},{\"@type\":\"ImageObject\",\"inLanguage\":\"en-GB\",\"@id\":\"http:\\\/\\\/shopikassa.com\\\/en\\\/product\\\/kassatyoasemapaketti-21-5-desk-maksupaate-sis-kuittikirjoitin-super-bundle\\\/#primaryimage\",\"url\":\"https:\\\/\\\/shopikassa.com\\\/wp-content\\\/uploads\\\/2025\\\/04\\\/kassatyoasema_paketti_kiintea_desk.png\",\"contentUrl\":\"https:\\\/\\\/shopikassa.com\\\/wp-content\\\/uploads\\\/2025\\\/04\\\/kassatyoasema_paketti_kiintea_desk.png\",\"width\":796,\"height\":518},{\"@type\":\"BreadcrumbList\",\"@id\":\"http:\\\/\\\/shopikassa.com\\\/en\\\/product\\\/kassatyoasemapaketti-21-5-desk-maksupaate-sis-kuittikirjoitin-super-bundle\\\/#breadcrumb\",\"itemListElement\":[{\"@type\":\"ListItem\",\"position\":1,\"name\":\"Etusivu\",\"item\":\"https:\\\/\\\/shopikassa.com\\\/\"},{\"@type\":\"ListItem\",\"position\":2,\"name\":\"Kauppa\",\"item\":\"https:\\\/\\\/shopikassa.com\\\/kauppa\\\/\"},{\"@type\":\"ListItem\",\"position\":3,\"name\":\"Kassaty\u00f6asemapaketti 21.5&#8243; + Desk maksup\u00e4\u00e4te sis. kuittikirjoitin (super bundle)\"}]},{\"@type\":\"WebSite\",\"@id\":\"http:\\\/\\\/shopikassa.com\\\/#website\",\"url\":\"http:\\\/\\\/shopikassa.com\\\/\",\"name\":\"Shopikassa\",\"description\":\"Vaihtoehtoinen\\\/parempi kassa ja maksup\u00e4\u00e4te Shopifyyn\",\"publisher\":{\"@id\":\"http:\\\/\\\/shopikassa.com\\\/#organization\"},\"potentialAction\":[{\"@type\":\"SearchAction\",\"target\":{\"@type\":\"EntryPoint\",\"urlTemplate\":\"http:\\\/\\\/shopikassa.com\\\/?s={search_term_string}\"},\"query-input\":{\"@type\":\"PropertyValueSpecification\",\"valueRequired\":true,\"valueName\":\"search_term_string\"}}],\"inLanguage\":\"en-GB\"},{\"@type\":\"Organization\",\"@id\":\"http:\\\/\\\/shopikassa.com\\\/#organization\",\"name\":\"Shopikassa\",\"url\":\"http:\\\/\\\/shopikassa.com\\\/\",\"logo\":{\"@type\":\"ImageObject\",\"inLanguage\":\"en-GB\",\"@id\":\"http:\\\/\\\/shopikassa.com\\\/#\\\/schema\\\/logo\\\/image\\\/\",\"url\":\"http:\\\/\\\/shopikassa.com\\\/wp-content\\\/uploads\\\/2025\\\/04\\\/shopikassa-logo.webp\",\"contentUrl\":\"http:\\\/\\\/shopikassa.com\\\/wp-content\\\/uploads\\\/2025\\\/04\\\/shopikassa-logo.webp\",\"width\":445,\"height\":292,\"caption\":\"Shopikassa\"},\"image\":{\"@id\":\"http:\\\/\\\/shopikassa.com\\\/#\\\/schema\\\/logo\\\/image\\\/\"}}]}<\/script>\n<!-- \/ Yoast SEO plugin. -->","yoast_head_json":{"title":"Kassaty\u00f6asemapaketti 21.5\" + Desk maksup\u00e4\u00e4te sis. kuittikirjoitin (super bundle) - Shopikassa","robots":{"index":"index","follow":"follow","max-snippet":"max-snippet:-1","max-image-preview":"max-image-preview:large","max-video-preview":"max-video-preview:-1"},"canonical":"http:\/\/shopikassa.com\/en\/product\/kassatyoasemapaketti-21-5-desk-maksupaate-sis-kuittikirjoitin-super-bundle\/","og_locale":"en_GB","og_type":"article","og_title":"Kassaty\u00f6asemapaketti 21.5\" + Desk maksup\u00e4\u00e4te sis. kuittikirjoitin (super bundle) - Shopikassa","og_description":"Kiinte\u00e4\u00e4n k\u00e4ytt\u00f6\u00f6n tarkoitettu edullinen kassaty\u00f6asemapaketti.  Integroitu korttimaksup\u00e4\u00e4te Desk3i sis\u00e4lt\u00e4\u00e4 kuittikirjoittimen. My\u00f6s k\u00e4teiskuitit tulostetaan maksup\u00e4\u00e4tteell\u00e4.  Erityisesti kassak\u00e4ytt\u00f6\u00f6n suunniteltu kassaty\u00f6asema tehokkaalla Intel i3 suorittimella ja huippunopealla ja luotettavalla SSD kiintolevyll\u00e4.  Maksup\u00e4\u00e4tteen\u00e4 Desk3i, lis\u00e4tiedot https:\/\/e-kassa.fi\/maksupaeaetteet Maksup\u00e4\u00e4tteen hinta 29\u20ac\/kk (Nets laskuttaa)  Toimitetaan k\u00e4ytt\u00f6valmiiksi asennettuna.","og_url":"http:\/\/shopikassa.com\/en\/product\/kassatyoasemapaketti-21-5-desk-maksupaate-sis-kuittikirjoitin-super-bundle\/","og_site_name":"Shopikassa","article_modified_time":"2025-04-17T10:09:41+00:00","og_image":[{"width":796,"height":518,"url":"http:\/\/shopikassa.com\/wp-content\/uploads\/2025\/04\/kassatyoasema_paketti_kiintea_desk.png","type":"image\/png"}],"twitter_card":"summary_large_image","schema":{"@context":"https:\/\/schema.org","@graph":[{"@type":"WebPage","@id":"http:\/\/shopikassa.com\/en\/product\/kassatyoasemapaketti-21-5-desk-maksupaate-sis-kuittikirjoitin-super-bundle\/","url":"http:\/\/shopikassa.com\/en\/product\/kassatyoasemapaketti-21-5-desk-maksupaate-sis-kuittikirjoitin-super-bundle\/","name":"Kassaty\u00f6asemapaketti 21.5\" + Desk maksup\u00e4\u00e4te sis. kuittikirjoitin (super bundle) - Shopikassa","isPartOf":{"@id":"http:\/\/shopikassa.com\/#website"},"primaryImageOfPage":{"@id":"http:\/\/shopikassa.com\/en\/product\/kassatyoasemapaketti-21-5-desk-maksupaate-sis-kuittikirjoitin-super-bundle\/#primaryimage"},"image":{"@id":"http:\/\/shopikassa.com\/en\/product\/kassatyoasemapaketti-21-5-desk-maksupaate-sis-kuittikirjoitin-super-bundle\/#primaryimage"},"thumbnailUrl":"https:\/\/shopikassa.com\/wp-content\/uploads\/2025\/04\/kassatyoasema_paketti_kiintea_desk.png","datePublished":"2025-04-17T10:09:17+00:00","dateModified":"2025-04-17T10:09:41+00:00","breadcrumb":{"@id":"http:\/\/shopikassa.com\/en\/product\/kassatyoasemapaketti-21-5-desk-maksupaate-sis-kuittikirjoitin-super-bundle\/#breadcrumb"},"inLanguage":"en-GB","potentialAction":[{"@type":"ReadAction","target":["http:\/\/shopikassa.com\/en\/product\/kassatyoasemapaketti-21-5-desk-maksupaate-sis-kuittikirjoitin-super-bundle\/"]}]},{"@type":"ImageObject","inLanguage":"en-GB","@id":"http:\/\/shopikassa.com\/en\/product\/kassatyoasemapaketti-21-5-desk-maksupaate-sis-kuittikirjoitin-super-bundle\/#primaryimage","url":"https:\/\/shopikassa.com\/wp-content\/uploads\/2025\/04\/kassatyoasema_paketti_kiintea_desk.png","contentUrl":"https:\/\/shopikassa.com\/wp-content\/uploads\/2025\/04\/kassatyoasema_paketti_kiintea_desk.png","width":796,"height":518},{"@type":"BreadcrumbList","@id":"http:\/\/shopikassa.com\/en\/product\/kassatyoasemapaketti-21-5-desk-maksupaate-sis-kuittikirjoitin-super-bundle\/#breadcrumb","itemListElement":[{"@type":"ListItem","position":1,"name":"Etusivu","item":"https:\/\/shopikassa.com\/"},{"@type":"ListItem","position":2,"name":"Kauppa","item":"https:\/\/shopikassa.com\/kauppa\/"},{"@type":"ListItem","position":3,"name":"Kassaty\u00f6asemapaketti 21.5&#8243; + Desk maksup\u00e4\u00e4te sis. kuittikirjoitin (super bundle)"}]},{"@type":"WebSite","@id":"http:\/\/shopikassa.com\/#website","url":"http:\/\/shopikassa.com\/","name":"Shopikassa","description":"Vaihtoehtoinen\/parempi kassa ja maksup\u00e4\u00e4te Shopifyyn","publisher":{"@id":"http:\/\/shopikassa.com\/#organization"},"potentialAction":[{"@type":"SearchAction","target":{"@type":"EntryPoint","urlTemplate":"http:\/\/shopikassa.com\/?s={search_term_string}"},"query-input":{"@type":"PropertyValueSpecification","valueRequired":true,"valueName":"search_term_string"}}],"inLanguage":"en-GB"},{"@type":"Organization","@id":"http:\/\/shopikassa.com\/#organization","name":"Shopikassa","url":"http:\/\/shopikassa.com\/","logo":{"@type":"ImageObject","inLanguage":"en-GB","@id":"http:\/\/shopikassa.com\/#\/schema\/logo\/image\/","url":"http:\/\/shopikassa.com\/wp-content\/uploads\/2025\/04\/shopikassa-logo.webp","contentUrl":"http:\/\/shopikassa.com\/wp-content\/uploads\/2025\/04\/shopikassa-logo.webp","width":445,"height":292,"caption":"Shopikassa"},"image":{"@id":"http:\/\/shopikassa.com\/#\/schema\/logo\/image\/"}}]}},"_links":{"self":[{"href":"https:\/\/shopikassa.com\/en\/wp-json\/wp\/v2\/product\/611","targetHints":{"allow":["GET"]}}],"collection":[{"href":"https:\/\/shopikassa.com\/en\/wp-json\/wp\/v2\/product"}],"about":[{"href":"https:\/\/shopikassa.com\/en\/wp-json\/wp\/v2\/types\/product"}],"wp:featuredmedia":[{"embeddable":true,"href":"https:\/\/shopikassa.com\/en\/wp-json\/wp\/v2\/media\/637"}],"wp:attachment":[{"href":"https:\/\/shopikassa.com\/en\/wp-json\/wp\/v2\/media?parent=611"}],"wp:term":[{"taxonomy":"product_brand","embeddable":true,"href":"https:\/\/shopikassa.com\/en\/wp-json\/wp\/v2\/product_brand?post=611"},{"taxonomy":"product_cat","embeddable":true,"href":"https:\/\/shopikassa.com\/en\/wp-json\/wp\/v2\/product_cat?post=611"},{"taxonomy":"product_tag","embeddable":true,"href":"https:\/\/shopikassa.com\/en\/wp-json\/wp\/v2\/product_tag?post=611"}],"curies":[{"name":"wp","href":"https:\/\/api.w.org\/{rel}","templated":true}]}}