{"id":617,"date":"2025-04-17T13:09:23","date_gmt":"2025-04-17T10:09:23","guid":{"rendered":"https:\/\/shopikassa.com\/?post_type=product&#038;p=617"},"modified":"2025-04-17T13:09:42","modified_gmt":"2025-04-17T10:09:42","slug":"kassapc-kassakone-ns1000-kosketusnaytolla-leasing-lane-maksupaate-super-bundle","status":"publish","type":"product","link":"https:\/\/shopikassa.com\/en\/product\/kassapc-kassakone-ns1000-kosketusnaytolla-leasing-lane-maksupaate-super-bundle\/","title":{"rendered":"Kassapc\/Kassakone NS1000 kosketusn\u00e4yt\u00f6ll\u00e4 leasing + Lane maksup\u00e4\u00e4te (super bundle)"},"content":{"rendered":"<p>NS1000 KASSAPC\/KASSAKONE sis\u00e4lt\u00e4\u00e4 tietokoneen, kosketusn\u00e4yt\u00f6n ja kuittikirjoittimen. Optiona asiakasn\u00e4ytt\u00f6.<\/p>\n<p>Kaikki samassa laitteessa.<\/p>\n<p>Kassakonetta vastaava ratkaisu.<\/p>\n<p>Sopii erityisen hyvin Shopikassa\/Shopify -kassaj\u00e4rjestelmille. Erityisen hyvin ratkaisu sopii ravintolak\u00e4ytt\u00f6\u00f6n ja muihin kiinteisiin myyntipisteisiin, miss\u00e4 halutaan hy\u00f6dynt\u00e4\u00e4 kosketusn\u00e4ytt\u00f6\u00e4. Kosketusn\u00e4yt\u00f6n avulla tuote lis\u00e4t\u00e4\u00e4n tapahtumalle helposti ja nopeasti yhdell\u00e4 kosketuksella. Laite kest\u00e4\u00e4 roiskekosteutta ja on helppo pit\u00e4\u00e4 puhtaana pyyhkim\u00e4ll\u00e4.<\/p>\n<p>Hinta 59\u20ac\/kk (36 kk leasing)<\/p>\n<p>Voit pyyt\u00e4\u00e4 my\u00f6s edullisen leasing tarjouksen haluamastasi kassakokonaisuudesta, esim. kassakone, maksup\u00e4\u00e4te ja ohjelmat.<\/p>\n<p>Verkkokaupasta tehty tilaus on leasing sopimuksen ensimm\u00e4inen er\u00e4, joka on huomioitu hinnassa.<\/p>\n<p>Kytkent\u00e4: ethernet + virta (optio Wifi).<\/p>\n<p>Maksup\u00e4\u00e4tteen\u00e4 Lane 29 \u20ac\/kk.<\/p>","protected":false},"excerpt":{"rendered":"<p>NS1000 KASSAPC\/KASSAKONE sis\u00e4lt\u00e4\u00e4 tietokoneen, kosketusn\u00e4yt\u00f6n ja kuittikirjoittimen. Optiona asiakasn\u00e4ytt\u00f6.<\/p>\n<p>Kaikki samassa laitteessa.<\/p>\n<p>Kassakonetta vastaava ratkaisu.<\/p>\n<p>Sopii erityisen hyvin Shopikassa\/Shopify -kassaj\u00e4rjestelmille. Erityisen hyvin ratkaisu sopii ravintolak\u00e4ytt\u00f6\u00f6n ja muihin kiinteisiin myyntipisteisiin, miss\u00e4 halutaan hy\u00f6dynt\u00e4\u00e4 kosketusn\u00e4ytt\u00f6\u00e4. Kosketusn\u00e4yt\u00f6n avulla tuote lis\u00e4t\u00e4\u00e4n tapahtumalle helposti ja nopeasti yhdell\u00e4 kosketuksella. Laite kest\u00e4\u00e4 roiskekosteutta ja on helppo pit\u00e4\u00e4 puhtaana pyyhkim\u00e4ll\u00e4.<\/p>\n<p>Hinta 59 \u20ac\/kk (36 kk leasing)<\/p>\n<p>Voit pyyt\u00e4\u00e4 my\u00f6s edullisen leasing tarjouksen haluamastasi kassakokonaisuudesta, esim. kassakone, maksup\u00e4\u00e4te ja ohjelmat.<\/p>\n<p>Verkkokaupasta tehty tilaus on leasing sopimuksen ensimm\u00e4inen er\u00e4, joka on huomioitu hinnassa.<\/p>\n<p>Kytkent\u00e4: ethernet + virta (optio Wifi).<\/p>\n<p>Maksup\u00e4\u00e4tteen\u00e4 Lane 29 \u20ac\/kk.<\/p>","protected":false},"featured_media":640,"template":"","meta":[],"product_brand":[],"product_cat":[24,71,44],"product_tag":[45,46,47,42,27,28],"class_list":{"0":"post-617","1":"product","2":"type-product","3":"status-publish","4":"has-post-thumbnail","6":"product_cat-kassalaitteet","7":"product_cat-kassapaketit","8":"product_cat-kassapc-kassakone","9":"product_tag-kassakone","10":"product_tag-kassapc","11":"product_tag-kosketusnaytto","12":"product_tag-leasing","13":"product_tag-shopify","14":"product_tag-shopikassa","16":"first","17":"instock","18":"featured","19":"taxable","20":"shipping-taxable","21":"purchasable","22":"product-type-simple"},"yoast_head":"<!-- This site is optimized with the Yoast SEO plugin v27.4 - https:\/\/yoast.com\/product\/yoast-seo-wordpress\/ -->\n<title>Kassapc\/Kassakone NS1000 kosketusn\u00e4yt\u00f6ll\u00e4 leasing + Lane maksup\u00e4\u00e4te (super bundle) - Shopikassa<\/title>\n<meta name=\"robots\" content=\"index, follow, max-snippet:-1, max-image-preview:large, max-video-preview:-1\" \/>\n<link rel=\"canonical\" href=\"https:\/\/shopikassa.com\/en\/product\/kassapc-kassakone-ns1000-kosketusnaytolla-leasing-lane-maksupaate-super-bundle\/\" \/>\n<meta property=\"og:locale\" content=\"en_GB\" \/>\n<meta property=\"og:type\" content=\"article\" \/>\n<meta property=\"og:title\" content=\"Kassapc\/Kassakone NS1000 kosketusn\u00e4yt\u00f6ll\u00e4 leasing + Lane maksup\u00e4\u00e4te (super bundle) - Shopikassa\" \/>\n<meta property=\"og:description\" content=\"NS1000 KASSAPC\/KASSAKONE sis\u00e4lt\u00e4\u00e4 tietokoneen, kosketusn\u00e4yt\u00f6n ja kuittikirjoittimen. Optiona asiakasn\u00e4ytt\u00f6. Kaikki samassa laitteessa. Kassakonetta vastaava ratkaisu.  Sopii erityisen hyvin Shopikassa\/Shopify -kassaj\u00e4rjestelmille. Erityisen hyvin ratkaisu sopii ravintolak\u00e4ytt\u00f6\u00f6n ja muihin kiinteisiin myyntipisteisiin, miss\u00e4 halutaan hy\u00f6dynt\u00e4\u00e4 kosketusn\u00e4ytt\u00f6\u00e4. Kosketusn\u00e4yt\u00f6n avulla tuote lis\u00e4t\u00e4\u00e4n tapahtumalle helposti ja nopeasti yhdell\u00e4 kosketuksella. Laite kest\u00e4\u00e4 roiskekosteutta ja on helppo pit\u00e4\u00e4 puhtaana pyyhkim\u00e4ll\u00e4.  Hinta 59 \u20ac\/kk (36 kk leasing) Voit pyyt\u00e4\u00e4 my\u00f6s edullisen leasing tarjouksen haluamastasi kassakokonaisuudesta, esim. kassakone, maksup\u00e4\u00e4te ja ohjelmat. Verkkokaupasta tehty tilaus on leasing sopimuksen ensimm\u00e4inen er\u00e4, joka on huomioitu hinnassa.  Kytkent\u00e4: ethernet + virta (optio Wifi).  Maksup\u00e4\u00e4tteen\u00e4 Lane 29 \u20ac\/kk.\" \/>\n<meta property=\"og:url\" content=\"https:\/\/shopikassa.com\/en\/product\/kassapc-kassakone-ns1000-kosketusnaytolla-leasing-lane-maksupaate-super-bundle\/\" \/>\n<meta property=\"og:site_name\" content=\"Shopikassa\" \/>\n<meta property=\"article:modified_time\" content=\"2025-04-17T10:09:42+00:00\" \/>\n<meta property=\"og:image\" content=\"https:\/\/shopikassa.com\/wp-content\/uploads\/2025\/04\/kassapc_kassakone_lane_maksupaate-paketti.png\" \/>\n\t<meta property=\"og:image:width\" content=\"371\" \/>\n\t<meta property=\"og:image:height\" content=\"260\" \/>\n\t<meta property=\"og:image:type\" content=\"image\/png\" \/>\n<meta name=\"twitter:card\" content=\"summary_large_image\" \/>\n<meta name=\"twitter:label1\" content=\"Estimated reading time\" \/>\n\t<meta name=\"twitter:data1\" content=\"1 minute\" \/>\n<script type=\"application\/ld+json\" class=\"yoast-schema-graph\">{\"@context\":\"https:\\\/\\\/schema.org\",\"@graph\":[{\"@type\":\"WebPage\",\"@id\":\"https:\\\/\\\/shopikassa.com\\\/en\\\/product\\\/kassapc-kassakone-ns1000-kosketusnaytolla-leasing-lane-maksupaate-super-bundle\\\/\",\"url\":\"https:\\\/\\\/shopikassa.com\\\/en\\\/product\\\/kassapc-kassakone-ns1000-kosketusnaytolla-leasing-lane-maksupaate-super-bundle\\\/\",\"name\":\"Kassapc\\\/Kassakone NS1000 kosketusn\u00e4yt\u00f6ll\u00e4 leasing + Lane maksup\u00e4\u00e4te (super bundle) - Shopikassa\",\"isPartOf\":{\"@id\":\"http:\\\/\\\/shopikassa.com\\\/#website\"},\"primaryImageOfPage\":{\"@id\":\"https:\\\/\\\/shopikassa.com\\\/en\\\/product\\\/kassapc-kassakone-ns1000-kosketusnaytolla-leasing-lane-maksupaate-super-bundle\\\/#primaryimage\"},\"image\":{\"@id\":\"https:\\\/\\\/shopikassa.com\\\/en\\\/product\\\/kassapc-kassakone-ns1000-kosketusnaytolla-leasing-lane-maksupaate-super-bundle\\\/#primaryimage\"},\"thumbnailUrl\":\"https:\\\/\\\/shopikassa.com\\\/wp-content\\\/uploads\\\/2025\\\/04\\\/kassapc_kassakone_lane_maksupaate-paketti.png\",\"datePublished\":\"2025-04-17T10:09:23+00:00\",\"dateModified\":\"2025-04-17T10:09:42+00:00\",\"breadcrumb\":{\"@id\":\"https:\\\/\\\/shopikassa.com\\\/en\\\/product\\\/kassapc-kassakone-ns1000-kosketusnaytolla-leasing-lane-maksupaate-super-bundle\\\/#breadcrumb\"},\"inLanguage\":\"en-GB\",\"potentialAction\":[{\"@type\":\"ReadAction\",\"target\":[\"https:\\\/\\\/shopikassa.com\\\/en\\\/product\\\/kassapc-kassakone-ns1000-kosketusnaytolla-leasing-lane-maksupaate-super-bundle\\\/\"]}]},{\"@type\":\"ImageObject\",\"inLanguage\":\"en-GB\",\"@id\":\"https:\\\/\\\/shopikassa.com\\\/en\\\/product\\\/kassapc-kassakone-ns1000-kosketusnaytolla-leasing-lane-maksupaate-super-bundle\\\/#primaryimage\",\"url\":\"https:\\\/\\\/shopikassa.com\\\/wp-content\\\/uploads\\\/2025\\\/04\\\/kassapc_kassakone_lane_maksupaate-paketti.png\",\"contentUrl\":\"https:\\\/\\\/shopikassa.com\\\/wp-content\\\/uploads\\\/2025\\\/04\\\/kassapc_kassakone_lane_maksupaate-paketti.png\",\"width\":371,\"height\":260},{\"@type\":\"BreadcrumbList\",\"@id\":\"https:\\\/\\\/shopikassa.com\\\/en\\\/product\\\/kassapc-kassakone-ns1000-kosketusnaytolla-leasing-lane-maksupaate-super-bundle\\\/#breadcrumb\",\"itemListElement\":[{\"@type\":\"ListItem\",\"position\":1,\"name\":\"Etusivu\",\"item\":\"https:\\\/\\\/shopikassa.com\\\/\"},{\"@type\":\"ListItem\",\"position\":2,\"name\":\"Kauppa\",\"item\":\"https:\\\/\\\/shopikassa.com\\\/kauppa\\\/\"},{\"@type\":\"ListItem\",\"position\":3,\"name\":\"Kassapc\\\/Kassakone NS1000 kosketusn\u00e4yt\u00f6ll\u00e4 leasing + Lane maksup\u00e4\u00e4te (super bundle)\"}]},{\"@type\":\"WebSite\",\"@id\":\"http:\\\/\\\/shopikassa.com\\\/#website\",\"url\":\"http:\\\/\\\/shopikassa.com\\\/\",\"name\":\"Shopikassa\",\"description\":\"Vaihtoehtoinen\\\/parempi kassa ja maksup\u00e4\u00e4te Shopifyyn\",\"publisher\":{\"@id\":\"http:\\\/\\\/shopikassa.com\\\/#organization\"},\"potentialAction\":[{\"@type\":\"SearchAction\",\"target\":{\"@type\":\"EntryPoint\",\"urlTemplate\":\"http:\\\/\\\/shopikassa.com\\\/?s={search_term_string}\"},\"query-input\":{\"@type\":\"PropertyValueSpecification\",\"valueRequired\":true,\"valueName\":\"search_term_string\"}}],\"inLanguage\":\"en-GB\"},{\"@type\":\"Organization\",\"@id\":\"http:\\\/\\\/shopikassa.com\\\/#organization\",\"name\":\"Shopikassa\",\"url\":\"http:\\\/\\\/shopikassa.com\\\/\",\"logo\":{\"@type\":\"ImageObject\",\"inLanguage\":\"en-GB\",\"@id\":\"http:\\\/\\\/shopikassa.com\\\/#\\\/schema\\\/logo\\\/image\\\/\",\"url\":\"http:\\\/\\\/shopikassa.com\\\/wp-content\\\/uploads\\\/2025\\\/04\\\/shopikassa-logo.webp\",\"contentUrl\":\"http:\\\/\\\/shopikassa.com\\\/wp-content\\\/uploads\\\/2025\\\/04\\\/shopikassa-logo.webp\",\"width\":445,\"height\":292,\"caption\":\"Shopikassa\"},\"image\":{\"@id\":\"http:\\\/\\\/shopikassa.com\\\/#\\\/schema\\\/logo\\\/image\\\/\"}}]}<\/script>\n<!-- \/ Yoast SEO plugin. -->","yoast_head_json":{"title":"Kassapc\/Kassakone NS1000 kosketusn\u00e4yt\u00f6ll\u00e4 leasing + Lane maksup\u00e4\u00e4te (super bundle) - Shopikassa","robots":{"index":"index","follow":"follow","max-snippet":"max-snippet:-1","max-image-preview":"max-image-preview:large","max-video-preview":"max-video-preview:-1"},"canonical":"https:\/\/shopikassa.com\/en\/product\/kassapc-kassakone-ns1000-kosketusnaytolla-leasing-lane-maksupaate-super-bundle\/","og_locale":"en_GB","og_type":"article","og_title":"Kassapc\/Kassakone NS1000 kosketusn\u00e4yt\u00f6ll\u00e4 leasing + Lane maksup\u00e4\u00e4te (super bundle) - Shopikassa","og_description":"NS1000 KASSAPC\/KASSAKONE sis\u00e4lt\u00e4\u00e4 tietokoneen, kosketusn\u00e4yt\u00f6n ja kuittikirjoittimen. Optiona asiakasn\u00e4ytt\u00f6. Kaikki samassa laitteessa. Kassakonetta vastaava ratkaisu.  Sopii erityisen hyvin Shopikassa\/Shopify -kassaj\u00e4rjestelmille. Erityisen hyvin ratkaisu sopii ravintolak\u00e4ytt\u00f6\u00f6n ja muihin kiinteisiin myyntipisteisiin, miss\u00e4 halutaan hy\u00f6dynt\u00e4\u00e4 kosketusn\u00e4ytt\u00f6\u00e4. Kosketusn\u00e4yt\u00f6n avulla tuote lis\u00e4t\u00e4\u00e4n tapahtumalle helposti ja nopeasti yhdell\u00e4 kosketuksella. Laite kest\u00e4\u00e4 roiskekosteutta ja on helppo pit\u00e4\u00e4 puhtaana pyyhkim\u00e4ll\u00e4.  Hinta 59 \u20ac\/kk (36 kk leasing) Voit pyyt\u00e4\u00e4 my\u00f6s edullisen leasing tarjouksen haluamastasi kassakokonaisuudesta, esim. kassakone, maksup\u00e4\u00e4te ja ohjelmat. Verkkokaupasta tehty tilaus on leasing sopimuksen ensimm\u00e4inen er\u00e4, joka on huomioitu hinnassa.  Kytkent\u00e4: ethernet + virta (optio Wifi).  Maksup\u00e4\u00e4tteen\u00e4 Lane 29 \u20ac\/kk.","og_url":"https:\/\/shopikassa.com\/en\/product\/kassapc-kassakone-ns1000-kosketusnaytolla-leasing-lane-maksupaate-super-bundle\/","og_site_name":"Shopikassa","article_modified_time":"2025-04-17T10:09:42+00:00","og_image":[{"width":371,"height":260,"url":"https:\/\/shopikassa.com\/wp-content\/uploads\/2025\/04\/kassapc_kassakone_lane_maksupaate-paketti.png","type":"image\/png"}],"twitter_card":"summary_large_image","twitter_misc":{"Estimated reading time":"1 minute"},"schema":{"@context":"https:\/\/schema.org","@graph":[{"@type":"WebPage","@id":"https:\/\/shopikassa.com\/en\/product\/kassapc-kassakone-ns1000-kosketusnaytolla-leasing-lane-maksupaate-super-bundle\/","url":"https:\/\/shopikassa.com\/en\/product\/kassapc-kassakone-ns1000-kosketusnaytolla-leasing-lane-maksupaate-super-bundle\/","name":"Kassapc\/Kassakone NS1000 kosketusn\u00e4yt\u00f6ll\u00e4 leasing + Lane maksup\u00e4\u00e4te (super bundle) - Shopikassa","isPartOf":{"@id":"http:\/\/shopikassa.com\/#website"},"primaryImageOfPage":{"@id":"https:\/\/shopikassa.com\/en\/product\/kassapc-kassakone-ns1000-kosketusnaytolla-leasing-lane-maksupaate-super-bundle\/#primaryimage"},"image":{"@id":"https:\/\/shopikassa.com\/en\/product\/kassapc-kassakone-ns1000-kosketusnaytolla-leasing-lane-maksupaate-super-bundle\/#primaryimage"},"thumbnailUrl":"https:\/\/shopikassa.com\/wp-content\/uploads\/2025\/04\/kassapc_kassakone_lane_maksupaate-paketti.png","datePublished":"2025-04-17T10:09:23+00:00","dateModified":"2025-04-17T10:09:42+00:00","breadcrumb":{"@id":"https:\/\/shopikassa.com\/en\/product\/kassapc-kassakone-ns1000-kosketusnaytolla-leasing-lane-maksupaate-super-bundle\/#breadcrumb"},"inLanguage":"en-GB","potentialAction":[{"@type":"ReadAction","target":["https:\/\/shopikassa.com\/en\/product\/kassapc-kassakone-ns1000-kosketusnaytolla-leasing-lane-maksupaate-super-bundle\/"]}]},{"@type":"ImageObject","inLanguage":"en-GB","@id":"https:\/\/shopikassa.com\/en\/product\/kassapc-kassakone-ns1000-kosketusnaytolla-leasing-lane-maksupaate-super-bundle\/#primaryimage","url":"https:\/\/shopikassa.com\/wp-content\/uploads\/2025\/04\/kassapc_kassakone_lane_maksupaate-paketti.png","contentUrl":"https:\/\/shopikassa.com\/wp-content\/uploads\/2025\/04\/kassapc_kassakone_lane_maksupaate-paketti.png","width":371,"height":260},{"@type":"BreadcrumbList","@id":"https:\/\/shopikassa.com\/en\/product\/kassapc-kassakone-ns1000-kosketusnaytolla-leasing-lane-maksupaate-super-bundle\/#breadcrumb","itemListElement":[{"@type":"ListItem","position":1,"name":"Etusivu","item":"https:\/\/shopikassa.com\/"},{"@type":"ListItem","position":2,"name":"Kauppa","item":"https:\/\/shopikassa.com\/kauppa\/"},{"@type":"ListItem","position":3,"name":"Kassapc\/Kassakone NS1000 kosketusn\u00e4yt\u00f6ll\u00e4 leasing + Lane maksup\u00e4\u00e4te (super bundle)"}]},{"@type":"WebSite","@id":"http:\/\/shopikassa.com\/#website","url":"http:\/\/shopikassa.com\/","name":"Shopikassa","description":"Vaihtoehtoinen\/parempi kassa ja maksup\u00e4\u00e4te Shopifyyn","publisher":{"@id":"http:\/\/shopikassa.com\/#organization"},"potentialAction":[{"@type":"SearchAction","target":{"@type":"EntryPoint","urlTemplate":"http:\/\/shopikassa.com\/?s={search_term_string}"},"query-input":{"@type":"PropertyValueSpecification","valueRequired":true,"valueName":"search_term_string"}}],"inLanguage":"en-GB"},{"@type":"Organization","@id":"http:\/\/shopikassa.com\/#organization","name":"Shopikassa","url":"http:\/\/shopikassa.com\/","logo":{"@type":"ImageObject","inLanguage":"en-GB","@id":"http:\/\/shopikassa.com\/#\/schema\/logo\/image\/","url":"http:\/\/shopikassa.com\/wp-content\/uploads\/2025\/04\/shopikassa-logo.webp","contentUrl":"http:\/\/shopikassa.com\/wp-content\/uploads\/2025\/04\/shopikassa-logo.webp","width":445,"height":292,"caption":"Shopikassa"},"image":{"@id":"http:\/\/shopikassa.com\/#\/schema\/logo\/image\/"}}]}},"_links":{"self":[{"href":"https:\/\/shopikassa.com\/en\/wp-json\/wp\/v2\/product\/617","targetHints":{"allow":["GET"]}}],"collection":[{"href":"https:\/\/shopikassa.com\/en\/wp-json\/wp\/v2\/product"}],"about":[{"href":"https:\/\/shopikassa.com\/en\/wp-json\/wp\/v2\/types\/product"}],"wp:featuredmedia":[{"embeddable":true,"href":"https:\/\/shopikassa.com\/en\/wp-json\/wp\/v2\/media\/640"}],"wp:attachment":[{"href":"https:\/\/shopikassa.com\/en\/wp-json\/wp\/v2\/media?parent=617"}],"wp:term":[{"taxonomy":"product_brand","embeddable":true,"href":"https:\/\/shopikassa.com\/en\/wp-json\/wp\/v2\/product_brand?post=617"},{"taxonomy":"product_cat","embeddable":true,"href":"https:\/\/shopikassa.com\/en\/wp-json\/wp\/v2\/product_cat?post=617"},{"taxonomy":"product_tag","embeddable":true,"href":"https:\/\/shopikassa.com\/en\/wp-json\/wp\/v2\/product_tag?post=617"}],"curies":[{"name":"wp","href":"https:\/\/api.w.org\/{rel}","templated":true}]}}