{"id":619,"date":"2025-04-17T13:09:25","date_gmt":"2025-04-17T10:09:25","guid":{"rendered":"https:\/\/shopikassa.com\/?post_type=product&#038;p=619"},"modified":"2025-04-17T13:09:43","modified_gmt":"2025-04-17T10:09:43","slug":"tehokassatyoasema-intel-i7","status":"publish","type":"product","link":"https:\/\/shopikassa.com\/en\/product\/tehokassatyoasema-intel-i7\/","title":{"rendered":"Tehokassaty\u00f6asema Intel i7"},"content":{"rendered":"<p><b>Prosessori<\/b>: Intel Core i7-7700 (3,6 &#8211; 4,2 GHz, 4 ydint\u00e4\/8 s\u00e4iett\u00e4, 8 Mt Intel Smart Cache)<\/p>\n<p><b>Keskusmuisti<\/b>: 16 Gt DDR4<\/p>\n<p><b>Keskusmuisti maks.<\/b>: 64 Gt<\/p>\n<p><b>Kiintolevy<\/b>: 256 Gt SSD<\/p>\n<p><b>Optinen asema<\/b>: DVDRW<\/p>\n<p><b>N\u00e4yt\u00f6nohjain<\/b>: integr. Intel HD Graphics 630<\/p>\n<p><b>\u00c4\u00e4ni<\/b>: integr. HD audio<\/p>\n<p><b>Verkko<\/b>: integr. 10\/100\/1000 Ethernet<\/p>\n<p><b>Etuliit\u00e4nn\u00e4t<\/b>: 1 kpl USB-C, 1 kpl USB 3.0, 2 kpl USB 2.0, kuuloke\/mikrofoniyhdistelm\u00e4liitin<\/p>\n<p><b>Takaliit\u00e4nn\u00e4t<\/b>: 2 kpl PS\/2, 4 kpl USB 3.0, 2 kpl USB 2.0, RJ45, HDMI, 2 kpl DisplayPort, \u00e4\u00e4niliitin, sarjaportti<\/p>\n<p><b>Virtal\u00e4hde<\/b>: 180W<\/p>\n<p><b>K\u00e4ytt\u00f6j\u00e4rjestelm\u00e4<\/b>: suomenkielinen Windows 10 Pro (kieli vaihdettavissa)<\/p>\n<p><b>Mitat (L x S x K)<\/b>: 29,0 x 29,20 x 9,26 cm<\/p>\n<p><b>Paino<\/b>: n. 5,14 kg<\/p>\n<p><span style=\"color: #333333; font-size: 14.4px;\">Uudistettu\/Refurbished<\/p>\n<p>Takuu 12 kk.<\/span><\/p>","protected":false},"excerpt":{"rendered":"<p>Erityisesti kassak\u00e4ytt\u00f6\u00f6n suunniteltu tehoty\u00f6asema\/p\u00f6yt\u00e4kone tehokkaalla Intel i7 suorittimella ja 256 GT huippunopealla ja luotettavalla SSD kiintolevyll\u00e4.<\/p>","protected":false},"featured_media":606,"template":"","meta":[],"product_brand":[],"product_cat":[24,55,52],"product_tag":[79,45,80,57],"class_list":{"0":"post-619","1":"product","2":"type-product","3":"status-publish","4":"has-post-thumbnail","6":"product_cat-kassalaitteet","7":"product_cat-kassatyoasemat","8":"product_cat-tietokoneet-ja-laitteet","9":"product_tag-intel-i7","10":"product_tag-kassakone","11":"product_tag-tehotyoasema","12":"product_tag-tyoasema","13":"product_shipping_class-yleinen","15":"first","16":"instock","17":"featured","18":"taxable","19":"shipping-taxable","20":"purchasable","21":"product-type-simple"},"yoast_head":"<!-- This site is optimized with the Yoast SEO plugin v27.4 - https:\/\/yoast.com\/product\/yoast-seo-wordpress\/ -->\n<title>Tehokassaty\u00f6asema Intel i7 - Shopikassa<\/title>\n<meta name=\"robots\" content=\"index, follow, max-snippet:-1, max-image-preview:large, max-video-preview:-1\" \/>\n<link rel=\"canonical\" href=\"http:\/\/shopikassa.com\/en\/product\/tehokassatyoasema-intel-i7\/\" \/>\n<meta property=\"og:locale\" content=\"en_GB\" \/>\n<meta property=\"og:type\" content=\"article\" \/>\n<meta property=\"og:title\" content=\"Tehokassaty\u00f6asema Intel i7 - Shopikassa\" \/>\n<meta property=\"og:description\" content=\"Erityisesti kassak\u00e4ytt\u00f6\u00f6n suunniteltu tehoty\u00f6asema\/p\u00f6yt\u00e4kone tehokkaalla Intel i7 suorittimella ja 256 GT huippunopealla ja luotettavalla SSD kiintolevyll\u00e4.\" \/>\n<meta property=\"og:url\" content=\"http:\/\/shopikassa.com\/en\/product\/tehokassatyoasema-intel-i7\/\" \/>\n<meta property=\"og:site_name\" content=\"Shopikassa\" \/>\n<meta property=\"article:modified_time\" content=\"2025-04-17T10:09:43+00:00\" \/>\n<meta property=\"og:image\" content=\"http:\/\/shopikassa.com\/wp-content\/uploads\/2025\/04\/NS7050.png\" \/>\n\t<meta property=\"og:image:width\" content=\"344\" \/>\n\t<meta property=\"og:image:height\" content=\"279\" \/>\n\t<meta property=\"og:image:type\" content=\"image\/png\" \/>\n<meta name=\"twitter:card\" content=\"summary_large_image\" \/>\n<script type=\"application\/ld+json\" class=\"yoast-schema-graph\">{\"@context\":\"https:\\\/\\\/schema.org\",\"@graph\":[{\"@type\":\"WebPage\",\"@id\":\"http:\\\/\\\/shopikassa.com\\\/tuote\\\/tehokassatyoasema-intel-i7\\\/\",\"url\":\"http:\\\/\\\/shopikassa.com\\\/tuote\\\/tehokassatyoasema-intel-i7\\\/\",\"name\":\"Tehokassaty\u00f6asema Intel i7 - Shopikassa\",\"isPartOf\":{\"@id\":\"http:\\\/\\\/shopikassa.com\\\/#website\"},\"primaryImageOfPage\":{\"@id\":\"http:\\\/\\\/shopikassa.com\\\/tuote\\\/tehokassatyoasema-intel-i7\\\/#primaryimage\"},\"image\":{\"@id\":\"http:\\\/\\\/shopikassa.com\\\/tuote\\\/tehokassatyoasema-intel-i7\\\/#primaryimage\"},\"thumbnailUrl\":\"https:\\\/\\\/shopikassa.com\\\/wp-content\\\/uploads\\\/2025\\\/04\\\/NS7050.png\",\"datePublished\":\"2025-04-17T10:09:25+00:00\",\"dateModified\":\"2025-04-17T10:09:43+00:00\",\"breadcrumb\":{\"@id\":\"http:\\\/\\\/shopikassa.com\\\/tuote\\\/tehokassatyoasema-intel-i7\\\/#breadcrumb\"},\"inLanguage\":\"en-GB\",\"potentialAction\":[{\"@type\":\"ReadAction\",\"target\":[\"http:\\\/\\\/shopikassa.com\\\/tuote\\\/tehokassatyoasema-intel-i7\\\/\"]}]},{\"@type\":\"ImageObject\",\"inLanguage\":\"en-GB\",\"@id\":\"http:\\\/\\\/shopikassa.com\\\/tuote\\\/tehokassatyoasema-intel-i7\\\/#primaryimage\",\"url\":\"https:\\\/\\\/shopikassa.com\\\/wp-content\\\/uploads\\\/2025\\\/04\\\/NS7050.png\",\"contentUrl\":\"https:\\\/\\\/shopikassa.com\\\/wp-content\\\/uploads\\\/2025\\\/04\\\/NS7050.png\",\"width\":344,\"height\":279},{\"@type\":\"BreadcrumbList\",\"@id\":\"http:\\\/\\\/shopikassa.com\\\/tuote\\\/tehokassatyoasema-intel-i7\\\/#breadcrumb\",\"itemListElement\":[{\"@type\":\"ListItem\",\"position\":1,\"name\":\"Etusivu\",\"item\":\"https:\\\/\\\/shopikassa.com\\\/\"},{\"@type\":\"ListItem\",\"position\":2,\"name\":\"Kauppa\",\"item\":\"https:\\\/\\\/shopikassa.com\\\/kauppa\\\/\"},{\"@type\":\"ListItem\",\"position\":3,\"name\":\"Tehokassaty\u00f6asema Intel i7\"}]},{\"@type\":\"WebSite\",\"@id\":\"http:\\\/\\\/shopikassa.com\\\/#website\",\"url\":\"http:\\\/\\\/shopikassa.com\\\/\",\"name\":\"Shopikassa\",\"description\":\"Vaihtoehtoinen\\\/parempi kassa ja maksup\u00e4\u00e4te Shopifyyn\",\"publisher\":{\"@id\":\"http:\\\/\\\/shopikassa.com\\\/#organization\"},\"potentialAction\":[{\"@type\":\"SearchAction\",\"target\":{\"@type\":\"EntryPoint\",\"urlTemplate\":\"http:\\\/\\\/shopikassa.com\\\/?s={search_term_string}\"},\"query-input\":{\"@type\":\"PropertyValueSpecification\",\"valueRequired\":true,\"valueName\":\"search_term_string\"}}],\"inLanguage\":\"en-GB\"},{\"@type\":\"Organization\",\"@id\":\"http:\\\/\\\/shopikassa.com\\\/#organization\",\"name\":\"Shopikassa\",\"url\":\"http:\\\/\\\/shopikassa.com\\\/\",\"logo\":{\"@type\":\"ImageObject\",\"inLanguage\":\"en-GB\",\"@id\":\"http:\\\/\\\/shopikassa.com\\\/#\\\/schema\\\/logo\\\/image\\\/\",\"url\":\"http:\\\/\\\/shopikassa.com\\\/wp-content\\\/uploads\\\/2025\\\/04\\\/shopikassa-logo.webp\",\"contentUrl\":\"http:\\\/\\\/shopikassa.com\\\/wp-content\\\/uploads\\\/2025\\\/04\\\/shopikassa-logo.webp\",\"width\":445,\"height\":292,\"caption\":\"Shopikassa\"},\"image\":{\"@id\":\"http:\\\/\\\/shopikassa.com\\\/#\\\/schema\\\/logo\\\/image\\\/\"}}]}<\/script>\n<!-- \/ Yoast SEO plugin. -->","yoast_head_json":{"title":"Tehokassaty\u00f6asema Intel i7 - Shopikassa","robots":{"index":"index","follow":"follow","max-snippet":"max-snippet:-1","max-image-preview":"max-image-preview:large","max-video-preview":"max-video-preview:-1"},"canonical":"http:\/\/shopikassa.com\/en\/product\/tehokassatyoasema-intel-i7\/","og_locale":"en_GB","og_type":"article","og_title":"Tehokassaty\u00f6asema Intel i7 - Shopikassa","og_description":"Erityisesti kassak\u00e4ytt\u00f6\u00f6n suunniteltu tehoty\u00f6asema\/p\u00f6yt\u00e4kone tehokkaalla Intel i7 suorittimella ja 256 GT huippunopealla ja luotettavalla SSD kiintolevyll\u00e4.","og_url":"http:\/\/shopikassa.com\/en\/product\/tehokassatyoasema-intel-i7\/","og_site_name":"Shopikassa","article_modified_time":"2025-04-17T10:09:43+00:00","og_image":[{"width":344,"height":279,"url":"http:\/\/shopikassa.com\/wp-content\/uploads\/2025\/04\/NS7050.png","type":"image\/png"}],"twitter_card":"summary_large_image","schema":{"@context":"https:\/\/schema.org","@graph":[{"@type":"WebPage","@id":"http:\/\/shopikassa.com\/tuote\/tehokassatyoasema-intel-i7\/","url":"http:\/\/shopikassa.com\/tuote\/tehokassatyoasema-intel-i7\/","name":"Tehokassaty\u00f6asema Intel i7 - Shopikassa","isPartOf":{"@id":"http:\/\/shopikassa.com\/#website"},"primaryImageOfPage":{"@id":"http:\/\/shopikassa.com\/tuote\/tehokassatyoasema-intel-i7\/#primaryimage"},"image":{"@id":"http:\/\/shopikassa.com\/tuote\/tehokassatyoasema-intel-i7\/#primaryimage"},"thumbnailUrl":"https:\/\/shopikassa.com\/wp-content\/uploads\/2025\/04\/NS7050.png","datePublished":"2025-04-17T10:09:25+00:00","dateModified":"2025-04-17T10:09:43+00:00","breadcrumb":{"@id":"http:\/\/shopikassa.com\/tuote\/tehokassatyoasema-intel-i7\/#breadcrumb"},"inLanguage":"en-GB","potentialAction":[{"@type":"ReadAction","target":["http:\/\/shopikassa.com\/tuote\/tehokassatyoasema-intel-i7\/"]}]},{"@type":"ImageObject","inLanguage":"en-GB","@id":"http:\/\/shopikassa.com\/tuote\/tehokassatyoasema-intel-i7\/#primaryimage","url":"https:\/\/shopikassa.com\/wp-content\/uploads\/2025\/04\/NS7050.png","contentUrl":"https:\/\/shopikassa.com\/wp-content\/uploads\/2025\/04\/NS7050.png","width":344,"height":279},{"@type":"BreadcrumbList","@id":"http:\/\/shopikassa.com\/tuote\/tehokassatyoasema-intel-i7\/#breadcrumb","itemListElement":[{"@type":"ListItem","position":1,"name":"Etusivu","item":"https:\/\/shopikassa.com\/"},{"@type":"ListItem","position":2,"name":"Kauppa","item":"https:\/\/shopikassa.com\/kauppa\/"},{"@type":"ListItem","position":3,"name":"Tehokassaty\u00f6asema Intel i7"}]},{"@type":"WebSite","@id":"http:\/\/shopikassa.com\/#website","url":"http:\/\/shopikassa.com\/","name":"Shopikassa","description":"Vaihtoehtoinen\/parempi kassa ja maksup\u00e4\u00e4te Shopifyyn","publisher":{"@id":"http:\/\/shopikassa.com\/#organization"},"potentialAction":[{"@type":"SearchAction","target":{"@type":"EntryPoint","urlTemplate":"http:\/\/shopikassa.com\/?s={search_term_string}"},"query-input":{"@type":"PropertyValueSpecification","valueRequired":true,"valueName":"search_term_string"}}],"inLanguage":"en-GB"},{"@type":"Organization","@id":"http:\/\/shopikassa.com\/#organization","name":"Shopikassa","url":"http:\/\/shopikassa.com\/","logo":{"@type":"ImageObject","inLanguage":"en-GB","@id":"http:\/\/shopikassa.com\/#\/schema\/logo\/image\/","url":"http:\/\/shopikassa.com\/wp-content\/uploads\/2025\/04\/shopikassa-logo.webp","contentUrl":"http:\/\/shopikassa.com\/wp-content\/uploads\/2025\/04\/shopikassa-logo.webp","width":445,"height":292,"caption":"Shopikassa"},"image":{"@id":"http:\/\/shopikassa.com\/#\/schema\/logo\/image\/"}}]}},"_links":{"self":[{"href":"https:\/\/shopikassa.com\/en\/wp-json\/wp\/v2\/product\/619","targetHints":{"allow":["GET"]}}],"collection":[{"href":"https:\/\/shopikassa.com\/en\/wp-json\/wp\/v2\/product"}],"about":[{"href":"https:\/\/shopikassa.com\/en\/wp-json\/wp\/v2\/types\/product"}],"wp:featuredmedia":[{"embeddable":true,"href":"https:\/\/shopikassa.com\/en\/wp-json\/wp\/v2\/media\/606"}],"wp:attachment":[{"href":"https:\/\/shopikassa.com\/en\/wp-json\/wp\/v2\/media?parent=619"}],"wp:term":[{"taxonomy":"product_brand","embeddable":true,"href":"https:\/\/shopikassa.com\/en\/wp-json\/wp\/v2\/product_brand?post=619"},{"taxonomy":"product_cat","embeddable":true,"href":"https:\/\/shopikassa.com\/en\/wp-json\/wp\/v2\/product_cat?post=619"},{"taxonomy":"product_tag","embeddable":true,"href":"https:\/\/shopikassa.com\/en\/wp-json\/wp\/v2\/product_tag?post=619"}],"curies":[{"name":"wp","href":"https:\/\/api.w.org\/{rel}","templated":true}]}}