{"id":620,"date":"2025-04-17T13:09:26","date_gmt":"2025-04-17T10:09:26","guid":{"rendered":"https:\/\/shopikassa.com\/?post_type=product&#038;p=620"},"modified":"2025-04-17T13:09:43","modified_gmt":"2025-04-17T10:09:43","slug":"tehokassalappari-15-6-kosketusnaytolla-leasing","status":"publish","type":"product","link":"https:\/\/shopikassa.com\/en\/product\/tehokassalappari-15-6-kosketusnaytolla-leasing\/","title":{"rendered":"Tehokassal\u00e4pp\u00e4ri 15.6&#8243; kosketusn\u00e4yt\u00f6ll\u00e4 leasing"},"content":{"rendered":"<p>&#8217;-\u00a0<b>16 GB<\/b>\u00a0keskusmuistia<\/p>\n<p>&#8211; Huippunopea\u00a0<b>512GB<\/b>\u00a0<b>NVMe M2<\/b>. SSD-kiintolevy<\/p>\n<p>&#8211; Full-HD 15.6&#8243; <b>1920&#215;1080 KOSKETUSN\u00c4YTT\u00d6<\/b><\/p>\n<p>&#8211;\u00a0<b>NVIDIA Quadro<\/b>\u00a0<b>M2000M 4 GB<\/p>\n<p><\/b>&#8211; WLAN &#8211; Intel\u00ae 8260 2 x 2 a\/c + Bluetooth\u00ae 4.1<\/p>\n<p>&#8211; Media Card Reader<\/p>\n<p>&#8211; Pantone Color Calibrator<\/p>\n<p>&#8211; Integrated 4-in-1 SD Card Reader(SD, SDHC, SDXC, MMC)<\/p>\n<p>&#8211;\u00a0<b>4x USB 3.0<\/b>, (1-lataava)<\/p>\n<p>&#8211;\u00a0<b>HDMI 1.4<\/p>\n<p><\/b>&#8211; Mini DisplayPort\u2122 1.2<\/p>\n<p>&#8211; Thunderbolt\u2122 3 \/ USB 3.1 (type C) combo<\/p>\n<p>&#8211; RJ45 Gigabit Ethernet<\/p>\n<p>&#8211; Docking Connector<\/p>\n<p>&#8211; Microphone \/ Headphone Combo Jack<\/p>\n<p>&#8211; Smart Card Reader2<\/p>\n<p>&#8211; ExpressCard \/ 34 mm<\/p>\n<p>&#8211; SDXC<\/p>\n<p>&#8211; Uudistettu\/Refurbished<\/p>\n<p>&#8211; Takuu 12 kk<\/p>\n<p>Toimitetaan k\u00e4ytt\u00f6valmiiksi asennettuna.<\/p>\n<p>Verkkokaupasta tehty tilaus on leasing sopimuksen ensimm\u00e4inen er\u00e4, joka on huomioitu hinnassa.<\/p>","protected":false},"excerpt":{"rendered":"<p>Tehokassal\u00e4pp\u00e4ri kosketusn\u00e4yt\u00f6ll\u00e4.<\/p>\n<p>Erityisesti kassak\u00e4ytt\u00f6\u00f6n suunniteltu l\u00e4pp\u00e4ri tehokkaalla Intel i7 suorittimella, kosketusn\u00e4yt\u00f6ll\u00e4 ja huippunopealla ja luotettavalla SSD kiintolevyll\u00e4.<\/p>\n<p>Toimitetaan k\u00e4ytt\u00f6valmiiksi asennettuna.<\/p>\n<p>Verkkokaupasta tehty tilaus on leasing sopimuksen ensimm\u00e4inen er\u00e4, joka on huomioitu hinnassa.<\/p>","protected":false},"featured_media":641,"template":"","meta":[],"product_brand":[],"product_cat":[24,58,71,52],"product_tag":[79,59,60,45,47,63,81],"class_list":{"0":"post-620","1":"product","2":"type-product","3":"status-publish","4":"has-post-thumbnail","6":"product_cat-kassalaitteet","7":"product_cat-kassalapparit","8":"product_cat-kassapaketit","9":"product_cat-tietokoneet-ja-laitteet","10":"product_tag-intel-i7","11":"product_tag-kannettava","12":"product_tag-kassa","13":"product_tag-kassakone","14":"product_tag-kosketusnaytto","15":"product_tag-lappari","16":"product_tag-tehokassalappari","17":"product_shipping_class-yleinen","19":"first","20":"instock","21":"featured","22":"taxable","23":"shipping-taxable","24":"purchasable","25":"product-type-simple"},"yoast_head":"<!-- This site is optimized with the Yoast SEO plugin v27.4 - https:\/\/yoast.com\/product\/yoast-seo-wordpress\/ -->\n<title>Tehokassal\u00e4pp\u00e4ri 15.6&quot; kosketusn\u00e4yt\u00f6ll\u00e4 leasing - Shopikassa<\/title>\n<meta name=\"robots\" content=\"index, follow, max-snippet:-1, max-image-preview:large, max-video-preview:-1\" \/>\n<link rel=\"canonical\" href=\"https:\/\/shopikassa.com\/en\/product\/tehokassalappari-15-6-kosketusnaytolla-leasing\/\" \/>\n<meta property=\"og:locale\" content=\"en_GB\" \/>\n<meta property=\"og:type\" content=\"article\" \/>\n<meta property=\"og:title\" content=\"Tehokassal\u00e4pp\u00e4ri 15.6&quot; kosketusn\u00e4yt\u00f6ll\u00e4 leasing - Shopikassa\" \/>\n<meta property=\"og:description\" content=\"Tehokassal\u00e4pp\u00e4ri kosketusn\u00e4yt\u00f6ll\u00e4.  Erityisesti kassak\u00e4ytt\u00f6\u00f6n suunniteltu l\u00e4pp\u00e4ri tehokkaalla Intel i7 suorittimella, kosketusn\u00e4yt\u00f6ll\u00e4 ja huippunopealla ja luotettavalla SSD kiintolevyll\u00e4.  Toimitetaan k\u00e4ytt\u00f6valmiiksi asennettuna.  Verkkokaupasta tehty tilaus on leasing sopimuksen ensimm\u00e4inen er\u00e4, joka on huomioitu hinnassa.\" \/>\n<meta property=\"og:url\" content=\"https:\/\/shopikassa.com\/en\/product\/tehokassalappari-15-6-kosketusnaytolla-leasing\/\" \/>\n<meta property=\"og:site_name\" content=\"Shopikassa\" \/>\n<meta property=\"article:modified_time\" content=\"2025-04-17T10:09:43+00:00\" \/>\n<meta property=\"og:image\" content=\"https:\/\/shopikassa.com\/wp-content\/uploads\/2025\/04\/NSP50-TEHOKASSALAPPARI-KOSKETUSNAYTOLLA.jpg\" \/>\n\t<meta property=\"og:image:width\" content=\"1060\" \/>\n\t<meta property=\"og:image:height\" content=\"596\" \/>\n\t<meta property=\"og:image:type\" content=\"image\/jpeg\" \/>\n<meta name=\"twitter:card\" content=\"summary_large_image\" \/>\n<meta name=\"twitter:label1\" content=\"Estimated reading time\" \/>\n\t<meta name=\"twitter:data1\" content=\"1 minute\" \/>\n<script type=\"application\/ld+json\" class=\"yoast-schema-graph\">{\"@context\":\"https:\\\/\\\/schema.org\",\"@graph\":[{\"@type\":\"WebPage\",\"@id\":\"https:\\\/\\\/shopikassa.com\\\/tuote\\\/tehokassalappari-15-6-kosketusnaytolla-leasing\\\/\",\"url\":\"https:\\\/\\\/shopikassa.com\\\/tuote\\\/tehokassalappari-15-6-kosketusnaytolla-leasing\\\/\",\"name\":\"Tehokassal\u00e4pp\u00e4ri 15.6\\\" kosketusn\u00e4yt\u00f6ll\u00e4 leasing - Shopikassa\",\"isPartOf\":{\"@id\":\"http:\\\/\\\/shopikassa.com\\\/#website\"},\"primaryImageOfPage\":{\"@id\":\"https:\\\/\\\/shopikassa.com\\\/tuote\\\/tehokassalappari-15-6-kosketusnaytolla-leasing\\\/#primaryimage\"},\"image\":{\"@id\":\"https:\\\/\\\/shopikassa.com\\\/tuote\\\/tehokassalappari-15-6-kosketusnaytolla-leasing\\\/#primaryimage\"},\"thumbnailUrl\":\"https:\\\/\\\/shopikassa.com\\\/wp-content\\\/uploads\\\/2025\\\/04\\\/NSP50-TEHOKASSALAPPARI-KOSKETUSNAYTOLLA.jpg\",\"datePublished\":\"2025-04-17T10:09:26+00:00\",\"dateModified\":\"2025-04-17T10:09:43+00:00\",\"breadcrumb\":{\"@id\":\"https:\\\/\\\/shopikassa.com\\\/tuote\\\/tehokassalappari-15-6-kosketusnaytolla-leasing\\\/#breadcrumb\"},\"inLanguage\":\"en-GB\",\"potentialAction\":[{\"@type\":\"ReadAction\",\"target\":[\"https:\\\/\\\/shopikassa.com\\\/tuote\\\/tehokassalappari-15-6-kosketusnaytolla-leasing\\\/\"]}]},{\"@type\":\"ImageObject\",\"inLanguage\":\"en-GB\",\"@id\":\"https:\\\/\\\/shopikassa.com\\\/tuote\\\/tehokassalappari-15-6-kosketusnaytolla-leasing\\\/#primaryimage\",\"url\":\"https:\\\/\\\/shopikassa.com\\\/wp-content\\\/uploads\\\/2025\\\/04\\\/NSP50-TEHOKASSALAPPARI-KOSKETUSNAYTOLLA.jpg\",\"contentUrl\":\"https:\\\/\\\/shopikassa.com\\\/wp-content\\\/uploads\\\/2025\\\/04\\\/NSP50-TEHOKASSALAPPARI-KOSKETUSNAYTOLLA.jpg\",\"width\":1060,\"height\":596},{\"@type\":\"BreadcrumbList\",\"@id\":\"https:\\\/\\\/shopikassa.com\\\/tuote\\\/tehokassalappari-15-6-kosketusnaytolla-leasing\\\/#breadcrumb\",\"itemListElement\":[{\"@type\":\"ListItem\",\"position\":1,\"name\":\"Etusivu\",\"item\":\"https:\\\/\\\/shopikassa.com\\\/\"},{\"@type\":\"ListItem\",\"position\":2,\"name\":\"Kauppa\",\"item\":\"https:\\\/\\\/shopikassa.com\\\/kauppa\\\/\"},{\"@type\":\"ListItem\",\"position\":3,\"name\":\"Tehokassal\u00e4pp\u00e4ri 15.6&#8243; kosketusn\u00e4yt\u00f6ll\u00e4 leasing\"}]},{\"@type\":\"WebSite\",\"@id\":\"http:\\\/\\\/shopikassa.com\\\/#website\",\"url\":\"http:\\\/\\\/shopikassa.com\\\/\",\"name\":\"Shopikassa\",\"description\":\"Vaihtoehtoinen\\\/parempi kassa ja maksup\u00e4\u00e4te Shopifyyn\",\"publisher\":{\"@id\":\"http:\\\/\\\/shopikassa.com\\\/#organization\"},\"potentialAction\":[{\"@type\":\"SearchAction\",\"target\":{\"@type\":\"EntryPoint\",\"urlTemplate\":\"http:\\\/\\\/shopikassa.com\\\/?s={search_term_string}\"},\"query-input\":{\"@type\":\"PropertyValueSpecification\",\"valueRequired\":true,\"valueName\":\"search_term_string\"}}],\"inLanguage\":\"en-GB\"},{\"@type\":\"Organization\",\"@id\":\"http:\\\/\\\/shopikassa.com\\\/#organization\",\"name\":\"Shopikassa\",\"url\":\"http:\\\/\\\/shopikassa.com\\\/\",\"logo\":{\"@type\":\"ImageObject\",\"inLanguage\":\"en-GB\",\"@id\":\"http:\\\/\\\/shopikassa.com\\\/#\\\/schema\\\/logo\\\/image\\\/\",\"url\":\"http:\\\/\\\/shopikassa.com\\\/wp-content\\\/uploads\\\/2025\\\/04\\\/shopikassa-logo.webp\",\"contentUrl\":\"http:\\\/\\\/shopikassa.com\\\/wp-content\\\/uploads\\\/2025\\\/04\\\/shopikassa-logo.webp\",\"width\":445,\"height\":292,\"caption\":\"Shopikassa\"},\"image\":{\"@id\":\"http:\\\/\\\/shopikassa.com\\\/#\\\/schema\\\/logo\\\/image\\\/\"}}]}<\/script>\n<!-- \/ Yoast SEO plugin. -->","yoast_head_json":{"title":"Tehokassal\u00e4pp\u00e4ri 15.6\" kosketusn\u00e4yt\u00f6ll\u00e4 leasing - Shopikassa","robots":{"index":"index","follow":"follow","max-snippet":"max-snippet:-1","max-image-preview":"max-image-preview:large","max-video-preview":"max-video-preview:-1"},"canonical":"https:\/\/shopikassa.com\/en\/product\/tehokassalappari-15-6-kosketusnaytolla-leasing\/","og_locale":"en_GB","og_type":"article","og_title":"Tehokassal\u00e4pp\u00e4ri 15.6\" kosketusn\u00e4yt\u00f6ll\u00e4 leasing - Shopikassa","og_description":"Tehokassal\u00e4pp\u00e4ri kosketusn\u00e4yt\u00f6ll\u00e4.  Erityisesti kassak\u00e4ytt\u00f6\u00f6n suunniteltu l\u00e4pp\u00e4ri tehokkaalla Intel i7 suorittimella, kosketusn\u00e4yt\u00f6ll\u00e4 ja huippunopealla ja luotettavalla SSD kiintolevyll\u00e4.  Toimitetaan k\u00e4ytt\u00f6valmiiksi asennettuna.  Verkkokaupasta tehty tilaus on leasing sopimuksen ensimm\u00e4inen er\u00e4, joka on huomioitu hinnassa.","og_url":"https:\/\/shopikassa.com\/en\/product\/tehokassalappari-15-6-kosketusnaytolla-leasing\/","og_site_name":"Shopikassa","article_modified_time":"2025-04-17T10:09:43+00:00","og_image":[{"width":1060,"height":596,"url":"https:\/\/shopikassa.com\/wp-content\/uploads\/2025\/04\/NSP50-TEHOKASSALAPPARI-KOSKETUSNAYTOLLA.jpg","type":"image\/jpeg"}],"twitter_card":"summary_large_image","twitter_misc":{"Estimated reading time":"1 minute"},"schema":{"@context":"https:\/\/schema.org","@graph":[{"@type":"WebPage","@id":"https:\/\/shopikassa.com\/tuote\/tehokassalappari-15-6-kosketusnaytolla-leasing\/","url":"https:\/\/shopikassa.com\/tuote\/tehokassalappari-15-6-kosketusnaytolla-leasing\/","name":"Tehokassal\u00e4pp\u00e4ri 15.6\" kosketusn\u00e4yt\u00f6ll\u00e4 leasing - Shopikassa","isPartOf":{"@id":"http:\/\/shopikassa.com\/#website"},"primaryImageOfPage":{"@id":"https:\/\/shopikassa.com\/tuote\/tehokassalappari-15-6-kosketusnaytolla-leasing\/#primaryimage"},"image":{"@id":"https:\/\/shopikassa.com\/tuote\/tehokassalappari-15-6-kosketusnaytolla-leasing\/#primaryimage"},"thumbnailUrl":"https:\/\/shopikassa.com\/wp-content\/uploads\/2025\/04\/NSP50-TEHOKASSALAPPARI-KOSKETUSNAYTOLLA.jpg","datePublished":"2025-04-17T10:09:26+00:00","dateModified":"2025-04-17T10:09:43+00:00","breadcrumb":{"@id":"https:\/\/shopikassa.com\/tuote\/tehokassalappari-15-6-kosketusnaytolla-leasing\/#breadcrumb"},"inLanguage":"en-GB","potentialAction":[{"@type":"ReadAction","target":["https:\/\/shopikassa.com\/tuote\/tehokassalappari-15-6-kosketusnaytolla-leasing\/"]}]},{"@type":"ImageObject","inLanguage":"en-GB","@id":"https:\/\/shopikassa.com\/tuote\/tehokassalappari-15-6-kosketusnaytolla-leasing\/#primaryimage","url":"https:\/\/shopikassa.com\/wp-content\/uploads\/2025\/04\/NSP50-TEHOKASSALAPPARI-KOSKETUSNAYTOLLA.jpg","contentUrl":"https:\/\/shopikassa.com\/wp-content\/uploads\/2025\/04\/NSP50-TEHOKASSALAPPARI-KOSKETUSNAYTOLLA.jpg","width":1060,"height":596},{"@type":"BreadcrumbList","@id":"https:\/\/shopikassa.com\/tuote\/tehokassalappari-15-6-kosketusnaytolla-leasing\/#breadcrumb","itemListElement":[{"@type":"ListItem","position":1,"name":"Etusivu","item":"https:\/\/shopikassa.com\/"},{"@type":"ListItem","position":2,"name":"Kauppa","item":"https:\/\/shopikassa.com\/kauppa\/"},{"@type":"ListItem","position":3,"name":"Tehokassal\u00e4pp\u00e4ri 15.6&#8243; kosketusn\u00e4yt\u00f6ll\u00e4 leasing"}]},{"@type":"WebSite","@id":"http:\/\/shopikassa.com\/#website","url":"http:\/\/shopikassa.com\/","name":"Shopikassa","description":"Vaihtoehtoinen\/parempi kassa ja maksup\u00e4\u00e4te Shopifyyn","publisher":{"@id":"http:\/\/shopikassa.com\/#organization"},"potentialAction":[{"@type":"SearchAction","target":{"@type":"EntryPoint","urlTemplate":"http:\/\/shopikassa.com\/?s={search_term_string}"},"query-input":{"@type":"PropertyValueSpecification","valueRequired":true,"valueName":"search_term_string"}}],"inLanguage":"en-GB"},{"@type":"Organization","@id":"http:\/\/shopikassa.com\/#organization","name":"Shopikassa","url":"http:\/\/shopikassa.com\/","logo":{"@type":"ImageObject","inLanguage":"en-GB","@id":"http:\/\/shopikassa.com\/#\/schema\/logo\/image\/","url":"http:\/\/shopikassa.com\/wp-content\/uploads\/2025\/04\/shopikassa-logo.webp","contentUrl":"http:\/\/shopikassa.com\/wp-content\/uploads\/2025\/04\/shopikassa-logo.webp","width":445,"height":292,"caption":"Shopikassa"},"image":{"@id":"http:\/\/shopikassa.com\/#\/schema\/logo\/image\/"}}]}},"_links":{"self":[{"href":"https:\/\/shopikassa.com\/en\/wp-json\/wp\/v2\/product\/620","targetHints":{"allow":["GET"]}}],"collection":[{"href":"https:\/\/shopikassa.com\/en\/wp-json\/wp\/v2\/product"}],"about":[{"href":"https:\/\/shopikassa.com\/en\/wp-json\/wp\/v2\/types\/product"}],"wp:featuredmedia":[{"embeddable":true,"href":"https:\/\/shopikassa.com\/en\/wp-json\/wp\/v2\/media\/641"}],"wp:attachment":[{"href":"https:\/\/shopikassa.com\/en\/wp-json\/wp\/v2\/media?parent=620"}],"wp:term":[{"taxonomy":"product_brand","embeddable":true,"href":"https:\/\/shopikassa.com\/en\/wp-json\/wp\/v2\/product_brand?post=620"},{"taxonomy":"product_cat","embeddable":true,"href":"https:\/\/shopikassa.com\/en\/wp-json\/wp\/v2\/product_cat?post=620"},{"taxonomy":"product_tag","embeddable":true,"href":"https:\/\/shopikassa.com\/en\/wp-json\/wp\/v2\/product_tag?post=620"}],"curies":[{"name":"wp","href":"https:\/\/api.w.org\/{rel}","templated":true}]}}