{"id":626,"date":"2025-04-17T13:09:31","date_gmt":"2025-04-17T10:09:31","guid":{"rendered":"https:\/\/shopikassa.com\/?post_type=product&#038;p=626"},"modified":"2025-04-17T13:09:44","modified_gmt":"2025-04-17T10:09:44","slug":"kassatabletti-ipad-10-2-128gb-wifi-cellular","status":"publish","type":"product","link":"https:\/\/shopikassa.com\/en\/product\/kassatabletti-ipad-10-2-128gb-wifi-cellular\/","title":{"rendered":"Kassatabletti iPad 10.2&#8243; 128GB WiFi + Cellular"},"content":{"rendered":"<ul>\n<li role=\"listitem\">10,2 tuuman (l\u00e4vist\u00e4j\u00e4) LED-taustavalaistu Multi-Touch-n\u00e4ytt\u00f6 IPS-tekno\u00adlogialla. 2160\u00a0x\u00a01620 pikselin tarkkuus, 264\u00a0pikseli\u00e4 tuumalla\u00a0(ppi)<\/li>\n<li>Toimii Apple Pencilin kanssa (1.sukupolvi)<\/li>\n<li>Touch ID -sormenj\u00e4lkitunnistin<\/li>\n<li>Lightning -portti<\/li>\n<li>Voidaan yhdist\u00e4\u00e4 Bluetooth -n\u00e4pp\u00e4imist\u00f6ihin<\/li>\n<li role=\"listitem\">A13\u00a0Bionic \u2010siru<\/li>\n<li>Integroitu M10 -liiketunnistin\u00adprosessori<\/li>\n<li role=\"listitem\">8 Mpix laaja\u00adkulma\u00adkamera,\u00a0\u0192\/2.4 aukko,\u00a0Jopa 5x digi\u00adtaalinen zoomaus,\u00a0Viisi\u00adelementtinen linssi,\u00a0Panoraama jopa 43 Mpix,\u00a0HDR kuville,Kuvien paikka\u00admerkint\u00e4,\u00a0Automaattinen kuvan\u00advakain,\u00a0Sarja\u00adkuvaus\u00adtila<\/li>\n<li>FaceTime HD -kamera<\/li>\n<li role=\"listitem\">Wifi\u00a05 (802.11ac), jossa 2&#215;2 MIMO: jopa 866\u00a0Mb\/s nopeus<\/li>\n<li>Jopa 10 tunnin akunkesto<\/li>\n<li>Uudistettu\/Refurbished<\/li>\n<li>Takuu 12 kk<\/li>\n<\/ul>\n<p>Voidaan yhdist\u00e4\u00e4 langattomasti kuittitulostimella varustettuun maksup\u00e4\u00e4tteeseen, jolloin my\u00f6s k\u00e4teiskuitit tulostetaan maksup\u00e4\u00e4tteell\u00e4.<\/p>","protected":false},"excerpt":{"rendered":"<ul>\n<li role=\"listitem\">10,2 tuuman (l\u00e4vist\u00e4j\u00e4) LED-taustavalaistu Multi-Touch-n\u00e4ytt\u00f6 IPS-tekno\u00adlogialla. 2160\u00a0x\u00a01620 pikselin tarkkuus, 264\u00a0pikseli\u00e4 tuumalla\u00a0(ppi)<\/li>\n<li>Toimii Apple Pencilin kanssa (1.sukupolvi)<\/li>\n<li>Touch ID -sormenj\u00e4lkitunnistin<\/li>\n<li>Lightning -portti<\/li>\n<li>Voidaan yhdist\u00e4\u00e4 Bluetooth -n\u00e4pp\u00e4imist\u00f6ihin<\/li>\n<li role=\"listitem\">A13\u00a0Bionic \u2010siru<\/li>\n<li>Integroitu M10 -liiketunnistin\u00adprosessori<\/li>\n<li role=\"listitem\">8 Mpix laaja\u00adkulma\u00adkamera,\u00a0\u0192\/2.4 aukko,\u00a0Jopa 5x digi\u00adtaalinen zoomaus,\u00a0Viisi\u00adelementtinen linssi,\u00a0Panoraama jopa 43 Mpix,\u00a0HDR kuville,Kuvien paikka\u00admerkint\u00e4,\u00a0Automaattinen kuvan\u00advakain,\u00a0Sarja\u00adkuvaus\u00adtila<\/li>\n<li>FaceTime HD -kamera<\/li>\n<li role=\"listitem\">Wifi\u00a05 (802.11ac), jossa 2&#215;2 MIMO: jopa 866\u00a0Mb\/s nopeus<\/li>\n<li>Jopa 10 tunnin akunkesto<\/li>\n<li>Uudistettu\/Refurbished<\/li>\n<li>Takuu 12 kk<\/li>\n<\/ul>\n<p>Voidaan yhdist\u00e4\u00e4 langattomasti kuittitulostimella varustettuun maksup\u00e4\u00e4tteeseen, jolloin my\u00f6s k\u00e4teiskuitit tulostetaan maksup\u00e4\u00e4tteell\u00e4.<\/p>","protected":false},"featured_media":638,"template":"","meta":[],"product_brand":[],"product_cat":[24,73,52],"product_tag":[74,60,75,45,76,77],"class_list":{"0":"post-626","1":"product","2":"type-product","3":"status-publish","4":"has-post-thumbnail","6":"product_cat-kassalaitteet","7":"product_cat-kassatabletit","8":"product_cat-tietokoneet-ja-laitteet","9":"product_tag-ipad","10":"product_tag-kassa","11":"product_tag-kassa-tablettiin","12":"product_tag-kassakone","13":"product_tag-tabletti","14":"product_tag-tablettikassa","15":"product_shipping_class-yleinen","17":"first","18":"instock","19":"featured","20":"taxable","21":"shipping-taxable","22":"purchasable","23":"product-type-simple"},"yoast_head":"<!-- This site is optimized with the Yoast SEO plugin v27.4 - https:\/\/yoast.com\/product\/yoast-seo-wordpress\/ -->\n<title>Kassatabletti iPad 10.2&quot; 128GB WiFi + Cellular - Shopikassa<\/title>\n<meta name=\"robots\" content=\"index, follow, max-snippet:-1, max-image-preview:large, max-video-preview:-1\" \/>\n<link rel=\"canonical\" href=\"https:\/\/shopikassa.com\/en\/product\/kassatabletti-ipad-10-2-128gb-wifi-cellular\/\" \/>\n<meta property=\"og:locale\" content=\"en_GB\" \/>\n<meta property=\"og:type\" content=\"article\" \/>\n<meta property=\"og:title\" content=\"Kassatabletti iPad 10.2&quot; 128GB WiFi + Cellular - Shopikassa\" \/>\n<meta property=\"og:description\" content=\"10,2 tuuman (l\u00e4vist\u00e4j\u00e4) LED-taustavalaistu Multi-Touch-n\u00e4ytt\u00f6 IPS-tekno\u00adlogialla. 2160\u00a0x\u00a01620 pikselin tarkkuus, 264\u00a0pikseli\u00e4 tuumalla\u00a0(ppi)  Toimii Apple Pencilin kanssa (1.sukupolvi)  Touch ID -sormenj\u00e4lkitunnistin  Lightning -portti  Voidaan yhdist\u00e4\u00e4 Bluetooth -n\u00e4pp\u00e4imist\u00f6ihin  A13\u00a0Bionic \u2010siru  Integroitu M10 -liiketunnistin\u00adprosessori  8 Mpix laaja\u00adkulma\u00adkamera,\u00a0\u0192\/2.4 aukko,\u00a0Jopa 5x digi\u00adtaalinen zoomaus,\u00a0Viisi\u00adelementtinen linssi,\u00a0Panoraama jopa 43 Mpix,\u00a0HDR kuville,Kuvien paikka\u00admerkint\u00e4,\u00a0Automaattinen kuvan\u00advakain,\u00a0Sarja\u00adkuvaus\u00adtila  FaceTime HD -kamera  Wifi\u00a05 (802.11ac), jossa 2x2 MIMO: jopa 866\u00a0Mb\/s nopeus  Jopa 10 tunnin akunkesto  Uudistettu\/Refurbished  Takuu 12 kk  Voidaan yhdist\u00e4\u00e4 langattomasti kuittitulostimella varustettuun maksup\u00e4\u00e4tteeseen, jolloin my\u00f6s k\u00e4teiskuitit tulostetaan maksup\u00e4\u00e4tteell\u00e4.\" \/>\n<meta property=\"og:url\" content=\"https:\/\/shopikassa.com\/en\/product\/kassatabletti-ipad-10-2-128gb-wifi-cellular\/\" \/>\n<meta property=\"og:site_name\" content=\"Shopikassa\" \/>\n<meta property=\"article:modified_time\" content=\"2025-04-17T10:09:44+00:00\" \/>\n<meta property=\"og:image\" content=\"https:\/\/shopikassa.com\/wp-content\/uploads\/2025\/04\/tablettikassa_kassa_ipad_tablettiin.png\" \/>\n\t<meta property=\"og:image:width\" content=\"382\" \/>\n\t<meta property=\"og:image:height\" content=\"500\" \/>\n\t<meta property=\"og:image:type\" content=\"image\/png\" \/>\n<meta name=\"twitter:card\" content=\"summary_large_image\" \/>\n<meta name=\"twitter:label1\" content=\"Estimated reading time\" \/>\n\t<meta name=\"twitter:data1\" content=\"1 minute\" \/>\n<script type=\"application\/ld+json\" class=\"yoast-schema-graph\">{\"@context\":\"https:\\\/\\\/schema.org\",\"@graph\":[{\"@type\":\"WebPage\",\"@id\":\"https:\\\/\\\/shopikassa.com\\\/en\\\/product\\\/kassatabletti-ipad-10-2-128gb-wifi-cellular\\\/\",\"url\":\"https:\\\/\\\/shopikassa.com\\\/en\\\/product\\\/kassatabletti-ipad-10-2-128gb-wifi-cellular\\\/\",\"name\":\"Kassatabletti iPad 10.2\\\" 128GB WiFi + Cellular - Shopikassa\",\"isPartOf\":{\"@id\":\"http:\\\/\\\/shopikassa.com\\\/#website\"},\"primaryImageOfPage\":{\"@id\":\"https:\\\/\\\/shopikassa.com\\\/en\\\/product\\\/kassatabletti-ipad-10-2-128gb-wifi-cellular\\\/#primaryimage\"},\"image\":{\"@id\":\"https:\\\/\\\/shopikassa.com\\\/en\\\/product\\\/kassatabletti-ipad-10-2-128gb-wifi-cellular\\\/#primaryimage\"},\"thumbnailUrl\":\"https:\\\/\\\/shopikassa.com\\\/wp-content\\\/uploads\\\/2025\\\/04\\\/tablettikassa_kassa_ipad_tablettiin.png\",\"datePublished\":\"2025-04-17T10:09:31+00:00\",\"dateModified\":\"2025-04-17T10:09:44+00:00\",\"breadcrumb\":{\"@id\":\"https:\\\/\\\/shopikassa.com\\\/en\\\/product\\\/kassatabletti-ipad-10-2-128gb-wifi-cellular\\\/#breadcrumb\"},\"inLanguage\":\"en-GB\",\"potentialAction\":[{\"@type\":\"ReadAction\",\"target\":[\"https:\\\/\\\/shopikassa.com\\\/en\\\/product\\\/kassatabletti-ipad-10-2-128gb-wifi-cellular\\\/\"]}]},{\"@type\":\"ImageObject\",\"inLanguage\":\"en-GB\",\"@id\":\"https:\\\/\\\/shopikassa.com\\\/en\\\/product\\\/kassatabletti-ipad-10-2-128gb-wifi-cellular\\\/#primaryimage\",\"url\":\"https:\\\/\\\/shopikassa.com\\\/wp-content\\\/uploads\\\/2025\\\/04\\\/tablettikassa_kassa_ipad_tablettiin.png\",\"contentUrl\":\"https:\\\/\\\/shopikassa.com\\\/wp-content\\\/uploads\\\/2025\\\/04\\\/tablettikassa_kassa_ipad_tablettiin.png\",\"width\":382,\"height\":500},{\"@type\":\"BreadcrumbList\",\"@id\":\"https:\\\/\\\/shopikassa.com\\\/en\\\/product\\\/kassatabletti-ipad-10-2-128gb-wifi-cellular\\\/#breadcrumb\",\"itemListElement\":[{\"@type\":\"ListItem\",\"position\":1,\"name\":\"Etusivu\",\"item\":\"https:\\\/\\\/shopikassa.com\\\/\"},{\"@type\":\"ListItem\",\"position\":2,\"name\":\"Kauppa\",\"item\":\"https:\\\/\\\/shopikassa.com\\\/kauppa\\\/\"},{\"@type\":\"ListItem\",\"position\":3,\"name\":\"Kassatabletti iPad 10.2&#8243; 128GB WiFi + Cellular\"}]},{\"@type\":\"WebSite\",\"@id\":\"http:\\\/\\\/shopikassa.com\\\/#website\",\"url\":\"http:\\\/\\\/shopikassa.com\\\/\",\"name\":\"Shopikassa\",\"description\":\"Vaihtoehtoinen\\\/parempi kassa ja maksup\u00e4\u00e4te Shopifyyn\",\"publisher\":{\"@id\":\"http:\\\/\\\/shopikassa.com\\\/#organization\"},\"potentialAction\":[{\"@type\":\"SearchAction\",\"target\":{\"@type\":\"EntryPoint\",\"urlTemplate\":\"http:\\\/\\\/shopikassa.com\\\/?s={search_term_string}\"},\"query-input\":{\"@type\":\"PropertyValueSpecification\",\"valueRequired\":true,\"valueName\":\"search_term_string\"}}],\"inLanguage\":\"en-GB\"},{\"@type\":\"Organization\",\"@id\":\"http:\\\/\\\/shopikassa.com\\\/#organization\",\"name\":\"Shopikassa\",\"url\":\"http:\\\/\\\/shopikassa.com\\\/\",\"logo\":{\"@type\":\"ImageObject\",\"inLanguage\":\"en-GB\",\"@id\":\"http:\\\/\\\/shopikassa.com\\\/#\\\/schema\\\/logo\\\/image\\\/\",\"url\":\"http:\\\/\\\/shopikassa.com\\\/wp-content\\\/uploads\\\/2025\\\/04\\\/shopikassa-logo.webp\",\"contentUrl\":\"http:\\\/\\\/shopikassa.com\\\/wp-content\\\/uploads\\\/2025\\\/04\\\/shopikassa-logo.webp\",\"width\":445,\"height\":292,\"caption\":\"Shopikassa\"},\"image\":{\"@id\":\"http:\\\/\\\/shopikassa.com\\\/#\\\/schema\\\/logo\\\/image\\\/\"}}]}<\/script>\n<!-- \/ Yoast SEO plugin. -->","yoast_head_json":{"title":"Kassatabletti iPad 10.2\" 128GB WiFi + Cellular - Shopikassa","robots":{"index":"index","follow":"follow","max-snippet":"max-snippet:-1","max-image-preview":"max-image-preview:large","max-video-preview":"max-video-preview:-1"},"canonical":"https:\/\/shopikassa.com\/en\/product\/kassatabletti-ipad-10-2-128gb-wifi-cellular\/","og_locale":"en_GB","og_type":"article","og_title":"Kassatabletti iPad 10.2\" 128GB WiFi + Cellular - Shopikassa","og_description":"10,2 tuuman (l\u00e4vist\u00e4j\u00e4) LED-taustavalaistu Multi-Touch-n\u00e4ytt\u00f6 IPS-tekno\u00adlogialla. 2160\u00a0x\u00a01620 pikselin tarkkuus, 264\u00a0pikseli\u00e4 tuumalla\u00a0(ppi)  Toimii Apple Pencilin kanssa (1.sukupolvi)  Touch ID -sormenj\u00e4lkitunnistin  Lightning -portti  Voidaan yhdist\u00e4\u00e4 Bluetooth -n\u00e4pp\u00e4imist\u00f6ihin  A13\u00a0Bionic \u2010siru  Integroitu M10 -liiketunnistin\u00adprosessori  8 Mpix laaja\u00adkulma\u00adkamera,\u00a0\u0192\/2.4 aukko,\u00a0Jopa 5x digi\u00adtaalinen zoomaus,\u00a0Viisi\u00adelementtinen linssi,\u00a0Panoraama jopa 43 Mpix,\u00a0HDR kuville,Kuvien paikka\u00admerkint\u00e4,\u00a0Automaattinen kuvan\u00advakain,\u00a0Sarja\u00adkuvaus\u00adtila  FaceTime HD -kamera  Wifi\u00a05 (802.11ac), jossa 2x2 MIMO: jopa 866\u00a0Mb\/s nopeus  Jopa 10 tunnin akunkesto  Uudistettu\/Refurbished  Takuu 12 kk  Voidaan yhdist\u00e4\u00e4 langattomasti kuittitulostimella varustettuun maksup\u00e4\u00e4tteeseen, jolloin my\u00f6s k\u00e4teiskuitit tulostetaan maksup\u00e4\u00e4tteell\u00e4.","og_url":"https:\/\/shopikassa.com\/en\/product\/kassatabletti-ipad-10-2-128gb-wifi-cellular\/","og_site_name":"Shopikassa","article_modified_time":"2025-04-17T10:09:44+00:00","og_image":[{"width":382,"height":500,"url":"https:\/\/shopikassa.com\/wp-content\/uploads\/2025\/04\/tablettikassa_kassa_ipad_tablettiin.png","type":"image\/png"}],"twitter_card":"summary_large_image","twitter_misc":{"Estimated reading time":"1 minute"},"schema":{"@context":"https:\/\/schema.org","@graph":[{"@type":"WebPage","@id":"https:\/\/shopikassa.com\/en\/product\/kassatabletti-ipad-10-2-128gb-wifi-cellular\/","url":"https:\/\/shopikassa.com\/en\/product\/kassatabletti-ipad-10-2-128gb-wifi-cellular\/","name":"Kassatabletti iPad 10.2\" 128GB WiFi + Cellular - Shopikassa","isPartOf":{"@id":"http:\/\/shopikassa.com\/#website"},"primaryImageOfPage":{"@id":"https:\/\/shopikassa.com\/en\/product\/kassatabletti-ipad-10-2-128gb-wifi-cellular\/#primaryimage"},"image":{"@id":"https:\/\/shopikassa.com\/en\/product\/kassatabletti-ipad-10-2-128gb-wifi-cellular\/#primaryimage"},"thumbnailUrl":"https:\/\/shopikassa.com\/wp-content\/uploads\/2025\/04\/tablettikassa_kassa_ipad_tablettiin.png","datePublished":"2025-04-17T10:09:31+00:00","dateModified":"2025-04-17T10:09:44+00:00","breadcrumb":{"@id":"https:\/\/shopikassa.com\/en\/product\/kassatabletti-ipad-10-2-128gb-wifi-cellular\/#breadcrumb"},"inLanguage":"en-GB","potentialAction":[{"@type":"ReadAction","target":["https:\/\/shopikassa.com\/en\/product\/kassatabletti-ipad-10-2-128gb-wifi-cellular\/"]}]},{"@type":"ImageObject","inLanguage":"en-GB","@id":"https:\/\/shopikassa.com\/en\/product\/kassatabletti-ipad-10-2-128gb-wifi-cellular\/#primaryimage","url":"https:\/\/shopikassa.com\/wp-content\/uploads\/2025\/04\/tablettikassa_kassa_ipad_tablettiin.png","contentUrl":"https:\/\/shopikassa.com\/wp-content\/uploads\/2025\/04\/tablettikassa_kassa_ipad_tablettiin.png","width":382,"height":500},{"@type":"BreadcrumbList","@id":"https:\/\/shopikassa.com\/en\/product\/kassatabletti-ipad-10-2-128gb-wifi-cellular\/#breadcrumb","itemListElement":[{"@type":"ListItem","position":1,"name":"Etusivu","item":"https:\/\/shopikassa.com\/"},{"@type":"ListItem","position":2,"name":"Kauppa","item":"https:\/\/shopikassa.com\/kauppa\/"},{"@type":"ListItem","position":3,"name":"Kassatabletti iPad 10.2&#8243; 128GB WiFi + Cellular"}]},{"@type":"WebSite","@id":"http:\/\/shopikassa.com\/#website","url":"http:\/\/shopikassa.com\/","name":"Shopikassa","description":"Vaihtoehtoinen\/parempi kassa ja maksup\u00e4\u00e4te Shopifyyn","publisher":{"@id":"http:\/\/shopikassa.com\/#organization"},"potentialAction":[{"@type":"SearchAction","target":{"@type":"EntryPoint","urlTemplate":"http:\/\/shopikassa.com\/?s={search_term_string}"},"query-input":{"@type":"PropertyValueSpecification","valueRequired":true,"valueName":"search_term_string"}}],"inLanguage":"en-GB"},{"@type":"Organization","@id":"http:\/\/shopikassa.com\/#organization","name":"Shopikassa","url":"http:\/\/shopikassa.com\/","logo":{"@type":"ImageObject","inLanguage":"en-GB","@id":"http:\/\/shopikassa.com\/#\/schema\/logo\/image\/","url":"http:\/\/shopikassa.com\/wp-content\/uploads\/2025\/04\/shopikassa-logo.webp","contentUrl":"http:\/\/shopikassa.com\/wp-content\/uploads\/2025\/04\/shopikassa-logo.webp","width":445,"height":292,"caption":"Shopikassa"},"image":{"@id":"http:\/\/shopikassa.com\/#\/schema\/logo\/image\/"}}]}},"_links":{"self":[{"href":"https:\/\/shopikassa.com\/en\/wp-json\/wp\/v2\/product\/626","targetHints":{"allow":["GET"]}}],"collection":[{"href":"https:\/\/shopikassa.com\/en\/wp-json\/wp\/v2\/product"}],"about":[{"href":"https:\/\/shopikassa.com\/en\/wp-json\/wp\/v2\/types\/product"}],"wp:featuredmedia":[{"embeddable":true,"href":"https:\/\/shopikassa.com\/en\/wp-json\/wp\/v2\/media\/638"}],"wp:attachment":[{"href":"https:\/\/shopikassa.com\/en\/wp-json\/wp\/v2\/media?parent=626"}],"wp:term":[{"taxonomy":"product_brand","embeddable":true,"href":"https:\/\/shopikassa.com\/en\/wp-json\/wp\/v2\/product_brand?post=626"},{"taxonomy":"product_cat","embeddable":true,"href":"https:\/\/shopikassa.com\/en\/wp-json\/wp\/v2\/product_cat?post=626"},{"taxonomy":"product_tag","embeddable":true,"href":"https:\/\/shopikassa.com\/en\/wp-json\/wp\/v2\/product_tag?post=626"}],"curies":[{"name":"wp","href":"https:\/\/api.w.org\/{rel}","templated":true}]}}