{"id":627,"date":"2025-04-17T13:09:32","date_gmt":"2025-04-17T10:09:32","guid":{"rendered":"https:\/\/shopikassa.com\/?post_type=product&#038;p=627"},"modified":"2025-04-17T13:09:45","modified_gmt":"2025-04-17T10:09:45","slug":"ipad-suojakotelo-nappaimistolla-touchpad-tasohiiri-ipad-7-8-9-10-2","status":"publish","type":"product","link":"https:\/\/shopikassa.com\/en\/product\/ipad-suojakotelo-nappaimistolla-touchpad-tasohiiri-ipad-7-8-9-10-2\/","title":{"rendered":"iPad suojakotelo n\u00e4pp\u00e4imist\u00f6ll\u00e4 + touchpad\/tasohiiri (iPad 7\/8\/9 10.2&#8243;)"},"content":{"rendered":"<p>iPad:lle suunniteltu suojakotelo, jossa my\u00f6s langaton Bluetooth -n\u00e4pp\u00e4imist\u00f6 ja touchpad\/tasohiiri. N\u00e4pp\u00e4imist\u00f6 kiinnittyy koteloon magneetilla, joten n\u00e4pp\u00e4imist\u00f6n voi my\u00f6s irrottaa.<\/p>\n<p>Tekee iPad tabletista pienen l\u00e4pp\u00e4rin. Helpottaa erityisesti e-kassan kassa ja laskutus k\u00e4yt\u00f6ss\u00e4, jos kirjoitat enemm\u00e4n.<\/p>\n<p>Ladattava n\u00e4pp\u00e4imist\u00f6 toimii jopa 30 p\u00e4iv\u00e4\u00e4, kun se on ladattu t\u00e4yteen.<\/p>\n<p>Kotelo on valmistettu pehme\u00e4st\u00e4 TPU:sta, joka on p\u00e4\u00e4llystetty likaantumattomalla ja naarmuuntumattomalla PU-nahalla lampaannahkakuvioisella kuviolla.<\/p>\n<p>Yhteensopiva iPad 7 10,2&#8243; (2019) (A2197 \/ A2198 \/ A2199 \/ A2200 \/ A2232), iPad 8 10,2&#8243; (2020) (A2428 \/ A2429 \/ A2430 \/ A2270), 1020 \/ A2270\uff0c1020120202019, A2603, A2604, A2605)<\/p>\n<p>Toimii hyvin yhteen iPad viivakoodilukijan kanssa.<\/p>","protected":false},"excerpt":{"rendered":"<p>iPad:lle suunniteltu suojakotelo, jossa my\u00f6s langaton Bluetooth -n\u00e4pp\u00e4imist\u00f6 ja touchpad\/tasohiiri. N\u00e4pp\u00e4imist\u00f6 kiinnittyy koteloon magneetilla, joten n\u00e4pp\u00e4imist\u00f6n voi my\u00f6s irrottaa.<\/p>\n<p>Tekee iPad tabletista pienen l\u00e4pp\u00e4rin. Helpottaa erityisesti e-kassan kassa ja laskutus k\u00e4yt\u00f6ss\u00e4, jos kirjoitat enemm\u00e4n.<\/p>\n<p>Ladattava n\u00e4pp\u00e4imist\u00f6 toimii jopa 30 p\u00e4iv\u00e4\u00e4, kun se on ladattu t\u00e4yteen.<\/p>\n<p>Kotelo on valmistettu pehme\u00e4st\u00e4 TPU:sta, joka on p\u00e4\u00e4llystetty likaantumattomalla ja naarmuuntumattomalla PU-nahalla lampaannahkakuvioisella kuviolla.<\/p>\n<p>Yhteensopiva iPad 7 10,2&#8243; (2019) (A2197 \/ A2198 \/ A2199 \/ A2200 \/ A2232), iPad 8 10,2&#8243; (2020) (A2428 \/ A2429 \/ A2430 \/ A2270), 1020 \/ A2270\uff0c1020120202019, A2603, A2604, A2605)<\/p>\n<p>Toimii hyvin yhteen iPad viivakoodilukijan kanssa.<\/p>","protected":false},"featured_media":646,"template":"","meta":[],"product_brand":[],"product_cat":[24,26],"product_tag":[83,74,86,27,28,87,88,89],"class_list":{"0":"post-627","1":"product","2":"type-product","3":"status-publish","4":"has-post-thumbnail","6":"product_cat-kassalaitteet","7":"product_cat-ostolaitteet","8":"product_tag-bluetooth","9":"product_tag-ipad","10":"product_tag-nappaimisto","11":"product_tag-shopify","12":"product_tag-shopikassa","13":"product_tag-suojakotelo","14":"product_tag-tasohiiri","15":"product_tag-touchpad","16":"product_shipping_class-yleinen","18":"first","19":"instock","20":"taxable","21":"shipping-taxable","22":"purchasable","23":"product-type-simple"},"yoast_head":"<!-- This site is optimized with the Yoast SEO plugin v27.4 - https:\/\/yoast.com\/product\/yoast-seo-wordpress\/ -->\n<title>iPad suojakotelo n\u00e4pp\u00e4imist\u00f6ll\u00e4 + touchpad\/tasohiiri (iPad 7\/8\/9 10.2&quot;) - Shopikassa<\/title>\n<meta name=\"robots\" content=\"index, follow, max-snippet:-1, max-image-preview:large, max-video-preview:-1\" \/>\n<link rel=\"canonical\" href=\"http:\/\/shopikassa.com\/en\/product\/ipad-suojakotelo-nappaimistolla-touchpad-tasohiiri-ipad-7-8-9-10-2\/\" \/>\n<meta property=\"og:locale\" content=\"en_GB\" \/>\n<meta property=\"og:type\" content=\"article\" \/>\n<meta property=\"og:title\" content=\"iPad suojakotelo n\u00e4pp\u00e4imist\u00f6ll\u00e4 + touchpad\/tasohiiri (iPad 7\/8\/9 10.2&quot;) - Shopikassa\" \/>\n<meta property=\"og:description\" content=\"iPad:lle suunniteltu suojakotelo, jossa my\u00f6s langaton Bluetooth -n\u00e4pp\u00e4imist\u00f6 ja touchpad\/tasohiiri. N\u00e4pp\u00e4imist\u00f6 kiinnittyy koteloon magneetilla, joten n\u00e4pp\u00e4imist\u00f6n voi my\u00f6s irrottaa.  Tekee iPad tabletista pienen l\u00e4pp\u00e4rin. Helpottaa erityisesti e-kassan kassa ja laskutus k\u00e4yt\u00f6ss\u00e4, jos kirjoitat enemm\u00e4n.  Ladattava n\u00e4pp\u00e4imist\u00f6 toimii jopa 30 p\u00e4iv\u00e4\u00e4, kun se on ladattu t\u00e4yteen.  Kotelo on valmistettu pehme\u00e4st\u00e4 TPU:sta, joka on p\u00e4\u00e4llystetty likaantumattomalla ja naarmuuntumattomalla PU-nahalla lampaannahkakuvioisella kuviolla.  Yhteensopiva iPad 7 10,2&quot; (2019) (A2197 \/ A2198 \/ A2199 \/ A2200 \/ A2232), iPad 8 10,2&quot; (2020) (A2428 \/ A2429 \/ A2430 \/ A2270), 1020 \/ A2270\uff0c1020120202019, A2603, A2604, A2605)  Toimii hyvin yhteen iPad viivakoodilukijan kanssa.\" \/>\n<meta property=\"og:url\" content=\"http:\/\/shopikassa.com\/en\/product\/ipad-suojakotelo-nappaimistolla-touchpad-tasohiiri-ipad-7-8-9-10-2\/\" \/>\n<meta property=\"og:site_name\" content=\"Shopikassa\" \/>\n<meta property=\"article:modified_time\" content=\"2025-04-17T10:09:45+00:00\" \/>\n<meta property=\"og:image\" content=\"http:\/\/shopikassa.com\/wp-content\/uploads\/2025\/04\/ipad-suojakotelo-nappaimisto.jpg\" \/>\n\t<meta property=\"og:image:width\" content=\"600\" \/>\n\t<meta property=\"og:image:height\" content=\"600\" \/>\n\t<meta property=\"og:image:type\" content=\"image\/jpeg\" \/>\n<meta name=\"twitter:card\" content=\"summary_large_image\" \/>\n<meta name=\"twitter:label1\" content=\"Estimated reading time\" \/>\n\t<meta name=\"twitter:data1\" content=\"1 minute\" \/>\n<script type=\"application\/ld+json\" class=\"yoast-schema-graph\">{\"@context\":\"https:\\\/\\\/schema.org\",\"@graph\":[{\"@type\":\"WebPage\",\"@id\":\"http:\\\/\\\/shopikassa.com\\\/en\\\/product\\\/ipad-suojakotelo-nappaimistolla-touchpad-tasohiiri-ipad-7-8-9-10-2\\\/\",\"url\":\"http:\\\/\\\/shopikassa.com\\\/en\\\/product\\\/ipad-suojakotelo-nappaimistolla-touchpad-tasohiiri-ipad-7-8-9-10-2\\\/\",\"name\":\"iPad suojakotelo n\u00e4pp\u00e4imist\u00f6ll\u00e4 + touchpad\\\/tasohiiri (iPad 7\\\/8\\\/9 10.2\\\") - Shopikassa\",\"isPartOf\":{\"@id\":\"http:\\\/\\\/shopikassa.com\\\/#website\"},\"primaryImageOfPage\":{\"@id\":\"http:\\\/\\\/shopikassa.com\\\/en\\\/product\\\/ipad-suojakotelo-nappaimistolla-touchpad-tasohiiri-ipad-7-8-9-10-2\\\/#primaryimage\"},\"image\":{\"@id\":\"http:\\\/\\\/shopikassa.com\\\/en\\\/product\\\/ipad-suojakotelo-nappaimistolla-touchpad-tasohiiri-ipad-7-8-9-10-2\\\/#primaryimage\"},\"thumbnailUrl\":\"https:\\\/\\\/shopikassa.com\\\/wp-content\\\/uploads\\\/2025\\\/04\\\/ipad-suojakotelo-nappaimisto.jpg\",\"datePublished\":\"2025-04-17T10:09:32+00:00\",\"dateModified\":\"2025-04-17T10:09:45+00:00\",\"breadcrumb\":{\"@id\":\"http:\\\/\\\/shopikassa.com\\\/en\\\/product\\\/ipad-suojakotelo-nappaimistolla-touchpad-tasohiiri-ipad-7-8-9-10-2\\\/#breadcrumb\"},\"inLanguage\":\"en-GB\",\"potentialAction\":[{\"@type\":\"ReadAction\",\"target\":[\"http:\\\/\\\/shopikassa.com\\\/en\\\/product\\\/ipad-suojakotelo-nappaimistolla-touchpad-tasohiiri-ipad-7-8-9-10-2\\\/\"]}]},{\"@type\":\"ImageObject\",\"inLanguage\":\"en-GB\",\"@id\":\"http:\\\/\\\/shopikassa.com\\\/en\\\/product\\\/ipad-suojakotelo-nappaimistolla-touchpad-tasohiiri-ipad-7-8-9-10-2\\\/#primaryimage\",\"url\":\"https:\\\/\\\/shopikassa.com\\\/wp-content\\\/uploads\\\/2025\\\/04\\\/ipad-suojakotelo-nappaimisto.jpg\",\"contentUrl\":\"https:\\\/\\\/shopikassa.com\\\/wp-content\\\/uploads\\\/2025\\\/04\\\/ipad-suojakotelo-nappaimisto.jpg\",\"width\":600,\"height\":600},{\"@type\":\"BreadcrumbList\",\"@id\":\"http:\\\/\\\/shopikassa.com\\\/en\\\/product\\\/ipad-suojakotelo-nappaimistolla-touchpad-tasohiiri-ipad-7-8-9-10-2\\\/#breadcrumb\",\"itemListElement\":[{\"@type\":\"ListItem\",\"position\":1,\"name\":\"Etusivu\",\"item\":\"https:\\\/\\\/shopikassa.com\\\/\"},{\"@type\":\"ListItem\",\"position\":2,\"name\":\"Kauppa\",\"item\":\"https:\\\/\\\/shopikassa.com\\\/kauppa\\\/\"},{\"@type\":\"ListItem\",\"position\":3,\"name\":\"iPad suojakotelo n\u00e4pp\u00e4imist\u00f6ll\u00e4 + touchpad\\\/tasohiiri (iPad 7\\\/8\\\/9 10.2&#8243;)\"}]},{\"@type\":\"WebSite\",\"@id\":\"http:\\\/\\\/shopikassa.com\\\/#website\",\"url\":\"http:\\\/\\\/shopikassa.com\\\/\",\"name\":\"Shopikassa\",\"description\":\"Vaihtoehtoinen\\\/parempi kassa ja maksup\u00e4\u00e4te Shopifyyn\",\"publisher\":{\"@id\":\"http:\\\/\\\/shopikassa.com\\\/#organization\"},\"potentialAction\":[{\"@type\":\"SearchAction\",\"target\":{\"@type\":\"EntryPoint\",\"urlTemplate\":\"http:\\\/\\\/shopikassa.com\\\/?s={search_term_string}\"},\"query-input\":{\"@type\":\"PropertyValueSpecification\",\"valueRequired\":true,\"valueName\":\"search_term_string\"}}],\"inLanguage\":\"en-GB\"},{\"@type\":\"Organization\",\"@id\":\"http:\\\/\\\/shopikassa.com\\\/#organization\",\"name\":\"Shopikassa\",\"url\":\"http:\\\/\\\/shopikassa.com\\\/\",\"logo\":{\"@type\":\"ImageObject\",\"inLanguage\":\"en-GB\",\"@id\":\"http:\\\/\\\/shopikassa.com\\\/#\\\/schema\\\/logo\\\/image\\\/\",\"url\":\"http:\\\/\\\/shopikassa.com\\\/wp-content\\\/uploads\\\/2025\\\/04\\\/shopikassa-logo.webp\",\"contentUrl\":\"http:\\\/\\\/shopikassa.com\\\/wp-content\\\/uploads\\\/2025\\\/04\\\/shopikassa-logo.webp\",\"width\":445,\"height\":292,\"caption\":\"Shopikassa\"},\"image\":{\"@id\":\"http:\\\/\\\/shopikassa.com\\\/#\\\/schema\\\/logo\\\/image\\\/\"}}]}<\/script>\n<!-- \/ Yoast SEO plugin. -->","yoast_head_json":{"title":"iPad suojakotelo n\u00e4pp\u00e4imist\u00f6ll\u00e4 + touchpad\/tasohiiri (iPad 7\/8\/9 10.2\") - Shopikassa","robots":{"index":"index","follow":"follow","max-snippet":"max-snippet:-1","max-image-preview":"max-image-preview:large","max-video-preview":"max-video-preview:-1"},"canonical":"http:\/\/shopikassa.com\/en\/product\/ipad-suojakotelo-nappaimistolla-touchpad-tasohiiri-ipad-7-8-9-10-2\/","og_locale":"en_GB","og_type":"article","og_title":"iPad suojakotelo n\u00e4pp\u00e4imist\u00f6ll\u00e4 + touchpad\/tasohiiri (iPad 7\/8\/9 10.2\") - Shopikassa","og_description":"iPad:lle suunniteltu suojakotelo, jossa my\u00f6s langaton Bluetooth -n\u00e4pp\u00e4imist\u00f6 ja touchpad\/tasohiiri. N\u00e4pp\u00e4imist\u00f6 kiinnittyy koteloon magneetilla, joten n\u00e4pp\u00e4imist\u00f6n voi my\u00f6s irrottaa.  Tekee iPad tabletista pienen l\u00e4pp\u00e4rin. Helpottaa erityisesti e-kassan kassa ja laskutus k\u00e4yt\u00f6ss\u00e4, jos kirjoitat enemm\u00e4n.  Ladattava n\u00e4pp\u00e4imist\u00f6 toimii jopa 30 p\u00e4iv\u00e4\u00e4, kun se on ladattu t\u00e4yteen.  Kotelo on valmistettu pehme\u00e4st\u00e4 TPU:sta, joka on p\u00e4\u00e4llystetty likaantumattomalla ja naarmuuntumattomalla PU-nahalla lampaannahkakuvioisella kuviolla.  Yhteensopiva iPad 7 10,2\" (2019) (A2197 \/ A2198 \/ A2199 \/ A2200 \/ A2232), iPad 8 10,2\" (2020) (A2428 \/ A2429 \/ A2430 \/ A2270), 1020 \/ A2270\uff0c1020120202019, A2603, A2604, A2605)  Toimii hyvin yhteen iPad viivakoodilukijan kanssa.","og_url":"http:\/\/shopikassa.com\/en\/product\/ipad-suojakotelo-nappaimistolla-touchpad-tasohiiri-ipad-7-8-9-10-2\/","og_site_name":"Shopikassa","article_modified_time":"2025-04-17T10:09:45+00:00","og_image":[{"width":600,"height":600,"url":"http:\/\/shopikassa.com\/wp-content\/uploads\/2025\/04\/ipad-suojakotelo-nappaimisto.jpg","type":"image\/jpeg"}],"twitter_card":"summary_large_image","twitter_misc":{"Estimated reading time":"1 minute"},"schema":{"@context":"https:\/\/schema.org","@graph":[{"@type":"WebPage","@id":"http:\/\/shopikassa.com\/en\/product\/ipad-suojakotelo-nappaimistolla-touchpad-tasohiiri-ipad-7-8-9-10-2\/","url":"http:\/\/shopikassa.com\/en\/product\/ipad-suojakotelo-nappaimistolla-touchpad-tasohiiri-ipad-7-8-9-10-2\/","name":"iPad suojakotelo n\u00e4pp\u00e4imist\u00f6ll\u00e4 + touchpad\/tasohiiri (iPad 7\/8\/9 10.2\") - Shopikassa","isPartOf":{"@id":"http:\/\/shopikassa.com\/#website"},"primaryImageOfPage":{"@id":"http:\/\/shopikassa.com\/en\/product\/ipad-suojakotelo-nappaimistolla-touchpad-tasohiiri-ipad-7-8-9-10-2\/#primaryimage"},"image":{"@id":"http:\/\/shopikassa.com\/en\/product\/ipad-suojakotelo-nappaimistolla-touchpad-tasohiiri-ipad-7-8-9-10-2\/#primaryimage"},"thumbnailUrl":"https:\/\/shopikassa.com\/wp-content\/uploads\/2025\/04\/ipad-suojakotelo-nappaimisto.jpg","datePublished":"2025-04-17T10:09:32+00:00","dateModified":"2025-04-17T10:09:45+00:00","breadcrumb":{"@id":"http:\/\/shopikassa.com\/en\/product\/ipad-suojakotelo-nappaimistolla-touchpad-tasohiiri-ipad-7-8-9-10-2\/#breadcrumb"},"inLanguage":"en-GB","potentialAction":[{"@type":"ReadAction","target":["http:\/\/shopikassa.com\/en\/product\/ipad-suojakotelo-nappaimistolla-touchpad-tasohiiri-ipad-7-8-9-10-2\/"]}]},{"@type":"ImageObject","inLanguage":"en-GB","@id":"http:\/\/shopikassa.com\/en\/product\/ipad-suojakotelo-nappaimistolla-touchpad-tasohiiri-ipad-7-8-9-10-2\/#primaryimage","url":"https:\/\/shopikassa.com\/wp-content\/uploads\/2025\/04\/ipad-suojakotelo-nappaimisto.jpg","contentUrl":"https:\/\/shopikassa.com\/wp-content\/uploads\/2025\/04\/ipad-suojakotelo-nappaimisto.jpg","width":600,"height":600},{"@type":"BreadcrumbList","@id":"http:\/\/shopikassa.com\/en\/product\/ipad-suojakotelo-nappaimistolla-touchpad-tasohiiri-ipad-7-8-9-10-2\/#breadcrumb","itemListElement":[{"@type":"ListItem","position":1,"name":"Etusivu","item":"https:\/\/shopikassa.com\/"},{"@type":"ListItem","position":2,"name":"Kauppa","item":"https:\/\/shopikassa.com\/kauppa\/"},{"@type":"ListItem","position":3,"name":"iPad suojakotelo n\u00e4pp\u00e4imist\u00f6ll\u00e4 + touchpad\/tasohiiri (iPad 7\/8\/9 10.2&#8243;)"}]},{"@type":"WebSite","@id":"http:\/\/shopikassa.com\/#website","url":"http:\/\/shopikassa.com\/","name":"Shopikassa","description":"Vaihtoehtoinen\/parempi kassa ja maksup\u00e4\u00e4te Shopifyyn","publisher":{"@id":"http:\/\/shopikassa.com\/#organization"},"potentialAction":[{"@type":"SearchAction","target":{"@type":"EntryPoint","urlTemplate":"http:\/\/shopikassa.com\/?s={search_term_string}"},"query-input":{"@type":"PropertyValueSpecification","valueRequired":true,"valueName":"search_term_string"}}],"inLanguage":"en-GB"},{"@type":"Organization","@id":"http:\/\/shopikassa.com\/#organization","name":"Shopikassa","url":"http:\/\/shopikassa.com\/","logo":{"@type":"ImageObject","inLanguage":"en-GB","@id":"http:\/\/shopikassa.com\/#\/schema\/logo\/image\/","url":"http:\/\/shopikassa.com\/wp-content\/uploads\/2025\/04\/shopikassa-logo.webp","contentUrl":"http:\/\/shopikassa.com\/wp-content\/uploads\/2025\/04\/shopikassa-logo.webp","width":445,"height":292,"caption":"Shopikassa"},"image":{"@id":"http:\/\/shopikassa.com\/#\/schema\/logo\/image\/"}}]}},"_links":{"self":[{"href":"https:\/\/shopikassa.com\/en\/wp-json\/wp\/v2\/product\/627","targetHints":{"allow":["GET"]}}],"collection":[{"href":"https:\/\/shopikassa.com\/en\/wp-json\/wp\/v2\/product"}],"about":[{"href":"https:\/\/shopikassa.com\/en\/wp-json\/wp\/v2\/types\/product"}],"wp:featuredmedia":[{"embeddable":true,"href":"https:\/\/shopikassa.com\/en\/wp-json\/wp\/v2\/media\/646"}],"wp:attachment":[{"href":"https:\/\/shopikassa.com\/en\/wp-json\/wp\/v2\/media?parent=627"}],"wp:term":[{"taxonomy":"product_brand","embeddable":true,"href":"https:\/\/shopikassa.com\/en\/wp-json\/wp\/v2\/product_brand?post=627"},{"taxonomy":"product_cat","embeddable":true,"href":"https:\/\/shopikassa.com\/en\/wp-json\/wp\/v2\/product_cat?post=627"},{"taxonomy":"product_tag","embeddable":true,"href":"https:\/\/shopikassa.com\/en\/wp-json\/wp\/v2\/product_tag?post=627"}],"curies":[{"name":"wp","href":"https:\/\/api.w.org\/{rel}","templated":true}]}}