{"id":652,"date":"2025-04-17T13:14:22","date_gmt":"2025-04-17T10:14:22","guid":{"rendered":"https:\/\/shopikassa.com\/?post_type=product&#038;p=652"},"modified":"2026-04-18T11:20:44","modified_gmt":"2026-04-18T08:20:44","slug":"lane3-maksupaate-shopify","status":"publish","type":"product","link":"https:\/\/shopikassa.com\/en\/product\/lane3-maksupaate-shopify\/","title":{"rendered":"Lane3 MAKSUP\u00c4\u00c4TE (Shopikassa\/Shopify)"},"content":{"rendered":"<p>Lane3-maksup\u00e4\u00e4te on tehty kest\u00e4m\u00e4\u00e4n nopeassa kassak\u00e4yt\u00f6ss\u00e4. Maksup\u00e4\u00e4te vastaanottaa summan kassasta ja kassa tulostaa kuitin onnistuneesta maksusta. Laitteessa on tehokas prosessori, kest\u00e4v\u00e4 sirukortinlukija sek\u00e4 v\u00e4rin\u00e4ytt\u00f6. Kytket\u00e4\u00e4n verkkoyhteyteen jonka j\u00e4lkeen maksup\u00e4\u00e4te on valmis toimimaan milt\u00e4 tahansa laitteelta jolta k\u00e4yt\u00e4t kassaasi. Ei tarvetta ajurien asentamiselle.<\/p>","protected":false},"excerpt":{"rendered":"<p>&nbsp;<\/p>\n<ul>\n<li>Kassaj\u00e4rjestelm\u00e4\u00e4n integroitu<\/li>\n<li>Toimii ilman ajurien asentamista<\/li>\n<li>Nopea ja luotettava<\/li>\n<li>Siru- ja l\u00e4himaksut<\/li>\n<li>Markkinoiden k\u00e4ytt\u00e4j\u00e4yst\u00e4v\u00e4llisin maksup\u00e4\u00e4te<\/li>\n<li>Huippuedullinen provisio alk. 0,39%<\/li>\n<\/ul>","protected":false},"featured_media":662,"template":"","meta":[],"product_brand":[],"product_cat":[90],"product_tag":[93,94,95,27,96],"class_list":{"0":"post-652","1":"product","2":"type-product","3":"status-publish","4":"has-post-thumbnail","6":"product_cat-integroidut-maksupaatteet","7":"product_tag-korttimaksut","8":"product_tag-korttipaate","9":"product_tag-maksupaate","10":"product_tag-shopify","11":"product_tag-sirulukija","12":"product_shipping_class-nets","14":"first","15":"instock","16":"sale","17":"featured","18":"virtual","19":"taxable","20":"purchasable","21":"product-type-simple"},"yoast_head":"<!-- This site is optimized with the Yoast SEO plugin v27.4 - https:\/\/yoast.com\/product\/yoast-seo-wordpress\/ -->\n<title>Lane3 MAKSUP\u00c4\u00c4TE (Shopikassa\/Shopify) - Shopikassa<\/title>\n<meta name=\"description\" content=\"Shopikassa\/Shopify yhteensopiva integroidu maksup\u00e4\u00e4te. Ei sis\u00e4ll\u00e4 kuittitulostinta. Kuitti tulostetaan kuittikirjoittimella tai s\u00e4hk\u00f6postiin.\" \/>\n<meta name=\"robots\" content=\"index, follow, max-snippet:-1, max-image-preview:large, max-video-preview:-1\" \/>\n<link rel=\"canonical\" href=\"https:\/\/shopikassa.com\/en\/product\/lane3-maksupaate-shopify\/\" \/>\n<meta property=\"og:locale\" content=\"en_GB\" \/>\n<meta property=\"og:type\" content=\"article\" \/>\n<meta property=\"og:title\" content=\"Lane3 MAKSUP\u00c4\u00c4TE (Shopikassa\/Shopify) - Shopikassa\" \/>\n<meta property=\"og:description\" content=\"Shopikassa\/Shopify yhteensopiva integroidu maksup\u00e4\u00e4te. Ei sis\u00e4ll\u00e4 kuittitulostinta. Kuitti tulostetaan kuittikirjoittimella tai s\u00e4hk\u00f6postiin.\" \/>\n<meta property=\"og:url\" content=\"https:\/\/shopikassa.com\/en\/product\/lane3-maksupaate-shopify\/\" \/>\n<meta property=\"og:site_name\" content=\"Shopikassa\" \/>\n<meta property=\"article:modified_time\" content=\"2026-04-18T08:20:44+00:00\" \/>\n<meta property=\"og:image\" content=\"http:\/\/shopikassa.com\/wp-content\/uploads\/2025\/04\/nets-lane3000.webp\" \/>\n\t<meta property=\"og:image:width\" content=\"224\" \/>\n\t<meta property=\"og:image:height\" content=\"481\" \/>\n\t<meta property=\"og:image:type\" content=\"image\/webp\" \/>\n<meta name=\"twitter:card\" content=\"summary_large_image\" \/>\n<meta name=\"twitter:label1\" content=\"Estimated reading time\" \/>\n\t<meta name=\"twitter:data1\" content=\"1 minute\" \/>\n<script type=\"application\/ld+json\" class=\"yoast-schema-graph\">{\"@context\":\"https:\\\/\\\/schema.org\",\"@graph\":[{\"@type\":\"WebPage\",\"@id\":\"https:\\\/\\\/shopikassa.com\\\/tuote\\\/lane3-maksupaate-shopify\\\/\",\"url\":\"https:\\\/\\\/shopikassa.com\\\/tuote\\\/lane3-maksupaate-shopify\\\/\",\"name\":\"Lane3 MAKSUP\u00c4\u00c4TE (Shopikassa\\\/Shopify) - Shopikassa\",\"isPartOf\":{\"@id\":\"http:\\\/\\\/shopikassa.com\\\/#website\"},\"primaryImageOfPage\":{\"@id\":\"https:\\\/\\\/shopikassa.com\\\/tuote\\\/lane3-maksupaate-shopify\\\/#primaryimage\"},\"image\":{\"@id\":\"https:\\\/\\\/shopikassa.com\\\/tuote\\\/lane3-maksupaate-shopify\\\/#primaryimage\"},\"thumbnailUrl\":\"https:\\\/\\\/shopikassa.com\\\/wp-content\\\/uploads\\\/2025\\\/04\\\/nets-lane3000.webp\",\"datePublished\":\"2025-04-17T10:14:22+00:00\",\"dateModified\":\"2026-04-18T08:20:44+00:00\",\"description\":\"Shopikassa\\\/Shopify yhteensopiva integroidu maksup\u00e4\u00e4te. Ei sis\u00e4ll\u00e4 kuittitulostinta. Kuitti tulostetaan kuittikirjoittimella tai s\u00e4hk\u00f6postiin.\",\"breadcrumb\":{\"@id\":\"https:\\\/\\\/shopikassa.com\\\/tuote\\\/lane3-maksupaate-shopify\\\/#breadcrumb\"},\"inLanguage\":\"en-GB\",\"potentialAction\":[{\"@type\":\"ReadAction\",\"target\":[\"https:\\\/\\\/shopikassa.com\\\/tuote\\\/lane3-maksupaate-shopify\\\/\"]}]},{\"@type\":\"ImageObject\",\"inLanguage\":\"en-GB\",\"@id\":\"https:\\\/\\\/shopikassa.com\\\/tuote\\\/lane3-maksupaate-shopify\\\/#primaryimage\",\"url\":\"https:\\\/\\\/shopikassa.com\\\/wp-content\\\/uploads\\\/2025\\\/04\\\/nets-lane3000.webp\",\"contentUrl\":\"https:\\\/\\\/shopikassa.com\\\/wp-content\\\/uploads\\\/2025\\\/04\\\/nets-lane3000.webp\",\"width\":224,\"height\":481,\"caption\":\"Shopify korttimaksup\u00e4\u00e4te\"},{\"@type\":\"BreadcrumbList\",\"@id\":\"https:\\\/\\\/shopikassa.com\\\/tuote\\\/lane3-maksupaate-shopify\\\/#breadcrumb\",\"itemListElement\":[{\"@type\":\"ListItem\",\"position\":1,\"name\":\"Etusivu\",\"item\":\"https:\\\/\\\/shopikassa.com\\\/\"},{\"@type\":\"ListItem\",\"position\":2,\"name\":\"Kauppa\",\"item\":\"https:\\\/\\\/shopikassa.com\\\/kauppa\\\/\"},{\"@type\":\"ListItem\",\"position\":3,\"name\":\"Lane3 MAKSUP\u00c4\u00c4TE (Shopikassa\\\/Shopify)\"}]},{\"@type\":\"WebSite\",\"@id\":\"http:\\\/\\\/shopikassa.com\\\/#website\",\"url\":\"http:\\\/\\\/shopikassa.com\\\/\",\"name\":\"Shopikassa\",\"description\":\"Vaihtoehtoinen\\\/parempi kassa ja maksup\u00e4\u00e4te Shopifyyn\",\"publisher\":{\"@id\":\"http:\\\/\\\/shopikassa.com\\\/#organization\"},\"potentialAction\":[{\"@type\":\"SearchAction\",\"target\":{\"@type\":\"EntryPoint\",\"urlTemplate\":\"http:\\\/\\\/shopikassa.com\\\/?s={search_term_string}\"},\"query-input\":{\"@type\":\"PropertyValueSpecification\",\"valueRequired\":true,\"valueName\":\"search_term_string\"}}],\"inLanguage\":\"en-GB\"},{\"@type\":\"Organization\",\"@id\":\"http:\\\/\\\/shopikassa.com\\\/#organization\",\"name\":\"Shopikassa\",\"url\":\"http:\\\/\\\/shopikassa.com\\\/\",\"logo\":{\"@type\":\"ImageObject\",\"inLanguage\":\"en-GB\",\"@id\":\"http:\\\/\\\/shopikassa.com\\\/#\\\/schema\\\/logo\\\/image\\\/\",\"url\":\"http:\\\/\\\/shopikassa.com\\\/wp-content\\\/uploads\\\/2025\\\/04\\\/shopikassa-logo.webp\",\"contentUrl\":\"http:\\\/\\\/shopikassa.com\\\/wp-content\\\/uploads\\\/2025\\\/04\\\/shopikassa-logo.webp\",\"width\":445,\"height\":292,\"caption\":\"Shopikassa\"},\"image\":{\"@id\":\"http:\\\/\\\/shopikassa.com\\\/#\\\/schema\\\/logo\\\/image\\\/\"}}]}<\/script>\n<!-- \/ Yoast SEO plugin. -->","yoast_head_json":{"title":"Lane3 MAKSUP\u00c4\u00c4TE (Shopikassa\/Shopify) - Shopikassa","description":"Shopikassa\/Shopify yhteensopiva integroidu maksup\u00e4\u00e4te. Ei sis\u00e4ll\u00e4 kuittitulostinta. Kuitti tulostetaan kuittikirjoittimella tai s\u00e4hk\u00f6postiin.","robots":{"index":"index","follow":"follow","max-snippet":"max-snippet:-1","max-image-preview":"max-image-preview:large","max-video-preview":"max-video-preview:-1"},"canonical":"https:\/\/shopikassa.com\/en\/product\/lane3-maksupaate-shopify\/","og_locale":"en_GB","og_type":"article","og_title":"Lane3 MAKSUP\u00c4\u00c4TE (Shopikassa\/Shopify) - Shopikassa","og_description":"Shopikassa\/Shopify yhteensopiva integroidu maksup\u00e4\u00e4te. Ei sis\u00e4ll\u00e4 kuittitulostinta. Kuitti tulostetaan kuittikirjoittimella tai s\u00e4hk\u00f6postiin.","og_url":"https:\/\/shopikassa.com\/en\/product\/lane3-maksupaate-shopify\/","og_site_name":"Shopikassa","article_modified_time":"2026-04-18T08:20:44+00:00","og_image":[{"width":224,"height":481,"url":"http:\/\/shopikassa.com\/wp-content\/uploads\/2025\/04\/nets-lane3000.webp","type":"image\/webp"}],"twitter_card":"summary_large_image","twitter_misc":{"Estimated reading time":"1 minute"},"schema":{"@context":"https:\/\/schema.org","@graph":[{"@type":"WebPage","@id":"https:\/\/shopikassa.com\/tuote\/lane3-maksupaate-shopify\/","url":"https:\/\/shopikassa.com\/tuote\/lane3-maksupaate-shopify\/","name":"Lane3 MAKSUP\u00c4\u00c4TE (Shopikassa\/Shopify) - Shopikassa","isPartOf":{"@id":"http:\/\/shopikassa.com\/#website"},"primaryImageOfPage":{"@id":"https:\/\/shopikassa.com\/tuote\/lane3-maksupaate-shopify\/#primaryimage"},"image":{"@id":"https:\/\/shopikassa.com\/tuote\/lane3-maksupaate-shopify\/#primaryimage"},"thumbnailUrl":"https:\/\/shopikassa.com\/wp-content\/uploads\/2025\/04\/nets-lane3000.webp","datePublished":"2025-04-17T10:14:22+00:00","dateModified":"2026-04-18T08:20:44+00:00","description":"Shopikassa\/Shopify yhteensopiva integroidu maksup\u00e4\u00e4te. Ei sis\u00e4ll\u00e4 kuittitulostinta. Kuitti tulostetaan kuittikirjoittimella tai s\u00e4hk\u00f6postiin.","breadcrumb":{"@id":"https:\/\/shopikassa.com\/tuote\/lane3-maksupaate-shopify\/#breadcrumb"},"inLanguage":"en-GB","potentialAction":[{"@type":"ReadAction","target":["https:\/\/shopikassa.com\/tuote\/lane3-maksupaate-shopify\/"]}]},{"@type":"ImageObject","inLanguage":"en-GB","@id":"https:\/\/shopikassa.com\/tuote\/lane3-maksupaate-shopify\/#primaryimage","url":"https:\/\/shopikassa.com\/wp-content\/uploads\/2025\/04\/nets-lane3000.webp","contentUrl":"https:\/\/shopikassa.com\/wp-content\/uploads\/2025\/04\/nets-lane3000.webp","width":224,"height":481,"caption":"Shopify korttimaksup\u00e4\u00e4te"},{"@type":"BreadcrumbList","@id":"https:\/\/shopikassa.com\/tuote\/lane3-maksupaate-shopify\/#breadcrumb","itemListElement":[{"@type":"ListItem","position":1,"name":"Etusivu","item":"https:\/\/shopikassa.com\/"},{"@type":"ListItem","position":2,"name":"Kauppa","item":"https:\/\/shopikassa.com\/kauppa\/"},{"@type":"ListItem","position":3,"name":"Lane3 MAKSUP\u00c4\u00c4TE (Shopikassa\/Shopify)"}]},{"@type":"WebSite","@id":"http:\/\/shopikassa.com\/#website","url":"http:\/\/shopikassa.com\/","name":"Shopikassa","description":"Vaihtoehtoinen\/parempi kassa ja maksup\u00e4\u00e4te Shopifyyn","publisher":{"@id":"http:\/\/shopikassa.com\/#organization"},"potentialAction":[{"@type":"SearchAction","target":{"@type":"EntryPoint","urlTemplate":"http:\/\/shopikassa.com\/?s={search_term_string}"},"query-input":{"@type":"PropertyValueSpecification","valueRequired":true,"valueName":"search_term_string"}}],"inLanguage":"en-GB"},{"@type":"Organization","@id":"http:\/\/shopikassa.com\/#organization","name":"Shopikassa","url":"http:\/\/shopikassa.com\/","logo":{"@type":"ImageObject","inLanguage":"en-GB","@id":"http:\/\/shopikassa.com\/#\/schema\/logo\/image\/","url":"http:\/\/shopikassa.com\/wp-content\/uploads\/2025\/04\/shopikassa-logo.webp","contentUrl":"http:\/\/shopikassa.com\/wp-content\/uploads\/2025\/04\/shopikassa-logo.webp","width":445,"height":292,"caption":"Shopikassa"},"image":{"@id":"http:\/\/shopikassa.com\/#\/schema\/logo\/image\/"}}]}},"_links":{"self":[{"href":"https:\/\/shopikassa.com\/en\/wp-json\/wp\/v2\/product\/652","targetHints":{"allow":["GET"]}}],"collection":[{"href":"https:\/\/shopikassa.com\/en\/wp-json\/wp\/v2\/product"}],"about":[{"href":"https:\/\/shopikassa.com\/en\/wp-json\/wp\/v2\/types\/product"}],"wp:featuredmedia":[{"embeddable":true,"href":"https:\/\/shopikassa.com\/en\/wp-json\/wp\/v2\/media\/662"}],"wp:attachment":[{"href":"https:\/\/shopikassa.com\/en\/wp-json\/wp\/v2\/media?parent=652"}],"wp:term":[{"taxonomy":"product_brand","embeddable":true,"href":"https:\/\/shopikassa.com\/en\/wp-json\/wp\/v2\/product_brand?post=652"},{"taxonomy":"product_cat","embeddable":true,"href":"https:\/\/shopikassa.com\/en\/wp-json\/wp\/v2\/product_cat?post=652"},{"taxonomy":"product_tag","embeddable":true,"href":"https:\/\/shopikassa.com\/en\/wp-json\/wp\/v2\/product_tag?post=652"}],"curies":[{"name":"wp","href":"https:\/\/api.w.org\/{rel}","templated":true}]}}