{"id":653,"date":"2025-04-17T13:14:23","date_gmt":"2025-04-17T10:14:23","guid":{"rendered":"https:\/\/shopikassa.com\/?post_type=product&#038;p=653"},"modified":"2025-04-17T13:36:19","modified_gmt":"2025-04-17T10:36:19","slug":"move3i-maksupaate-langaton-sis-tulostimen-shopify","status":"publish","type":"product","link":"https:\/\/shopikassa.com\/en\/product\/move3i-maksupaate-langaton-sis-tulostimen-shopify\/","title":{"rendered":"Move3i MAKSUP\u00c4\u00c4TE 35 \u20ac\/kk Shopikassa\/Shopify"},"content":{"rendered":"<p>Move3i -maksup\u00e4\u00e4te on tehty kest\u00e4m\u00e4\u00e4n nopeassa kassak\u00e4yt\u00f6ss\u00e4. Maksup\u00e4\u00e4te vastaanottaa summan kassasta ja kassa tulostaa kuitin onnistuneesta maksusta. Laitteessa on tehokas prosessori, kest\u00e4v\u00e4 sirukortinlukija sek\u00e4 v\u00e4rin\u00e4ytt\u00f6. Kytket\u00e4\u00e4n verkkoyhteyteen jonka j\u00e4lkeen maksup\u00e4\u00e4te on valmis toimimaan milt\u00e4 tahansa laitteelta jolta k\u00e4yt\u00e4t kassaasi. Ei tarvetta ajurien asentamiselle.<\/p>","protected":false},"excerpt":{"rendered":"<p>&nbsp;<\/p>\n<ul>\n<li>Langaton<\/li>\n<li>Sis\u00e4lt\u00e4\u00e4 kuittitulostimen<\/li>\n<li>Kassaj\u00e4rjestelm\u00e4\u00e4n integroitu<\/li>\n<li>Toimii ilman ajurien asentamista<\/li>\n<li>Nopea ja luotettava<\/li>\n<li>Siru- ja l\u00e4himaksut<\/li>\n<li>Markkinoiden k\u00e4ytt\u00e4j\u00e4yst\u00e4v\u00e4llisin maksup\u00e4\u00e4te<\/li>\n<\/ul>","protected":false},"featured_media":660,"template":"","meta":[],"product_brand":[],"product_cat":[90],"product_tag":[93,94,30,41,98,95,27],"class_list":{"0":"post-653","1":"product","2":"type-product","3":"status-publish","4":"has-post-thumbnail","6":"product_cat-integroidut-maksupaatteet","7":"product_tag-korttimaksut","8":"product_tag-korttipaate","9":"product_tag-kuittitulostin","10":"product_tag-langaton","11":"product_tag-liikkuva","12":"product_tag-maksupaate","13":"product_tag-shopify","14":"product_shipping_class-nets","16":"first","17":"instock","18":"featured","19":"virtual","20":"taxable","21":"purchasable","22":"product-type-simple"},"yoast_head":"<!-- This site is optimized with the Yoast SEO plugin v27.4 - https:\/\/yoast.com\/product\/yoast-seo-wordpress\/ -->\n<title>Move3i MAKSUP\u00c4\u00c4TE 35 \u20ac\/kk Shopikassa\/Shopify - Shopikassa<\/title>\n<meta name=\"description\" content=\"Shopikassa\/Shopify yhteensopiva integroitava maksup\u00e4\u00e4te. Langaton, sis\u00e4lt\u00e4\u00e4 tulostimen. My\u00f6s k\u00e4teiskuitit voi tulostaa p\u00e4\u00e4tteell\u00e4.\" \/>\n<meta name=\"robots\" content=\"index, follow, max-snippet:-1, max-image-preview:large, max-video-preview:-1\" \/>\n<link rel=\"canonical\" href=\"https:\/\/shopikassa.com\/en\/product\/move3i-maksupaate-langaton-sis-tulostimen-shopify\/\" \/>\n<meta property=\"og:locale\" content=\"en_GB\" \/>\n<meta property=\"og:type\" content=\"article\" \/>\n<meta property=\"og:title\" content=\"Move3i MAKSUP\u00c4\u00c4TE 35 \u20ac\/kk Shopikassa\/Shopify - Shopikassa\" \/>\n<meta property=\"og:description\" content=\"Shopikassa\/Shopify yhteensopiva integroitava maksup\u00e4\u00e4te. Langaton, sis\u00e4lt\u00e4\u00e4 tulostimen. My\u00f6s k\u00e4teiskuitit voi tulostaa p\u00e4\u00e4tteell\u00e4.\" \/>\n<meta property=\"og:url\" content=\"https:\/\/shopikassa.com\/en\/product\/move3i-maksupaate-langaton-sis-tulostimen-shopify\/\" \/>\n<meta property=\"og:site_name\" content=\"Shopikassa\" \/>\n<meta property=\"article:modified_time\" content=\"2025-04-17T10:36:19+00:00\" \/>\n<meta property=\"og:image\" content=\"https:\/\/shopikassa.com\/wp-content\/uploads\/2025\/04\/Move3-maksupaate.webp\" \/>\n\t<meta property=\"og:image:width\" content=\"600\" \/>\n\t<meta property=\"og:image:height\" content=\"1121\" \/>\n\t<meta property=\"og:image:type\" content=\"image\/webp\" \/>\n<meta name=\"twitter:card\" content=\"summary_large_image\" \/>\n<meta name=\"twitter:label1\" content=\"Estimated reading time\" \/>\n\t<meta name=\"twitter:data1\" content=\"1 minute\" \/>\n<script type=\"application\/ld+json\" class=\"yoast-schema-graph\">{\"@context\":\"https:\\\/\\\/schema.org\",\"@graph\":[{\"@type\":\"WebPage\",\"@id\":\"https:\\\/\\\/shopikassa.com\\\/tuote\\\/move3i-maksupaate-langaton-sis-tulostimen-shopify\\\/\",\"url\":\"https:\\\/\\\/shopikassa.com\\\/tuote\\\/move3i-maksupaate-langaton-sis-tulostimen-shopify\\\/\",\"name\":\"Move3i MAKSUP\u00c4\u00c4TE 35 \u20ac\\\/kk Shopikassa\\\/Shopify - Shopikassa\",\"isPartOf\":{\"@id\":\"http:\\\/\\\/shopikassa.com\\\/#website\"},\"primaryImageOfPage\":{\"@id\":\"https:\\\/\\\/shopikassa.com\\\/tuote\\\/move3i-maksupaate-langaton-sis-tulostimen-shopify\\\/#primaryimage\"},\"image\":{\"@id\":\"https:\\\/\\\/shopikassa.com\\\/tuote\\\/move3i-maksupaate-langaton-sis-tulostimen-shopify\\\/#primaryimage\"},\"thumbnailUrl\":\"https:\\\/\\\/shopikassa.com\\\/wp-content\\\/uploads\\\/2025\\\/04\\\/Move3-maksupaate.webp\",\"datePublished\":\"2025-04-17T10:14:23+00:00\",\"dateModified\":\"2025-04-17T10:36:19+00:00\",\"description\":\"Shopikassa\\\/Shopify yhteensopiva integroitava maksup\u00e4\u00e4te. Langaton, sis\u00e4lt\u00e4\u00e4 tulostimen. My\u00f6s k\u00e4teiskuitit voi tulostaa p\u00e4\u00e4tteell\u00e4.\",\"breadcrumb\":{\"@id\":\"https:\\\/\\\/shopikassa.com\\\/tuote\\\/move3i-maksupaate-langaton-sis-tulostimen-shopify\\\/#breadcrumb\"},\"inLanguage\":\"en-GB\",\"potentialAction\":[{\"@type\":\"ReadAction\",\"target\":[\"https:\\\/\\\/shopikassa.com\\\/tuote\\\/move3i-maksupaate-langaton-sis-tulostimen-shopify\\\/\"]}]},{\"@type\":\"ImageObject\",\"inLanguage\":\"en-GB\",\"@id\":\"https:\\\/\\\/shopikassa.com\\\/tuote\\\/move3i-maksupaate-langaton-sis-tulostimen-shopify\\\/#primaryimage\",\"url\":\"https:\\\/\\\/shopikassa.com\\\/wp-content\\\/uploads\\\/2025\\\/04\\\/Move3-maksupaate.webp\",\"contentUrl\":\"https:\\\/\\\/shopikassa.com\\\/wp-content\\\/uploads\\\/2025\\\/04\\\/Move3-maksupaate.webp\",\"width\":600,\"height\":1121,\"caption\":\"Shopikassa\\\/Shopify Move korttimaksup\u00e4\u00e4te\"},{\"@type\":\"BreadcrumbList\",\"@id\":\"https:\\\/\\\/shopikassa.com\\\/tuote\\\/move3i-maksupaate-langaton-sis-tulostimen-shopify\\\/#breadcrumb\",\"itemListElement\":[{\"@type\":\"ListItem\",\"position\":1,\"name\":\"Etusivu\",\"item\":\"https:\\\/\\\/shopikassa.com\\\/\"},{\"@type\":\"ListItem\",\"position\":2,\"name\":\"Kauppa\",\"item\":\"https:\\\/\\\/shopikassa.com\\\/kauppa\\\/\"},{\"@type\":\"ListItem\",\"position\":3,\"name\":\"Move3i MAKSUP\u00c4\u00c4TE 35 \u20ac\\\/kk Shopikassa\\\/Shopify\"}]},{\"@type\":\"WebSite\",\"@id\":\"http:\\\/\\\/shopikassa.com\\\/#website\",\"url\":\"http:\\\/\\\/shopikassa.com\\\/\",\"name\":\"Shopikassa\",\"description\":\"Vaihtoehtoinen\\\/parempi kassa ja maksup\u00e4\u00e4te Shopifyyn\",\"publisher\":{\"@id\":\"http:\\\/\\\/shopikassa.com\\\/#organization\"},\"potentialAction\":[{\"@type\":\"SearchAction\",\"target\":{\"@type\":\"EntryPoint\",\"urlTemplate\":\"http:\\\/\\\/shopikassa.com\\\/?s={search_term_string}\"},\"query-input\":{\"@type\":\"PropertyValueSpecification\",\"valueRequired\":true,\"valueName\":\"search_term_string\"}}],\"inLanguage\":\"en-GB\"},{\"@type\":\"Organization\",\"@id\":\"http:\\\/\\\/shopikassa.com\\\/#organization\",\"name\":\"Shopikassa\",\"url\":\"http:\\\/\\\/shopikassa.com\\\/\",\"logo\":{\"@type\":\"ImageObject\",\"inLanguage\":\"en-GB\",\"@id\":\"http:\\\/\\\/shopikassa.com\\\/#\\\/schema\\\/logo\\\/image\\\/\",\"url\":\"http:\\\/\\\/shopikassa.com\\\/wp-content\\\/uploads\\\/2025\\\/04\\\/shopikassa-logo.webp\",\"contentUrl\":\"http:\\\/\\\/shopikassa.com\\\/wp-content\\\/uploads\\\/2025\\\/04\\\/shopikassa-logo.webp\",\"width\":445,\"height\":292,\"caption\":\"Shopikassa\"},\"image\":{\"@id\":\"http:\\\/\\\/shopikassa.com\\\/#\\\/schema\\\/logo\\\/image\\\/\"}}]}<\/script>\n<!-- \/ Yoast SEO plugin. -->","yoast_head_json":{"title":"Move3i MAKSUP\u00c4\u00c4TE 35 \u20ac\/kk Shopikassa\/Shopify - Shopikassa","description":"Shopikassa\/Shopify yhteensopiva integroitava maksup\u00e4\u00e4te. Langaton, sis\u00e4lt\u00e4\u00e4 tulostimen. My\u00f6s k\u00e4teiskuitit voi tulostaa p\u00e4\u00e4tteell\u00e4.","robots":{"index":"index","follow":"follow","max-snippet":"max-snippet:-1","max-image-preview":"max-image-preview:large","max-video-preview":"max-video-preview:-1"},"canonical":"https:\/\/shopikassa.com\/en\/product\/move3i-maksupaate-langaton-sis-tulostimen-shopify\/","og_locale":"en_GB","og_type":"article","og_title":"Move3i MAKSUP\u00c4\u00c4TE 35 \u20ac\/kk Shopikassa\/Shopify - Shopikassa","og_description":"Shopikassa\/Shopify yhteensopiva integroitava maksup\u00e4\u00e4te. Langaton, sis\u00e4lt\u00e4\u00e4 tulostimen. My\u00f6s k\u00e4teiskuitit voi tulostaa p\u00e4\u00e4tteell\u00e4.","og_url":"https:\/\/shopikassa.com\/en\/product\/move3i-maksupaate-langaton-sis-tulostimen-shopify\/","og_site_name":"Shopikassa","article_modified_time":"2025-04-17T10:36:19+00:00","og_image":[{"width":600,"height":1121,"url":"https:\/\/shopikassa.com\/wp-content\/uploads\/2025\/04\/Move3-maksupaate.webp","type":"image\/webp"}],"twitter_card":"summary_large_image","twitter_misc":{"Estimated reading time":"1 minute"},"schema":{"@context":"https:\/\/schema.org","@graph":[{"@type":"WebPage","@id":"https:\/\/shopikassa.com\/tuote\/move3i-maksupaate-langaton-sis-tulostimen-shopify\/","url":"https:\/\/shopikassa.com\/tuote\/move3i-maksupaate-langaton-sis-tulostimen-shopify\/","name":"Move3i MAKSUP\u00c4\u00c4TE 35 \u20ac\/kk Shopikassa\/Shopify - Shopikassa","isPartOf":{"@id":"http:\/\/shopikassa.com\/#website"},"primaryImageOfPage":{"@id":"https:\/\/shopikassa.com\/tuote\/move3i-maksupaate-langaton-sis-tulostimen-shopify\/#primaryimage"},"image":{"@id":"https:\/\/shopikassa.com\/tuote\/move3i-maksupaate-langaton-sis-tulostimen-shopify\/#primaryimage"},"thumbnailUrl":"https:\/\/shopikassa.com\/wp-content\/uploads\/2025\/04\/Move3-maksupaate.webp","datePublished":"2025-04-17T10:14:23+00:00","dateModified":"2025-04-17T10:36:19+00:00","description":"Shopikassa\/Shopify yhteensopiva integroitava maksup\u00e4\u00e4te. Langaton, sis\u00e4lt\u00e4\u00e4 tulostimen. My\u00f6s k\u00e4teiskuitit voi tulostaa p\u00e4\u00e4tteell\u00e4.","breadcrumb":{"@id":"https:\/\/shopikassa.com\/tuote\/move3i-maksupaate-langaton-sis-tulostimen-shopify\/#breadcrumb"},"inLanguage":"en-GB","potentialAction":[{"@type":"ReadAction","target":["https:\/\/shopikassa.com\/tuote\/move3i-maksupaate-langaton-sis-tulostimen-shopify\/"]}]},{"@type":"ImageObject","inLanguage":"en-GB","@id":"https:\/\/shopikassa.com\/tuote\/move3i-maksupaate-langaton-sis-tulostimen-shopify\/#primaryimage","url":"https:\/\/shopikassa.com\/wp-content\/uploads\/2025\/04\/Move3-maksupaate.webp","contentUrl":"https:\/\/shopikassa.com\/wp-content\/uploads\/2025\/04\/Move3-maksupaate.webp","width":600,"height":1121,"caption":"Shopikassa\/Shopify Move korttimaksup\u00e4\u00e4te"},{"@type":"BreadcrumbList","@id":"https:\/\/shopikassa.com\/tuote\/move3i-maksupaate-langaton-sis-tulostimen-shopify\/#breadcrumb","itemListElement":[{"@type":"ListItem","position":1,"name":"Etusivu","item":"https:\/\/shopikassa.com\/"},{"@type":"ListItem","position":2,"name":"Kauppa","item":"https:\/\/shopikassa.com\/kauppa\/"},{"@type":"ListItem","position":3,"name":"Move3i MAKSUP\u00c4\u00c4TE 35 \u20ac\/kk Shopikassa\/Shopify"}]},{"@type":"WebSite","@id":"http:\/\/shopikassa.com\/#website","url":"http:\/\/shopikassa.com\/","name":"Shopikassa","description":"Vaihtoehtoinen\/parempi kassa ja maksup\u00e4\u00e4te Shopifyyn","publisher":{"@id":"http:\/\/shopikassa.com\/#organization"},"potentialAction":[{"@type":"SearchAction","target":{"@type":"EntryPoint","urlTemplate":"http:\/\/shopikassa.com\/?s={search_term_string}"},"query-input":{"@type":"PropertyValueSpecification","valueRequired":true,"valueName":"search_term_string"}}],"inLanguage":"en-GB"},{"@type":"Organization","@id":"http:\/\/shopikassa.com\/#organization","name":"Shopikassa","url":"http:\/\/shopikassa.com\/","logo":{"@type":"ImageObject","inLanguage":"en-GB","@id":"http:\/\/shopikassa.com\/#\/schema\/logo\/image\/","url":"http:\/\/shopikassa.com\/wp-content\/uploads\/2025\/04\/shopikassa-logo.webp","contentUrl":"http:\/\/shopikassa.com\/wp-content\/uploads\/2025\/04\/shopikassa-logo.webp","width":445,"height":292,"caption":"Shopikassa"},"image":{"@id":"http:\/\/shopikassa.com\/#\/schema\/logo\/image\/"}}]}},"_links":{"self":[{"href":"https:\/\/shopikassa.com\/en\/wp-json\/wp\/v2\/product\/653","targetHints":{"allow":["GET"]}}],"collection":[{"href":"https:\/\/shopikassa.com\/en\/wp-json\/wp\/v2\/product"}],"about":[{"href":"https:\/\/shopikassa.com\/en\/wp-json\/wp\/v2\/types\/product"}],"wp:featuredmedia":[{"embeddable":true,"href":"https:\/\/shopikassa.com\/en\/wp-json\/wp\/v2\/media\/660"}],"wp:attachment":[{"href":"https:\/\/shopikassa.com\/en\/wp-json\/wp\/v2\/media?parent=653"}],"wp:term":[{"taxonomy":"product_brand","embeddable":true,"href":"https:\/\/shopikassa.com\/en\/wp-json\/wp\/v2\/product_brand?post=653"},{"taxonomy":"product_cat","embeddable":true,"href":"https:\/\/shopikassa.com\/en\/wp-json\/wp\/v2\/product_cat?post=653"},{"taxonomy":"product_tag","embeddable":true,"href":"https:\/\/shopikassa.com\/en\/wp-json\/wp\/v2\/product_tag?post=653"}],"curies":[{"name":"wp","href":"https:\/\/api.w.org\/{rel}","templated":true}]}}